{"id":41425,"date":"2016-09-09T08:25:14","date_gmt":"2016-09-09T07:25:14","guid":{"rendered":"https:\/\/nmbiking.de\/wp\/?page_id=41425"},"modified":"2016-09-09T08:29:06","modified_gmt":"2016-09-09T07:29:06","slug":"montafon-2016","status":"publish","type":"page","link":"https:\/\/nmbiking.de\/wp\/?page_id=41425","title":{"rendered":"Montafon 2016"},"content":{"rendered":"<p><a href=\"https:\/\/nmbiking.de\/wp\/?p=41215\">Erkundung<\/a><br \/>\n<a href=\"https:\/\/nmbiking.de\/wp\/?p=41213\">Wanderung: Versettlaspitze<\/a><br \/>\n<a href=\"https:\/\/nmbiking.de\/wp\/?p=41223\">Alp Nova<\/a><br \/>\n<a href=\"https:\/\/nmbiking.de\/wp\/?p=41257\">Hochjoch: Ruhetag<\/a><br \/>\n<a href=\"https:\/\/nmbiking.de\/wp\/?p=41272\">Heilbronner H\u00fctte: E-Bike-Tag<\/a><br \/>\n<a href=\"https:\/\/nmbiking.de\/wp\/?p=41220\">T\u00fcbinger H\u00fctte:abgebrochen<\/a><br \/>\n<a href=\"https:\/\/nmbiking.de\/wp\/?p=41311\">Vergaldaalpe<\/a><br \/>\n<a href=\"https:\/\/nmbiking.de\/wp\/?p=41349\">Fotonachlese<\/a><\/p>\n","protected":false},"excerpt":{"rendered":"<p>Erkundung Wanderung: Versettlaspitze Alp Nova Hochjoch: Ruhetag Heilbronner H\u00fctte: E-Bike-Tag T\u00fcbinger H\u00fctte:abgebrochen Vergaldaalpe Fotonachlese<\/p>\n","protected":false},"author":65,"featured_media":0,"parent":0,"menu_order":0,"comment_status":"closed","ping_status":"closed","template":"","meta":{"footnotes":""},"class_list":["post-41425","page","type-page","status-publish","hentry"],"_links":{"self":[{"href":"https:\/\/nmbiking.de\/wp\/index.php?rest_route=\/wp\/v2\/pages\/41425","targetHints":{"allow":["GET"]}}],"collection":[{"href":"https:\/\/nmbiking.de\/wp\/index.php?rest_route=\/wp\/v2\/pages"}],"about":[{"href":"https:\/\/nmbiking.de\/wp\/index.php?rest_route=\/wp\/v2\/types\/page"}],"author":[{"embeddable":true,"href":"https:\/\/nmbiking.de\/wp\/index.php?rest_route=\/wp\/v2\/users\/65"}],"replies":[{"embeddable":true,"href":"https:\/\/nmbiking.de\/wp\/index.php?rest_route=%2Fwp%2Fv2%2Fcomments&post=41425"}],"version-history":[{"count":4,"href":"https:\/\/nmbiking.de\/wp\/index.php?rest_route=\/wp\/v2\/pages\/41425\/revisions"}],"predecessor-version":[{"id":41430,"href":"https:\/\/nmbiking.de\/wp\/index.php?rest_route=\/wp\/v2\/pages\/41425\/revisions\/41430"}],"wp:attachment":[{"href":"https:\/\/nmbiking.de\/wp\/index.php?rest_route=%2Fwp%2Fv2%2Fmedia&parent=41425"}],"curies":[{"name":"wp","href":"https:\/\/api.w.org\/{rel}","templated":true}]}}