{"id":41001,"date":"2016-08-11T16:13:36","date_gmt":"2016-08-11T15:13:36","guid":{"rendered":"https:\/\/nmbiking.de\/wp\/?page_id=41001"},"modified":"2016-08-11T16:18:15","modified_gmt":"2016-08-11T15:18:15","slug":"hilfe-fuers-kinderhaus-kathmandu","status":"publish","type":"page","link":"https:\/\/nmbiking.de\/wp\/?page_id=41001","title":{"rendered":"HIlfe f\u00fcrs Kinderhaus Kathmandu"},"content":{"rendered":"<p><strong>Nepalhilfe (13)<\/strong><br \/>\nL\u00e4ngst ist Nepal aus den Schlagzeilen, aber immer noch liegt vieles im Argen. L\u00e4ngst sind noch nicht alle zerst\u00f6rten Schulen zum Beispiel wieder aufgebaut. Ein Grund, immer noch Spenden f\u00fcr Nepal zu sammeln. Gelegenheit bot sich beim Geburtstag von Sabine-Bio-Paul, die einen gro\u00dfen Geburtstag feiern wollte, aber ohne Geschenke, sondern stattdessen eine Spende f\u00fcr Nepal.<br \/>\nWir wurden gebeten, ein uns bekanntes Projekt vorzustellen, und da Sabine Bildung wichtig ist, haben wir das Kinderhaus Kathmandu ausgew\u00e4hlt. Einige Fotos zum Projekt und die Bilderserie &#8222;Menschen in Nepal&#8220; kamen zur &#8222;Auff\u00fchrung&#8220;, diesmal im Freien.<br \/>\nErfreuliche 2000 \u20ac kamen an diesem Abend zusammen und konnten an den deutschen EV, der das Projekt organisiert, \u00fcberwiesen werden. Vielen Dank an alle SpenderInnen!<\/p>\n<p><strong>Info <\/strong>zu den  Schulprojekten:<br \/>\n<em>Wir helfen seit einigen Jahren mit Schulpatenschaften. Zwischen 180 und 200 Kinder unterst\u00fctzen wir inzwischen, damit sie in die Schule gehen und eine weiterf\u00fchrende Ausbildung machen k\u00f6nnen. Die Kinder kommen nicht nur aus dem Kathmandutal, sondern auch aus Gorkha, Humla, Jumla, Mugu, Ilam und Chitwan.<\/p>\n<p>Diese Hilfe machen wir allerdings davon abh\u00e4ngig, dass die Kinder regelm\u00e4\u00dfig die Schule besuchen und uns einmal im Jahr die Zeugnisse vorgelegt werden. Zu Beginn jedes Schuljahres werden die Unterlagen sorgsam gepr\u00fcft, bevor die  Kinder ein weiteres Jahr Unterst\u00fctzung erhalten. (Foto unten: B. B. und Laxmi bei der Registrierung der neuen Schulkinder in Gorkha.)<br \/>\n<\/em><br \/>\n<a href=\"https:\/\/nmbiking.de\/wp\/wp-content\/uploads\/2016\/08\/aug16_59.jpg\"><img decoding=\"async\" src=\"https:\/\/nmbiking.de\/wp\/wp-content\/uploads\/2016\/08\/aug16_59.jpg\" alt=\"Foto: Kinderhaus Kathmandu eV\" width=\"700\"  \/><\/a><br \/>\nBei der Aufnahme von Schulneulingen&#8230;<\/p>\n","protected":false},"excerpt":{"rendered":"<p>Nepalhilfe (13) L\u00e4ngst ist Nepal aus den Schlagzeilen, aber immer noch liegt vieles im Argen. L\u00e4ngst sind noch nicht alle zerst\u00f6rten Schulen zum Beispiel wieder aufgebaut. Ein Grund, immer noch Spenden f\u00fcr Nepal zu sammeln. Gelegenheit bot sich beim Geburtstag von Sabine-Bio-Paul, die einen gro\u00dfen Geburtstag feiern wollte, aber ohne Geschenke, sondern stattdessen eine Spende &hellip; <\/p>\n<p class=\"link-more\"><a href=\"https:\/\/nmbiking.de\/wp\/?page_id=41001\" class=\"more-link\"><span class=\"screen-reader-text\">\u201eHIlfe f\u00fcrs Kinderhaus Kathmandu\u201c <\/span>weiterlesen<\/a><\/p>\n","protected":false},"author":65,"featured_media":0,"parent":0,"menu_order":0,"comment_status":"closed","ping_status":"closed","template":"","meta":{"footnotes":""},"class_list":["post-41001","page","type-page","status-publish","hentry"],"_links":{"self":[{"href":"https:\/\/nmbiking.de\/wp\/index.php?rest_route=\/wp\/v2\/pages\/41001","targetHints":{"allow":["GET"]}}],"collection":[{"href":"https:\/\/nmbiking.de\/wp\/index.php?rest_route=\/wp\/v2\/pages"}],"about":[{"href":"https:\/\/nmbiking.de\/wp\/index.php?rest_route=\/wp\/v2\/types\/page"}],"author":[{"embeddable":true,"href":"https:\/\/nmbiking.de\/wp\/index.php?rest_route=\/wp\/v2\/users\/65"}],"replies":[{"embeddable":true,"href":"https:\/\/nmbiking.de\/wp\/index.php?rest_route=%2Fwp%2Fv2%2Fcomments&post=41001"}],"version-history":[{"count":6,"href":"https:\/\/nmbiking.de\/wp\/index.php?rest_route=\/wp\/v2\/pages\/41001\/revisions"}],"predecessor-version":[{"id":41017,"href":"https:\/\/nmbiking.de\/wp\/index.php?rest_route=\/wp\/v2\/pages\/41001\/revisions\/41017"}],"wp:attachment":[{"href":"https:\/\/nmbiking.de\/wp\/index.php?rest_route=%2Fwp%2Fv2%2Fmedia&parent=41001"}],"curies":[{"name":"wp","href":"https:\/\/api.w.org\/{rel}","templated":true}]}}