{"id":3615,"date":"2009-02-26T11:27:06","date_gmt":"2009-02-26T12:27:06","guid":{"rendered":"https:\/\/nmbiking.de\/wp\/?page_id=3615"},"modified":"2011-06-13T16:42:52","modified_gmt":"2011-06-13T15:42:52","slug":"schatzsuche","status":"publish","type":"page","link":"https:\/\/nmbiking.de\/wp\/?page_id=3615","title":{"rendered":"Schatzsuche"},"content":{"rendered":"<table>\n<tr>\n<td valign=top>\n<blockquote><p>\n<font color=#990033 size=2><\/p>\n<p><\/font><font color=black><br \/>\nDas war mal ein Versuch, eine etwas l\u00e4ngere und anspruchsvollere Schatzsuche zu organisieren, aber der Aufwand war gro\u00df und der Zuspruch gering&#8230;<br \/>\n<\/font><\/p>\n<p>&nbsp;<\/p>\n<p><b>Schatz Vier<\/b><\/p>\n<p>Die Koordinaten: <br \/><b>N 49 &#8211; 25.126 \/E 006 &#8211; 48.350<\/b><br \/>\nHinweise:<br \/>\n10 Stationen bis zum Ziel<br \/>\nauf die R\u00fcckseiten achten!<br \/>\nMehr Infos gibt es <a href=\"https:\/\/nmbiking.de\/wp\/?p=3588\"><b>hier&#8230;<\/b><\/a>\n<\/p><\/blockquote>\n<p><font color=black><br \/>\nDieser Schatz Drei existiert nicht mehr, er wurde einfach &#8222;geklaut&#8220;&#8230;<br \/>\n<\/font><\/p>\n<blockquote><p>\n<font color=#990033 size=2><br \/>\n<b>Schatz Drei<\/b><\/p>\n<p>Die Koordinaten: <br \/><b>N49&ordm; 23,576 &#8211; E006&ordm; 53,435<\/b><\/p>\n<p>Hinweise:<br \/>\nTour von Lebach aus zum Hoxberg<br \/>\nmarkantester Ort des Berges (445m)<br \/>\ndort sollen Zwerge hausen<br \/>\nnun bewachen sie noch einen Schatz<br \/>\nwie so oft liegt er in einem Erdloch<br \/>\ndas Kreuz und die magische 13 miteinander verbinden!<br \/>\n<\/font><\/p><\/blockquote>\n<blockquote><p>\n<font color=#990033 size=2><br \/>\n<b>Schatz Zwei<\/b><\/p>\n<p>Die Koordinaten: <br \/><b>N49&ordm; 34,116 &#8211; E006&ordm; 47,131<\/b><\/p>\n<p>Hinweise:<br \/>\nvom Buchheimer Kapellchen aus wird es eine sch\u00f6ne Tour<br \/>\nder Ort ist nach einem Waldtier benannt<br \/>\nder Schatz steckt mitten drin<br \/>\nhaltet nach einer gelben Plastikt\u00fcte Ausschau<br \/>\nin einer Spalte<br \/>\n<\/font><\/p><\/blockquote>\n<p><font color=black><br \/>\nSchatz Eins ist leider abgesoffen. Er steckt immer noch in seinem Versteck, er kann aber nicht mehr herausgeholt ist, weil das Versteck gewachsen ist &#8230;<br \/>\n<\/font><\/p>\n<blockquote><p>\n<font color=#990033 size=2><br \/>\n<b>Schatz Eins<\/b><\/p>\n<p>Die Koordinaten: <br \/><b>N49&ordm; 27,718 &#8211; E006&ordm; 47,224<\/b><\/p>\n<p>Hinweise:<br \/>\nH\u00f6henr\u00fccken (396m) erklimmen<br \/>\nPfad f\u00fchrt von dort zu einer total zerfallenen H\u00fctte<br \/>\nFundament und einige Balken noch vorhanden<br \/>\nder Schatz ist von  Leben umgeben<br \/>\nnicht der mit dem Totenkopf<br \/>\n<\/font><\/p><\/blockquote>\n<\/td>\n<td valign=top>\n<p>&nbsp;<\/p>\n<p>&nbsp;<\/p>\n<p><img decoding=\"async\" src=\"http:\/\/www.nmbiking.de\/jan07\/jan07_36.jpg\" width=\"196\" \/><\/p>\n<p><img decoding=\"async\" src=\"http:\/\/www.nmbiking.de\/jan07\/jan07_18.jpg\" width=\"196\" \/><\/p>\n<p><img decoding=\"async\" src=\"http:\/\/www.nmbiking.de\/jan07\/jan07_21.jpg\" width=\"196\" \/><\/p>\n<p><img decoding=\"async\" src=\"http:\/\/www.nmbiking.de\/jan06\/jan06_6.jpg\" width=\"196\" \/><\/p>\n<p><img decoding=\"async\" src=\"http:\/\/www.nmbiking.de\/jan07\/jan07_2.jpg\" width=\"196\" \/><\/p>\n<p><img decoding=\"async\" src=\"http:\/\/www.nmbiking.de\/jan07\/jan07_3.jpg\" width=\"196\" \/><\/p>\n<\/td>\n<\/tr>\n<\/table>\n<p><b>Geocaching<\/b> &#8211; wie es von den Fachleuten genannt wird &#8211;  l\u00e4sst sich am besten als eine Art moderner Schatzsuche und Schnitzeljagd beschreiben. Da gibt es Leute, die verstecken irgendwo Dosen oder andere Beh\u00e4lter voller kleiner netter &#8222;Sch\u00e4tze&#8220; (Caches) sowie ein Notizb\u00fcchlein (Logbuch). Sie ver\u00f6ffentlichen das Versteck in Form von Koordinaten oder Kursangaben im Internet.<\/p>\n<p>Dies lesen andere, merken sich die Koordinaten, Kursangaben oder Wegbeschreibungen und nutzen ihr GPS-Ger\u00e4t oder Karte und Kompa\u00df, um diese Sch\u00e4tze zu finden. Dann wird eine Kleinigkeit aus dem Inhalt der Dose ausgetauscht, der Besuch im B\u00fcchlein vermerkt und die Dose wieder an derselben Stelle versteckt &#8211; f\u00fcr den n\u00e4chsten&#8230; Zuhause kann man sich auf der entsprechenden Internetseite dann als Finder eintragen oder einen Kommentar schreiben.<\/p>\n<p>&nbsp;<\/p>\n<p>Es gibt viele unterschiedliche Cache-Arten, vom einfachen Cache, bei dem man praktisch fast mit dem Auto vorfahren kann (heutzutage die beliebteste Art Sch\u00e4tze zu suchen) \u00fcber Caches, die nur mit spezieller Ausr\u00fcstung erreichbar sind (z.B. mit Bergsteiger- oder Tauchausr\u00fcstung) bis hin zu R\u00e4tselcaches, die vor Ort oder sogar schon im Vorfeld Recherche und Knobelei erfordern.<\/p>\n<p>&nbsp;<\/p>\n<p><i>nmbiking<\/i> bietet selbstverst\u00e4ndlich <b>MTB-Caches<\/b> an. Das bedeutet: Ihr bekommt die Koordinaten und vielleicht den ungef\u00e4hren Zielbereich genannt &#8211; und dann wird gesucht: zuerst den Weg zum Zielbereich, dann den Schatz selber.<br \/>\nSp\u00e4ter sollen die Verstecke auch auf den einschl\u00e4gigen Internetseiten (z.B. www.opencache.de) ver\u00f6ffentlicht und damit der <i>ganzen Welt<\/i> zug\u00e4nglich gemacht werden. Aber erstmal gibt es die Sch\u00e4tze exklusiv nur f\u00fcr LeserInnen des nmbiking-Tagebuchs&#8230;<br \/>\nWer kein GPS besitzt, kann durchaus an dem Spiel teilnehmen. Die Koordinaten sind auch auf einer guten Karte abzulesen. Ortskundige finden die Verstecke allein schon durch die <b>Hinweise<\/b>.<br \/>\n<br \/>\nIn der Dose findet sich ein Info-Text f\u00fcr die Sucher und die Zufallsfinder. <\/p>\n<p>&nbsp;<\/p>\n<p>Kommentar:<br \/>\n<i> Viele ver\u00f6ffentlichen und suchen den traditionellen Cache per Automobil  &#8211; und nennen das &#8222;Sport&#8220;. In Zeiten eines sich ver\u00e4ndernden Klimas, an dem der Autoverkehr nicht ganz unschuldig ist, ist diese Art von Schatzsuche eine Verh\u00f6hnung der zugrunde liegenden Idee des geocaching: sich auf den Weg machen, sich M\u00fche machen, sich r\u00fccksichtsvoll in der Natur bewegen. Wenn technische Entwicklungen wie GPS dazu f\u00fchren, dass Menschen immer bequemer werden&#8230; Das Abenteuer hei\u00dft Bewegung.<br \/>\n<\/i><\/p>\n<p>&nbsp;<\/p>\n<p><font color=#990033><br \/>\nWichtige Bitte:<br \/>\n* Bringt eine Kleinigkeit zum Tauschen mit!<br \/>\n* Tragt euch in das B\u00fcchlein ein!<br \/>\n* Richtet das Versteck wieder so her wie vorher!<br \/>\n* Schickt eine Nachricht (Kommentar oder Email), ob ihr das Versteck gefunden habt oder ob es Probleme gab!<br \/>\n<\/font><\/p>\n<p>&nbsp;<\/p>\n<p>\tWeitere Geocaches im Kreis Saarlouis:<br \/>\n\thttp:\/\/www.gcc-saar.de\/index.php?page=900<\/p>\n","protected":false},"excerpt":{"rendered":"<p>Das war mal ein Versuch, eine etwas l\u00e4ngere und anspruchsvollere Schatzsuche zu organisieren, aber der Aufwand war gro\u00df und der Zuspruch gering&#8230; &nbsp; Schatz Vier Die Koordinaten: N 49 &#8211; 25.126 \/E 006 &#8211; 48.350 Hinweise: 10 Stationen bis zum Ziel auf die R\u00fcckseiten achten! Mehr Infos gibt es hier&#8230; Dieser Schatz Drei existiert nicht &hellip; <\/p>\n<p class=\"link-more\"><a href=\"https:\/\/nmbiking.de\/wp\/?page_id=3615\" class=\"more-link\"><span class=\"screen-reader-text\">\u201eSchatzsuche\u201c <\/span>weiterlesen<\/a><\/p>\n","protected":false},"author":65,"featured_media":0,"parent":1667,"menu_order":0,"comment_status":"open","ping_status":"closed","template":"","meta":{"footnotes":""},"class_list":["post-3615","page","type-page","status-publish","hentry"],"_links":{"self":[{"href":"https:\/\/nmbiking.de\/wp\/index.php?rest_route=\/wp\/v2\/pages\/3615","targetHints":{"allow":["GET"]}}],"collection":[{"href":"https:\/\/nmbiking.de\/wp\/index.php?rest_route=\/wp\/v2\/pages"}],"about":[{"href":"https:\/\/nmbiking.de\/wp\/index.php?rest_route=\/wp\/v2\/types\/page"}],"author":[{"embeddable":true,"href":"https:\/\/nmbiking.de\/wp\/index.php?rest_route=\/wp\/v2\/users\/65"}],"replies":[{"embeddable":true,"href":"https:\/\/nmbiking.de\/wp\/index.php?rest_route=%2Fwp%2Fv2%2Fcomments&post=3615"}],"version-history":[{"count":0,"href":"https:\/\/nmbiking.de\/wp\/index.php?rest_route=\/wp\/v2\/pages\/3615\/revisions"}],"up":[{"embeddable":true,"href":"https:\/\/nmbiking.de\/wp\/index.php?rest_route=\/wp\/v2\/pages\/1667"}],"wp:attachment":[{"href":"https:\/\/nmbiking.de\/wp\/index.php?rest_route=%2Fwp%2Fv2%2Fmedia&parent=3615"}],"curies":[{"name":"wp","href":"https:\/\/api.w.org\/{rel}","templated":true}]}}