{"id":36032,"date":"2015-12-21T09:42:52","date_gmt":"2015-12-21T08:42:52","guid":{"rendered":"https:\/\/nmbiking.de\/wp\/?page_id=36032"},"modified":"2025-11-25T08:03:11","modified_gmt":"2025-11-25T07:03:11","slug":"nepalhilfe-2015","status":"publish","type":"page","link":"https:\/\/nmbiking.de\/wp\/?page_id=36032","title":{"rendered":"Nepalhilfe"},"content":{"rendered":"<p>So hat <a href=\"https:\/\/nmbiking.de\/wp\/?page_id=29732\">unsere Tour durch Nepal<\/a> im Nachhinein eine Fortsetzung auf anderer Ebene gefunden: Hilfe f\u00fcr die Erdbebenopfer von 2015 und auch f\u00fcr die Zeit danach bzw. auch f\u00fcr konkrete Menschen in Nepal, die wir kennengelernt und zu denen wir noch Kontakt haben.<\/p>\n<p><a href=\"https:\/\/nmbiking.de\/wp\/wp-content\/uploads\/2018\/11\/namen.jpg\"><img decoding=\"async\" src=\"https:\/\/nmbiking.de\/wp\/wp-content\/uploads\/2018\/11\/namen.jpg\" alt=\"\" width=\"700\"  \/><\/a><\/p>\n<hr \/>\n<p><strong>\u00dcbersicht<\/strong> \u00fcber unsere Aktivit\u00e4ten:<\/p>\n<p><a href=\"https:\/\/nmbiking.de\/wp\/?p=102120#more-102120\">Nepalhilfe (27):  13. Bilderabend<\/a><\/p>\n<p><a href=\"https:\/\/nmbiking.de\/wp\/?p=95643\">Nepalhilfe (26): Geld f\u00fcr Tengi und Hari<\/a><\/p>\n<p><a href=\"https:\/\/nmbiking.de\/wp\/?p=95116\">Nepalhilfe (25): 12. Bilderabend: Schmelzer Motive<\/a><\/p>\n<p><a href=\"https:\/\/nmbiking.de\/wp\/?p=87684\">Nepalhilfe (24): 11. Bilderabend: &#8222;Unterwegs in Norwegen&#8220;<\/a><\/p>\n<p><a href=\"https:\/\/nmbiking.de\/wp\/?p=81055\">Nepalhilfe (23): 10. Bilderabend: &#8222;Mountainbiken ist mehr&#8220;<\/a><\/p>\n<p><a href=\"https:\/\/nmbiking.de\/wp\/?p=73229\">Nepalhilfe (22): Limoverkauf an der Haltstelle<\/a><\/p>\n<p><a href=\"https:\/\/nmbiking.de\/wp\/?p=73229\">Nepalhilfe (21): 9. Bilderabend &#8211; online<\/a><\/p>\n<p><a href=\"https:\/\/nmbiking.de\/wp\/?p=72059\">Nepalhilfe (20): Kleine W\u00f6lfe II &#8211; Nepals Stra\u00dfenkinder, Filmpremiere<\/a><\/p>\n<p><a href=\"https:\/\/nmbiking.de\/wp\/?p=68910\">Nepalhilfe (19): 8. Bilderabend &#8211; online<\/a><\/p>\n<p><a href=\"https:\/\/nmbiking.de\/wp\/?p=60649\">Nepalhilfe (18): 7. Bilderabend<\/a><\/p>\n<p><a href=\"https:\/\/nmbiking.de\/wp\/?p=56417\">Nepalhilfe (17): Filmprojekt &#8222;Kleine W\u00f6lfe&#8220;<\/a><\/p>\n<p><a href=\"https:\/\/nmbiking.de\/wp\/?p=54106\">Nepalhilfe (16): Bilderabend 2018 &#8222;Alpencross&#8220;<\/a><\/p>\n<p><a href=\"https:\/\/nmbiking.de\/wp\/?p=48606\">Nepalhilfe (15): Bilderabend 2017 &#8222;MTB in GB&#8220; &#8211; Spende f\u00fcr Nepal<\/a><\/p>\n<p><a href=\"https:\/\/nmbiking.de\/wp\/?p=42754\">Nepalhilfe (14): Bilderabend Nov 2016 mit Spendenaufruf<\/p>\n<p><\/a><a href=\"https:\/\/nmbiking.de\/wp\/?page_id=41001\">Nepalhilfe (13): 2000\u20ac f\u00fcrs Kinderhaus Kathmandu<\/p>\n<p><\/a><a href=\"https:\/\/nmbiking.de\/wp\/?p=39645\">Nepalhilfe (12): Ein Jahr danach<\/a><\/p>\n<p><a href=\" https:\/\/nmbiking.de\/wp\/?p=39227\">Nepalhilfe (11): Schon wieder vergessen?<\/p>\n<p><\/a><a href=\"https:\/\/nmbiking.de\/wp\/?p=38121\">Nepalhilfe (10) Neue Probleme in Nepal, Spendenaufruf<\/a><\/p>\n<p><a href=\"https:\/\/nmbiking.de\/wp\/?p=35993\">Nepalhilfe (9): Fortsetzung der Wiederaufbauarbeiten, GORIDE<\/a><\/p>\n<p><a href=\"https:\/\/nmbiking.de\/wp\/?p=35764\">Nepalhilfe (8): Mail von Mohan<\/a><\/p>\n<p><a href=\"https:\/\/nmbiking.de\/wp\/?p=34953\">Nepalhilfe (7): Firmlinge und GORIDE<\/a><\/p>\n<p><a href=\"https:\/\/nmbiking.de\/wp\/?p=34620\">Nepalhilfe (6): Firmlinge und Kaule-Projekt<\/a><\/p>\n<p><a href=\"https:\/\/nmbiking.de\/wp\/?p=34552\">Nepalhilfe (5): Kinderhaus Kathmandu, Kaule-Projekt<\/a><\/p>\n<p><a href=\"https:\/\/nmbiking.de\/wp\/?p=34466\">Nepalhilfe (4): Vortrag bei den Firmlingen Gresaubach<\/a><\/p>\n<p><a href=\"https:\/\/nmbiking.de\/wp\/?p=34327\">Nepalhilfe (3): Lageberichte<\/a><\/p>\n<p><a href=\"https:\/\/nmbiking.de\/wp\/?p=34047\">Nepalhilfe (2): Bilderabende und News<\/a><\/p>\n<p><a href=\"https:\/\/nmbiking.de\/wp\/?p=33905\">Nepalhilfe (1): Ank\u00fcndigung Bilderabende<\/a><\/p>\n","protected":false},"excerpt":{"rendered":"<p>So hat unsere Tour durch Nepal im Nachhinein eine Fortsetzung auf anderer Ebene gefunden: Hilfe f\u00fcr die Erdbebenopfer von 2015 und auch f\u00fcr die Zeit danach bzw. auch f\u00fcr konkrete Menschen in Nepal, die wir kennengelernt und zu denen wir noch Kontakt haben. \u00dcbersicht \u00fcber unsere Aktivit\u00e4ten: Nepalhilfe (27): 13. Bilderabend Nepalhilfe (26): Geld f\u00fcr &hellip; <\/p>\n<p class=\"link-more\"><a href=\"https:\/\/nmbiking.de\/wp\/?page_id=36032\" class=\"more-link\"><span class=\"screen-reader-text\">\u201eNepalhilfe\u201c <\/span>weiterlesen<\/a><\/p>\n","protected":false},"author":65,"featured_media":0,"parent":0,"menu_order":0,"comment_status":"closed","ping_status":"closed","template":"","meta":{"footnotes":""},"class_list":["post-36032","page","type-page","status-publish","hentry"],"_links":{"self":[{"href":"https:\/\/nmbiking.de\/wp\/index.php?rest_route=\/wp\/v2\/pages\/36032","targetHints":{"allow":["GET"]}}],"collection":[{"href":"https:\/\/nmbiking.de\/wp\/index.php?rest_route=\/wp\/v2\/pages"}],"about":[{"href":"https:\/\/nmbiking.de\/wp\/index.php?rest_route=\/wp\/v2\/types\/page"}],"author":[{"embeddable":true,"href":"https:\/\/nmbiking.de\/wp\/index.php?rest_route=\/wp\/v2\/users\/65"}],"replies":[{"embeddable":true,"href":"https:\/\/nmbiking.de\/wp\/index.php?rest_route=%2Fwp%2Fv2%2Fcomments&post=36032"}],"version-history":[{"count":50,"href":"https:\/\/nmbiking.de\/wp\/index.php?rest_route=\/wp\/v2\/pages\/36032\/revisions"}],"predecessor-version":[{"id":102230,"href":"https:\/\/nmbiking.de\/wp\/index.php?rest_route=\/wp\/v2\/pages\/36032\/revisions\/102230"}],"wp:attachment":[{"href":"https:\/\/nmbiking.de\/wp\/index.php?rest_route=%2Fwp%2Fv2%2Fmedia&parent=36032"}],"curies":[{"name":"wp","href":"https:\/\/api.w.org\/{rel}","templated":true}]}}