{"id":35349,"date":"2015-08-06T10:16:30","date_gmt":"2015-08-06T09:16:30","guid":{"rendered":"https:\/\/nmbiking.de\/wp\/?page_id=35349"},"modified":"2016-05-17T13:50:18","modified_gmt":"2016-05-17T12:50:18","slug":"die-fahrradboerse","status":"publish","type":"page","link":"https:\/\/nmbiking.de\/wp\/?page_id=35349","title":{"rendered":"Die Fahrradb\u00f6rse"},"content":{"rendered":"<h3>Fahrr\u00e4der sammeln und weitergeben<\/h3>\n<p>Inzwischen l\u00e4uft das Projekt. Nach mehreren Berichten im Amtsblatt und im Wochenspiegel \u00fcber die Fahrradwerkstatt mit\/f\u00fcr Fl\u00fcchtlinge und der Bitte um gebrauchte Fahrr\u00e4der kommen jede Woche eine Menge Mails und Anrufe mit Angeboten. Die private Garage ist oft als Zwischenlager \u00fcbervoll. Inzwischen haben wir eine eigene kleine Werkstatt, die ehemalige M\u00e4dchentoilette der Schmelzer Grundschule.<\/p>\n<p>Manchmal holen wir die R\u00e4der bei den Spendern ab. Wenn sie komplett in Ordnung sind &#8211; was auch oft vorkommt &#8211; geben wir sie direkt an diejenigen weiter, die sie brauchen. Die R\u00e4der werden aber auch zu uns in die Werkstatt gebracht, was uns nat\u00fcrlich lieber ist&#8230;<\/p>\n<p>Die Spender meinen es alle gut. Die R\u00e4der sind ihrer Meinung nach zu schade, um sie dem Alteisenh\u00e4ndler zu geben, aber zu verkaufen sind sie auch nicht mehr. Oft liegen auch noch Uraltteile herum, welche die Leute gerne loswerden wollen. Also kommen wir gerade recht &#8211; und beide Seiten profitieren. Die alten R\u00e4der  verschwinden aus den Kellern, es gibt Platz f\u00fcr neue. So kurbeln die Fl\u00fcchtlinge unsere Wirtschaft an :-)<\/p>\n<div id='gallery-1' class='gallery galleryid-35349 gallery-columns-3 gallery-size-thumbnail'><figure class='gallery-item'>\n\t\t\t<div class='gallery-icon landscape'>\n\t\t\t\t<a href='https:\/\/nmbiking.de\/wp\/wp-content\/uploads\/2015\/09\/sep15_187.jpg'><img loading=\"lazy\" decoding=\"async\" width=\"200\" height=\"168\" src=\"https:\/\/nmbiking.de\/wp\/wp-content\/uploads\/2015\/09\/sep15_187-200x168.jpg\" class=\"attachment-thumbnail size-thumbnail\" alt=\"\" srcset=\"https:\/\/nmbiking.de\/wp\/wp-content\/uploads\/2015\/09\/sep15_187-200x168.jpg 200w, https:\/\/nmbiking.de\/wp\/wp-content\/uploads\/2015\/09\/sep15_187-300x253.jpg 300w, https:\/\/nmbiking.de\/wp\/wp-content\/uploads\/2015\/09\/sep15_187.jpg 1000w\" sizes=\"auto, 100vw\" \/><\/a>\n\t\t\t<\/div><\/figure><figure class='gallery-item'>\n\t\t\t<div class='gallery-icon landscape'>\n\t\t\t\t<a href='https:\/\/nmbiking.de\/wp\/wp-content\/uploads\/2015\/09\/sep15_182.jpg'><img loading=\"lazy\" decoding=\"async\" width=\"200\" height=\"137\" src=\"https:\/\/nmbiking.de\/wp\/wp-content\/uploads\/2015\/09\/sep15_182-200x137.jpg\" class=\"attachment-thumbnail size-thumbnail\" alt=\"\" srcset=\"https:\/\/nmbiking.de\/wp\/wp-content\/uploads\/2015\/09\/sep15_182-200x137.jpg 200w, https:\/\/nmbiking.de\/wp\/wp-content\/uploads\/2015\/09\/sep15_182-300x206.jpg 300w, https:\/\/nmbiking.de\/wp\/wp-content\/uploads\/2015\/09\/sep15_182.jpg 1200w\" sizes=\"auto, 100vw\" \/><\/a>\n\t\t\t<\/div><\/figure><figure class='gallery-item'>\n\t\t\t<div class='gallery-icon landscape'>\n\t\t\t\t<a href='https:\/\/nmbiking.de\/wp\/wp-content\/uploads\/2015\/09\/sep15_186.jpg'><img loading=\"lazy\" decoding=\"async\" width=\"200\" height=\"137\" src=\"https:\/\/nmbiking.de\/wp\/wp-content\/uploads\/2015\/09\/sep15_186-200x137.jpg\" class=\"attachment-thumbnail size-thumbnail\" alt=\"\" srcset=\"https:\/\/nmbiking.de\/wp\/wp-content\/uploads\/2015\/09\/sep15_186-200x137.jpg 200w, https:\/\/nmbiking.de\/wp\/wp-content\/uploads\/2015\/09\/sep15_186-300x205.jpg 300w, https:\/\/nmbiking.de\/wp\/wp-content\/uploads\/2015\/09\/sep15_186.jpg 1200w\" sizes=\"auto, 100vw\" \/><\/a>\n\t\t\t<\/div><\/figure><figure class='gallery-item'>\n\t\t\t<div class='gallery-icon landscape'>\n\t\t\t\t<a href='https:\/\/nmbiking.de\/wp\/wp-content\/uploads\/2015\/09\/sep15_183.jpg'><img loading=\"lazy\" decoding=\"async\" width=\"200\" height=\"164\" src=\"https:\/\/nmbiking.de\/wp\/wp-content\/uploads\/2015\/09\/sep15_183-200x164.jpg\" class=\"attachment-thumbnail size-thumbnail\" alt=\"\" srcset=\"https:\/\/nmbiking.de\/wp\/wp-content\/uploads\/2015\/09\/sep15_183-200x164.jpg 200w, https:\/\/nmbiking.de\/wp\/wp-content\/uploads\/2015\/09\/sep15_183-300x246.jpg 300w, https:\/\/nmbiking.de\/wp\/wp-content\/uploads\/2015\/09\/sep15_183.jpg 1000w\" sizes=\"auto, 100vw\" \/><\/a>\n\t\t\t<\/div><\/figure><figure class='gallery-item'>\n\t\t\t<div class='gallery-icon landscape'>\n\t\t\t\t<a href='https:\/\/nmbiking.de\/wp\/wp-content\/uploads\/2015\/09\/sep15_184.jpg'><img loading=\"lazy\" decoding=\"async\" width=\"200\" height=\"131\" src=\"https:\/\/nmbiking.de\/wp\/wp-content\/uploads\/2015\/09\/sep15_184-200x131.jpg\" class=\"attachment-thumbnail size-thumbnail\" alt=\"\" srcset=\"https:\/\/nmbiking.de\/wp\/wp-content\/uploads\/2015\/09\/sep15_184-200x131.jpg 200w, https:\/\/nmbiking.de\/wp\/wp-content\/uploads\/2015\/09\/sep15_184-300x196.jpg 300w, https:\/\/nmbiking.de\/wp\/wp-content\/uploads\/2015\/09\/sep15_184.jpg 1200w\" sizes=\"auto, 100vw\" \/><\/a>\n\t\t\t<\/div><\/figure><figure class='gallery-item'>\n\t\t\t<div class='gallery-icon landscape'>\n\t\t\t\t<a href='https:\/\/nmbiking.de\/wp\/wp-content\/uploads\/2015\/09\/sep15_185.jpg'><img loading=\"lazy\" decoding=\"async\" width=\"200\" height=\"136\" src=\"https:\/\/nmbiking.de\/wp\/wp-content\/uploads\/2015\/09\/sep15_185-200x136.jpg\" class=\"attachment-thumbnail size-thumbnail\" alt=\"\" srcset=\"https:\/\/nmbiking.de\/wp\/wp-content\/uploads\/2015\/09\/sep15_185-200x136.jpg 200w, https:\/\/nmbiking.de\/wp\/wp-content\/uploads\/2015\/09\/sep15_185-300x204.jpg 300w, https:\/\/nmbiking.de\/wp\/wp-content\/uploads\/2015\/09\/sep15_185.jpg 1200w\" sizes=\"auto, 100vw\" \/><\/a>\n\t\t\t<\/div><\/figure><figure class='gallery-item'>\n\t\t\t<div class='gallery-icon landscape'>\n\t\t\t\t<a href='https:\/\/nmbiking.de\/wp\/wp-content\/uploads\/2015\/09\/sep15_195.jpg'><img loading=\"lazy\" decoding=\"async\" width=\"200\" height=\"138\" src=\"https:\/\/nmbiking.de\/wp\/wp-content\/uploads\/2015\/09\/sep15_195-200x138.jpg\" class=\"attachment-thumbnail size-thumbnail\" alt=\"\" srcset=\"https:\/\/nmbiking.de\/wp\/wp-content\/uploads\/2015\/09\/sep15_195-200x138.jpg 200w, https:\/\/nmbiking.de\/wp\/wp-content\/uploads\/2015\/09\/sep15_195-300x207.jpg 300w, https:\/\/nmbiking.de\/wp\/wp-content\/uploads\/2015\/09\/sep15_195.jpg 1200w\" sizes=\"auto, 100vw\" \/><\/a>\n\t\t\t<\/div><\/figure><figure class='gallery-item'>\n\t\t\t<div class='gallery-icon landscape'>\n\t\t\t\t<a href='https:\/\/nmbiking.de\/wp\/wp-content\/uploads\/2015\/08\/sep15_207.jpg'><img loading=\"lazy\" decoding=\"async\" width=\"200\" height=\"134\" src=\"https:\/\/nmbiking.de\/wp\/wp-content\/uploads\/2015\/08\/sep15_207-200x134.jpg\" class=\"attachment-thumbnail size-thumbnail\" alt=\"\" srcset=\"https:\/\/nmbiking.de\/wp\/wp-content\/uploads\/2015\/08\/sep15_207-200x134.jpg 200w, https:\/\/nmbiking.de\/wp\/wp-content\/uploads\/2015\/08\/sep15_207-300x201.jpg 300w, https:\/\/nmbiking.de\/wp\/wp-content\/uploads\/2015\/08\/sep15_207.jpg 1200w\" sizes=\"auto, 100vw\" \/><\/a>\n\t\t\t<\/div><\/figure><figure class='gallery-item'>\n\t\t\t<div class='gallery-icon landscape'>\n\t\t\t\t<a href='https:\/\/nmbiking.de\/wp\/wp-content\/uploads\/2015\/08\/ok15_1.jpg'><img loading=\"lazy\" decoding=\"async\" width=\"200\" height=\"96\" src=\"https:\/\/nmbiking.de\/wp\/wp-content\/uploads\/2015\/08\/ok15_1-200x96.jpg\" class=\"attachment-thumbnail size-thumbnail\" alt=\"\" srcset=\"https:\/\/nmbiking.de\/wp\/wp-content\/uploads\/2015\/08\/ok15_1-200x96.jpg 200w, https:\/\/nmbiking.de\/wp\/wp-content\/uploads\/2015\/08\/ok15_1-300x144.jpg 300w, https:\/\/nmbiking.de\/wp\/wp-content\/uploads\/2015\/08\/ok15_1-1600x766.jpg 1600w, https:\/\/nmbiking.de\/wp\/wp-content\/uploads\/2015\/08\/ok15_1.jpg 1700w\" sizes=\"auto, 100vw\" \/><\/a>\n\t\t\t<\/div><\/figure>\n\t\t<\/div>\n\n<hr \/>\n<p>Inzwischen sind einige  Syrer flei\u00dfige Helfer in unserer Werkstatt geworden, wie diese beiden hier&#8230;<br \/>\n<img decoding=\"async\" src=\"https:\/\/nmbiking.de\/wp\/wp-content\/uploads\/2015\/08\/aug15_20.jpg\" alt=\"Zwei sind jetzt mobil\" width=\"700\"  \/><\/p>\n","protected":false},"excerpt":{"rendered":"<p>Fahrr\u00e4der sammeln und weitergeben Inzwischen l\u00e4uft das Projekt. Nach mehreren Berichten im Amtsblatt und im Wochenspiegel \u00fcber die Fahrradwerkstatt mit\/f\u00fcr Fl\u00fcchtlinge und der Bitte um gebrauchte Fahrr\u00e4der kommen jede Woche eine Menge Mails und Anrufe mit Angeboten. Die private Garage ist oft als Zwischenlager \u00fcbervoll. Inzwischen haben wir eine eigene kleine Werkstatt, die ehemalige M\u00e4dchentoilette &hellip; <\/p>\n<p class=\"link-more\"><a href=\"https:\/\/nmbiking.de\/wp\/?page_id=35349\" class=\"more-link\"><span class=\"screen-reader-text\">\u201eDie Fahrradb\u00f6rse\u201c <\/span>weiterlesen<\/a><\/p>\n","protected":false},"author":65,"featured_media":0,"parent":0,"menu_order":0,"comment_status":"open","ping_status":"closed","template":"","meta":{"footnotes":""},"class_list":["post-35349","page","type-page","status-publish","hentry"],"_links":{"self":[{"href":"https:\/\/nmbiking.de\/wp\/index.php?rest_route=\/wp\/v2\/pages\/35349","targetHints":{"allow":["GET"]}}],"collection":[{"href":"https:\/\/nmbiking.de\/wp\/index.php?rest_route=\/wp\/v2\/pages"}],"about":[{"href":"https:\/\/nmbiking.de\/wp\/index.php?rest_route=\/wp\/v2\/types\/page"}],"author":[{"embeddable":true,"href":"https:\/\/nmbiking.de\/wp\/index.php?rest_route=\/wp\/v2\/users\/65"}],"replies":[{"embeddable":true,"href":"https:\/\/nmbiking.de\/wp\/index.php?rest_route=%2Fwp%2Fv2%2Fcomments&post=35349"}],"version-history":[{"count":16,"href":"https:\/\/nmbiking.de\/wp\/index.php?rest_route=\/wp\/v2\/pages\/35349\/revisions"}],"predecessor-version":[{"id":40032,"href":"https:\/\/nmbiking.de\/wp\/index.php?rest_route=\/wp\/v2\/pages\/35349\/revisions\/40032"}],"wp:attachment":[{"href":"https:\/\/nmbiking.de\/wp\/index.php?rest_route=%2Fwp%2Fv2%2Fmedia&parent=35349"}],"curies":[{"name":"wp","href":"https:\/\/api.w.org\/{rel}","templated":true}]}}