{"id":35040,"date":"2015-07-16T06:54:26","date_gmt":"2015-07-16T05:54:26","guid":{"rendered":"https:\/\/nmbiking.de\/wp\/?page_id=35040"},"modified":"2019-09-03T07:31:42","modified_gmt":"2019-09-03T06:31:42","slug":"graubuenden-2015","status":"publish","type":"page","link":"https:\/\/nmbiking.de\/wp\/?page_id=35040","title":{"rendered":"Graub\u00fcnden 2015"},"content":{"rendered":"<p>Unsere Bike- und Wanderstation steht wiedermal in der Schweiz. Genauer: im D\u00f6rfchen Surrein bei Sedrun und das liegt im r\u00e4toromanischen Graub\u00fcnden.<br \/>\nWir wechseln zwischen Wander- und Biketouren ab:<\/p>\n<p><a href=\"https:\/\/nmbiking.de\/wp\/?p=34800\">Sonntag: Erkundung<\/a><br \/>\n<a href=\"https:\/\/nmbiking.de\/wp\/?p=34814\">Montag: MTB Oberalppass<\/a><br \/>\n<a href=\"https:\/\/nmbiking.de\/wp\/?p=3482\">Dienstag: Wanderung Lag Brit<\/a><br \/>\n<a href=\"https:\/\/nmbiking.de\/wp\/?p=34913\">Mittwoch: MTB Lai da Nalps (Stausee)<\/a><br \/>\n<a href=\"https:\/\/nmbiking.de\/wp\/?p=34965\">Donnertag: Wanderung Chr\u00fctzlipass<\/a><br \/>\n<a href=\"https:\/\/nmbiking.de\/wp\/?p=34986\">Freitag: Val Piora (Tessin)<\/a><br \/>\n<a href=\"https:\/\/nmbiking.de\/wp\/?p=35021\">Samstag: MTB Val Maighels<\/a><br \/>\n<a href=\"https:\/\/nmbiking.de\/wp\/?p=35018\">Das Video<\/a><\/p>\n<hr \/>\n<p><a href=\"https:\/\/nmbiking.de\/wp\/wp-content\/uploads\/2015\/07\/juli15_183.jpg\"><img decoding=\"async\" src=\"https:\/\/nmbiking.de\/wp\/wp-content\/uploads\/2015\/07\/juli15_183.jpg\" alt=\"Zum Abschied\" width=\"700\"  \/><\/a><\/p>\n","protected":false},"excerpt":{"rendered":"<p>Unsere Bike- und Wanderstation steht wiedermal in der Schweiz. Genauer: im D\u00f6rfchen Surrein bei Sedrun und das liegt im r\u00e4toromanischen Graub\u00fcnden. Wir wechseln zwischen Wander- und Biketouren ab: Sonntag: Erkundung Montag: MTB Oberalppass Dienstag: Wanderung Lag Brit Mittwoch: MTB Lai da Nalps (Stausee) Donnertag: Wanderung Chr\u00fctzlipass Freitag: Val Piora (Tessin) Samstag: MTB Val Maighels Das &hellip; <\/p>\n<p class=\"link-more\"><a href=\"https:\/\/nmbiking.de\/wp\/?page_id=35040\" class=\"more-link\"><span class=\"screen-reader-text\">\u201eGraub\u00fcnden 2015\u201c <\/span>weiterlesen<\/a><\/p>\n","protected":false},"author":65,"featured_media":0,"parent":0,"menu_order":0,"comment_status":"open","ping_status":"closed","template":"","meta":{"footnotes":""},"class_list":["post-35040","page","type-page","status-publish","hentry"],"_links":{"self":[{"href":"https:\/\/nmbiking.de\/wp\/index.php?rest_route=\/wp\/v2\/pages\/35040","targetHints":{"allow":["GET"]}}],"collection":[{"href":"https:\/\/nmbiking.de\/wp\/index.php?rest_route=\/wp\/v2\/pages"}],"about":[{"href":"https:\/\/nmbiking.de\/wp\/index.php?rest_route=\/wp\/v2\/types\/page"}],"author":[{"embeddable":true,"href":"https:\/\/nmbiking.de\/wp\/index.php?rest_route=\/wp\/v2\/users\/65"}],"replies":[{"embeddable":true,"href":"https:\/\/nmbiking.de\/wp\/index.php?rest_route=%2Fwp%2Fv2%2Fcomments&post=35040"}],"version-history":[{"count":18,"href":"https:\/\/nmbiking.de\/wp\/index.php?rest_route=\/wp\/v2\/pages\/35040\/revisions"}],"predecessor-version":[{"id":58759,"href":"https:\/\/nmbiking.de\/wp\/index.php?rest_route=\/wp\/v2\/pages\/35040\/revisions\/58759"}],"wp:attachment":[{"href":"https:\/\/nmbiking.de\/wp\/index.php?rest_route=%2Fwp%2Fv2%2Fmedia&parent=35040"}],"curies":[{"name":"wp","href":"https:\/\/api.w.org\/{rel}","templated":true}]}}