{"id":29732,"date":"2014-11-27T09:05:27","date_gmt":"2014-11-27T08:05:27","guid":{"rendered":"https:\/\/nmbiking.de\/wp\/?page_id=29732"},"modified":"2016-12-17T11:39:21","modified_gmt":"2016-12-17T10:39:21","slug":"nepal-2014","status":"publish","type":"page","link":"https:\/\/nmbiking.de\/wp\/?page_id=29732","title":{"rendered":"Nepal 2014"},"content":{"rendered":"<p><em><font color=blue>Auch eine Reise \u00fcber tausend Meilen beginnt mit einem kleinen Schritt&#8230; (Buddha)<\/font><\/em><\/p>\n<p>Wir haben diesen einen kleinen Schritt getan: Nepal 2014 &#8211; ein wunderbares Abenteuer. Auf dieser Seite sind die Berichte von der Planung bis zur Nachbereitung gesammelt.<\/p>\n<p><a href=\"https:\/\/nmbiking.de\/wp\/?p=29456\">Die Planung<\/a><\/p>\n<p><strong>Die Berichte aus Nepal<\/strong><br \/>\nSoweit es technisch m\u00f6glich war, haben wir jeden Tag von unserer Reise in diesem Blog berichtet. Lukas hat Fotos mit dem Handy gemacht&#8230;<\/p>\n<p><a href=\"https:\/\/nmbiking.de\/wp\/?p=29819\">Der Flug<\/p>\n<p><\/a><a href=\"https:\/\/nmbiking.de\/wp\/?p=29825\">Sightseeing Kathmandu<\/a><\/p>\n<p><a href=\"https:\/\/nmbiking.de\/wp\/?p=29833\">Von Kathmandu nach Besishahar<\/a><\/p>\n<p><a href=\"https:\/\/nmbiking.de\/wp\/?p=29835\">Von Besishahar nach Jagat<\/a><\/p>\n<p><a href=\"https:\/\/nmbiking.de\/wp\/?p=29843\">Von Jagat nach Dharapani<\/a><\/p>\n<p><a href=\"https:\/\/nmbiking.de\/wp\/?p=29861\">Von Dharapani nach Chame <\/a><\/p>\n<p><a href=\"https:\/\/nmbiking.de\/wp\/?p=29868\">Von Chame nach Pisang<\/a><\/p>\n<p><a href=\"https:\/\/nmbiking.de\/wp\/?p=29879\">Von Pisang nach Manang<\/a><\/p>\n<p><a href=\"https:\/\/nmbiking.de\/wp\/?p=29894\">Von Manang nach Yak Khara<\/a><\/p>\n<p><a href=\"https:\/\/nmbiking.de\/wp\/?p=29902\">Bhraka: Von Manang nach Pisang<\/a><\/p>\n<p><a href=\"https:\/\/nmbiking.de\/wp\/?p=29908\">Ghatte Khola: Von Pisang nach Chame<\/a><\/p>\n<p><a href=\"https:\/\/nmbiking.de\/wp\/?p=29931\">Marsyangdi: Von Chame nach Jagat<\/a><\/p>\n<p><a href=\"https:\/\/nmbiking.de\/wp\/?p=29942\">Ghothegaon: Von Jagat nach Besishahar<\/a><\/p>\n<p><a href=\"https:\/\/nmbiking.de\/wp\/?p=29962\">Von Besishahar nach Pokhara<\/a><\/p>\n<p><a href=\"https:\/\/nmbiking.de\/wp\/?p=29979\">Sarangkot<\/a><\/p>\n<p><a href=\"https:\/\/nmbiking.de\/wp\/?p=29989\">Phewasee<\/a><\/p>\n<p><a href=\"https:\/\/nmbiking.de\/wp\/?p=30000\">World Peace Stupa<\/a><\/p>\n<p><a href=\"https:\/\/nmbiking.de\/wp\/?p=37204\">Von Pokhara zur\u00fcck nach Kathmanddu<\/p>\n<p><\/a><a href=\"https:\/\/nmbiking.de\/wp\/?p=30011\">Nagarkot<\/a><\/p>\n<p><a href=\"https:\/\/nmbiking.de\/wp\/?p=37252\">Der letzte Tag: Kathmandu<\/a><\/p>\n<p><strong>Die R\u00fcckblicke und andere Themen<\/strong><br \/>\nZuhause ist dann Zeit, die Erlebnisse noch einmal Revue passieren zu lassen, von besondere Erlebnissen zu erz\u00e4hlen &#8211; und vor allem: viele Fotos von besserer Qualit\u00e4t zu pr\u00e4sentieren&#8230;<\/p>\n<p><a href=\"https:\/\/nmbiking.de\/wp\/?p=30032\">Die Organisation der Reise<\/a><\/p>\n<p><a href=\"https:\/\/nmbiking.de\/wp\/?p=30050\">Die Route<\/a><\/p>\n<p><a href=\"https:\/\/nmbiking.de\/wp\/?p=30069\">Die ersten Eindr\u00fccke<\/a><\/p>\n<p><a href=\"https:\/\/nmbiking.de\/wp\/?p=30185\">Der Erdrutsch<\/a><\/p>\n<p><a href=\"https:\/\/nmbiking.de\/wp\/?p=30238\">Die Trekker<\/a><\/p>\n<p><a href=\"https:\/\/nmbiking.de\/wp\/?p=30181\">Die Berge r\u00fccken n\u00e4her<\/a><\/p>\n<p><a href=\"https:\/\/nmbiking.de\/wp\/?p=30130\">\u00dcber die Hochebene<\/a><\/p>\n<p><a href=\"https:\/\/nmbiking.de\/wp\/?p=30393\">Im Schnee auf 4000 m<\/a><\/p>\n<p><a href=\"https:\/\/nmbiking.de\/wp\/?p=30465\">Der Riss im Mantel<\/a><\/p>\n<p><a href=\"https:\/\/nmbiking.de\/wp\/?p=30536\">Die Kinder in Nepal<\/a><\/p>\n<p><a href=\"https:\/\/nmbiking.de\/wp\/?p=30568\">Die andere Seite des Himalaya<\/a><\/p>\n<p><a href=\"https:\/\/nmbiking.de\/wp\/?p=30603\">\u00dcber Land<\/a><\/p>\n<p><a href=\"https:\/\/nmbiking.de\/wp\/?p=30641\">Das Essen in Nepal<\/a><\/p>\n<p><a href=\"https:\/\/nmbiking.de\/wp\/?p=30183\">Die Lodges unterwegs<\/a><\/p>\n<p><a href=\"https:\/\/nmbiking.de\/wp\/?p=30702\">Die Nacht der Ger\u00e4usche<\/a><\/p>\n<p><a href=\"https:\/\/nmbiking.de\/wp\/?p=30757\">Die Menschen in Nepal<\/a><\/p>\n<p><a href=\"https:\/\/nmbiking.de\/wp\/?p=30745\">Kathmandu &#8211; Stadt der G\u00f6tter<\/a><\/p>\n<p><a href=\"https:\/\/nmbiking.de\/wp\/?p=30907\">G\u00f6tter und Tempel<\/a><\/p>\n<p><a href=\"https:\/\/nmbiking.de\/wp\/?p=30754\">Gebetsfahnen und Gebetsm\u00fchlen<\/a><\/p>\n<p><a href=\"https:\/\/nmbiking.de\/wp\/?p=30908\">Das Video<\/a><\/p>\n<p><a href=\"https:\/\/nmbiking.de\/wp\/?p=31090\">Die Busse<\/a><\/p>\n<p><a href=\"https:\/\/nmbiking.de\/wp\/?p=31135\">Stra\u00dfenszenen<\/a><\/p>\n<p><a href=\"https:\/\/nmbiking.de\/wp\/?p=31474\">Die Jeeps<\/a><\/p>\n<p><a href=\"https:\/\/nmbiking.de\/wp\/?p=31294\">Das Miteinander<\/a><\/p>\n<p><a href=\"https:\/\/nmbiking.de\/wp\/?p=30983\">Fazit von J\u00f6rg<\/a><\/p>\n<p><a href=\"https:\/\/nmbiking.de\/wp\/?p=31031\">Fazit von Norbert<\/a><\/p>\n<p><a href=\"https:\/\/nmbiking.de\/wp\/?p=32635\">Fazit von Lukas<\/a><\/p>\n<p><a href=\"https:\/\/nmbiking.de\/wp\/?p=31478\">Restbest\u00e4nde (1)<\/a><\/p>\n<p><a href=\"https:\/\/nmbiking.de\/wp\/?p=31530\">Restbest\u00e4nde (2)<\/a><\/p>\n<p><a href=\"https:\/\/nmbiking.de\/wp\/?p=31740\">Restbest\u00e4nde (3)<\/a><\/p>\n<p> <a href=\"https:\/\/nmbiking.de\/wp\/?page_id=33053\">Restbest\u00e4nde (4)<\/a><\/p>\n<p><a href=\"https:\/\/nmbiking.de\/wp\/?p=31715\">Sadhu, der Film<\/a><\/p>\n<p><a href=\"https:\/\/nmbiking.de\/wp\/?p=32247\">Ein typischer Tag (1)<\/a><\/p>\n<p><a href=\"https:\/\/nmbiking.de\/wp\/?p=32299\">Ein typischer Tag (2)<\/a><\/p>\n<p><a href=\"https:\/\/nmbiking.de\/wp\/?p=32332\">Ein typischer Tag (3)<\/a><\/p>\n<p><a href=\"https:\/\/nmbiking.de\/wp\/?p=32874\">Das Medaillon<\/a><\/p>\n<p><a href=\"https:\/\/nmbiking.de\/wp\/?p=33144\">Kontaktpflege<\/a><\/p>\n<p><a href=\"https:\/\/nmbiking.de\/wp\/?p=33425\">Unterst\u00fctzung f\u00fcr die Guides und Tr\u00e4ger<\/a><\/p>\n<p><a href=\"https:\/\/nmbiking.de\/wp\/?p=34620\">Hilfe f\u00fcr Nepal<\/a><\/p>\n<p><a href=\"https:\/\/nmbiking.de\/wp\/?p=36696\">Nepal bleibt &#8211; ein Jahr danach<\/a><\/p>\n<p><a href=\"https:\/\/nmbiking.de\/wp\/?p=34464\">Eine Nepalreise und die Folgen<\/a><\/p>\n","protected":false},"excerpt":{"rendered":"<p>Auch eine Reise \u00fcber tausend Meilen beginnt mit einem kleinen Schritt&#8230; (Buddha) Wir haben diesen einen kleinen Schritt getan: Nepal 2014 &#8211; ein wunderbares Abenteuer. Auf dieser Seite sind die Berichte von der Planung bis zur Nachbereitung gesammelt. Die Planung Die Berichte aus Nepal Soweit es technisch m\u00f6glich war, haben wir jeden Tag von unserer &hellip; <\/p>\n<p class=\"link-more\"><a href=\"https:\/\/nmbiking.de\/wp\/?page_id=29732\" class=\"more-link\"><span class=\"screen-reader-text\">\u201eNepal 2014\u201c <\/span>weiterlesen<\/a><\/p>\n","protected":false},"author":65,"featured_media":0,"parent":0,"menu_order":0,"comment_status":"open","ping_status":"closed","template":"","meta":{"footnotes":""},"class_list":["post-29732","page","type-page","status-publish","hentry"],"_links":{"self":[{"href":"https:\/\/nmbiking.de\/wp\/index.php?rest_route=\/wp\/v2\/pages\/29732","targetHints":{"allow":["GET"]}}],"collection":[{"href":"https:\/\/nmbiking.de\/wp\/index.php?rest_route=\/wp\/v2\/pages"}],"about":[{"href":"https:\/\/nmbiking.de\/wp\/index.php?rest_route=\/wp\/v2\/types\/page"}],"author":[{"embeddable":true,"href":"https:\/\/nmbiking.de\/wp\/index.php?rest_route=\/wp\/v2\/users\/65"}],"replies":[{"embeddable":true,"href":"https:\/\/nmbiking.de\/wp\/index.php?rest_route=%2Fwp%2Fv2%2Fcomments&post=29732"}],"version-history":[{"count":90,"href":"https:\/\/nmbiking.de\/wp\/index.php?rest_route=\/wp\/v2\/pages\/29732\/revisions"}],"predecessor-version":[{"id":43209,"href":"https:\/\/nmbiking.de\/wp\/index.php?rest_route=\/wp\/v2\/pages\/29732\/revisions\/43209"}],"wp:attachment":[{"href":"https:\/\/nmbiking.de\/wp\/index.php?rest_route=%2Fwp%2Fv2%2Fmedia&parent=29732"}],"curies":[{"name":"wp","href":"https:\/\/api.w.org\/{rel}","templated":true}]}}