{"id":2521,"date":"2008-09-27T07:26:10","date_gmt":"2008-09-27T08:26:10","guid":{"rendered":"https:\/\/nmbiking.de\/wp\/?page_id=2521"},"modified":"2020-12-18T10:42:27","modified_gmt":"2020-12-18T09:42:27","slug":"siersburg","status":"publish","type":"page","link":"https:\/\/nmbiking.de\/wp\/?page_id=2521","title":{"rendered":"Siersburg"},"content":{"rendered":"<p>&#8230; \u00fcber Oberlimberg<br \/>\nStart: Michelbach \/ Schmelz<br \/>\nStrecke:  Litermont, D\u00fcppenweiler, Beckingen, Dillingen, Wallerfangen, Oberlimberg, Siersburg<br \/>\nL\u00e4nge\/H\u00f6henmeter: 62 km \/ rd 1000 hm<\/p>\n<p><strong>Die Tour<\/strong> auf die andere Seite der Saar f\u00fchrt zuerst einmal \u00fcber den Litermont.<br \/>\nWir verlassen den &#8222;heiligen&#8220; Berg in Richtung D\u00fcppenweiler, also den breiten Weg runter, zweiter Weg rechts abbiegen (Holzskulpturen) und hinunterfegen bis zur Hauptstra\u00dfe. Bevor es in den Ort D\u00fcppenweiler reingeht, biegen wir links in den geteerten Feldweg zu einer Baumschule ab. Eine lange Abfahrt bringt uns runter bis zum Kondeler Bach. Wir \u00fcberqueren die Br\u00fccke und folgen dem Bachlauf in Richtung Saar, also links herunter. St\u00f6\u00dft der Weg auf eine Kreuzung mit Teerstra\u00dfe (auf der anderen Bachseite die Kondeler M\u00fchle) nehmen wir einen schmalen, leider sehr zertrampelter Pfad (Reit- und Wanderweg) unter die Stollen, der weiter am Kondeler Bach entlang f\u00fchrt. Ein sch\u00f6ner Trail, den wir genie\u00dfen k\u00f6nnen. Wir kommen beim T\u00dcV vor Beckingen heraus.<\/p>\n<p>&nbsp;<\/p>\n<p><img decoding=\"async\" src=\"http:\/\/www.nmbiking.de\/oldsite\/sudelfels14b.jpg\" width=\"600\" \/><\/p>\n<p>&nbsp;<\/p>\n<p><strong>Einen halben Kilometer<\/strong> etwa fahren wir in Richtung Beckingen, biegen aber vorher in einen Radweg links rein, unter einer Br\u00fccke durch, der uns bis zur Saar bringt. Dem markierten Radweg folgen wir bis Dillingen.<br \/>\nAn der Br\u00fccke \u00fcberqueren wir die Stra\u00dfe und fahren an der Saar weiter bis zur n\u00e4chsten Br\u00fccke. Wir \u00fcberqueren die Saar und fahren an der Stra\u00dfe entlang bis nach Wallerfangen (1 km).<br \/>\nGleich am Ortseingang steht das Tor f\u00fcr uns offen ins riesige Gel\u00e4nde der von Bochs und sonstiger Adliger, die sich hier vor Urzeiten niedergelassen haben. Ein breiter, roter Schotterweg f\u00fchrt uns den Oberlimberg hoch. Nicht zu steil, aber das ist relativ, den ein oder anderen Schieber wird man schon antreffen. In der letzten Kurve fallen wir erschrocken vom Rad: hier liegen lauter Tote. Mit abgehackten K\u00f6pfen, Armen oder Beinen. Gottseidank alle aus Stein. Wir rasten und gehen erstmal verschiedenen Ges\u00e4ften nach. Ist das jetzt hier ne Kultst\u00e4tte oder ne Schutthalde?<br \/>\nEine kleine Internetrecherche gibt Aufschluss dar\u00fcber, dass es sich um Reste der 1794 teilweise zertr\u00fcmmerten Kreuzwegstationen des Oberlimberg handelt, ehemals lebensgro\u00dfe Figurengruppen, 1723 von Pierar de Corail geschaffen. Um 1930 wurden die meist kopflosen Figurentorsen an einer Stelle zusammengetragen. Wir atmen and\u00e4chtig den Geist vergangener Zeiten.<\/p>\n<p>&nbsp;<\/p>\n<p><img decoding=\"async\" src=\"http:\/\/www.nmbiking.de\/oldsite\/sudelfels13b.jpg\"  width=\"600\" \/> <\/p>\n<p>&nbsp;<\/p>\n<p><strong>Der Weg geradeaus<\/strong> ist gesperrt, wir fahren durch den Wald. Wer Lust, Zeit und keine Hemmungen hat Privatgrund zu betreten, besichtigt oben auf dem Berg die Kapelle. Eine edel aussehende kleine Tafel informiert uns, dass ein Nachfahre des Nikolaus Adolph de Galhau hier renoviert hat, aber sich gegen Vandalismus nicht wehren kann und deshalb jetzt alles mal so ramponiert bleibt.<br \/>\nAn der ersten Schranke biegen wir rechts rein. Es geht immer mehr den Berg runter. An der n\u00e4chsten gro\u00dfen Abzweigung m\u00fcssen wir den Weg links hoch sausen und uns dann immer rechts halten. Wenn wir dann unten im Tal schon die ersten H\u00e4user von Siersburg sehen, m\u00fcssen wir runter. Es gibt verschiedene M\u00f6glichkeiten. Unten an der gro\u00dfen Kreuzung angekommen, nehmen wir den mittleren Weg, der uns bis zur He\u00dfm\u00fchle bringt. Hinter M\u00fchle f\u00fchrt ein Weg hoch in den Ort Siersburg, rechts \u00fcber die Bahngeleise und \u00fcber zwei Kreuzungen hinweg den Fu\u00dfweg zur Siersburg hochfahren.<\/p>\n<p>&nbsp;<\/p>\n<p><img decoding=\"async\" src=\"http:\/\/www.nmbiking.de\/oldsite\/sudelfels15b.jpg\" width=\"600\" \/><\/p>\n<p>&nbsp;<\/p>\n<p><strong>Breit ist der Weg<\/strong>, der uns hinauff\u00fchrt zur Burg. Wer m\u00f6chte kann, sobald der Fu\u00df der Burg erreicht ist, den steilen, schmalen Pfad zur Burgmauer hoch fahren. Durch ein Tor gelangen wir auf das Burggel\u00e4nde, das wir gut mit dem Bike abfahren k\u00f6nnen. <\/p>\n<p>&nbsp;<\/p>\n<p>&#8222;<strong>\u00dcber den Ursprung <\/strong>der Burg liegen keine Nachrichten vor. Angeh\u00f6rige eines Geschlechts &#8222;von Siersberg&#8220; werden erst im 12.Jh. erw\u00e4hnt&#8230; Die Gr\u00fcnde f\u00fcr den Bau der Burg an dieser Stelle waren der Schutz von Lothringen und der hier verlaufenden Handelsstra\u00dfen und die Kontrolle der Schifffahrt auf der Saar. Die Flandernstra\u00dfe von Italien nach Flandern \u00fcberquerte unmittelbar am Fu\u00dfe des Burgberges die Nied. Der Raum um die Siersburg lag auch im Interessengebiet der Erzbisch\u00f6fe von Trier. Um 1175 eroberte Erzbischof Arnold von Trier die Burg&#8230; Im 18.Jh. verlor die Siersburg ihre milit\u00e4rische Bedeutung. Ihr Zerfall schritt voran. Im spanischen Erbfolgekrieg zu Beginn des 18.Jh. und im \u00f6sterreichischen Erbfolgekrieg nach 1740 wurde die Gegend wieder in Mitleidenschaft gezogen. 1751 verlor die Siersburg auch ihre Funktion als Verwaltungssitz&#8230; Der Verfall der Burg ging weiter. 1781 brannte der Helm des gro\u00dfen Turmes nach einem Blitzeinschlag ab. Im Zuge der Franz\u00f6sischen Revolution 1789-1794 wurde die Burg 1793 gr\u00f6\u00dftenteils zerst\u00f6rt. Sie ging in franz\u00f6sischen Staatsbesitz \u00fcber, wurde versteigert und diente fortan als Steinbruch. 1815 kam die Region mit der Burg unter preu\u00dfische Verwaltung. Der weitere Abri\u00df wurde sofort verboten&#8230;&#8220; (nach Helmut Grein in www.saarland-plus.de) <\/p>\n<p>&nbsp;<\/p>\n<p><img decoding=\"async\" src=\"http:\/\/www.nmbiking.de\/oldsite\/siersburg7b.jpg\"  width=\"600\" \/> <\/p>\n<p>&nbsp;<\/p>\n<p><strong>F\u00fcr den R\u00fcckweg<\/strong> verlassen wir die Burg wieder durch das Tor. Unten vor der Burg nehmen wir jetzt den breiten Weg geradeaus. Er wird zu sch\u00f6nen Wanderweg mit einigen Treppenstufen und einer lohnenswerten Aussicht auf die Burg und ins Niedtal. Der Weg f\u00fchrt wieder zum Hauptweg, auf dem wir scharf links abbiegen m\u00fcssen. Er bringt uns am Nikoaushof vorbei bis nach Rehlingen. Wer m\u00f6chte: kurzer Stopp an der Marienkapelle und der Lourdes-Grotte. Durch den Ort den gr\u00fcnen Radwegschildern folgend, \u00fcber die Saarbr\u00fccke und nach rechts durch Beckingen durch gelangen wir wieder zum T\u00dcV und zum Kondeler Bach. Wer m\u00f6chte, kann jetzt auf der rechten Bachseite an der Kondeler M\u00fchle vorbei fahren. Das neue Wohnhaus im Wald muss rechts \u00fcber das Fels umfahren werden. Wir kommen wieder zur Br\u00fccke \u00fcber den Bach und fahren diesmal rechts herum bis nach D\u00fcppenweiler. An den Aussiedlerh\u00f6fen vorbei geht es hoch und heim nach Schmelz&#8230;<br \/>\n(Stand: 02\/2005) <\/p>\n<p>&nbsp;<\/p>\n<p><img decoding=\"async\" src=\"http:\/\/www.nmbiking.de\/oldsite\/sudelfels17b.jpg\" width=\"600\" \/><\/p>\n<p>&nbsp;<\/p>\n","protected":false},"excerpt":{"rendered":"<p>&#8230; \u00fcber Oberlimberg Start: Michelbach \/ Schmelz Strecke: Litermont, D\u00fcppenweiler, Beckingen, Dillingen, Wallerfangen, Oberlimberg, Siersburg L\u00e4nge\/H\u00f6henmeter: 62 km \/ rd 1000 hm Die Tour auf die andere Seite der Saar f\u00fchrt zuerst einmal \u00fcber den Litermont. Wir verlassen den &#8222;heiligen&#8220; Berg in Richtung D\u00fcppenweiler, also den breiten Weg runter, zweiter Weg rechts abbiegen (Holzskulpturen) und &hellip; <\/p>\n<p class=\"link-more\"><a href=\"https:\/\/nmbiking.de\/wp\/?page_id=2521\" class=\"more-link\"><span class=\"screen-reader-text\">\u201eSiersburg\u201c <\/span>weiterlesen<\/a><\/p>\n","protected":false},"author":65,"featured_media":0,"parent":1435,"menu_order":0,"comment_status":"open","ping_status":"closed","template":"","meta":{"footnotes":""},"class_list":["post-2521","page","type-page","status-publish","hentry"],"_links":{"self":[{"href":"https:\/\/nmbiking.de\/wp\/index.php?rest_route=\/wp\/v2\/pages\/2521","targetHints":{"allow":["GET"]}}],"collection":[{"href":"https:\/\/nmbiking.de\/wp\/index.php?rest_route=\/wp\/v2\/pages"}],"about":[{"href":"https:\/\/nmbiking.de\/wp\/index.php?rest_route=\/wp\/v2\/types\/page"}],"author":[{"embeddable":true,"href":"https:\/\/nmbiking.de\/wp\/index.php?rest_route=\/wp\/v2\/users\/65"}],"replies":[{"embeddable":true,"href":"https:\/\/nmbiking.de\/wp\/index.php?rest_route=%2Fwp%2Fv2%2Fcomments&post=2521"}],"version-history":[{"count":3,"href":"https:\/\/nmbiking.de\/wp\/index.php?rest_route=\/wp\/v2\/pages\/2521\/revisions"}],"predecessor-version":[{"id":68442,"href":"https:\/\/nmbiking.de\/wp\/index.php?rest_route=\/wp\/v2\/pages\/2521\/revisions\/68442"}],"up":[{"embeddable":true,"href":"https:\/\/nmbiking.de\/wp\/index.php?rest_route=\/wp\/v2\/pages\/1435"}],"wp:attachment":[{"href":"https:\/\/nmbiking.de\/wp\/index.php?rest_route=%2Fwp%2Fv2%2Fmedia&parent=2521"}],"curies":[{"name":"wp","href":"https:\/\/api.w.org\/{rel}","templated":true}]}}