{"id":2411,"date":"2008-09-12T11:17:25","date_gmt":"2008-09-12T12:17:25","guid":{"rendered":"https:\/\/nmbiking.de\/wp\/?page_id=2411"},"modified":"2008-09-12T11:47:01","modified_gmt":"2008-09-12T12:47:01","slug":"wetterstein-2004","status":"publish","type":"page","link":"https:\/\/nmbiking.de\/wp\/?page_id=2411","title":{"rendered":"Wetterstein 2004"},"content":{"rendered":"<p><strong>Marathon 2004 mit Begleittour<\/strong><\/p>\n<p>&nbsp;<\/p>\n<p>Marathon: Benjamin und Jonas<br \/>\nBegleitfahrer: Tino und Norbert<\/p>\n<p>&nbsp;<\/p>\n<p>Schon um 6 Uhr 15 morgens trennen sich unsere Wege. Benjamin und Jonas machen sich in Begleitung von Elisabeth und Andrea auf den Weg zum Olympiastation. Dort ist ab 6.45 Uhr Startaufstellung zum<br \/>\nMarathon. 103 km und 2500 hm sind zu bew\u00e4ltigen. Tino und ich wollen die beiden an zwei Stellen anfeuern und mit Flaschen versorgen. Also sprinten wir los in Richtung Ehrwald\/\u00d6sterreich. Wir haben eine Dreiviertelstunde Vorsprung. Leider verfahre ich mich ein wenig, eine halbe Stunde geht verloren. Jetzt wird es langsam eng. So jetzt starten sie! Wir haben noch ein gutes St\u00fcck vor uns bis zur verabredeten ersten Stelle in Ehrwald.<\/p>\n<p>&nbsp;<\/p>\n<p>Eigentlich war das der Grund, warum ich dieses Jahr diesen Marathon nicht mitgefahren bin: das erste lange, flache und deshalb sehr schnelle St\u00fcck (\u00fcber 20 km lang). Jetzt brettern wir diese Strecke doch fast im Renntempo entlang, um noch vor den Profis da zu sein. Eine halbe Stunde m\u00fcssen wir dann noch warten. Es ist sehr kalt: nur 4 &#8211; 5 Grad.<\/p>\n<p>&nbsp;<\/p>\n<p>Zwei Motorr\u00e4der fahren voraus. Wozu zwei? Dann kommt die Spitzengruppe, etwa 30 Fahrer. Jonas und Benjam mittendrin. Und schon sind sie vorbei und radeln zur Tufftlalm hoch. Wir springen auf die Bikes und fahren durch Ehrwald durch und das Tal hoch zur verabredeten Stelle, an der die beiden von uns neue Flaschen und Power Bars bekommen sollen. Nochmal eine halbe Stunden warten. Dann sind die ersten in Sicht. Das Spitzenfeld hat sich inzwischen weit auseinander gezogen. Unsere beiden fahren noch unter den ersten drei\u00dfig mit. Flaschen\u00fcbergabe klappt. Alles Gute! Drei Stunden werden sie jetzt noch unterwegs sein.<\/p>\n<p>&nbsp;<\/p>\n<p>Wir machen uns auf den R\u00fcckweg. Er soll uns \u00fcbers Hocht\u00f6rle und Eibsee zur\u00fcck nach Garmisch bringen. Wir sind froh, dass wir jetzt nur bergauf fahren m\u00fcssen. Uns war kalt geworden. Ziemlich schnell sind wir oben an der H\u00fctte. Der Weg ist toll hergerichtet. Wo vor zwei Jahren noch Schotter lag, gleiten wir jetzt auf einer neuen Teerdecke nach oben. Schlimm! Inzwischen hat es angefangen leicht zu schneien. Bevor wir zum Eibsee abfahren, m\u00fcssen wir noch einige Schneefelder durchqueren.<br \/>\nDie Abfahrt auf breitem Weg ist wiedermal saukalt. Wir denken an die Jungs, die noch h\u00f6her auf 1600m ihr Rennen fahren m\u00fcssen, in kurzer Hose und zum Teil mit fingerlosen Handschuhen. Wir sind gut verpackt &#8211; und wir frieren, schlimmer als im Winter. Kurze Rast am Eibsee. Trotz Sonntag: kaum Touristen unterwegs. Die sitzen alle schon im geheizten St\u00fcbl vor einer Schweinshaxn&#8230;<br \/>\nGegen 11.30 Uhr sind wir im Stadion. Regnen tut es auch ein bisschen. Im Stadion herrscht &#8211; wie Benjamin treffend meinte &#8211; Friedhofsstimmung. Ganz schlechte Ansagen, keine Musik, keine Zuschauer, kein Zelt mit Bier, kaum St\u00e4nde &#8211; total schwaches Bild, was der Veranstalter hier zeigt. Wir sind froh, als Jonas als 26. (wir haben 23 gez\u00e4hlt) ins Ziel kommt und Benjamin als 31. (28.) Mitgefahren sind etwa bei der gro\u00dfen Runde etwa 500 Leute.<br \/>\nUns h\u00e4lt hier nichts mehr. Ob wir n\u00e4chstes Jahr wiederkommen, ist sehr fraglich&#8230; <\/p>\n<p>&nbsp;<\/p>\n<p><a href=\"http:\/\/www.nmbiking.de\/garmisch04\/garmisch04_45b.jpg\" rel=\"Lightbox\" title=\"Am Hochth\u00f6rle\"><img decoding=\"async\" src=\"http:\/\/www.nmbiking.de\/garmisch04\/garmisch04_45.jpg\" class=\"img\" width=\"190\" \/> <\/a> <a href=\"http:\/\/www.nmbiking.de\/garmisch04\/garmisch04_46b.jpg\"rel=\"Lightbox\" title=\"Schnee am Hochth\u00f6rle\"><img decoding=\"async\" src=\"http:\/\/www.nmbiking.de\/garmisch04\/garmisch04_46.jpg\"class=\"img\" width=\"180\" \/><\/a> <a href=\"http:\/\/www.nmbiking.de\/\/garmisch04\/garmisch04_51b.jpg\" rel=\"Lightbox\" title=\"Am Eibsee\"><img decoding=\"async\" src=\"http:\/\/www.nmbiking.de\/garmisch04\/garmisch04_51.jpg\" class=\"img\" width=\"180\" \/><\/a> <\/p>\n","protected":false},"excerpt":{"rendered":"<p>Marathon 2004 mit Begleittour &nbsp; Marathon: Benjamin und Jonas Begleitfahrer: Tino und Norbert &nbsp; Schon um 6 Uhr 15 morgens trennen sich unsere Wege. Benjamin und Jonas machen sich in Begleitung von Elisabeth und Andrea auf den Weg zum Olympiastation. Dort ist ab 6.45 Uhr Startaufstellung zum Marathon. 103 km und 2500 hm sind zu &hellip; <\/p>\n<p class=\"link-more\"><a href=\"https:\/\/nmbiking.de\/wp\/?page_id=2411\" class=\"more-link\"><span class=\"screen-reader-text\">\u201eWetterstein 2004\u201c <\/span>weiterlesen<\/a><\/p>\n","protected":false},"author":65,"featured_media":0,"parent":1448,"menu_order":0,"comment_status":"open","ping_status":"closed","template":"","meta":{"footnotes":""},"class_list":["post-2411","page","type-page","status-publish","hentry"],"_links":{"self":[{"href":"https:\/\/nmbiking.de\/wp\/index.php?rest_route=\/wp\/v2\/pages\/2411","targetHints":{"allow":["GET"]}}],"collection":[{"href":"https:\/\/nmbiking.de\/wp\/index.php?rest_route=\/wp\/v2\/pages"}],"about":[{"href":"https:\/\/nmbiking.de\/wp\/index.php?rest_route=\/wp\/v2\/types\/page"}],"author":[{"embeddable":true,"href":"https:\/\/nmbiking.de\/wp\/index.php?rest_route=\/wp\/v2\/users\/65"}],"replies":[{"embeddable":true,"href":"https:\/\/nmbiking.de\/wp\/index.php?rest_route=%2Fwp%2Fv2%2Fcomments&post=2411"}],"version-history":[{"count":0,"href":"https:\/\/nmbiking.de\/wp\/index.php?rest_route=\/wp\/v2\/pages\/2411\/revisions"}],"up":[{"embeddable":true,"href":"https:\/\/nmbiking.de\/wp\/index.php?rest_route=\/wp\/v2\/pages\/1448"}],"wp:attachment":[{"href":"https:\/\/nmbiking.de\/wp\/index.php?rest_route=%2Fwp%2Fv2%2Fmedia&parent=2411"}],"curies":[{"name":"wp","href":"https:\/\/api.w.org\/{rel}","templated":true}]}}