{"id":2288,"date":"2008-09-06T08:15:23","date_gmt":"2008-09-06T09:15:23","guid":{"rendered":"https:\/\/nmbiking.de\/wp\/?page_id=2288"},"modified":"2021-02-09T17:13:26","modified_gmt":"2021-02-09T16:13:26","slug":"wetterstein-2001","status":"publish","type":"page","link":"https:\/\/nmbiking.de\/wp\/?page_id=2288","title":{"rendered":"Wetterstein 2001"},"content":{"rendered":"<p><strong>Wettersteinumrundung<\/strong><\/p>\n<p>&nbsp;<\/p>\n<p><font color=blue><br \/>\nTag: Oktober 2001<br \/>\nFahrerInnen: Elisabeth und Norbert<br \/>\nStrecke: Grainau, Eibsee, Hochth\u00f6rle, Ehrwald, Ehrwalder Alm, Gaistal, Klamm, Mittenwald, Klais, Garmisch<br \/>\ngeplant: Mittenwald, Ferchensee, Schloss Elmau, Garmischer Haus<br \/>\nDauer\/L\u00e4nge\/H\u00f6henmeter: 89 km \/ 2500 hm \/ 2 Tage<br \/>\n<\/font><\/p>\n<p>&nbsp;<\/p>\n<p>Die Bedingungen sahen gut aus: sch\u00f6ner Herbst, Jonas musste wegen eines Treffens mit seinem Sponsor nach Garmisch, also packten wir unsere Bikes ein &#8211; und machten wir uns auf zu einer Wetterstein-Umrundung.<br \/>\nWir starten in Grainau. Der Herbst leuchtet in voller Pracht. Am Eibsee genie\u00dfen wir die Ruhe (tats\u00e4chlich! ), wir umrunden den See und bestaunen die massigen Wettersteinfelsen. Dann hei\u00dft es aufsteigen, auf breiten Wegen geht es hoch bis zum Hochth\u00f6rle.<br \/>\nAbfahrt bis nach Ehrwald, Durchquerung und m\u00fchsamer Aufstieg zur Ehrwaldalm. Wir nahmen die geteerte Fahrstra\u00dfe, nicht zu empfehlen. Bei anderer Gelegenheit sind wir den Fu\u00dfweg hoch zur Alm gefahren, zwar steiler, aber sch\u00f6ner.<br \/>\nSchock auf der Ehrwalder Alm: keine \u00dcbernachtungsm\u00f6glichkeit, Saisonende! Was nun? Hier wollten wir \u00fcbernachten. Also sausen wir durchs Gaistal bis in den ersten Ort, Klamm. Dort war es dann wirklich klamm: keine Zimmer, keine Restaurants offen. Nach vielem Fragen bekommen wir die Adresse einer Privatpension, wo wir dann ein Zimmer mit Fr\u00fchst\u00fcck bekommen. Abendessen f\u00e4llt aus: Nirgendwo gibt es was zu kaufen. Wir k\u00f6nnen im Haus Bier bekommen und knabbern dazu unsere letzten Riegel&#8230;<\/p>\n<p>Der n\u00e4chste Morgen erwartet uns mit Regen. Alles grau. Na toll! Bis nach Mittenwald sind wir trotz Regenklamotten ziemlich nass und durchgefroren. Wir entscheiden uns, den k\u00fcrzesten Weg nach Garmisch zu nehmen, also nicht \u00fcber Elmau und das Garmischer Haus. Es regnet immer noch, inzwischen l\u00e4uft uns das Wasser sogar ins Genick&#8230;<br \/>\nSehns\u00fcchtig warten wir in Garmisch auf Jonas und trockene W\u00e4sche&#8230;<br \/>\nTrotzdem wir uns die Tour immer in Erinnerung bleiben.<\/p>\n<p>&nbsp;<\/p>\n<p><a href=\"http:\/\/www.nmbiking.de\/oldsite\/wetterstein01\/wetterstein01_1b.jpg\" rel=\"Lightbox\" title=\"Start in Grainau\"><img decoding=\"async\" src=\"http:\/\/www.nmbiking.de\/oldsite\/wetterstein01\/wetterstein01_1.jpg\" class=\"img\" width=\"190\" \/> <\/a> <a href=\"http:\/\/www.nmbiking.de\/oldsite\/wetterstein01\/wetterstein01_2b.jpg\"rel=\"Lightbox\" title=\"Herrlicher Herbst\"><img decoding=\"async\" src=\"http:\/\/www.nmbiking.de\/oldsite\/wetterstein01\/wetterstein01_2.jpg\"class=\"img\" width=\"180\" \/><\/a> <a href=\"http:\/\/www.nmbiking.de\/oldsite\/wetterstein01\/wetterstein01_3b.jpg\" rel=\"Lightbox\" title=\"Wetterstein mit Pferd\"><img decoding=\"async\" src=\"http:\/\/www.nmbiking.de\/oldsite\/wetterstein01\/wetterstein01_3.jpg\" class=\"img\" width=\"180\" \/><\/a> <\/p>\n<p><a href=\"http:\/\/www.nmbiking.de\/oldsite\/wetterstein01\/wetterstein01_4b.jpg\" rel=\"Lightbox\" title=\"Eibsee\"><img decoding=\"async\" src=\"http:\/\/www.nmbiking.de\/oldsite\/wetterstein01\/wetterstein01_4.jpg\" class=\"img\" width=\"190\" \/> <\/a> <a href=\"http:\/\/www.nmbiking.de\/oldsite\/wetterstein01\/wetterstein01_5b.jpg\"rel=\"Lightbox\" title=\"Eibsee\"><img decoding=\"async\" src=\"http:\/\/www.nmbiking.de\/oldsite\/wetterstein01\/wetterstein01_5.jpg\"class=\"img\" width=\"180\" \/><\/a> <a href=\"http:\/\/www.nmbiking.de\/oldsite\/wetterstein01\/wetterstein01_6b.jpg\" rel=\"Lightbox\" title=\"Blick auf den Eibsee\"><img decoding=\"async\" src=\"http:\/\/www.nmbiking.de\/oldsite\/wetterstein01\/wetterstein01_6.jpg\" class=\"img\" width=\"180\" \/><\/a> <\/p>\n<p><a href=\"http:\/\/www.nmbiking.de\/oldsite\/wetterstein01\/wetterstein01_7b.jpg\" rel=\"Lightbox\" title=\"Hochth\u00f6rle\"><img decoding=\"async\" src=\"http:\/\/www.nmbiking.de\/oldsite\/wetterstein01\/wetterstein01_7.jpg\" class=\"img\" width=\"190\" \/> <\/a> <a href=\"http:\/\/www.nmbiking.de\/oldsite\/wetterstein01\/wetterstein01_8b.jpg\"rel=\"Lightbox\" title=\"Ehrwald\"><img decoding=\"async\" src=\"http:\/\/www.nmbiking.de\/oldsite\/wetterstein01\/wetterstein01_8.jpg\"class=\"img\" width=\"180\" \/><\/a> <a href=\"http:\/\/www.nmbiking.de\/oldsite\/wetterstein01\/wetterstein01_9b.jpg\" rel=\"Lightbox\" title=\"Ehrwald\"><img decoding=\"async\" src=\"http:\/\/www.nmbiking.de\/oldsite\/wetterstein01\/wetterstein01_9.jpg\" class=\"img\" width=\"180\" \/><\/a> <\/p>\n<p><a href=\"http:\/\/www.nmbiking.de\/oldsite\/wetterstein01\/wetterstein01_10b.jpg\" rel=\"Lightbox\" title=\"Ehrwalder Alm\"><img decoding=\"async\" src=\"http:\/\/www.nmbiking.de\/oldsite\/wetterstein01\/wetterstein01_10.jpg\" class=\"img\" width=\"190\" \/> <\/a> <a href=\"http:\/\/www.nmbiking.de\/oldsite\/wetterstein01\/wetterstein01_11b.jpg\"rel=\"Lightbox\" title=\"Wem geh\u00f6rt denn dieses Bike?\"><img decoding=\"async\" src=\"http:\/\/www.nmbiking.de\/oldsite\/wetterstein01\/wetterstein01_11.jpg\"class=\"img\" width=\"180\" \/><\/a> <a href=\"http:\/\/www.nmbiking.de\/oldsite\/wetterstein01\/wetterstein01_12b.jpg\" rel=\"Lightbox\" title=\"Wettersteine\"><img decoding=\"async\" src=\"http:\/\/www.nmbiking.de\/oldsite\/wetterstein01\/wetterstein01_12.jpg\" class=\"img\" width=\"180\" \/><\/a> <\/p>\n<p><a href=\"http:\/\/www.nmbiking.de\/oldsite\/wetterstein01\/wetterstein01_13b.jpg\" rel=\"Lightbox\" title=\"Leider Mistwetter\"><img decoding=\"async\" src=\"http:\/\/www.nmbiking.de\/oldsite\/wetterstein01\/wetterstein01_13.jpg\" class=\"img\" width=\"190\" \/> <\/a> <a href=\"http:\/\/www.nmbiking.de\/wetterstein01\/wetterstein01_14b.jpg\"rel=\"Lightbox\" title=\"Durch den Regen bis Garmisch\"><img decoding=\"async\" src=\"http:\/\/www.nmbiking.de\/oldsite\/wetterstein01\/wetterstein01_14.jpg\"class=\"img\" width=\"180\" \/><\/a> <a href=\"http:\/\/www.nmbiking.de\/oldsite\/wetterstein01\/wetterstein01_15b.jpg\" rel=\"Lightbox\" title=\"Wenig Fernsicht\"><img decoding=\"async\" src=\"http:\/\/www.nmbiking.de\/oldsite\/wetterstein01\/wetterstein01_15.jpg\" class=\"img\" width=\"180\" \/><\/a> <\/p>\n","protected":false},"excerpt":{"rendered":"<p>Wettersteinumrundung &nbsp; Tag: Oktober 2001 FahrerInnen: Elisabeth und Norbert Strecke: Grainau, Eibsee, Hochth\u00f6rle, Ehrwald, Ehrwalder Alm, Gaistal, Klamm, Mittenwald, Klais, Garmisch geplant: Mittenwald, Ferchensee, Schloss Elmau, Garmischer Haus Dauer\/L\u00e4nge\/H\u00f6henmeter: 89 km \/ 2500 hm \/ 2 Tage &nbsp; Die Bedingungen sahen gut aus: sch\u00f6ner Herbst, Jonas musste wegen eines Treffens mit seinem Sponsor nach Garmisch, &hellip; <\/p>\n<p class=\"link-more\"><a href=\"https:\/\/nmbiking.de\/wp\/?page_id=2288\" class=\"more-link\"><span class=\"screen-reader-text\">\u201eWetterstein 2001\u201c <\/span>weiterlesen<\/a><\/p>\n","protected":false},"author":65,"featured_media":0,"parent":1448,"menu_order":0,"comment_status":"open","ping_status":"closed","template":"","meta":{"footnotes":""},"class_list":["post-2288","page","type-page","status-publish","hentry"],"_links":{"self":[{"href":"https:\/\/nmbiking.de\/wp\/index.php?rest_route=\/wp\/v2\/pages\/2288","targetHints":{"allow":["GET"]}}],"collection":[{"href":"https:\/\/nmbiking.de\/wp\/index.php?rest_route=\/wp\/v2\/pages"}],"about":[{"href":"https:\/\/nmbiking.de\/wp\/index.php?rest_route=\/wp\/v2\/types\/page"}],"author":[{"embeddable":true,"href":"https:\/\/nmbiking.de\/wp\/index.php?rest_route=\/wp\/v2\/users\/65"}],"replies":[{"embeddable":true,"href":"https:\/\/nmbiking.de\/wp\/index.php?rest_route=%2Fwp%2Fv2%2Fcomments&post=2288"}],"version-history":[{"count":4,"href":"https:\/\/nmbiking.de\/wp\/index.php?rest_route=\/wp\/v2\/pages\/2288\/revisions"}],"predecessor-version":[{"id":69875,"href":"https:\/\/nmbiking.de\/wp\/index.php?rest_route=\/wp\/v2\/pages\/2288\/revisions\/69875"}],"up":[{"embeddable":true,"href":"https:\/\/nmbiking.de\/wp\/index.php?rest_route=\/wp\/v2\/pages\/1448"}],"wp:attachment":[{"href":"https:\/\/nmbiking.de\/wp\/index.php?rest_route=%2Fwp%2Fv2%2Fmedia&parent=2288"}],"curies":[{"name":"wp","href":"https:\/\/api.w.org\/{rel}","templated":true}]}}