{"id":2272,"date":"2008-09-10T07:34:24","date_gmt":"2008-09-10T08:34:24","guid":{"rendered":"https:\/\/nmbiking.de\/wp\/?page_id=2272"},"modified":"2014-07-26T06:41:46","modified_gmt":"2014-07-26T05:41:46","slug":"hugeltour","status":"publish","type":"page","link":"https:\/\/nmbiking.de\/wp\/?page_id=2272","title":{"rendered":"H\u00fcgeltour"},"content":{"rendered":"<p>&#8230;ein Halbmarathon. Zum Trainieren. Rund um die Haust\u00fcr. Also \u201cH\u00fcgel\u201d, &#8222;Gipfel&#8220; sammeln und dabei einen Rundkurs fahren.<\/p>\n<p><strong>Vorsicht<\/strong>: Die Beschreibung ist eher knapp gehalten und eher f\u00fcr Insider gedacht, Ortsunkundige sehen sich besser die Runde auf der Karte an oder laden sich die <a hfref=\"https:\/\/nmbiking.de\/wp\/wp-content\/uploads\/2008\/09\/huegeltour.ovl\">OVL.Datei<\/a> herunter&#8230;<br \/>\nM\u00f6glich ist Folgendes:<\/p>\n<table>\n<tr>\n<td valign=top>\n<img decoding=\"async\" src=\"https:\/\/nmbiking.de\/wp\/wp-content\/uploads\/2008\/09\/sep08_16_2.jpg\" class=\"img\"\/>\n<\/td>\n<td valign=top>\n<strong><font size=4>1<\/font> rauf: Auschet &#8211; runter: Limbach <\/strong><br \/>\n<strong>Start<\/strong>: Michelbach \/ oder sonstwo auf der Runde<br \/>\nVon Michelbach zur Gerichtslinde hoch, gef\u00e4hrlich:\u00dcberquerung der Stra\u00dfe!<br \/>\nAuf der anderen Seite nach dem Parkplatz den rechten Weg hoch nach Auschet, Aussicht genie\u00dfen und runter bis zur Hauptstra\u00dfe nach Limbach laufen lassen&#8230;\n<\/td>\n<\/tr>\n<\/table>\n<table>\n<tr>\n<td valign=top>\n<img decoding=\"async\" src=\"https:\/\/nmbiking.de\/wp\/wp-content\/uploads\/2008\/09\/sep08_14_2.jpg\" width=200\/>\n<\/td>\n<td valign=top>\n<strong><font size=4>2 <\/font>rauf: Kirschholz  &#8211; runter: Limbach\/Bahnhof<\/strong><br \/>\nAm Ortseingang Limbach \/<strong>Altenheim <\/strong>an der Kreuzung links, gegen\u00fcber der <strong>Kl\u00e4ranlage <\/strong>zu den <strong>Weihern<\/strong>,<br \/>\nrechts oder links am Bach vorbei, \u00fcber den Bach, neue Br\u00fccke, zum <strong>Kirschholzberg <\/strong>hoch. an der Kreuzung rechts und am Wanderschild links abbiegen, in den Kirschholzwald hinein, nach dem Tunnel rechts, auf breitem Weg wieder rechts, bevor es zum Ort runter geht rechter schmalen Weg hoch fahren, steil,\n<\/td>\n<\/tr>\n<\/table>\n<p>Infotafel, sch\u00f6ner Blick auf Limbach, n\u00e4chsten breiten Weg rechts hoch, zur Teerstra\u00dfe, runter Richtung Limbach, dann rechts in den Feldweg, zweimal links und runter fahren an einem kleinen <strong>Weiher <\/strong>vorbei bis Limbach, zur Stra\u00dfe hoch&#8230;<\/p>\n<table>\n<tr>\n<td valign=top>\n<img decoding=\"async\" src=\"https:\/\/nmbiking.de\/wp\/wp-content\/uploads\/2008\/03\/maerz08_6.jpg\" width=200\/>\n<\/td>\n<td valign=top>\n<strong><font size=4>3<\/font> rauf: Gro\u00dfer Horst  &#8211; runter: Schmelz <\/strong><br \/>\nVorm Altenheim links die Stra\u00dfe hoch, bald Feldweg, weiter hoch bis zum Hauptweg, der um den Gro\u00dfen Horst herum f\u00fchrt,<br \/>\nam <strong>Hoxfelsen <\/strong>vorbei bis zum <strong>Steinbruch<\/strong>, links herum, runter Richtung Walkerparkplatz, vorher rechts breiten Weg bis zur <strong>Rengeskapelle<\/strong>, Fu\u00dfweg runter in den Ort, links herum, in die <strong>Goldbachstra\u00dfe <\/strong>links &#8230;\n<\/td>\n<\/tr>\n<\/table>\n<table>\n<tr>\n<td valign=top>\n<img decoding=\"async\" src=\"https:\/\/nmbiking.de\/wp\/wp-content\/uploads\/2008\/05\/mai08_5.jpg\" width=200\/>\n<\/td>\n<td valign=top>\n<strong><font size=4>4<\/font> rauf: H\u00f6chsten &#8211; runter: R\u00fcmmelbach<\/strong><br \/>\nDie Goldbach durch den Wald hoch bis zum <strong>Walkerparkplatz<\/strong>, hinterm <strong>Weiher <\/strong>in den Wald, den sch\u00f6nen Trail bis zur Strra\u00dfe fahren, gef\u00e4hrlich: Stra\u00dfe \u00fcberqueren!<br \/>\nIn den Wald fahren und dann hoch Richtung H\u00f6chsten,\n<\/td>\n<\/tr>\n<\/table>\n<p>nach dem <strong>Bauerhof <\/strong>rechts ab Richtung Stra\u00dfe, Stra\u00dfe \u00fcberqueren, runter Richtung Niedersaubach, rechts ab nach R\u00fcmmelbach&#8230;<\/p>\n<table>\n<tr>\n<td valign=top>\n<img decoding=\"async\" src=\"https:\/\/nmbiking.de\/wp\/wp-content\/uploads\/2008\/09\/sep08_6_2.jpg\" width=200\/>\n<\/td>\n<td valign=top>\n<strong><font size=4>5<\/font> rauf: Lebacher Wald\/Tanneck &#8211; runter: Knorscheid <\/strong><br \/>\nHauptstra\u00dfe links hoch bis letztes Haus, rechts hoch bis zum <strong>Kreuz<\/strong>, links ab bis zur Hauptstra\u00dfe Schmelz-Lebach (kurz vor Tanneck),\n<\/td>\n<\/tr>\n<\/table>\n<p>gegen\u00fcber in den Wald, bis kurz vorm <strong>Lauftreff<\/strong>, Kreuzung rechts, durch den Wald bis zur <strong>Sandgrube <\/strong>Primsweiler, zur Hauptstra\u00dfe Lebach-Primsweiler, auf der anderen Stra\u00dfenseite links in den Feldwirtschaftsweg, runterfahren bis Knorscheid&#8230;<\/p>\n<table>\n<tr>\n<td valign=top>\n<img decoding=\"async\" src=\"https:\/\/nmbiking.de\/wp\/wp-content\/uploads\/2008\/09\/ok06_40.jpg\" width=200\/>\n<\/td>\n<td valign=top>\n <strong><font size=4>6<\/font> rauf: Hoxberg &#8211; runter: Nalbach<\/strong><br \/>\nIn <strong>Knorscheid <\/strong>die Hauptstra\u00dfe \u00fcberqueren und zum Hoxberg hochfahren, an der ersten Abzweigung links in den Wald fahren, an der zweiten gro\u00dfen Kreuzung links abbiegen, an der <strong>Wassertr\u00e4nke <\/strong>vorbei, im Wald rechts hoch dem <strong>Kaltensteinpfad <\/strong>folgen bis zu den <strong>Kaltensteinen<\/strong>,<br \/>\nkurz in den Ort fahren, direkt rechts wieder in den Wald und die Stufen hoch zum <strong>Sendemast <\/strong>oder dem\n<\/td>\n<\/tr>\n<\/table>\n<p>Kaltensteinpfad folgen und bis zur <strong>Motocrossbahn <\/strong>fahren,<br \/>\nhinter der Bahn die Stra\u00dfe \u00fcberqueren und in den Waldweg einbiegen, erste Kreuzung links halten, n\u00e4chste Kreuzung nochmal links, Richtung <strong>Grube <\/strong>hochfahren, rechts ab in Richtung Nalbach&#8230;<\/p>\n<table>\n<tr>\n<td valign=top>\n<img decoding=\"async\" src=\"https:\/\/nmbiking.de\/wp\/wp-content\/uploads\/2008\/09\/nov07_46.jpg\" width=200\/>\n<\/td>\n<td valign=top>\n<strong><font size=4>7<\/font> rauf: Litermont &#8211; runter: Kansas<\/strong><br \/>\nIn Nalbach das <strong>Wehr <\/strong>\u00fcberqueren, die Hauptstra\u00dfe in <strong>Piesbach <\/strong>und in den Wald hochfahren, oben Teerstra\u00dfe \u00fcberqueren und durchfahren bis zur <strong>Sodixh\u00fctte<\/strong>, von dort Aufstieg Richtung Litermont&#8230;<br \/>\nVom Litermont aus geht es zum Grauen Stein, nicht den breiten Weg rechts, einen Weg weiter, an der<br \/>\nFerienhaussiedlung vorbei runter auf den breiten Weg, rechts hoch dem Weg folgen bis zur Teerstra\u00dfe, auf der anderen Seite dem Litermont-Sagenweg folgen bis zur Teerstra\u00dfe nach D\u00fcppenweiler, Stra\u00dfe links runter\n<\/td>\n<\/tr>\n<\/table>\n<p>bis zur Barriere, durch den Wald bis zum Wasserh\u00e4uschen am Kansas&#8230;<\/p>\n<table>\n<tr>\n<td valign=top>\n<img decoding=\"async\" src=\"https:\/\/nmbiking.de\/wp\/wp-content\/uploads\/2008\/09\/sep08_10_2.jpg\" width=200\/>\n<\/td>\n<td valign=top>\n <strong><font size=4>8<\/font> rauf: Antoniushof &#8211; runter: Oppen<\/strong><br \/>\nJetzt hochfahren zum Antoniushof, \u00fcber die Kreuzung, an den <strong>H\u00fchnerfarmen <\/strong>vorbei zur sch\u00f6nsten Ausicht (in den Hochwald), an den <strong>B\u00e4nken <\/strong>links den Schotterweg nehmen, in den Wald runter bis zum kleinen <strong>Weiher<\/strong>, dort links abbiegen bis kurz vor Oppen, den Trail, sp\u00e4ter L\u00fccknerweg bis zum Parkplatz nehmen\n<\/td>\n<\/tr>\n<\/table>\n<table>\n<tr>\n<td valign=top>\n<img decoding=\"async\" src=\"https:\/\/nmbiking.de\/wp\/wp-content\/uploads\/2008\/09\/sep08_12_2.jpg\" width=200\/>\n<\/td>\n<td valign=top>\n <strong><font size=4>9<\/font> rauf Oppener Kuppe &#8211; runter Michelbach<\/strong><br \/>\nVom Parkplatz aus fahren wir zur Oppener Kuppe hoch, da gibt es viele M\u00f6glichkeiten, die einfachste: den breiten Weg nehmen, der bis hochf\u00fchrt, wer sich auskennt, f\u00e4hrt ein paar sch\u00f6ne Trails&#8230;<br \/>\nVon der Kuppe aus breite Wege oder Trails bis zur Hauptstra\u00dfe und zur\u00fcck nach Michelbach\n<\/td>\n<\/tr>\n<\/table>\n<p><strong>Das ergibt dann: 75 km bei 1700 hm&#8230;<\/strong><br \/>\n(Stand: 9\/2008)<\/p>\n<p><iframe loading=\"lazy\" src=\"http:\/\/www.gpsies.com\/mapOnly.do?fileId=yynutmfexrjerwvx\" width=\"600\" height=\"400\" frameborder=\"0\" scrolling=\"no\" marginheight=\"0\" marginwidth=\"0\" title=\"GPSies - H\u00fcgeltour\"><\/iframe><\/p>\n","protected":false},"excerpt":{"rendered":"<p>&#8230;ein Halbmarathon. Zum Trainieren. Rund um die Haust\u00fcr. Also \u201cH\u00fcgel\u201d, &#8222;Gipfel&#8220; sammeln und dabei einen Rundkurs fahren. Vorsicht: Die Beschreibung ist eher knapp gehalten und eher f\u00fcr Insider gedacht, Ortsunkundige sehen sich besser die Runde auf der Karte an oder laden sich die OVL.Datei herunter&#8230; M\u00f6glich ist Folgendes: 1 rauf: Auschet &#8211; runter: Limbach Start: &hellip; <\/p>\n<p class=\"link-more\"><a href=\"https:\/\/nmbiking.de\/wp\/?page_id=2272\" class=\"more-link\"><span class=\"screen-reader-text\">\u201eH\u00fcgeltour\u201c <\/span>weiterlesen<\/a><\/p>\n","protected":false},"author":65,"featured_media":0,"parent":1435,"menu_order":0,"comment_status":"open","ping_status":"closed","template":"","meta":{"footnotes":""},"class_list":["post-2272","page","type-page","status-publish","hentry"],"_links":{"self":[{"href":"https:\/\/nmbiking.de\/wp\/index.php?rest_route=\/wp\/v2\/pages\/2272","targetHints":{"allow":["GET"]}}],"collection":[{"href":"https:\/\/nmbiking.de\/wp\/index.php?rest_route=\/wp\/v2\/pages"}],"about":[{"href":"https:\/\/nmbiking.de\/wp\/index.php?rest_route=\/wp\/v2\/types\/page"}],"author":[{"embeddable":true,"href":"https:\/\/nmbiking.de\/wp\/index.php?rest_route=\/wp\/v2\/users\/65"}],"replies":[{"embeddable":true,"href":"https:\/\/nmbiking.de\/wp\/index.php?rest_route=%2Fwp%2Fv2%2Fcomments&post=2272"}],"version-history":[{"count":1,"href":"https:\/\/nmbiking.de\/wp\/index.php?rest_route=\/wp\/v2\/pages\/2272\/revisions"}],"predecessor-version":[{"id":28163,"href":"https:\/\/nmbiking.de\/wp\/index.php?rest_route=\/wp\/v2\/pages\/2272\/revisions\/28163"}],"up":[{"embeddable":true,"href":"https:\/\/nmbiking.de\/wp\/index.php?rest_route=\/wp\/v2\/pages\/1435"}],"wp:attachment":[{"href":"https:\/\/nmbiking.de\/wp\/index.php?rest_route=%2Fwp%2Fv2%2Fmedia&parent=2272"}],"curies":[{"name":"wp","href":"https:\/\/api.w.org\/{rel}","templated":true}]}}