{"id":22533,"date":"2014-01-13T12:00:02","date_gmt":"2014-01-13T11:00:02","guid":{"rendered":"https:\/\/nmbiking.de\/wp\/?page_id=22533"},"modified":"2014-01-13T12:00:02","modified_gmt":"2014-01-13T11:00:02","slug":"mountainbiken-und-fotografieren","status":"publish","type":"page","link":"https:\/\/nmbiking.de\/wp\/?page_id=22533","title":{"rendered":"Mountainbiken und Fotografieren"},"content":{"rendered":"<p><em>Mountainbiken und Fotografieren k\u00f6nnen eine sinnvolle und bereichernde Symbiose eingehen. Hunderte von Webseiten kann man zum Thema Fotografieren lesen, sogar viele \u00fcbers Fotobiken. Im Folgenden findet ihr eine ganz pers\u00f6nliche Darstellung bzw. Anleitung&#8230;<\/em><\/p>\n<p><strong>Ein gro\u00dfer Aktionsradius<\/strong><br \/>\nWas der Reisende, der Wanderer macht, kann der Mountainbiker auch. Gegen\u00fcber diesen sich langsamer Bewegenden hat das einige Nachteile, aber auch viele Vorteile. Die Motive fliegen oft viel zu schnell an einem vorbei, als dass man sie bewusst wahrnimmt. Es verlangt etwas mehr Konzentration und \u00dcbung, trotzdem das Interessante zu sehen. Was beim Biken sowieso wichtig ist, n\u00e4mlich vorausschauen, gilt ebenso f\u00fcrs Fotografieren. Auf dem Bike kommt man schnell von einem Schauplatz, von einer Location, zur n\u00e4chsten. Der untergehenden Sonne nachjagen, geht per Rad besser als zu Fu\u00df. Der Aktionsradius ist einfach gr\u00f6\u00dfer.<!--more--><\/p>\n<p>Wer Mountainbiken nicht nur unter dem sportlichen Aspekt sieht, findet dann auch die Zeit und Muse, anzuhalten und zu schauen, zu fotografieren. Ein effektives Training kann das nat\u00fcrlich nicht sein. Aber es ist sehr sinnvoll, trotzdem fit zu sein, denn mit einer Gruppe zu fahren und zu fotografieren bedeutet: entweder anhalten, fotografieren, nachfahren oder schnell vorfahren. Damit ist f\u00fcr diesen fotografierenden Biker der Stressfaktor ziemlich hoch.<\/p>\n<p>Insgesamt muss man sagen, ist das Fotografieren beim Biken eine vielschichtige und nicht immer einfache Sache, besonders  wenn der Fotograf mit einer Gruppe unterwegs ist&#8230;<\/p>\n<figure id=\"attachment_21496\" aria-describedby=\"caption-attachment-21496\" style=\"width: 700px\" class=\"wp-caption alignnone\"><a href=\"https:\/\/nmbiking.de\/wp\/wp-content\/uploads\/ok13_135.jpg\"><img loading=\"lazy\" decoding=\"async\" src=\"https:\/\/nmbiking.de\/wp\/wp-content\/uploads\/ok13_135.jpg\" alt=\"Stephane arbeitet\" width=\"700\" height=\"731\" class=\"size-full wp-image-21496\" srcset=\"https:\/\/nmbiking.de\/wp\/wp-content\/uploads\/ok13_135.jpg 700w, https:\/\/nmbiking.de\/wp\/wp-content\/uploads\/ok13_135-191x200.jpg 191w, https:\/\/nmbiking.de\/wp\/wp-content\/uploads\/ok13_135-287x300.jpg 287w\" sizes=\"auto, (max-width: 700px) 100vw, 700px\" \/><\/a><figcaption id=\"caption-attachment-21496\" class=\"wp-caption-text\">Profi Stephane im Schwarzwald<\/figcaption><\/figure>\n<p><strong>Hightech im Einsatz<\/strong><br \/>\nEine gute technische Ausr\u00fcstung allein macht nat\u00fcrlich noch kleine guten Fotos, aber trotzdem spielt sie eine wichtige Rolle.<br \/>\nZum Thema &#8222;Spiegelreflex&#8220; wird es ein besonderes Kapitel geben, sobald einschl\u00e4gige Erfahrungen vorliegen. Mit einer digitalen Kamera ist man eigentlich gut bedient, es sei denn, man will Fotos f\u00fcr ein Hochglanzmagazin machen. Diese Digitalen sind preisg\u00fcnstig, klein und leicht. Gewicht und Gr\u00f6\u00dfe spielen beim Mountainbiken schon eine Rolle, denn oft muss der Fotoschuss schnell erfolgen, also muss das Ger\u00e4t schnell zur Hand, in der Hand sein.<\/p>\n<p>Was man sich zulegt, ist eine Frage des Geschmacks, des Geldbeutels und des Zieles. Um Erinnerungen (Orte und Leute) an eine Tour festzuhalten und zuhause noch einmal auf dem PC anzuschauen anzuschauen oder das Foto schnell der Freundin zu schicken, muss es keine Kamera f\u00fcr 600 \u20ac sein. Unsere Canon IXUS-Kameras haben uns gute Dienste geleistet. Jetzt sind eine Canon S100 und eine Nikon Coolpix P310 im Einsatz. Wichtig ist eine gute Lichtst\u00e4rke (ab 2.0) und eine hohe Geschwindigkeit.<\/p>\n<p>Leider machen die Kleinen oft gro\u00dfe Probleme. Es sind Sensibelchen und eigentlich nicht f\u00fcr diesen Einsatz vorgesehen. Sand und Feuchtigkeit setzen ihnen arg zu und es kann sehr schnell vorbei sein mit dem digitalen Vergn\u00fcgen. Eine robuste Outdoorkamera, die auch eine gute Bildqualit\u00e4t liefert, ist entsprechend teuer. Es bieten sich aber einige L\u00f6sungen an. Zum einen kann man eine Ger\u00e4teversicherung abschlie\u00dfen. Meist wird die Kamera dann repariert, sie ist aber lange unterwegs&#8230;<br \/>\nDer Aufbewahrungsort spielt eine Rolle. Die Trikottasche ist n\u00e4mlich nicht immer die beste Wahl. <\/p>\n<p>Link: <a href=\"http:\/\/www.mountainbike-magazin.de\/know-how\/besser-fotografieren-mountainbike-erklaert-die-begriffe-blende-belichtungszeit-iso-werte.761299.2.htm\">Tipps im Mountainbike-Magazin<\/a> <\/p>\n<figure id=\"attachment_22589\" aria-describedby=\"caption-attachment-22589\" style=\"width: 700px\" class=\"wp-caption alignnone\"><a href=\"https:\/\/nmbiking.de\/wp\/wp-content\/uploads\/dez13_94.jpg\"><img decoding=\"async\" src=\"https:\/\/nmbiking.de\/wp\/wp-content\/uploads\/dez13_94.jpg\" alt=\"dez13_2\" width=\"700\"  class=\"size-full wp-image-22594\" \/><\/a><figcaption id=\"caption-attachment-22589\" class=\"wp-caption-text\">J\u00f6rg auf dem Altfelsen: Hm, verflixte Technik!<\/figcaption><\/figure>\n<p><strong>Schnell zum n\u00e4chsten Objekt<\/strong>: das Grunds\u00e4tzliche<br \/>\nMountainbiken und Fotografieren k\u00f6nnen eine sinnvolle und bereichernde Symbiose eingehen. Was der Reisende, der Wanderer macht, kann der Mountainbiker auch. Gegen\u00fcber diesen sich langsamer Bewegenden hat das einige Nachteile, aber auch viele Vorteile. <\/p>\n<p>Die Motive zischen oft viel zu schnell an einem vorbei, als dass man sie bewusst wahrnimmt. Es verlangt etwas mehr Konzentration und \u00dcbung, trotzdem das Interessante zu sehen. Was beim Biken sowieso wichtig ist, n\u00e4mlich vorausschauen, gilt ebenso f\u00fcrs Fotografieren. Auf dem Bike kommt man schnell von einem Schauplatz, von einer Location, zur n\u00e4chsten. Der untergehenden Sonne nachjagen, geht per Rad besser als zu Fu\u00df. Der Aktionsradius ist einfach gr\u00f6\u00dfer.<\/p>\n<p>Wer Mountainbiken nicht nur unter dem sportlichen Aspekt sieht, findet dann auch die Zeit und Muse, anzuhalten und zu schauen, zu fotografieren. Ein effektives Training kann das nat\u00fcrlich nicht sein. Aber es ist sehr sinnvoll, trotzdem fit zu sein, denn mit einer Gruppe zu fahren und zu fotografieren bedeutet: entweder anhalten, fotografieren, nachfahren oder schnell vorfahren. Damit ist f\u00fcr diesen fotografierenden Biker der Stressfaktor ziemlich hoch.<br \/>\nInsgesamt muss man sagen, ist Fotografieren beim Biken eine vielschichtige und nicht immer einfache Sache, besonders  wenn der Fotograf mit einer Gruppe unterwegs ist&#8230;<\/p>\n<p><a href=\"http:\/\/www.mountainbike-magazin.de\/know-how\/besser-fotografieren-mountainbike-erklaert-die-begriffe-blende-belichtungszeit-iso-werte.761299.2.htm\">Tipps im Mountainbike-Magazin<\/a>: Ger\u00e4te und Technik<\/p>\n<p><strong>Die kleinen Sensibelchen<\/strong>: die Technik<br \/>\nEine gute technische Ausr\u00fcstung allein macht nat\u00fcrlich noch kleine guten Fotos, aber trotzdem spielt sie eine wichtige Rolle.<br \/>\nZum Thema &#8222;Spiegelreflex&#8220; wird es ein besonderes Kapitel geben, sobald einschl\u00e4gige Erfahrungen vorliegen. Mit einer digitalen Kamera ist man eigentlich gut bedient, es sei denn, man will Fotos f\u00fcr ein Hochglanzmagazin machen. Diese Digitalen sind preisg\u00fcnstig, klein und leicht. Gewicht und Gr\u00f6\u00dfe spielen beim Mountainbiken schon eine Rolle, denn oft muss der Fotoschuss schnell erfolgen, also muss das Ger\u00e4t schnell zur Hand, in der Hand sein.<\/p>\n<p>Was man sich zulegt, ist eine Frage des Geschmacks, des Geldbeutels und des Zieles. Um Erinnerungen (Orte und Leute) an eine Tour festzuhalten und zuhause noch einmal anzuschauen, muss es keine Kamera f\u00fcr 600 \u20ac sein. Unsere Canon IXUS haben uns gute Dienste geleistet. Jetzt sind eine Canon S100 und eine Nikon Coolpix P310 im Einsatz. Wichtig ist eine gute Lichtst\u00e4rke (ab 2.0) und eine hohe Geschwindigkeit.<\/p>\n<p>Leider machen die Kleinen oft gro\u00dfe Probleme. Es sind Sensibelchen und eigentlich nicht f\u00fcr diesen Einsatz vorgesehen. Sand und Feuchtigkeit setzen ihnen arg zu und es kann sehr schnell vorbei sein mit dem digitalen Vergn\u00fcgen. Eine robuste Outdoorkamera, die auch eine gute Bildqualit\u00e4t liefert, ist entsprechend teuer. Es bieten sich aber einige L\u00f6sungen an. Zum einen kann man eine Ger\u00e4teversicherung abschlie\u00dfen. Meist wird die Kamera dann repariert, sie ist aber dann lange unterwegs&#8230;<\/p>\n<p><strong>Die Kamera griffbereit<\/strong>: die Praxis<br \/>\nOb man in einer Gruppe f\u00e4hrt oder allein, ist f\u00fcr die Praxis des Fotografierens entscheidend. Beides verlangt vom Fotografen unterschiedliche Technik und Techniken.<br \/>\n<u>A Allein unterwegs<\/u><br \/>\nDas ist die einfachere Variante. Man bestimmt die Orte des Geschehens selbst, das Tempo, die Verweilzeit, was in der Gruppe anders l\u00e4uft.<br \/>\nDann ist es auch kein Problem, die Kamera im Rucksack zu verstauen und vor Ort erst auszupacken. Wer sich selbst mit ins Bild bringen oder sogar in Szene setzen will, der kommt ohne ein kleines flexibles Stativ nicht aus. Aber auch ohne sich selbst als Beigabe auf einem Foto lohnt es sich, mit einem kleinen Stativ zu arbeiten. Oft sind die Lichtverh\u00e4ltnisse nicht g\u00fcnstig und es werden lange Verschlusszeiten ben\u00f6tigt. Wer die M\u00f6glichkeit von HDR-Aufnahmen an der Kamera hat, braucht das Teil dann auch.<\/p>\n<p><u>B Mit einer Gruppe unterwegs<\/u><br \/>\nHier sind beide gefordert: die Gruppe und der Fotograf. Ohne klare Absprachen im Vorfeld l\u00e4uft es schief:<br \/>\n&#8222;Wir machen heute Fotos, Leute. Wir m\u00fcssen auf mein Zeichen \u00f6fter anhalten oder warten. Wir m\u00fcssen eine kurze Strecke vielleicht zwei oder dreimal fahren&#8230;&#8220; Murren in der Gruppe, aber meist siegt die Eitelkeit&#8230;<br \/>\nF\u00e4hrt man meist mit den selben Leuten, wissen die schon Bescheid: Entweder tritt der fotografierende Guide pl\u00f6tzlich in die Pedale und saust voraus oder er hebt die Hand mit der Kamera hoch und die Gruppe f\u00e4hrt automatisch langsamer. Man kann sich nat\u00fcrlich auch verbal verst\u00e4ndigen.<br \/>\nJetzt ist es wichtig, die Kamera griffbereit zu haben. Der Aufbewahrungsort spielt eine Rolle. Die Trikottasche ist nicht immer die beste Wahl. Eine separate Tasche, die zum Beispiel am Rucksacktragegurt befestigt wird, hat sich bew\u00e4hrt. Bei eher halsbrecherischen Fahrten und Abfahrten kann man die Kamera zus\u00e4tzlich noch mit einem Band sichern. Auch das hat sich bew\u00e4hrt, denn manchmal fotografiert man w\u00e4hrend des Fahrens. Aus Sicherheitsgr\u00fcnden ist es dann sehr praktisch, die Kamera einfach loslassen und stattdessen den Lenker ergreifen zu k\u00f6nnen. Die Kamera baumelt am Gurt und der Fotograf steuert sicher durch den Trail.<br \/>\nNeben den klaren Sicherheitsrisiken beim Fotografieren w\u00e4hrend des Fahrens ist die Technik eine schwierige und nicht immer erfolgreiche. Die Kamera mit einer Hand zu halten und verwackelungsfrei auszul\u00f6sen, verlangt viel Geschick und \u00dcbung. Entweder h\u00e4lt man die Kamera \u00fcber den Kopf nach hinten oder die Schulter, um die Gruppe hinter dem Fahrer zu erfassen. Oft ger\u00e4t die Schulter oder der Rucksack mit ins Bild und die Kamera stellt darauf scharf. Die Hand mit der Kamera rechts herunter h\u00e4ngen zu lassen und nach hinten zu fotografieren, ist auch eine M\u00f6glichkeit. Dies sind Techniken, die wenig erfolgreich und sehr riskant sind&#8230; Vorausfahren und anhalten, ist zwar stressiger, aber ertragreicher.<\/p>\n<p>Die Motive: <strong>Eine subjektive Entscheidung<\/strong><br \/>\nSie sind das Wichtigste. Es kann sinnvoll sein, auf einer Tour nur die Leute abzulichten, die dabei waren, und die Orte, wo man angehalten hat. Wer mehr m\u00f6chte, muss auch mehr investieren.<br \/>\nDicke B\u00fccher sind geschrieben worden \u00fcber die Motive beim Fotografieren. Das Web ist voll mit Tipps und Tricks zu diesem Thema. Eine Standardinfo nach wikipedia:<!--more--><\/p>\n[plain]Als Motiv wird in der Fotografie der wesentliche inhaltliche Bestandteil eines Bildes bezeichnet. Die Betonung liegt meist auf einem zentral dargestellten Objekt: Person, Geb\u00e4ude, Teil einer Landschaft oder Situation.[\/plain]\n<p>Beim Fotografieren  geh\u00f6ren Inhalt und Form untrennbar zusammen. Was man jetzt als Inhalt, als Motiv ansieht oder ausw\u00e4hlt, ist sehr subjektiv. Der eine sieht im mit Schlamm verspritzten Rahmen des Bikes ein tolles Motiv, ein anderer denkt: Wie langweilig! Ein Motiv ist das, was mir wichtig ist, was mir deshalb gef\u00e4llt. Hat man sich f\u00fcr eines entschieden, stellt sich die Frage, die man ebenfalls schnell unterwegs beantworten muss: Wie stelle ich diesen Inhalt dar?<br \/>\nF\u00fcr den Inhalt eines Bildes (oder auch Bildidee) gibt es eigentlich keine Grenzen, f\u00fcr die Form aber schon einige Regeln, die man jedoch, wenn man will, kreativ neu gestalten kann. Und letztlich geht es dann noch um die technische Seite&#8230;<br \/>\nM. W\u00e4ger, Kreativ fotografieren mit Nikon, gewichtet: [plain]Foto = 45% Bildidee + 45% Bildgestaltung + 10% technische Umsetzung [\/plain]\n<p><strong>Bildidee<\/strong><\/p>\n<p>Ist man allein (oder auch zu zweit) unterwegs, hat man in der Regel mehr Zeit und Muse, Motive zu sehen oder auch bewusst zu suchen. Grunds\u00e4tzlich gehen wir davon aus, dass bei den meisten Fotos auch Mountainbiker bzw. Bikes zu sehen sein sollen.<br \/>\nW\u00e4hrend man unterwegs ist, scannen die Augen die Landschaft, die Situationen und die Personen ab. Wo ergibt sich ein lohnendes Motiv? Der Schwerpunkt kann auf diesen drei Bezugspunkten liegen oder auf mehreren gemeinsam. Oh, ein sch\u00f6nes Panorama! Jetzt warten wir, bis die Gruppe in die passende Position gefahren ist&#8230; Oh, eine interessante schwierige Passage! Oh, den Gesichtsausdruck muss man unbedingt festhalten!<\/p>\n<figure id=\"attachment_22716\" aria-describedby=\"caption-attachment-22716\" style=\"width: 700px\" class=\"wp-caption alignnone\"><img decoding=\"async\" src=\"https:\/\/nmbiking.de\/wp\/wp-content\/uploads\/dez13_144.jpg\"  width=\"700\" class=\"size-full wp-image-22716\" srcset=\"https:\/\/nmbiking.de\/wp\/wp-content\/uploads\/dez13_144.jpg 1800w, https:\/\/nmbiking.de\/wp\/wp-content\/uploads\/dez13_144-200x51.jpg 200w, https:\/\/nmbiking.de\/wp\/wp-content\/uploads\/dez13_144-300x76.jpg 300w, https:\/\/nmbiking.de\/wp\/wp-content\/uploads\/dez13_144-1600x408.jpg 1600w\" sizes=\"(max-width: 767px) 89vw, (max-width: 1000px) 54vw, (max-width: 1071px) 543px, 580px\" \/><figcaption id=\"caption-attachment-22716\" class=\"wp-caption-text\">Motiv: die Landschaft<\/figcaption><\/figure>\n<figure id=\"attachment_22699\" aria-describedby=\"caption-attachment-22699\" style=\"width: 700px\" class=\"wp-caption alignnone\"><img decoding=\"async\" src=\"https:\/\/nmbiking.de\/wp\/wp-content\/uploads\/dez13_127.jpg\"  width=\"700\"  class=\"size-full wp-image-22716\" \/><figcaption id=\"caption-attachment-22699\" class=\"wp-caption-text\">Motiv: Gruppe, Trail<\/figcaption><\/figure>\n<figure id=\"attachment_22299\" aria-describedby=\"caption-attachment-22299\" style=\"width: 700px\" class=\"wp-caption alignnone\"><img decoding=\"async\" src=\"https:\/\/nmbiking.de\/wp\/wp-content\/uploads\/nov13_231.jpg\" width=\"700\" class=\"size-full wp-image-22299\" srcset=\"https:\/\/nmbiking.de\/wp\/wp-content\/uploads\/nov13_231.jpg 1400w, https:\/\/nmbiking.de\/wp\/wp-content\/uploads\/nov13_231-200x92.jpg 200w, https:\/\/nmbiking.de\/wp\/wp-content\/uploads\/nov13_231-300x138.jpg 300w\" sizes=\"(max-width: 767px) 89vw, (max-width: 1000px) 54vw, (max-width: 1071px) 543px, 580px\" \/><figcaption id=\"caption-attachment-22299\" class=\"wp-caption-text\">Motiv: Personen, Gesichter<\/figcaption><\/figure>\n<p>Au\u00dfer den drei Motivgruppen (Landschaft, Trail, BikerInnen) kann es noch viele andere geben, besonders Details k\u00f6nnen interessant sein. Nach dem Grundsatz: Weniger ist mehr! Oder: Vom Gro\u00dfen zum winzig Kleinen&#8230;.<\/p>\n<figure id=\"attachment_13014\" aria-describedby=\"caption-attachment-13014\" style=\"width: 700px\" class=\"wp-caption alignnone\"><img decoding=\"async\" src=\"https:\/\/nmbiking.de\/wp\/wp-content\/uploads\/dez12_260.jpg\" width=\"700\"  class=\"size-full wp-image-13014\/><figcaption id=\"caption-attachment-13014\" class=\"wp-caption-text\">Motiv: Detail<\/figcaption><\/figure>\n<figure id=\"attachment_15975\" aria-describedby=\"caption-attachment-15975\" style=\"width: 700px\" class=\"wp-caption alignnone\"><img decoding=\"async\" src=\"https:\/\/nmbiking.de\/wp\/wp-content\/uploads\/dez12_50.jpg\" width=\"700\" class=\"size-full wp-image-15975\" \/><figcaption id=\"caption-attachment-15975\" class=\"wp-caption-text\">Motiv: Detail<\/figcaption><\/figure>\n<p>\u00dcber Motive (Bildideen) k\u00f6nnte man noch viel Schlaues oder \u00dcberfl\u00fcssiges lesen oder schreiben, entscheidend ist f\u00fcr mich pers\u00f6nlich die innere Einstellung (\u00e4hnlich wie beim Mountainbiken) eben auch zum Fotografieren. Es muss einem wichtig sein, man muss sich Zeit daf\u00fcr nehmen, man muss mit offenen Augen (nicht mit beschlagenen Brillen) durch die Welt fahren und das Wesentliche in den kleinen Dingen des Alltags sehen. Sicher ist das Matterhorn ein beeindruckendes Motiv, aber der alte, verrostete Eimer im Wald kann es auch sein&#8230;<\/p>\n<p><strong>Die Bildgestaltung<\/strong><br \/>\nEinige Profis sagen: Es gibt feste Regeln, andere sagen, es g\u00e4be sie nicht und wenn, m\u00fcsse man sie brechen. Nach meiner Erfahrung ist es wichtig, erst einmal alle Regeln und Gestaltungsm\u00f6glichkeiten zu kennen, zu nutzen und zu \u00fcben. Wer das ausgesch\u00f6pft hat, kann &#8222;kreativ&#8220; werden.<!--more--><\/p>\n<p>Die wichtigsten Grunds\u00e4tze:<\/p>\n<ol>\nHoch-und Querformat<br \/>\nGoldener Schnitt<br \/>\nDrittel-Regel<br \/>\nLage des Horizonts<br \/>\nPerspektive<br \/>\nVordergrund<\/ol>\n<p>Der Schweizer Fotograf M. Groer hat die wichtigen Regeln gut zusammengefasst und anschaulich mit Bildbeispielen versehen: <a href=\"http:\/\/www.kleine-fotoschule.de\/bildgestaltung.html\">Kleine Fotoschule<\/a> &#8211; das spart viel Arbeit!<\/p>\n<p>Ein weiteres Gestaltungskriterium darf nicht vergessen werden: der <u>Bildausschnitt<\/u>. Damit lege ich fest, was mir wichtig ist. Deshalb wird dies bei jedem, der eine Kamera in die Hand nimmt, anders aussehen. Was nat\u00fcrlich gut so ist. Wenn man es nicht schafft, den Bildausschnitt schon beim Fotografieren richtig zu w\u00e4hlen, kann dies bei der Nachbearbeitung am PC erfolgen&#8230;<\/p>\n<div id='gallery-1' class='gallery galleryid-22533 gallery-columns-3 gallery-size-thumbnail'><figure class='gallery-item'>\n\t\t\t<div class='gallery-icon landscape'>\n\t\t\t\t<a href='https:\/\/nmbiking.de\/wp\/wp-content\/uploads\/jan14_100.jpg'><img loading=\"lazy\" decoding=\"async\" width=\"200\" height=\"96\" src=\"https:\/\/nmbiking.de\/wp\/wp-content\/uploads\/jan14_100-200x96.jpg\" class=\"attachment-thumbnail size-thumbnail\" alt=\"\" srcset=\"https:\/\/nmbiking.de\/wp\/wp-content\/uploads\/jan14_100-200x96.jpg 200w, https:\/\/nmbiking.de\/wp\/wp-content\/uploads\/jan14_100-300x145.jpg 300w, https:\/\/nmbiking.de\/wp\/wp-content\/uploads\/jan14_100.jpg 1400w\" sizes=\"auto, 100vw\" \/><\/a>\n\t\t\t<\/div><\/figure><figure class='gallery-item'>\n\t\t\t<div class='gallery-icon landscape'>\n\t\t\t\t<a href='https:\/\/nmbiking.de\/wp\/wp-content\/uploads\/jan14_101.jpg'><img loading=\"lazy\" decoding=\"async\" width=\"200\" height=\"119\" src=\"https:\/\/nmbiking.de\/wp\/wp-content\/uploads\/jan14_101-200x119.jpg\" class=\"attachment-thumbnail size-thumbnail\" alt=\"\" srcset=\"https:\/\/nmbiking.de\/wp\/wp-content\/uploads\/jan14_101-200x119.jpg 200w, https:\/\/nmbiking.de\/wp\/wp-content\/uploads\/jan14_101-300x179.jpg 300w, https:\/\/nmbiking.de\/wp\/wp-content\/uploads\/jan14_101.jpg 846w\" sizes=\"auto, 100vw\" \/><\/a>\n\t\t\t<\/div><\/figure><figure class='gallery-item'>\n\t\t\t<div class='gallery-icon landscape'>\n\t\t\t\t<a href='https:\/\/nmbiking.de\/wp\/wp-content\/uploads\/jan14_102.jpg'><img loading=\"lazy\" decoding=\"async\" width=\"200\" height=\"92\" src=\"https:\/\/nmbiking.de\/wp\/wp-content\/uploads\/jan14_102-200x92.jpg\" class=\"attachment-thumbnail size-thumbnail\" alt=\"\" srcset=\"https:\/\/nmbiking.de\/wp\/wp-content\/uploads\/jan14_102-200x92.jpg 200w, https:\/\/nmbiking.de\/wp\/wp-content\/uploads\/jan14_102-300x139.jpg 300w, https:\/\/nmbiking.de\/wp\/wp-content\/uploads\/jan14_102.jpg 1396w\" sizes=\"auto, 100vw\" \/><\/a>\n\t\t\t<\/div><\/figure>\n\t\t<\/div>\n\n<p><font color=green>F\u00fcr die Bildgestaltung, die Komposition eines Bildes gelten also eher objektive Regeln, die man schon einhalten sollte. Die Auswahl der Motive, der Bildinhalte, dagegen ist eine subjektive Sache. Hier ist es schwierig, anderen etwas zu vermitteln, denn was ich f\u00fcr wichtig, f\u00fcr sehenswert halte, h\u00e4ngt von vielen pers\u00f6nlichen Werteinstellungen ab.<\/font><\/p>\n<img decoding=\"async\" src=\"https:\/\/nmbiking.de\/wp\/wp-content\/uploads\/jan14_39.jpg\" alt=\"Carbonriemen im Einsatz\" width=\"700\"  \/>\n","protected":false},"excerpt":{"rendered":"<p>Mountainbiken und Fotografieren k\u00f6nnen eine sinnvolle und bereichernde Symbiose eingehen. Hunderte von Webseiten kann man zum Thema Fotografieren lesen, sogar viele \u00fcbers Fotobiken. Im Folgenden findet ihr eine ganz pers\u00f6nliche Darstellung bzw. Anleitung&#8230; Ein gro\u00dfer Aktionsradius Was der Reisende, der Wanderer macht, kann der Mountainbiker auch. Gegen\u00fcber diesen sich langsamer Bewegenden hat das einige Nachteile, &hellip; <\/p>\n<p class=\"link-more\"><a href=\"https:\/\/nmbiking.de\/wp\/?page_id=22533\" class=\"more-link\"><span class=\"screen-reader-text\">\u201eMountainbiken und Fotografieren\u201c <\/span>weiterlesen<\/a><\/p>\n","protected":false},"author":65,"featured_media":0,"parent":0,"menu_order":0,"comment_status":"open","ping_status":"closed","template":"","meta":{"footnotes":""},"class_list":["post-22533","page","type-page","status-publish","hentry"],"_links":{"self":[{"href":"https:\/\/nmbiking.de\/wp\/index.php?rest_route=\/wp\/v2\/pages\/22533","targetHints":{"allow":["GET"]}}],"collection":[{"href":"https:\/\/nmbiking.de\/wp\/index.php?rest_route=\/wp\/v2\/pages"}],"about":[{"href":"https:\/\/nmbiking.de\/wp\/index.php?rest_route=\/wp\/v2\/types\/page"}],"author":[{"embeddable":true,"href":"https:\/\/nmbiking.de\/wp\/index.php?rest_route=\/wp\/v2\/users\/65"}],"replies":[{"embeddable":true,"href":"https:\/\/nmbiking.de\/wp\/index.php?rest_route=%2Fwp%2Fv2%2Fcomments&post=22533"}],"version-history":[{"count":5,"href":"https:\/\/nmbiking.de\/wp\/index.php?rest_route=\/wp\/v2\/pages\/22533\/revisions"}],"predecessor-version":[{"id":23322,"href":"https:\/\/nmbiking.de\/wp\/index.php?rest_route=\/wp\/v2\/pages\/22533\/revisions\/23322"}],"wp:attachment":[{"href":"https:\/\/nmbiking.de\/wp\/index.php?rest_route=%2Fwp%2Fv2%2Fmedia&parent=22533"}],"curies":[{"name":"wp","href":"https:\/\/api.w.org\/{rel}","templated":true}]}}