{"id":2226,"date":"2008-09-04T12:22:26","date_gmt":"2008-09-04T13:22:26","guid":{"rendered":"https:\/\/nmbiking.de\/wp\/?page_id=2226"},"modified":"2020-11-08T16:41:04","modified_gmt":"2020-11-08T15:41:04","slug":"reutte-2005","status":"publish","type":"page","link":"https:\/\/nmbiking.de\/wp\/?page_id=2226","title":{"rendered":"Reutte 2005"},"content":{"rendered":"<p><img decoding=\"async\" src=\"http:\/\/www.nmbiking.de\/oldsite\/reutte05\/kopftagebuch.jpg\" class=\"img\" width=\"600\" \/><br \/>\n<font color=#6633cc size=5>Mountainbiken in Tirol * Reutte 2005<\/font><\/p>\n<p>&nbsp;<\/p>\n<p><strong>Die Touren<\/strong><br \/>\n1 Urisee und Plansee (locker)<br \/>\n2 Tannheimer Berge: F\u00fcssener H\u00fctte und F\u00fcssener J\u00f6chle (heftig)<br \/>\n3 Wanderung: Gehrenspitze (heftig und gef\u00e4hrlich)<br \/>\n4 Heiterwanger See (locker und kalt)<\/p>\n<p>&nbsp;<\/p>\n<p><strong>Das Mountainbike-Revier<\/strong><br \/>\nReutte in Tirol ist von uns aus in f\u00fcnf bis sechs Stunden zu erreichen und bietet Mountainbikern ein tolles Revier. Je nach Jahreszeit darf es nat\u00fcrlich nicht zur Jagd auf Touristen kommen, denn die \u00d6sterreicher haben ziemlich lange gebraucht, bis sie ihre Berge f\u00fcr die Mountainbiker ge\u00f6ffnet haben.<br \/>\nReutte ist zwar nicht sehr idyllisch als Ort, liegt aber zentral. Touren k\u00f6nnen in Richtung Wettersteinmassiv und in Richtung Tannheimer Berge unternommen werden. Markierte MTB-Routen gibt es wenige, die lohnen sich aber. Und von dort aus kann es weitergehen.<\/p>\n<p>&nbsp;<\/p>\n<p>Tag: Fr, 28.10.05<br \/>\nFahrer\/innen: mit Elisabeth<br \/>\nStrecke: M\u00fchl, Urisee, Kuhklause, Plansee, Stuibenf\u00e4lle<br \/>\nDauer\/L\u00e4nge\/H\u00f6henmeter: 2 Std 20 \/ 25 km \/ 530 hm<br \/>\n<font color=#6633cc size=4>Zwei-Seen-Tour<\/font><br \/>\nZuhause geplant und vor Ort in die Tat umgesetzt. Bei fantastischem Wetter erklimmen wir die erste Steigung zum Urisee. Eine halbe Umrundung und wir m\u00fcssen noch weiter steigen. Auf einem Schotterweg geht es mindestens eine halbe Stunde bergauf. Im Tal liegt Reutte, dahinter die Berge des Tannheimer Tales. Wir bewegen uns auf einem ausgeschilderten Mountainbikeweg. Pl\u00f6tzlich geht es links hoch und ein Schildverk\u00fcndet: Mountainbikeschiebepassage. Ein sch\u00f6ner Singletrail, anfangs noch fahrbar, dann war tats\u00e4chlich durch eine wilde Schlucht Schieben angesagt. Dann endlich konnten wir laufen lassen. Pl\u00f6tzlich taucht ein gro\u00dfes Felsengebirge vor uns auf: das Wettersteinmassiv mit der Zugspitze. Toll, wir k\u00f6nnen bis nach Deutschland schauen. Im Tal: der Plansee. Ruhig liegt er da. Weit hinten sitzt jemand auf einer Bank und liest. Zwei Schw\u00e4ne und einige Enten gehen ihren Gesch\u00e4ften nach. Zwischen zwei gr\u00fcnen Bergen schaut noch die Zugspitze heraus. Wir fahren am Plansee entlang in Richtung Reutte. Die Sonne steht schon tief und blendet gewaltig. Wir verlassen die Stra\u00dfe und folgen einem Wanderweg, der hinunter zu den Stuibenf\u00e4llen f\u00fchrt.<\/p>\n<p>&nbsp;<\/p>\n<p><a href=\"http:\/\/www.nmbiking.de\/oldsite\/reutte05\/reutte05_1b.jpg\" rel=\"Lightbox\" title=\"\"><img decoding=\"async\" src=\"http:\/\/www.nmbiking.de\/oldsite\/reutte05\/reutte05_1.jpg\" class=\"img\" width=\"190\" \/> <\/a><a href=\"http:\/\/www.nmbiking.de\/oldsite\/reutte05\/reutte05_2b.jpg\"rel=\"Lightbox\" title=\"\"><img decoding=\"async\" src=\"http:\/\/www.nmbiking.de\/oldsite\/reutte05\/reutte05_2.jpg\"class=\"img\" width=\"180\" \/><\/a><a href=\"http:\/\/www.nmbiking.de\/oldsite\/reutte05\/reutte05_3b.jpg\" rel=\"Lightbox\" title=\"\"><img decoding=\"async\" src=\"http:\/\/www.nmbiking.de\/oldsite\/reutte05\/reutte05_3.jpg\" class=\"img\" width=\"180\" \/><\/a> <\/p>\n<p><a href=\"http:\/\/www.nmbiking.de\/oldsite\/reutte05\/reutte05_4b.jpg\" rel=\"Lightbox\" title=\"\"><img decoding=\"async\" src=\"http:\/\/www.nmbiking.de\/oldsite\/reutte05\/reutte05_4.jpg\" class=\"img\" width=\"190\" \/> <\/a> <a href=\"http:\/\/www.nmbiking.de\/oldsite\/reutte05\/reutte05_5b.jpg\"rel=\"Lightbox\" title=\"\"><img decoding=\"async\" src=\"http:\/\/www.nmbiking.de\/oldsite\/reutte05\/reutte05_5.jpg\"class=\"img\" width=\"180\" \/><\/a> <a href=\"http:\/\/www.nmbiking.de\/oldsite\/reutte05\/reutte05_6b.jpg\" rel=\"Lightbox\" title=\"\"><img decoding=\"async\" src=\"http:\/\/www.nmbiking.de\/oldsite\/reutte05\/reutte05_6.jpg\" class=\"img\" width=\"180\" \/><\/a> <\/p>\n<p>&nbsp;<\/p>\n<p>&nbsp;<\/p>\n<p>Tag: Sa, 29.10.05<br \/>\nFahrer\/innen: mit Elisabeth<br \/>\nStrecke: Reutte, Raintal, F\u00fcssener H\u00fctte, F\u00fcssener J\u00f6chel (1818m), Adlerhorst, Haldensee, Nesselw\u00e4ngle, Wei\u00dfenbach, Rieden, Ruine Ehrenberg (1261m)<br \/>\nDauer\/L\u00e4nge\/H\u00f6henmeter: 5 Std 40 \/ 52 km \/ 1530 hm<br \/>\n<font color=#6633cc size=4>In den Tannheimer Bergen<\/font><br \/>\nAuf der Karte eine Rundtour planen, ist eine einfache Sache. Aber wie sieht die Realit\u00e4t der Berge aus? Hinterher wei\u00df man, wie man h\u00e4tte fahren k\u00f6nnen. So geschehen bei dieser Tour durch die Tannheimer Berge. Die Idee: vom Lechtal (Reutte) ins Tannheimer Tal (Haldensee), das bedeutet \u00fcber einen Pass, eine Scharte, ein J\u00f6chl&#8230;r> Von Reutte aus fahren wir ein St\u00fcck an der Lech entlang, bis in Pflach eine ausgeschilderte Mountainbiketour in die Berge zur F\u00fcssener H\u00fctte beginnt. Die Strecke hat das typischen Talprofil: anfangs durch den Wald mit kr\u00e4ftiger Steigung, im zweiten Teil an Almen und H\u00fctten vorbei mit m\u00e4\u00dfiger Steigung, zur H\u00fctte hoch dann wieder steiler. Wir sonnen uns auf dem Balkon der geschlossenen H\u00fctte und beschlie\u00dfen, nicht zur\u00fcckzufahren, sondern einen Wanderweg zu versuchen, der uns zum F\u00fcssener J\u00f6chle bringen soll. Die Tor-Tour beginnt mit einer Heftige Schiebepassage, daraus wird schnell eine Tragepassage. Nur mit dem Bike auf dem Buckel sind die gro\u00dfen Abs\u00e4tze und Wurzeln zu schaffen. Bald wird es jedoch wieder besser. Das fantastische Panorama ringsum tut ein \u00dcbriges dazu uns den weg fortsetzen zu lassen. Ab und zu kann man sogar fahren, Gelegenheit ein paar Fotos zu machen. G\u00fcnstig ist auch, dass man den Pass, zu dem wir wollen, schon sieht. Wie Ameisen krabbeln die Touris dort herum, denn vom Tannheimer Tal bringt eine Kabinenbahn sie hoch. Einige wagen sich sogar bis zu uns herunter. Interessant an dieser Tour waren die vielen unterschiedlichen Kommentare zu unserer Bikeaktion (siehe unten). Sehr viele Leute haben uns auf dieser Tour anl\u00e4sslich der ungew\u00f6hnlichen Fortbewegungsart in den Bergen angesprochen.<br \/>\nDer Weg ist wegen des Ger\u00f6lls sehr rutschig, auch f\u00fcr die Wanderer. Einmal reiche ich einer \u00e4lteren Dame die Hand (in der anderen das Bike), um ihr \u00fcber eine rutschige Stelle zu helfen. Ihr Mann schaut zu. Um die Mittagszeit ist das Joch erreicht. Etwas unterhalb spuckt die Kabinenbahn st\u00e4ndig Touris aus. Einige kraxeln hoch und starren unsere Bikes an, die allein an der Weggabelung stehen. Wir sitzen ein paar Meter h\u00f6her, kauen unsere Br\u00f6tchen, genie\u00dfen die Aussicht auf die Berge und und ins Allg\u00e4u &#8211; und die Wanderer, die an unseren Bikes vorbeikommen.<br \/>\nNach der Pause fahren und schieben wir runter zur Bahnstation. Dort ist was los. Junge Familien mit Kinderwagen steigen aus, lesen die Infotafeln. &#8222;Nur f\u00fcr Ge\u00fcbte.&#8220; Und wenden sich der Gastronomie zu. Omas und Opas steigen aus und besetzen gleich die Bank an der R\u00fcckseite der Bahnstation. Ihr wichtiges Thema: ihre Krankheiten. R\u00fcstige M\u00e4nner mit Bierbauch und Tirolerhut studieren interessiert die gro\u00dfe Karte und fuchteln mit den unvermeidlichen St\u00f6cken auf dem Panoramabild herum.<br \/>\nUnd wir entscheiden uns, auch dank einiger Informationen von Wanderern nicht weiter auf der H\u00f6he zu bleiben, sondern ins Tannheimer Tal abzufahren. Leider erwischen wir den falschen der beiden m\u00f6glichen Wege. Wer vom F\u00fcssener J\u00f6chle zum Adlerhorst und zum Haldensee will, soll unbedingt Weg Nr. 412 (beide beginnen neben der Bahnstation!) Wir nehmen die Nr. 413 und m\u00fcssen viel schieben. Im Tal kommen wir trotzdem an und sonnen uns ein wenig am Haldensee.<br \/>\nDem Verkehr k\u00f6nnen wir auf einem Radweg entfliehen, der durchs Tannheimer Tal nach Wei\u00dfenbach f\u00fchrt. Zwischendurch genehmigen wir uns Kaffee und Kuchen (von Lahmes abgeguckt, die machen das immer!). Die alte Gaichtpassstra\u00dfe ist als MTB-Route markiert und historisch renoviert. An einem Kreuz halten wir an. Hier sind 1635 die Leichen, welche die Pest im Tal gefordert hat, von Soldaten verbrannt worden. Gerochen hat man aber nichts mehr.<br \/>\nIm Lechtal freuen wir uns auf eine flache R\u00fcckfahrt. Dank einer bl\u00f6den Information von Spazierg\u00e4ngern und unserer Faulheit in die Karte zu schauen, landen wir noch am sp\u00e4ten Nachmittag auf dem Berg \u00fcber Reutte, auf dem die \u00dcberreste der Festung Ehrenberg stehen. \u00dcber einen sch\u00f6nen Trail sausen wir zur\u00fcck ins Tal und kommen bei einbrechender Dunkelheit in unserer Fereinwohnung an. Wir waren fast zehn Stunden unterwegs&#8230;<\/p>\n<p>&nbsp;<\/p>\n<p>Typologie der Kommentare zum hochalpinen Biken<br \/>\n* geh\u00e4ssig (ein \u00e4lterer Kletterer, der uns \u00fcberholt): Wo wollts hin? Da runter? Des geht nit! Wartets ab!<br \/>\n* schadenfroh (eine \u00e4ltere, geschminkte, wackelige Tante auf zwei St\u00f6cken): Das ist aber kein Radweg. Da habt ihr keinen Spa\u00df! Solche Abs\u00e4tze und Wurzeln!<br \/>\n* witzig(eine stark schwitzende j\u00fcngere Frau zu Elisabeth): Gell, was sich M\u00e4nner manchmal so ausdenken!<br \/>\n* professionell (ergrauter, sportlicher Mann mit roter Kappe zu Elisabeth): Gehts mit den Klickpedalen? Ja, am Rennrad hab ich auch welche, in den Bergen aber&#8230;<br \/>\n* bewundernd (Ehepaar mit guten Tipps): Tolle Leistung, besonders f\u00fcr eine Frau&#8230;<br \/>\nAm folgenden Tag auf einer Wanderung gehen wir in der Masse der Wanderer unter&#8230;<\/p>\n<p>&nbsp;<\/p>\n<p><a href=\"http:\/\/www.nmbiking.de\/oldsite\/reutte05\/reutte05_7b.jpg\" rel=\"Lightbox\" title=\"\"><img decoding=\"async\" src=\"http:\/\/www.nmbiking.de\/oldsite\/reutte05\/reutte05_7.jpg\" class=\"img\" width=\"190\" \/> <\/a> <a href=\"http:\/\/www.nmbiking.de\/oldsite\/reutte05\/reutte05_10b.jpg\"rel=\"Lightbox\" title=\"\"><img decoding=\"async\" src=\"http:\/\/www.nmbiking.de\/oldsite\/reutte05\/reutte05_10.jpg\"class=\"img\" width=\"180\" \/><\/a> <a href=\"http:\/\/www.nmbiking.de\/oldsite\/reutte05\/reutte05_11b.jpg\" rel=\"Lightbox\" title=\"\"><img decoding=\"async\" src=\"http:\/\/www.nmbiking.de\/oldsite\/reutte05\/reutte05_11.jpg\" class=\"img\" width=\"180\" \/><\/a> <\/p>\n<p><a href=\"http:\/\/www.nmbiking.de\/oldsite\/reutte05\/reutte05_12b.jpg\" rel=\"Lightbox\" title=\"\"><img decoding=\"async\" src=\"http:\/\/www.nmbiking.de\/oldsite\/reutte05\/reutte05_12.jpg\" class=\"img\" width=\"190\" \/> <\/a> <a href=\"http:\/\/www.nmbiking.de\/oldsite\/reutte05\/reutte05_13b.jpg\"rel=\"Lightbox\" title=\"\"><img decoding=\"async\" src=\"http:\/\/www.nmbiking.de\/oldsite\/reutte05\/reutte05_13.jpg\"class=\"img\" width=\"180\" \/><\/a> <a href=\"http:\/\/www.nmbiking.de\/oldsite\/reutte05\/reutte05_14b.jpg\" rel=\"Lightbox\" title=\"\"><img decoding=\"async\" src=\"http:\/\/www.nmbiking.de\/oldsite\/reutte05\/reutte05_14.jpg\" class=\"img\" width=\"180\" \/><\/a> <\/p>\n<p><a href=\"http:\/\/www.nmbiking.de\/oldsite\/reutte05\/reutte05_15b.jpg\" rel=\"Lightbox\" title=\"\"><img decoding=\"async\" src=\"http:\/\/www.nmbiking.de\/oldsite\/reutte05\/reutte05_15.jpg\" class=\"img\" width=\"190\" \/> <\/a> <a href=\"http:\/\/www.nmbiking.de\/oldsite\/reutte05\/reutte05_16b.jpg\"rel=\"Lightbox\" title=\"\"><img decoding=\"async\" src=\"http:\/\/www.nmbiking.de\/oldsite\/reutte05\/reutte05_16.jpg\"class=\"img\" width=\"180\" \/><\/a> <a href=\"http:\/\/www.nmbiking.de\/oldsite\/reutte05\/reutte05_17b.jpg\" rel=\"Lightbox\" title=\"\"><img decoding=\"async\" src=\"http:\/\/www.nmbiking.de\/oldsite\/reutte05\/reutte05_17.jpg\" class=\"img\" width=\"180\" \/><\/a> <\/p>\n<p><a href=\"http:\/\/www.nmbiking.de\/oldsite\/reutte05\/reutte05_18b.jpg\" rel=\"Lightbox\" title=\"\"><img decoding=\"async\" src=\"http:\/\/www.nmbiking.de\/oldsite\/reutte05\/reutte05_18.jpg\" class=\"img\" width=\"190\" \/> <\/a> <a href=\"http:\/\/www.nmbiking.de\/oldsite\/reutte05\/reutte05_19b.jpg\"rel=\"Lightbox\" title=\"\"><img decoding=\"async\" src=\"http:\/\/www.nmbiking.de\/oldsite\/reutte05reutte05_19.jpg\"class=\"img\" width=\"180\" \/><\/a> <a href=\"http:\/\/www.nmbiking.de\/oldsite\/reutte05\/reutte05_20b.jpg\" rel=\"Lightbox\" title=\"\"><img decoding=\"async\" src=\"http:\/\/www.nmbiking.de\/oldsite\/reutte05\/reutte05_20.jpg\" class=\"img\" width=\"180\" \/><\/a> <\/p>\n<p><a href=\"http:\/\/www.nmbiking.de\/oldsite\/reutte05\/reutte05_21b.jpg\" rel=\"Lightbox\" title=\"\"><img decoding=\"async\" src=\"http:\/\/www.nmbiking.de\/oldsite\/reutte05\/reutte05_21.jpg\" class=\"img\" width=\"190\" \/> <\/a> <a href=\"http:\/\/www.nmbiking.de\/oldsite\/reutte05\/reutte05_22b.jpg\"rel=\"Lightbox\" title=\"\"><img decoding=\"async\" src=\"http:\/\/www.nmbiking.de\/oldsite\/reutte05\/reutte05_22.jpg\"class=\"img\" width=\"180\" \/><\/a> <a href=\"http:\/\/www.nmbiking.de\/oldsite\/reutte05\/reutte05_23b.jpg\" rel=\"Lightbox\" title=\"\"><img decoding=\"async\" src=\"http:\/\/www.nmbiking.de\/oldsite\/reutte05\/reutte05_23.jpg\" class=\"img\" width=\"180\" \/><\/a> <\/p>\n<p>&nbsp;<\/p>\n<p>&nbsp;<\/p>\n<p>Tag: Mo, 31.10.05<br \/>\nFahrer\/innen: mit Elisabeth<br \/>\nStrecke: Reutte, W\u00e4ngle, Gehrenalm, Gehrenspitze (2160m), Sabbachjoch, Hahnenkamm, Lechauer Alm, Reutte<br \/>\nDauer\/L\u00e4nge\/H\u00f6henmeter: 5 Std \/ 1300 hm<br \/>\n<font color=#6633cc size=4>Wanderung: Gehrenspitze<\/font><br \/>\nDie Wanderung f\u00fchrt uns wieder in die Tannheimer Berge, diesmal in den westlichen Teil. Dasselbe geniale Wetter l\u00e4sst unsere Herzen h\u00f6her schlagen und keine M\u00fcdigkeit kennen. Das Bau des Himmels und das Wei\u00df der Kalkfelsen scheinen noch nie ausdrucksst\u00e4rker gewesen zu sein. Wir sehen uns satt an diesen Farben. Vom Gehrenjoch aus darf ich die Gehrenspitze erklimmen.<br \/>\nDie Felsgruppe sieht anspruchsvoll aus, dazu passt \u00fcberhaupt nicht die Menge an Touristen, die dabei sind den Gipfel zu ersteigen.<\/p>\n<p>Info:An dem Wiesenr\u00fccken des Joches angekommen h\u00e4lt man sich unmittelbar nach passieren des Drehkreuzes nach links. Nach ca. 100m ist dann der Einstieg zu bew\u00e4ltigen. Nun geht es \u00fcber zahlreiche Felsrippen zum so genannten &#8222;Kamin&#8220;. Die schmale Felsrinne ist besonders vorsichtig zu durchqueren, da von vorausgehenden immer wieder Steine gel\u00f6st werden k\u00f6nnen. Durch einen schmalen Durchschlupf endet nun dieser &#8222;Kamin&#8220; und eine herrliche Aussicht ins Alpenvorland nach Norden tut sich auf.<br \/>\nZu unserer Rechten f\u00fchrt nun der Weg weiter \u00fcber felsiges Terrain und ein paar kniffligen Stellen (Schwierigkeitsgrad I) zum Grat, dem wir nun folgen und nach ca. 20 Minuten den Gipfel erreichen. (aus:www.alpic.net)<br \/>\nFast h\u00e4tte ich angesichts der ungeschickten und sich \u00fcbersch\u00e4tzenden Menschen den Aufstieg abgebrochen. Aber die Gier war zu gro\u00df. Mich im Kamin immer an der Seite haltend, um nicht zuviel abzubekommen, wenn jemand eine Lawine ausl\u00f6ste, \u00fcberholte ich so viele wie m\u00f6glich. Einige verkletterten sich kurz vorm Gipfel, das schaffte wieder etwas Platz und Sicherheit&#8230;<br \/>\nDie Aussicht am Gipfelkreuz ist umwerfend. Der Abstieg hoffentlich nicht &#8230;<\/p>\n<p>&nbsp;<\/p>\n<p><a href=\"http:\/\/www.nmbiking.de\/oldsite\/reutte05\/reutte05_24b.jpg\" rel=\"Lightbox\" title=\"\"><img decoding=\"async\" src=\"http:\/\/www.nmbiking.de\/oldsite\/reutte05\/reutte05_24.jpg\" class=\"img\" width=\"190\" \/> <\/a> <a href=\"http:\/\/www.nmbiking.de\/reutte05\/oldsite\/reutte05_25b.jpg\"rel=\"Lightbox\" title=\"\"><img decoding=\"async\" src=\"http:\/\/www.nmbiking.de\/oldsite\/reutte05\/reutte05_25.jpg\"class=\"img\" width=\"180\" \/><\/a> <a href=\"http:\/\/www.nmbiking.de\/reutte05\/oldsite\/reutte05_26b.jpg\" rel=\"Lightbox\" title=\"\"><img decoding=\"async\" src=\"http:\/\/www.nmbiking.de\/oldsite\/reutte05\/reutte05_26.jpg\" class=\"img\" width=\"180\" \/><\/a> <\/p>\n<p><a href=\"http:\/\/www.nmbiking.de\/oldsite\/reutte05\/reutte05_27b.jpg\" rel=\"Lightbox\" title=\"\"><img decoding=\"async\" src=\"http:\/\/www.nmbiking.de\/oldsite\/reutte05\/reutte05_27.jpg\" class=\"img\" width=\"190\" \/> <\/a> <a href=\"http:\/\/www.nmbiking.de\/oldsite\/reutte05\/reutte05_28b.jpg\"rel=\"Lightbox\" title=\"\"><img decoding=\"async\" src=\"http:\/\/www.nmbiking.de\/oldsite\/reutte05\/reutte05_28.jpg\"class=\"img\" width=\"180\" \/><\/a> <a href=\"http:\/\/www.nmbiking.de\/oldsite\/reutte05\/reutte05_30b.jpg\" rel=\"Lightbox\" title=\"\"><img decoding=\"async\" src=\"http:\/\/www.nmbiking.de\/oldsite\/reutte05\/reutte05_30.jpg\" class=\"img\" width=\"180\" \/><\/a> <\/p>\n<p>&nbsp;<\/p>\n<p>&nbsp;<\/p>\n<p>Tag: Mo, 31.10.05<br \/>\nFahrer\/innen: mit Elisabeth<br \/>\nStrecke: Reutte, Heiterwanger See, Plansee, Ministersteig<br \/>\nDauer\/L\u00e4nge\/H\u00f6henmeter: 2,5 Std \/ 28 km<br \/>\n<font color=#6633cc size=4>Heiterwanger See<\/font><br \/>\nVon Reutte aus geht es \u00fcber die Klause nach Heiterwang (MTB Weg). Am Heiterwanger See ist es bitter kalt, die Wiesen sind gereift. Der Heiterwanger See geht in den Plansee \u00fcber, den wir von der ersten Tour her schon kennen. Das Highlight der kleinen Tour ist dann der sog. Ministersteig: ein Wanderweg der \u00fcber den Stuibenf\u00e4llen hinwegf\u00fchrt und einen sch\u00f6nen Blick auf die Berge erlaubt, an den wir in den Tagen vorher unterwegs waren. <\/p>\n<p>&nbsp;<\/p>\n<p><a href=\"http:\/\/www.nmbiking.de\/oldsite\/reutte05\/reutte05_33b.jpg\" rel=\"Lightbox\" title=\"\"><img decoding=\"async\" src=\"http:\/\/www.nmbiking.de\/oldsite\/reutte05\/reutte05_33.jpg\" class=\"img\" width=\"190\" \/> <\/a> <a href=\"http:\/\/www.nmbiking.de\/reutte05\/oldsite\/reutte05_34b.jpg\"rel=\"Lightbox\" title=\"\"><img decoding=\"async\" src=\"http:\/\/www.nmbiking.de\/oldsite\/reutte05\/reutte05_34.jpg\"class=\"img\" width=\"180\" \/><\/a> <a href=\"http:\/\/www.nmbiking.de\/reutte05\/oldsite\/reutte05_35b.jpg\" rel=\"Lightbox\" title=\"\"><img decoding=\"async\" src=\"http:\/\/www.nmbiking.de\/oldsite\/reutte05\/reutte05_35.jpg\" class=\"img\" width=\"180\" \/><\/a> <\/p>\n","protected":false},"excerpt":{"rendered":"<p>Mountainbiken in Tirol * Reutte 2005 &nbsp; Die Touren 1 Urisee und Plansee (locker) 2 Tannheimer Berge: F\u00fcssener H\u00fctte und F\u00fcssener J\u00f6chle (heftig) 3 Wanderung: Gehrenspitze (heftig und gef\u00e4hrlich) 4 Heiterwanger See (locker und kalt) &nbsp; Das Mountainbike-Revier Reutte in Tirol ist von uns aus in f\u00fcnf bis sechs Stunden zu erreichen und bietet Mountainbikern &hellip; <\/p>\n<p class=\"link-more\"><a href=\"https:\/\/nmbiking.de\/wp\/?page_id=2226\" class=\"more-link\"><span class=\"screen-reader-text\">\u201eReutte 2005\u201c <\/span>weiterlesen<\/a><\/p>\n","protected":false},"author":65,"featured_media":0,"parent":1448,"menu_order":0,"comment_status":"open","ping_status":"closed","template":"","meta":{"footnotes":""},"class_list":["post-2226","page","type-page","status-publish","hentry"],"_links":{"self":[{"href":"https:\/\/nmbiking.de\/wp\/index.php?rest_route=\/wp\/v2\/pages\/2226","targetHints":{"allow":["GET"]}}],"collection":[{"href":"https:\/\/nmbiking.de\/wp\/index.php?rest_route=\/wp\/v2\/pages"}],"about":[{"href":"https:\/\/nmbiking.de\/wp\/index.php?rest_route=\/wp\/v2\/types\/page"}],"author":[{"embeddable":true,"href":"https:\/\/nmbiking.de\/wp\/index.php?rest_route=\/wp\/v2\/users\/65"}],"replies":[{"embeddable":true,"href":"https:\/\/nmbiking.de\/wp\/index.php?rest_route=%2Fwp%2Fv2%2Fcomments&post=2226"}],"version-history":[{"count":7,"href":"https:\/\/nmbiking.de\/wp\/index.php?rest_route=\/wp\/v2\/pages\/2226\/revisions"}],"predecessor-version":[{"id":67164,"href":"https:\/\/nmbiking.de\/wp\/index.php?rest_route=\/wp\/v2\/pages\/2226\/revisions\/67164"}],"up":[{"embeddable":true,"href":"https:\/\/nmbiking.de\/wp\/index.php?rest_route=\/wp\/v2\/pages\/1448"}],"wp:attachment":[{"href":"https:\/\/nmbiking.de\/wp\/index.php?rest_route=%2Fwp%2Fv2%2Fmedia&parent=2226"}],"curies":[{"name":"wp","href":"https:\/\/api.w.org\/{rel}","templated":true}]}}