{"id":2182,"date":"2008-09-03T14:08:50","date_gmt":"2008-09-03T15:08:50","guid":{"rendered":"https:\/\/nmbiking.de\/wp\/?page_id=2182"},"modified":"2020-11-06T21:15:53","modified_gmt":"2020-11-06T20:15:53","slug":"tannheimer-tal-2006","status":"publish","type":"page","link":"https:\/\/nmbiking.de\/wp\/?page_id=2182","title":{"rendered":"Tannheimer Tal 2006"},"content":{"rendered":"<p><img decoding=\"async\" src=\"http:\/\/www.nmbiking.de\/oldsite\/tannheim06\/kopf_tagebuch.jpg\" class=\"img\" width=\"600\" \/><\/p>\n<h2>Z\u00f6blen 2006<\/h2>\n<p>&nbsp;<\/p>\n<p><strong>Das Mountainbikerevier<\/strong><br \/>\nDas Tannheimer Tal ist eine Alpenregion, die von uns aus relativ gut zu erreichen ist: 460 km. \u00c4tzend sind nat\u00fcrlich die Autobahnst\u00fccke zwischen Karlsruhe und Ulm. Nachts fahren lohnt sich. Kurz hinter Kempten verlassen wir die Autobahn und schl\u00e4ngeln uns durch das Oberallg\u00e4u. Nach Oberjoch \u00f6ffnet sich \u00d6sterreich und das sch\u00f6ne Tannheimer Tal. Im Winter ist hier mehr los als im Sommer oder Herbst. Wir wissen es zu sch\u00e4tzen. Trotzdem ist es sinnvoll, die sch\u00f6nen Ecken wie F\u00fcssener J\u00f6chle, an Wochenenden zu meiden. Die Kabinenbahn schaufelt pausenlos Menschen hoch&#8230;<br \/>\nDie Gegend ist hervorragend geeignet f\u00fcr ein gem\u00fctliches Biken. Frauen, Ehefrauen und Partnerinnen werden es zu sch\u00e4tzen wissen, auf ashaltierten Str\u00e4\u00dfchen und Schotterwegen mit m\u00e4\u00dfigen Steigungen durch das Tal oder \u00fcber H\u00f6henwege biken zu k\u00f6nnen. Nat\u00fcrlich k\u00f6nnen auch H\u00f6henmeter gemacht werden, z.B. Krinnenalpe oder Gappenfeldalpe. Singletrails sind wenige fahrbar. Meist sind es Wanderwege, auf denen das Bike viel getragen werden muss.<\/p>\n<p>&nbsp;<\/p>\n<p><img decoding=\"async\" src=\"http:\/\/www.nmbiking.de\/oldsite\/tannheim06\/karte1.jpg\" class=\"img\"  \/> <img decoding=\"async\" src=\"http:\/\/www.nmbiking.de\/oldsite\/tannheim06\/schild.jpg\" class=\"img\" \/><\/p>\n<p>&nbsp;<\/p>\n<p><strong>Das Tiroler Mountainbikemodell<\/strong><br \/>\nRadfahren ist in ganz \u00d6sterreich auf Forstwegen und auch auf den meisten Almwegen verboten. Es gibt jedoch die M\u00f6glichkeit, dass Wegerhalter ihre Wege freiwillig f\u00fcr das Radfahren \u00f6ffnen. Diese M\u00f6glichkeit wird seit 1997 aktiv vom Land Tirol durch das Tiroler Mountainbikemodell unterst\u00fctzt.<br \/>\nDie Eckpfeiler des Modells:<br \/>\n* In einem Vertrag zwischen Wegehalter (Grundbesitzer) und Gemeinden oder Tourismusverb\u00e4nden wird der Weg f\u00fcr das Radfahren freigegeben.<br \/>\n* Das Land Tirol f\u00f6rdert das zwischen Wegehalter und Tourismusverband oder Gemeinde vereinbarte Entgelt mit einem j\u00e4hrlichen Landesbeitrag in H\u00f6he von EUR 0,11 \/lfm Wegl\u00e4nge.<br \/>\n* Das Land Tirol finanziert die tirolweit einheitliche Beschilderung der freigegebenen Routen (inkl. Schwierigkeitsgrad analog Schipisten).<br \/>\n* Das Land Tirol schlie\u00dft eine Wegehalter- und Betriebshaftpflichtversicherung f\u00fcr alle Wege ab (inkl. Rechtsschutzversicherung f\u00fcr Wegehalter und Bewirtschafter).<br \/>\nGrunds\u00e4tzlich gilt das MTB Modell Tirol nur f\u00fcr breite Forst- und Almwege. Jetzt k\u00f6nnen mit Zustimmung des Grundbesitzers auch Steige mit einer Wegbreite von unter 2 Meter in das Bikenetz mit aufgenommen werden. Dazu gibt`s einen eigenen Vertrag und ein h\u00f6heres Entgelt!<br \/>\nMehr Infos und Karten (!) auf www.tirol.gv.at<\/p>\n<p>&nbsp;<\/p>\n<p><strong>Die Touren<\/strong><br \/>\n1 H\u00f6fersee und Vilstalsee<br \/>\n2 Krinnenalpe<br \/>\n3 Jungholz und Vilstal<br \/>\n3 Haldenrunde (Einstein)<\/p>\n<p>&nbsp;<\/p>\n<p>&nbsp;<\/p>\n<p>Tag: Di, 24.10.06<br \/>\nStrecke: H\u00f6fersee, Tannheim, Vilsalpsee, Z\u00f6blen<br \/>\nDauer\/L\u00e4nge\/H\u00f6henmeter: 2 Std<\/p>\n<p>&nbsp;<\/p>\n<p><strong>Zwei Stunden lang trocken<\/strong><br \/>\nDer Himmel rei\u00dft auf, es h\u00f6rt auf zu regnen, sogar die Sonne l\u00e4sst sich blicken. Gem\u00fctlich (Elisabeth will sich ja erholen!) drehen wir die erste Runde durchs Tannheimer Tal. Direkt gegen\u00fcber von Z\u00f6blen f\u00fchrt ein Weg 200m in die H\u00f6he und verschafft den Nutzern einen sch\u00f6nen Blick ins Tannheimer Tal und auf die Felszacken von L\u00e4uferspitze, Roter Fluh und Gimpel. Bald schon geht es wieder bergab und wir kommen zum kleinen H\u00f6fersee.<br \/>\nInzwischen haben sich dicke, dunkle Wolken vor den blauen Himmel und die Sonne geschoben. Wir m\u00fcssen weiter. An Tannheim vorbei geht es zum Vilsapsee. Eine breite, zu dieser Jahres- und Tagezeit kaum befahrene Teerstra\u00dfe f\u00fchrt zum See. Ein Fu\u00dfweg dorthin ist f\u00fcr Bikes gesperrt (Wieso eigentlich? Er ist breit genug!). Wir halten uns dran. Am See: zwei Restaurants, ein Bootsverleih, vier Touristen und f\u00fcnf rote B\u00e4nke. Da die Sonne fehlt, wirkt der von Bergen eng umstandene See etwas d\u00fcster. Auf einem Sattel sieht man die Landsberger H\u00fctte thronen. Eine Wanderung dort hoch lohnt sich, vielleicht machen wir sie. Wir umrunden (verbotener Weise) den See.<br \/>\nWir besuchen anschlie\u00dfend ein paar Schafe und halten Picknick: zwei trockene Br\u00f6tchen und eine Banane. Den M\u00fcll nehmen wir mit. Schlie\u00dflich sind wir hier im sauberen \u00d6sterreich, da darf sogar der Plastikm\u00fcll nur gesp\u00fclt in den M\u00fcll. Kleiner Zwischenstopp an der Pestkapelle St.Leonhart. Sie ist frisch und teuer restauriert worden. Es wird um Spenden gebeten. Der Hauptraum ist vergittert, dahinter liegen die gespendeten M\u00fcnzen&#8230;<br \/>\nW\u00e4ren zwei schwerh\u00f6rige Wanderer (mehrmaliges Klingeln unsererseits) schneller aus dem Weg gegangen, w\u00e4ren wir nach zwei Stunden ganz trocken in unsere Unterkunft gekommen. <\/p>\n<p>&nbsp;<\/p>\n<p><a href=\"http:\/\/www.nmbiking.de\/oldsite\/tannheim06\/tannheim06_1b.jpg\" rel=\"Lightbox\" title=\"\"><img decoding=\"async\" src=\"http:\/\/www.nmbiking.de\/oldsite\/tannheim06\/tannheim06_1.jpg\" class=\"img\" width=\"170\" \/> <\/a> <a href=\"http:\/\/www.nmbiking.de\/oldsite\/tannheim06\/tannheim06_10b.jpg\"rel=\"Lightbox\" title=\"\"><img decoding=\"async\" src=\"http:\/\/www.nmbiking.de\/oldsite\/tannheim06\/tannheim06_10.jpg\"class=\"img\" width=\"180\" \/><\/a> <a href=\"http:\/\/www.nmbiking.de\/oldsite\/tannheim06\/tannheim06_11b.jpg\" rel=\"Lightbox\" title=\"\"><img decoding=\"async\" src=\"http:\/\/www.nmbiking.de\/oldsite\/tannheim06\/tannheim06_11.jpg\" class=\"img\" width=\"180\" \/><\/a> <\/p>\n<p><a href=\"http:\/\/www.nmbiking.de\/oldsite\/tannheim06\/tannheim06_12b.jpg\" rel=\"Lightbox\" title=\"\"><img decoding=\"async\" src=\"http:\/\/www.nmbiking.de\/oldsite\/tannheim06\/tannheim06_12.jpg\" class=\"img\" width=\"170\" \/> <\/a> <a href=\"http:\/\/www.nmbiking.de\/oldsite\/tannheim06\/tannheim06_13b.jpg\"rel=\"Lightbox\" title=\"\"><img decoding=\"async\" src=\"http:\/\/www.nmbiking.de\/oldsite\/tannheim06\/tannheim06_13.jpg\"class=\"img\" width=\"180\" \/><\/a> <a href=\"http:\/\/www.nmbiking.de\/oldsite\/tannheim06\/tannheim06_14b.jpg\" rel=\"Lightbox\" title=\"\"><img decoding=\"async\" src=\"http:\/\/www.nmbiking.de\/oldsite\/tannheim06\/tannheim06_14.jpg\" class=\"img\" width=\"180\" \/><\/a> <\/p>\n<p>&nbsp;<\/p>\n<p>&nbsp;<\/p>\n<p>Tag: Mi, 25.10.06<br \/>\nStrecke: Gr\u00e4n, Adlerhorst, Nesselw\u00e4ngle, Rauth, Krinnenalpe, Haldensee, Tannheim<br \/>\nDauer\/L\u00e4nge\/H\u00f6henmeter: 4 Std \/ 48 km \/ 900 hm (gesch\u00e4tzt)<\/p>\n<p>&nbsp;<\/p>\n<p><strong>Krinnenalpe<\/strong><br \/>\nDas Wetter h\u00e4lt uns ziemlich lange hin, bis es endlich sch\u00f6n wird. Als wir starten, ist der Himmel noch mit grauen Wolken behangen, die sich aber nicht mehr so fest aneinander klammern wie gestern. Kalt ist es, na ja Herbst! \u00dcber einen H\u00f6henweg gondeln wir in Richtung Haldensee. Ein tolles Panorama: die felsigen Bergr\u00fccken von Roter Fluh und Kumpels immer vor uns. An jeder zweiten Ecke steht eine frisch restaurierte Kapelle. Sehr fotogen. Die Kamera habe ich meist vor der Brust baumeln.<br \/>\nIn Gr\u00e4n m\u00fcssen wir einige H\u00f6henmeter bew\u00e4ltigen, wir n\u00e4hern uns den Felsw\u00e4nden der sogenannten Tannheimer Gruppe. Bald gibt es einen sch\u00f6nen Blick auf den Haldensee. Anschlie\u00dfend eine schottrige Abfahrt zum Adlerhorst, der \u00fcber dem See auf der Felssrinne klebt. Wir fahren ganz runter bis Nesselw\u00e4ngle und n\u00e4hern uns dem H\u00f6hepunkt der Tour. Er lag nicht in der H\u00f6he an Metern, sondern es z\u00e4hlt die H\u00f6he des Genusses. Wir genie\u00dfen in dem kleinen D\u00f6rfchen Rauth: die Sonne, die gegen Mittag w\u00e4rmend endlich durchbricht. Wir genie\u00dfen eine urige Jausenstation, einen alten Berggasthof namens &#8222;Klein Meran&#8220; mit einem indischen Wirt, der \u00d6sterreichisch spricht. Wir genie\u00dfen das Panorama, das Dorf vor uns mit Kapelle und die Berge im Hintergrund. Wir genie\u00dfen die Pilzsuppe und das Haferl Kaffee, die auf der Terrasse auf alten Holztischen serviert werden. Vor fast zwanzig Jahren haben wir in diesem \u00d6rtchen schon einmal mit den Kindern Urlaub gemacht. Vieles erkennen wir wieder&#8230;<br \/>\nVon Rauth aus f\u00fchrt eine markierte MTB-Route zur Krinnenalpe (1560m). Ein gepflegter breiter weg bis zur ehemaligen Rauther Alpe, anschlie\u00dfend ein Singletrail weiter bis zur Alpe. Anfangs m\u00fcssen wir schieben bis zum Johanneskreuz und dann ist ein Gro\u00dfteil fahrbar. Der Blick geht ins Tal oder zur von der Sonne beschienenen Tannheimer Gruppe. Unterhalb der Krinnenalpe verdr\u00fccken wir unsere Br\u00f6tchen im letzten Sonneschein. Es ist zwar erst 14 Uhr, aber die hohen Berge lassen die tief stehende Sonne nicht mehr durch. Ein Schotterweg bringt uns schnell hinunter zum Haldensee und in Haller haben wir die Sonne wieder. Im Cafe am See wird der Kaffee in traditioneller \u00f6sterreichischer Manier mit einem Glas Wasser serviert.<br \/>\nDurchs Tannheimer Tal treten wir den R\u00fcckweg \u00fcber sonnige Radwege an. Einge sch\u00f6ne B\u00e4nke waren leider von Touris besetzt &#8211; und ich durfte sie nicht verjagen &#8230;<\/p>\n<p>&nbsp;<\/p>\n<p><a href=\"http:\/\/www.nmbiking.de\/oldsite\/tannheim06\/tannheim06_15b.jpg\" rel=\"Lightbox\" title=\"\"><img decoding=\"async\" src=\"http:\/\/www.nmbiking.de\/oldsite\/tannheim06\/tannheim06_15.jpg\" class=\"img\" width=\"170\" \/> <\/a> <a href=\"http:\/\/www.nmbiking.de\/oldsite\/tannheim06\/tannheim06_16b.jpg\"rel=\"Lightbox\" title=\"\"><img decoding=\"async\" src=\"http:\/\/www.nmbiking.de\/oldsite\/tannheim06\/tannheim06_16.jpg\"class=\"img\" width=\"180\" \/><\/a> <a href=\"http:\/\/www.nmbiking.de\/oldsite\/tannheim06\/tannheim06_17b.jpg\" rel=\"Lightbox\" title=\"\"><img decoding=\"async\" src=\"http:\/\/www.nmbiking.de\/oldsite\/tannheim06\/tannheim06_17.jpg\" class=\"img\" width=\"180\" \/><\/a> <\/p>\n<p><a href=\"http:\/\/www.nmbiking.de\/oldsite\/tannheim06\/tannheim06_18b.jpg\" rel=\"Lightbox\" title=\"\"><img decoding=\"async\" src=\"http:\/\/www.nmbiking.de\/oldsite\/tannheim06\/tannheim06_18.jpg\" class=\"img\" width=\"170\" \/> <\/a> <a href=\"http:\/\/www.nmbiking.de\/oldsite\/tannheim06\/tannheim06_19b.jpg\"rel=\"Lightbox\" title=\"\"><img decoding=\"async\" src=\"http:\/\/www.nmbiking.de\/oldsite\/tannheim06\/tannheim06_19.jpg\"class=\"img\" width=\"180\" \/><\/a> <a href=\"http:\/\/www.nmbiking.de\/oldsite\/tannheim06\/tannheim06_21b.jpg\" rel=\"Lightbox\" title=\"\"><img decoding=\"async\" src=\"http:\/\/www.nmbiking.de\/oldsite\/tannheim06\/tannheim06_21.jpg\" class=\"img\" width=\"180\" \/><\/a> <\/p>\n<p><a href=\"http:\/\/www.nmbiking.de\/oldsite\/tannheim06\/tannheim06_22b.jpg\" rel=\"Lightbox\" title=\"\"><img decoding=\"async\" src=\"http:\/\/www.nmbiking.de\/oldsite\/tannheim06\/tannheim06_22.jpg\" class=\"img\" width=\"170\" \/> <\/a> <a href=\"http:\/\/www.nmbiking.de\/oldsite\/tannheim06\/tannheim06_23b.jpg\"rel=\"Lightbox\" title=\"\"><img decoding=\"async\" src=\"http:\/\/www.nmbiking.de\/oldsite\/tannheim06\/tannheim06_24.jpg\"class=\"img\" width=\"180\" \/><\/a> <a href=\"http:\/\/www.nmbiking.de\/oldsite\/tannheim06\/tannheim06_24b.jpg\" rel=\"Lightbox\" title=\"\"><img decoding=\"async\" src=\"http:\/\/www.nmbiking.de\/oldsite\/tannheim06\/tannheim06_24.jpg\" class=\"img\" width=\"180\" \/><\/a> <\/p>\n<p><a href=\"http:\/\/www.nmbiking.de\/oldsite\/tannheim06\/tannheim06_25b.jpg\" rel=\"Lightbox\" title=\"\"><img decoding=\"async\" src=\"http:\/\/www.nmbiking.de\/oldsite\/tannheim06\/tannheim06_25.jpg\" class=\"img\" width=\"170\" \/> <\/a> <a href=\"http:\/\/www.nmbiking.de\/oldsite\/tannheim06\/tannheim06_29b.jpg\"rel=\"Lightbox\" title=\"\"><img decoding=\"async\" src=\"http:\/\/www.nmbiking.de\/oldsite\/tannheim06\/tannheim06_29.jpg\"class=\"img\" width=\"180\" \/><\/a> <a href=\"http:\/\/www.nmbiking.de\/oldsite\/tannheim06\/tannheim06_30b.jpg\" rel=\"Lightbox\" title=\"\"><img decoding=\"async\" src=\"http:\/\/www.nmbiking.de\/oldsite\/tannheim06\/tannheim06_30.jpg\" class=\"img\" width=\"180\" \/><\/a> <\/p>\n<p>&nbsp;<\/p>\n<p>&nbsp;<\/p>\n<p>Tag: Do, 26.10.06<br \/>\nStrecke: Gr\u00e4n, Bad Kissinger H\u00fctte, Aggenstein, F\u00fcssener J\u00f6chle, Gr\u00e4n<br \/>\nDauer\/L\u00e4nge\/H\u00f6henmeter: 5 Std<\/p>\n<p>&nbsp;<\/p>\n<p><strong>Wanderung: Aggenstein<\/strong><br \/>\nVon Gr\u00e4n\/Enge aus Aufstieg zur Bad Kissinger H\u00fctte, die direkt unterhalb des Aggenstein liegt. Bei sch\u00f6nem Wetter ist sie um diese Zeit noch bewirtschaftet. Und es ist sch\u00f6nes Wetter. Wir starten durch, um den Aggenstein, einen ber\u00fchmten Aussichtsberg, zu erklimmen. Das letzte St\u00fcck verlangt Schwindelfreiheit und einige Kletterk\u00fcnste. Eine Eisenkette hilft beim Klettern. Elisabeth wartet am Einstieg auf mich. Schnell hoch und schnell wieder runter. Am Gipefelkreuz ist mir zu viel Betrieb. Von Pfronten aus geht eine Seilbahn hoch und von der Bergstation ist man (leider) schnell auf dem Aggenstein &#8230;<br \/>\nWir kehren zur H\u00fctte zur\u00fcck. Inzwischen herrscht bei diesem tollen Wetter hier oben viel Betrieb. Wir wandern hin\u00fcber zum F\u00fcssener J\u00f6chle. Dort geht vom Tannheimer Tal auch eine Seilbahn hoch, entsprechend viele Leute kommen uns entgegen. Alle f\u00fcnf Minuten&#8230; Das w\u00e4re nicht das Schlimmste. Viele wollen wie wir in diese sch\u00f6ne Region. Das Schlimme ist, dass viele Leute beim Wandern einfach nicht ihr Mundwerk geschlossen halten k\u00f6nnen. Schon von weitem h\u00f6rt man das Geschnatter der sportlich gestylten Fitnesssch\u00f6nheiten. Wer in die Berge geht, h\u00f6rt den Bergen zu &#8211; und sonst niemanden.<br \/>\nVom F\u00fcssener J\u00f6chle treten wir den R\u00fcckzug an. Diesmal w\u00e4hlen wir den Weg, den wir vor einem Jahr besser mit dem Mountainbike genommen h\u00e4tten. Anfangs etwas steil und ger\u00f6llhaltig, wird er bald besser und sp\u00e4ter zu einer breiten Skipiste&#8230;<\/p>\n<p>&nbsp;<\/p>\n<p><a href=\"http:\/\/www.nmbiking.de\/oldsite\/tannheim06\/tannheim06_33b.jpg\" rel=\"Lightbox\" title=\"\"><img decoding=\"async\" src=\"http:\/\/www.nmbiking.de\/oldsite\/tannheim06\/tannheim06_33.jpg\" class=\"img\" width=\"170\" \/> <\/a> <a href=\"http:\/\/www.nmbiking.de\/oldsite\/tannheim06\/tannheim06_34b.jpg\"rel=\"Lightbox\" title=\"\"><img decoding=\"async\" src=\"http:\/\/www.nmbiking.de\/oldsite\/tannheim06\/tannheim06_35.jpg\"class=\"img\" width=\"180\" \/><\/a> <a href=\"http:\/\/www.nmbiking.de\/oldsite\/tannheim06\/tannheim06_36b.jpg\" rel=\"Lightbox\" title=\"\"><img decoding=\"async\" src=\"http:\/\/www.nmbiking.de\/oldsite\/tannheim06\/tannheim06_36.jpg\" class=\"img\" width=\"180\" \/><\/a> <\/p>\n<p><a href=\"http:\/\/www.nmbiking.de\/oldsite\/tannheim06\/tannheim06_37b.jpg\" rel=\"Lightbox\" title=\"\"><img decoding=\"async\" src=\"http:\/\/www.nmbiking.de\/oldsite\/tannheim06\/tannheim06_37.jpg\" class=\"img\" width=\"170\" \/> <\/a> <a href=\"http:\/\/www.nmbiking.de\/oldsite\/tannheim06\/tannheim06_31b.jpg\"rel=\"Lightbox\" title=\"\"><img decoding=\"async\" src=\"http:\/\/www.nmbiking.de\/oldsite\/tannheim06\/tannheim06_31.jpg\"class=\"img\" width=\"180\" \/><\/a> <a href=\"http:\/\/www.nmbiking.de\/oldsite\/tannheim06\/tannheim06_32b.jpg\" rel=\"Lightbox\" title=\"\"><img decoding=\"async\" src=\"http:\/\/www.nmbiking.de\/oldsite\/tannheim06\/tannheim06_32.jpg\" class=\"img\" width=\"180\" \/><\/a> <\/p>\n<p>&nbsp;<\/p>\n<p>&nbsp;<\/p>\n<p>Tag: Fr, 27.10.06<br \/>\nStrecke: Schattwald, Vilstalstausee, Unterjoch, Obere Sorgalpe, Jungholz, Vilstal &#8211; Schattwald, Obere Halde, Einstein, Tannheim-Berg<br \/>\nDauer\/L\u00e4nge\/H\u00f6henmeter: 4 Std \/ 42 km \/ 800 hm (gesch\u00e4tzt)<\/p>\n<p>&nbsp;<\/p>\n<p><strong>Ins Allg\u00e4u<\/strong><br \/>\nDie Tour hatte zwei Teile. Einen eher lockeren, raus aus dem Tannheimer Tal Richtung Flachland, Allg\u00e4u. Der zweite Teil brachte die H\u00f6henmeter und das Panorama.<\/p>\n<p>&nbsp;<\/p>\n<p>Teil 1: Idyllisch bis Jungholz<br \/>\nZuerst geht es aus Z\u00f6blen raus, durch Schattwald zum kleinen Vils-Stausee. \u00dcber kleine geteerte Str\u00e4\u00dfchen kommen wir nach Unterjoch. Die Herbstsonne w\u00e4rmt herrlich. Die Berge sind hier flacher, die Gegend gem\u00fctlicher. Ab und zu m\u00fcssen wir ein paar Steigungen bew\u00e4ltigen. wir kommen nach Jungholz, einem \u00d6rtchen, das ganz auf den Skizirkus im Winter eingestellt ist. An jedem Hang ein Lift, in den Wald geschlagene Pisten. Jungholz ist schneesicher, verk\u00fcndet die Eigenwerbung. An jeder Piste stehen nagelneue Schneekanonen herum. Ja dann! Dank einer scuhlechten Ausschilderung (zur Schrofenh\u00fctte, die dann im Ort lag!) kommen wir auch in den Genuss der Pisten. Weil wir falsch sind, m\u00fcssen wir zwei davon benutzen.<br \/>\nOberhalb von Jungholz f\u00fchrt uns unsere Route ins Vilstal. Der Weg ist ein wenig steil und rutschig. Dann geht es an der rauschenden Vils vorbei zur\u00fcck nach Schattwald. Die Wege sind prima ausgeschildert!<\/p>\n<p>&nbsp;<\/p>\n<p>Teil 2: Die Haldenrunde<br \/>\nDer ausgeschilderte Mountainbikeweg sollte besser &#8222;Einstein-Tour&#8220; hei\u00dfen, denn ihn hat man bei der Runde oft im Blick. Immer wieder auch sch\u00f6ne Ausblicke auf das Tannheimer Tal und die Berge. Das Tal kommt immer n\u00e4her und ist schnell erreicht. Auf der rechten Talseite fahren wir zur\u00fcck nach Z\u00f6blen.<br \/>\nAbends wandern wir noch hoch zum Gasthof &#8222;Zugspitzblick&#8220;. Die Gastgeberoma best\u00e4tigt, dass man bei gutem Wetter tats\u00e4chlich den h\u00f6chsten deutschen Berg sehen kann.<\/p>\n<p>&nbsp;<\/p>\n<p><a href=\"http:\/\/www.nmbiking.de\/oldsite\/tannheim06\/tannheim06_39b.jpg\" rel=\"Lightbox\" title=\"\"><img decoding=\"async\" src=\"http:\/\/www.nmbiking.de\/oldsite\/tannheim06\/tannheim06_39.jpg\" class=\"img\" width=\"170\" \/> <\/a> <a href=\"http:\/\/www.nmbiking.de\/oldsite\/tannheim06\/tannheim06_40b.jpg\"rel=\"Lightbox\" title=\"\"><img decoding=\"async\" src=\"http:\/\/www.nmbiking.de\/oldsite\/tannheim06\/tannheim06_40.jpg\"class=\"img\" width=\"180\" \/><\/a> <a href=\"http:\/\/www.nmbiking.de\/oldsite\/tannheim06\/tannheim06_41b.jpg\" rel=\"Lightbox\" title=\"\"><img decoding=\"async\" src=\"http:\/\/www.nmbiking.de\/oldsite\/tannheim06\/tannheim06_41.jpg\" class=\"img\" width=\"180\" \/><\/a> <\/p>\n<p><a href=\"http:\/\/www.nmbiking.de\/oldsite\/tannheim06\/tannheim06_43b.jpg\" rel=\"Lightbox\" title=\"\"><img decoding=\"async\" src=\"http:\/\/www.nmbiking.de\/oldsite\/tannheim06\/tannheim06_43.jpg\" class=\"img\" width=\"170\" \/> <\/a> <a href=\"http:\/\/www.nmbiking.de\/oldsite\/tannheim06\/tannheim06_44b.jpg\"rel=\"Lightbox\" title=\"\"><img decoding=\"async\" src=\"http:\/\/www.nmbiking.de\/oldsite\/tannheim06\/tannheim06_44.jpg\"class=\"img\" width=\"180\" \/><\/a> <a href=\"http:\/\/www.nmbiking.de\/oldsite\/tannheim06\/tannheim06_45b.jpg\" rel=\"Lightbox\" title=\"\"><img decoding=\"async\" src=\"http:\/\/www.nmbiking.de\/oldsite\/tannheim06\/tannheim06_45.jpg\" class=\"img\" width=\"180\" \/><\/a> <\/p>\n<p><a href=\"http:\/\/www.nmbiking.de\/oldsite\/tannheim06\/tannheim06_50b.jpg\" rel=\"Lightbox\" title=\"\"><img decoding=\"async\" src=\"http:\/\/www.nmbiking.de\/oldsite\/tannheim06\/tannheim06_50.jpg\" class=\"img\" width=\"170\" \/> <\/a> <a href=\"http:\/\/www.nmbiking.de\/oldsite\/tannheim06\/tannheim06_51b.jpg\"rel=\"Lightbox\" title=\"\"><img decoding=\"async\" src=\"http:\/\/www.nmbiking.de\/oldsite\/tannheim06\/tannheim06_51.jpg\"class=\"img\" width=\"180\" \/><\/a> <a href=\"http:\/\/www.nmbiking.de\/oldsite\/tannheim06\/tannheim06_52b.jpg\" rel=\"Lightbox\" title=\"\"><img decoding=\"async\" src=\"http:\/\/www.nmbiking.de\/oldsite\/tannheim06\/tannheim06_52.jpg\" class=\"img\" width=\"180\" \/><\/a> <\/p>\n<p><a href=\"http:\/\/www.nmbiking.de\/oldsite\/tannheim06\/tannheim06_7b.jpg\" rel=\"Lightbox\" title=\"\"><img decoding=\"async\" src=\"http:\/\/www.nmbiking.de\/oldsite\/tannheim06\/tannheim06_7.jpg\" class=\"img\" width=\"170\" \/> <\/a> <a href=\"http:\/\/www.nmbiking.de\/oldsite\/tannheim06\/tannheim06_9b.jpg\"rel=\"Lightbox\" title=\"\"><img decoding=\"async\" src=\"http:\/\/www.nmbiking.de\/oldsite\/tannheim06\/tannheim06_9.jpg\"class=\"img\" width=\"180\" \/><\/a> <a href=\"http:\/\/www.nmbiking.de\/oldsite\/tannheim06\/tannheim06_46b.jpg\" rel=\"Lightbox\" title=\"\"><img decoding=\"async\" src=\"http:\/\/www.nmbiking.de\/oldsite\/tannheim06\/tannheim06_46.jpg\" class=\"img\" width=\"180\" \/><\/a> <\/p>\n","protected":false},"excerpt":{"rendered":"<p>Z\u00f6blen 2006 &nbsp; Das Mountainbikerevier Das Tannheimer Tal ist eine Alpenregion, die von uns aus relativ gut zu erreichen ist: 460 km. \u00c4tzend sind nat\u00fcrlich die Autobahnst\u00fccke zwischen Karlsruhe und Ulm. Nachts fahren lohnt sich. Kurz hinter Kempten verlassen wir die Autobahn und schl\u00e4ngeln uns durch das Oberallg\u00e4u. Nach Oberjoch \u00f6ffnet sich \u00d6sterreich und das &hellip; <\/p>\n<p class=\"link-more\"><a href=\"https:\/\/nmbiking.de\/wp\/?page_id=2182\" class=\"more-link\"><span class=\"screen-reader-text\">\u201eTannheimer Tal 2006\u201c <\/span>weiterlesen<\/a><\/p>\n","protected":false},"author":65,"featured_media":0,"parent":1448,"menu_order":0,"comment_status":"open","ping_status":"closed","template":"","meta":{"footnotes":""},"class_list":["post-2182","page","type-page","status-publish","hentry"],"_links":{"self":[{"href":"https:\/\/nmbiking.de\/wp\/index.php?rest_route=\/wp\/v2\/pages\/2182","targetHints":{"allow":["GET"]}}],"collection":[{"href":"https:\/\/nmbiking.de\/wp\/index.php?rest_route=\/wp\/v2\/pages"}],"about":[{"href":"https:\/\/nmbiking.de\/wp\/index.php?rest_route=\/wp\/v2\/types\/page"}],"author":[{"embeddable":true,"href":"https:\/\/nmbiking.de\/wp\/index.php?rest_route=\/wp\/v2\/users\/65"}],"replies":[{"embeddable":true,"href":"https:\/\/nmbiking.de\/wp\/index.php?rest_route=%2Fwp%2Fv2%2Fcomments&post=2182"}],"version-history":[{"count":4,"href":"https:\/\/nmbiking.de\/wp\/index.php?rest_route=\/wp\/v2\/pages\/2182\/revisions"}],"predecessor-version":[{"id":67101,"href":"https:\/\/nmbiking.de\/wp\/index.php?rest_route=\/wp\/v2\/pages\/2182\/revisions\/67101"}],"up":[{"embeddable":true,"href":"https:\/\/nmbiking.de\/wp\/index.php?rest_route=\/wp\/v2\/pages\/1448"}],"wp:attachment":[{"href":"https:\/\/nmbiking.de\/wp\/index.php?rest_route=%2Fwp%2Fv2%2Fmedia&parent=2182"}],"curies":[{"name":"wp","href":"https:\/\/api.w.org\/{rel}","templated":true}]}}