{"id":2165,"date":"2008-09-03T12:56:52","date_gmt":"2008-09-03T13:56:52","guid":{"rendered":"https:\/\/nmbiking.de\/wp\/?page_id=2165"},"modified":"2008-09-03T12:58:02","modified_gmt":"2008-09-03T13:58:02","slug":"karwendel-2007","status":"publish","type":"page","link":"https:\/\/nmbiking.de\/wp\/?page_id=2165","title":{"rendered":"Karwendel 2007"},"content":{"rendered":"<p><strong>Dreit\u00e4gige H\u00fcttentour durchs Karwendel<\/strong><br \/>\nFahrer\/innen: mit Jonas und Benjamin<\/p>\n<p>&nbsp;<\/p>\n<p>&nbsp;<\/p>\n<p><a href=\"https:\/\/nmbiking.de\/wp\/?page_id=1447\"><font color=\"red\">Erster Teil<\/font><\/a> des Karwendeltagebuchs &#8230;<br \/>\n<a href=\"https:\/\/nmbiking.de\/wp\/?page_id=1454\"><font color=\"red\">Zweiter Teil<\/font><\/a> des Karwendeltagebuchs &#8230;<br \/>\n<a href=\"https:\/\/nmbiking.de\/wp\/?page_id=1459\"><font color=\"red\">Dritter Teil<\/font><\/a> des Karwendeltagebuchs &#8230;<br \/>\n<a href=\"https:\/\/nmbiking.de\/wp\/?page_id=1460\"><font color=\"red\">Vierter Teil<\/font><\/a> des Karwendeltagebuchs &#8230;<br \/>\n<!--more--><\/p>\n<p>&nbsp;<\/p>\n<p>Die <strong>Videoclips zur Karwendel-Tour<\/strong>:<br \/>\nTipp: Wer sich die Filme ohne Geruckel am St\u00fcck ansehen will, klickt auf den Startpfeil und dann auf Pause. Unten im Fenster zeigt ein organgefarbener Balken den Ladezustand an. Bevor er das Ende erreicht hat, den Film starten, sonst l\u00e4dt er die ganze Geschichte nochmal! Das Laden dauert nat\u00fcrlich je nach Leitung einige Zeit, daf\u00fcr bekommt ihr eine andere Qualit\u00e4t als bei Youtube :-)<\/p>\n<p>&nbsp;<\/p>\n<p>Noch ist nicht alles so wie es uns gef\u00e4llt, wir arbeiten dran. Ein noch nicht ganz gel\u00f6stes Problem ist die Position der Helmkamera, hinzu kommt eine leider zu unruhige Kopfhaltung&#8230; Wenn die Jungs im Film klein wie Ameisen vorne wegfahren, l\u00e4sst das R\u00fcckschl\u00fcsse auf das Tempo zu &#8211; oft kam ich einfach nicht nach :-)<\/p>\n<p>&nbsp;<\/p>\n<p><center><font face=\"verdana\" size=\"2\"><font color=\"black\" size=\"1\"><br \/>\n<object classid=\"clsid:d27cdb6e-ae6d-11cf-96b8-444553540000\" height=\"300\" width=\"400\"><param name=\"movie\" value=\"http:\/\/www.videocommunity.com\/pc\/externer_player.swf?autostart=false&amp;alfs=true&amp;id=5779&amp;xmlurl=http:\/\/www.videocommunity.com\/pc\/\"><\/param><param name=\"autostart\" value=\"false\"><\/param><param name=\"allowFullScreen\" value=\"true\"><\/param><embed src=\"http:\/\/www.videocommunity.com\/pc\/externer_player.swf?autostart=false&amp;alfs=true&amp;id=5779&amp;laurin=b340Q934d449y529&amp;xmlurl=http:\/\/www.videocommunity.com\/pc\/\" allowfullscreen=\"true\" autostart=\"false\" height=\"300\" width=\"400\"><\/embed><\/object><br \/>\n<\/font><\/font><\/center><font face=\"verdana\" size=\"2\"> <\/font>   <center><object classid=\"clsid:d27cdb6e-ae6d-11cf-96b8-444553540000\" height=\"300\" width=\"400\"><param name=\"movie\" value=\"http:\/\/www.videocommunity.com\/pc\/externer_player.swf?autostart=false&amp;alfs=true&amp;id=5787&amp;xmlurl=http:\/\/www.videocommunity.com\/pc\/\"><\/param><param name=\"autostart\" value=\"false\"><\/param><param name=\"allowFullScreen\" value=\"true\"><\/param><embed src=\"http:\/\/www.videocommunity.com\/pc\/externer_player.swf?autostart=false&amp;alfs=true&amp;id=5787&amp;laurin=U364P632u35z670&amp;xmlurl=http:\/\/www.videocommunity.com\/pc\/\" allowfullscreen=\"true\" autostart=\"false\" height=\"300\" width=\"400\"><\/embed><\/object><\/center><font face=\"verdana\" size=\"2\"> <\/font><center><font face=\"verdana\" size=\"2\"><font color=\"black\" face=\"verdana\" size=\"2\"><br \/>\n<object classid=\"clsid:d27cdb6e-ae6d-11cf-96b8-444553540000\" height=\"300\" width=\"400\"><param name=\"movie\" value=\"http:\/\/www.videocommunity.com\/pc\/externer_player.swf?autostart=false&amp;alfs=true&amp;id=5799&amp;xmlurl=http:\/\/www.videocommunity.com\/pc\/\"><\/param><param name=\"autostart\" value=\"false\"><\/param><param name=\"allowFullScreen\" value=\"true\"><\/param><embed src=\"http:\/\/www.videocommunity.com\/pc\/externer_player.swf?autostart=false&amp;alfs=true&amp;id=5799&amp;laurin=G557a334y997g78&amp;xmlurl=http:\/\/www.videocommunity.com\/pc\/\" allowfullscreen=\"true\" autostart=\"false\" height=\"300\" width=\"400\"><\/embed><\/object><\/center> <\/p>\n<p>&nbsp;<\/p>\n<p><strong>Daten <\/strong>zu dieser  einmaligen Tour. In der Art wird sie wohl nie wiederholbar sein: mit diesem  Wetter (bestes Kaiserwetter) , mit diesen Begegnungen&#8230;<\/p>\n<p>&nbsp;<\/p>\n<p>Tour insgesamt nach Ciclo Master: 11:30 Std \/ 145 km \/ 4400 hm<br \/>\nDaten der einzelnen Tage nach Polar:<\/p>\n<p>&nbsp;<\/p>\n<p>Die Strecke:<br \/>\n<strong>1.Tag<\/strong> (Freitag): 41 km \/ 1400 hm \/ 3:30  Std<br \/>\nMittenwald (Start, Parken: Karwendelbahn)<br \/>\nScharnitz<br \/>\nKarwendeltal<br \/>\nLarchetalm<br \/>\nKarwendelhaus  (1771m)<br \/>\nJochkreuz (1803m)<br \/>\nKleiner Ahornboden<br \/>\nLadizalm<br \/>\nFalkenh\u00fctte  (1848m, \u00dcbernachtung)<\/p>\n<p>&nbsp;<\/p>\n<p><strong>2.Tag<\/strong> (Samstag): 45 km \/ 1850 hm \/ 4:20  Std<br \/>\nSpielissjoch<br \/>\nHohljoch<br \/>\nLalidersalm<br \/>\nLaliderertal<br \/>\nEngtal, Gro\u00dfer  Ahornboden<br \/>\nEngalm (1227m)<br \/>\nBinsalm<br \/>\nBinsalm Hochleger<br \/>\nWestl.  Lamsenjoch (1950m)<br \/>\nLamsenjochh\u00fctte  (1954m)<br \/>\nGramaialm<br \/>\nFalzthurnalm<br \/>\nPertisau am Achensee<br \/>\nGernalm  (1169m, \u00dcbernachtung)<\/p>\n<p>&nbsp;<\/p>\n<p><strong>3.Tag <\/strong>(Sonntag): 58 km \/ 1160 hm \/ 3  Std<br \/>\nPlumsjochsattel<br \/>\nPlumsjochh\u00fctte  (1630m)<br \/>\nPlumsjochalm<br \/>\nEngtal<br \/>\nHinterriss<br \/>\nVorderriss<br \/>\nWallgau<br \/>\nKr\u00fcn &#8230;<\/p>\n","protected":false},"excerpt":{"rendered":"<p>Dreit\u00e4gige H\u00fcttentour durchs Karwendel Fahrer\/innen: mit Jonas und Benjamin &nbsp; &nbsp; Erster Teil des Karwendeltagebuchs &#8230; Zweiter Teil des Karwendeltagebuchs &#8230; Dritter Teil des Karwendeltagebuchs &#8230; Vierter Teil des Karwendeltagebuchs &#8230;<\/p>\n","protected":false},"author":65,"featured_media":0,"parent":1448,"menu_order":0,"comment_status":"open","ping_status":"closed","template":"","meta":{"footnotes":""},"class_list":["post-2165","page","type-page","status-publish","hentry"],"_links":{"self":[{"href":"https:\/\/nmbiking.de\/wp\/index.php?rest_route=\/wp\/v2\/pages\/2165","targetHints":{"allow":["GET"]}}],"collection":[{"href":"https:\/\/nmbiking.de\/wp\/index.php?rest_route=\/wp\/v2\/pages"}],"about":[{"href":"https:\/\/nmbiking.de\/wp\/index.php?rest_route=\/wp\/v2\/types\/page"}],"author":[{"embeddable":true,"href":"https:\/\/nmbiking.de\/wp\/index.php?rest_route=\/wp\/v2\/users\/65"}],"replies":[{"embeddable":true,"href":"https:\/\/nmbiking.de\/wp\/index.php?rest_route=%2Fwp%2Fv2%2Fcomments&post=2165"}],"version-history":[{"count":0,"href":"https:\/\/nmbiking.de\/wp\/index.php?rest_route=\/wp\/v2\/pages\/2165\/revisions"}],"up":[{"embeddable":true,"href":"https:\/\/nmbiking.de\/wp\/index.php?rest_route=\/wp\/v2\/pages\/1448"}],"wp:attachment":[{"href":"https:\/\/nmbiking.de\/wp\/index.php?rest_route=%2Fwp%2Fv2%2Fmedia&parent=2165"}],"curies":[{"name":"wp","href":"https:\/\/api.w.org\/{rel}","templated":true}]}}