{"id":2143,"date":"2008-09-03T11:47:41","date_gmt":"2008-09-03T12:47:41","guid":{"rendered":"https:\/\/nmbiking.de\/wp\/?page_id=2143"},"modified":"2020-11-05T12:13:40","modified_gmt":"2020-11-05T11:13:40","slug":"miesbach-2007","status":"publish","type":"page","link":"https:\/\/nmbiking.de\/wp\/?page_id=2143","title":{"rendered":"Oberbayern 2007"},"content":{"rendered":"<p><img decoding=\"async\" class=\"img\" src=\"http:\/\/www.nmbiking.de\/oldsite\/miesbach07\/miesbach07_36b.jpg\" width=\"600\" \/><br \/>\n<span style=\"font-size: x-large;\">Mountainbiken in Bayerns Oberland &#8211; Miesbach <\/span><\/p>\n<p>&nbsp;<\/p>\n<p><strong>Die Touren<\/strong><br \/>\n1 Aueralm<br \/>\n2 Rotwandhaus<br \/>\n3 Schliersee-Umrundung<br \/>\n4 Gindelalm und Neureuther Alm<\/p>\n<p>&nbsp;<\/p>\n<p>&nbsp;<\/p>\n<p><strong>Tag: Do, 12.04.07<\/strong><br \/>\nFahrer\/innen: mit Elisabeth<br \/>\nStrecke: Miesbach, Gmund am Tegernsee, Bad Wiessee, Aueralm (1270m), Neuh\u00fcttenalm, Hirschhornsattel, Lengries, M\u00fchle, Marienstein, Gmund, Miesbach<br \/>\nDauer\/L\u00e4nge\/H\u00f6henmeter: 6.5 Std \/ 78 km \/ 1200 hm (gesch\u00e4tzt)<\/p>\n<p>&nbsp;<\/p>\n<p><span style=\"color: #003399; font-size: medium;\">Schilderchaos<\/span><br \/>\nSich im sch\u00f6nen Bayernland zurecht- und wohlzuf\u00fchlen, ist gar nicht so einfach. Wer \u00fcber die bayrischen Landschaften berichtet und das Mountainbiken auf bayrischem Boden, kommt an den Menschen, die dort leben und dort Erholung suchen, nicht vorbei&#8230; Die Erfahrungen, die wir gemacht haben, sind &#8211; wie immer &#8211; sehr pers\u00f6nliche.<br \/>\nSchon aus einer bayrischen Stadt heraus aufs Land zu finden, bereitet die ersten Probleme. Schilder gibt es kaum, die einem den sch\u00f6nsten Weg nach drau\u00dfen weisen. Wir probieren den ein und anderen Weg, ohne rechten Erfolg und weichen zwangsweise auf eine Hauptstra\u00dfe aus, um zum Tegernsee zu kommen. Der Verkehr ist bei sch\u00f6nem Wetter sehr nervig. Alle (M\u00fcnchner) wollen in die Berge.<br \/>\nDie sind noch mit Schnee bedeckt und zwar &#8211; wie wir bald erfahren werden &#8211; im April mit viel Schnee. Bald sto\u00dfen wir auf eine hilfreiche Beschilderung: den Bodensee-K\u00f6nigssee-Radweg. Also etwas f\u00fcr Radlfahrer. Singletrails sind in dieser Region ganz selten zu finden. Wir sind einen einzigen gefahren. Nach etwas Wald und einigen Steigungen, wird pl\u00f6tzlich vor uns ein Bilderbuch aufgeschlagen: Der Tegernsee glitzert in der Sonne, die Wiesen leuchten satt gr\u00fcn, die W\u00e4lder ducken sich zwar noch braun und dunkel an die Berge, aber der Schnee auf den Gipfeln schimmert blendend wei\u00df &#8211; alles zusammengef\u00fcgt in perfekter Harmonie. Wir lassen uns ergreifen, finden ein Bank&#8230;<br \/>\nUm den Tegernsee finden wir gut herum. In Bad Wiessee beginnt die Sucherei nach dem Aufstieg zur Aueralm&#8230;<\/p>\n<p>&nbsp;<\/p>\n<p><span style=\"color: #003399; font-size: medium;\">Derbe Gesellen<\/span><br \/>\nEinen besonders guten Zugang haben wir nicht gefunden, der Weg f\u00fchrte \u00fcber das Freihaus. Gegen Ende wurde der von vielen Wanderern benutzte Weg sehr steil. Oft lag auch noch Schnee. Dann die Aueralm. Etwas entt\u00e4uschend: kein Blick auf irgendeinen See, kein berauschendes Bergpanormana, aber fast alle Sitzpl\u00e4tze belegt. Wir ziehen weiter und packen unsere &#8222;Butterbrote&#8220; an einer kleinen Marienkapelle aus.<br \/>\nDie n\u00e4chsten Ziele hei\u00dfen Neuh\u00fcttenalm und Hirschhornsattel. Immer mehr Schnee liegt uns zu F\u00fc\u00dfen. Mein Wintertrikot wandert in den Rucksack, der Windstopper allein gen\u00fcgt. Am Hirschhornsattel sitzen schon zwei Mountainbiker, die sich aber gar nicht um uns k\u00fcmmern. Sie palavern laut miteinander, als w\u00e4ren sie allein auf der Welt oder im Wald, und erz\u00e4hlen sich unter Schenkelklopfen ihre Abenteuer vom Wochenende. Das ging es wohl nur ums Saufen, um die Weiber und um Autos. Warum die mit dem Radl hier hoch gekommen sind???<br \/>\nUnd dann finden wir nicht den richtigen Weg zur\u00fcck zum Tegernsee. Wir wissen trotz intensiven Kartenstudiums vor Ort und zuhause immer noch nicht wieso. Irgendwie war\/ist da was faul. Wir halten noch einen Mountainbiker an, der gerade z\u00fcgig an uns vorbei brausen will. Unsere Gesichter sehen wohl noch nicht ratlos genug aus. Er konnte uns auch nicht gro\u00df helfen: entweder zur\u00fcck zur Aueralm oder runter nach Lenggries. Wir fahren nach Lenggries. Auch unten im Tal brauchen wir lange, bis wir den richtigen Weg finden: wieder den Bodensee-K\u00f6nigssee-Radweg. Durch Wiesen und Auen geht es ziemlich flach zur\u00fcck in Richtung Tegernsee. Nur einmal wird die Idylle gest\u00f6rt. Schon von weitem sehen wir eine dicke Staubwolke, erzeugt von einem dicken Chevy, sie n\u00e4hert sich uns ziemlich schnell. Der Wagen ist so breit wie der Weg und weicht keinen Milimeter von selbigem ab. Elisabeth f\u00e4hrt einen halben Meter \u00fcber die Wiese. Sehr holprig. Ich bleibe ganz rechts auf dem Weg. Der Wagen mit einem bayrischen Kerl drin saust an uns vorbei &#8211; und bremst wenige Meter sp\u00e4ter scharf hinter uns. Kurzer, irritierte Blick zur\u00fcck: Der bullige Kerl springt aus dem Auto, schwingt die F\u00e4uste und br\u00fcllt. Auf Bayrisch. Gut, dass wir es nicht verstanden haben. wir fahren weiter. Was haben wir falsch gemacht? War die Wiese verboten oder der Weg allein f\u00fcr ihn? So h\u00e4lt man die Touristen im Land. Sch\u00f6nes Bayernland. So sauber, so freundlich. Nur Prei\u00dfen und Mountainbiker m\u00f6gens nicht so sehr&#8230;<br \/>\nAm Strandbad in Gmund g\u00f6nnen wir uns einen Kaffee und die untergehende Sonne&#8230; \u00dcber das kleine \u00d6rtchen Marienstein kommen wir wieder nach Gmund am Tegernsee.<\/p>\n<p>&nbsp;<\/p>\n<p><a title=\"\" href=\"http:\/\/www.nmbiking.de\/oldsite\/miesbach07\/miesbach07_2b.jpg\" rel=\"Lightbox\"><img decoding=\"async\" class=\"img\" src=\"http:\/\/www.nmbiking.de\/oldsite\/miesbach07\/miesbach07_2.jpg\" width=\"170\" \/> <\/a> <a title=\"\" href=\"http:\/\/www.nmbiking.de\/oldsite\/miesbach07\/miesbach07_3b.jpg\" rel=\"Lightbox\"><img decoding=\"async\" class=\"img\" src=\"http:\/\/www.nmbiking.de\/oldsite\/miesbach07\/miesbach07_3.jpg\" width=\"180\" \/><\/a> <a title=\"\" href=\"http:\/\/www.nmbiking.de\/oldsite\/miesbach07\/miesbach07_4b.jpg\" rel=\"Lightbox\"><img decoding=\"async\" class=\"img\" src=\"http:\/\/www.nmbiking.de\/oldsite\/miesbach07\/miesbach07_4.jpg\" width=\"180\" \/><\/a><\/p>\n<p><a title=\"\" href=\"http:\/\/www.nmbiking.de\/oldsite\/miesbach07\/miesbach07_5b.jpg\" rel=\"Lightbox\"><img decoding=\"async\" class=\"img\" src=\"http:\/\/www.nmbiking.de\/oldsite\/miesbach07\/miesbach07_5.jpg\" width=\"170\" \/> <\/a> <a title=\"\" href=\"http:\/\/www.nmbiking.de\/oldsite\/miesbach07\/miesbach07_6b.jpg\" rel=\"Lightbox\"><img decoding=\"async\" class=\"img\" src=\"http:\/\/www.nmbiking.de\/oldsite\/miesbach07\/miesbach07_6.jpg\" width=\"180\" \/><\/a> <a title=\"\" href=\"http:\/\/www.nmbiking.de\/oldsite\/miesbach07\/miesbach07_7b.jpg\" rel=\"Lightbox\"><img decoding=\"async\" class=\"img\" src=\"http:\/\/www.nmbiking.de\/oldsite\/miesbach07\/miesbach07_7.jpg\" width=\"180\" \/><\/a><\/p>\n<p><a title=\"\" href=\"http:\/\/www.nmbiking.de\/oldsite\/miesbach07\/miesbach07_8b.jpg\" rel=\"Lightbox\"><img decoding=\"async\" class=\"img\" src=\"http:\/\/www.nmbiking.de\/oldsite\/miesbach07\/miesbach07_8.jpg\" width=\"170\" \/> <\/a> <a title=\"\" href=\"http:\/\/www.nmbiking.de\/oldsite\/miesbach07\/miesbach07_9b.jpg\" rel=\"Lightbox\"><img decoding=\"async\" class=\"img\" src=\"http:\/\/www.nmbiking.de\/oldsite\/miesbach07\/miesbach07_9.jpg\" width=\"180\" \/><\/a> <a title=\"\" href=\"http:\/\/www.nmbiking.de\/oldsite\/miesbach07\/miesbach07_10b.jpg\" rel=\"Lightbox\"><img decoding=\"async\" class=\"img\" src=\"http:\/\/www.nmbiking.de\/oldsite\/miesbach07\/miesbach07_10.jpg\" width=\"180\" \/><\/a><\/p>\n<p>&nbsp;<\/p>\n<p>&nbsp;<\/p>\n<p><strong>Tag: Fr, 13.04.07<\/strong><br \/>\nFahrer\/innen: mit Elisabeth<br \/>\nStrecke: Miesbach, Schliersee, Spitzingsee (1100m), Rotwandhaus (1765m), Soinsee, Geitau, Fischbachau, Elbach, Hundham, W\u00f6rnm\u00fchl, Parsberg, Miesbach<br \/>\nDauer\/L\u00e4nge\/H\u00f6henmeter: 6 Std \/ 70 km \/ 1700 hm (gesch\u00e4tzt)<\/p>\n<p>&nbsp;<\/p>\n<p><span style=\"color: #003399; font-size: medium;\">Linsensuppe<\/span><br \/>\nF\u00fcr den n\u00e4chsten Tag haben wir uns ein fast &#8222;hochalpines&#8220; Ziel gesteckt: das Rotwandhaus auf fast 1800m. Gem\u00fctlich gehen wir es an: \u00fcber den Schliersee, kaum Betrieb. Herrliches Wetter. Unfreundliche M\u00fctzenbiker, die wir nach dem Weg fragen, weil wieder mal die Beschilderung nicht so eindeutig war. Ein freundlicher, langhaariger Zivilist hilft uns dann weiter mit genauen Informationen.<br \/>\nHinter dem Ort Schliersee kurbeln wir die Alte Spitzingstra\u00dfe hoch. Es gibt zwar auch einen Wanderweg zum See, aber dessen Beschaffenheit kennen wir eben nicht. Den letzten Kilometer zum See muss man leider \u00fcber die viel befahrene Autostra\u00dfe nehmen. Wir umrunden den kleinen See und finden an seinem Ende die Zufahrt zum Rotwandhaus. Eine Stunde geht es bergauf, anfangs mit m\u00e4\u00dfiger Steigung, gegen Ende drehen die R\u00e4der auf dem Schotter schon mal durch. Viele Wanderer sind nicht unterwegs. Bald kommt das Rotwandhaus in Sicht. Links davon erhebt sich die Rotwand, rechterhand er\u00f6fffnet sich ein phantastischer Blick \u00fcber ein endloses, wei\u00dfes Gipfelmeer. Auf der H\u00fctte herrscht kaum Betrieb, wir finden ein warmes Pl\u00e4tzchen drau\u00dfen auf der wettergegerbten Bank und g\u00f6nnen uns eine Linsensuppe und ein Bier. Dass wir diese St\u00e4rkung bald dringend brauchen w\u00fcrden, wussten wir zu diesem Zeitpunkt noch nicht&#8230;<\/p>\n<p>&nbsp;<\/p>\n<p><span style=\"color: #003399; font-size: medium;\">Im Tiefschnee<\/span><br \/>\nDa wir denselben Weg nicht zur\u00fcck fahren wollten, entscheiden wir uns f\u00fcr den Soinsee. (Alternative: an der Rotwand entlang zur Bergstation). Die Karte verr\u00e4t, dass es sich dort hinunter um einen Wanderweg handelt. Ab dem Soinsee ist eine Fahrstra\u00dfe eingezeichnet.<br \/>\nVor uns machen sich zwei Biker auf denselben Weg. Dass wir mit Schnee zu rechnen haben, ist auch klar, aber&#8230; Nach zehn Minuten Tragen und Balancieren \u00fcber Schnee und Felsen kommt uns &#8211; die Bikes geschultert &#8211; eine Gruppe junger Mountainbiker entgegen. Na, wie ist die Strecke runter? Ui, ui, nur Schnee bis zum See. Na ja, denken wir, die paar Meter. An einer kleinen Scharte sehen wir dann im hellen Sonnenschein das riesige Schneefeld liegen, das runter bis zur Alm am See erstreckt. Der Schnee ist jetzt so tief, dass wir bis zu den Knien und manchmal noch tiefer im Schnee einsinken. Und: Der Hang, den wir hinunter m\u00fcssen, ist sehr steil! Im Schneckentempo staksen wir die Spuren der Vorg\u00e4nger nutzend langsam nach unten. Die R\u00e4der schleifen wir neben uns her durch den Schnee. Bald sind unsere Schuhe und Str\u00fcmpfe vom Schnee vollkommen durchtr\u00e4nkt. Aber das alles st\u00f6rt uns \u00fcberhaupt nicht. Die Sonne w\u00e4rmt uns Geist und Glieder. Eine wilde, aber ruhige Landschaft liegt vor uns&#8230; Wir genie\u00dfen das kleine Abenteuer. Fast eine Stunde brauchen wir f\u00fcr den Abstieg, ohne Schnee h\u00e4tten wir bestimmt auch schieben und tragen m\u00fcssen. Unten an den beiden kleinen schneefreien H\u00fctten angekommen, begr\u00fc\u00dft uns ein Wanderer, der uns wohl schon geraume Zeit beobachtet hat: Ist das eine neue Sportart? Der hat Humor!<br \/>\nWir machenuns auf den Weg zum Soinsee. Er ist fast immer noch unter einer Schneedecke begraben, auch der Weg liegt noch voll. An z\u00fcgiges Fahren ist noch nicht zu denken. Erst als wir unten im Tal sind haben wir den Schnee und die klammen F\u00fc\u00dfe (fast) vergessen.<br \/>\nWiedermal steht ein wenig Verfahren auf dem Programm. Die Beschilderung hat sich uns immer noch nicht erschlossen oder wir machen etwas Anderes falsch. So landen wir dann nicht &#8211; wie geplant &#8211; wieder am Schliersee, sondern von Fischbachau gelangen wir ins Miesbacher Hinterland. Sollen wir umkehren? Aber wieso eine Strecke zweimal fahren, also behalten wir die Richtung bei. An gro\u00dfen, zum Teil alten H\u00f6fen vorbei kommen wir in einen gr\u00f6\u00dferen Ort. Wo sind wir. Wir m\u00fcssen fragen. In Hundham. Wir haben uns eine Kaffeepause verdient und studieren wiedermal die Karte. Wie kommen wir am sch\u00f6nsten zur\u00fcck? Es geht ein paar Kilometer an einer befahrenen Landstra\u00dfe entlang. Das gef\u00e4llt uns gar nicht. Wir halten an einer Kreuzung an. Auch ein Auto h\u00e4lt an und der Fahrer ber\u00e4t uns ortskundig, wie wir auf einem sch\u00f6nen Weg nach Miesbach kommen. Ein freundlicher Bayer und ein Mountainbiker. Schon der zweite nette Mensch an einem Tag! Ein paar H\u00f6henmeter hat er uns noch zugemutet, aber die idyllische und gepflegte Landschaft, das herrliche Wetter verleihen uns ungeahnte Kr\u00e4fte&#8230;<\/p>\n<p>&nbsp;<\/p>\n<p><a title=\"\" href=\"http:\/\/www.nmbiking.de\/oldsite\/miesbach07\/miesbach07_12b.jpg\" rel=\"Lightbox\"><img decoding=\"async\" class=\"img\" src=\"http:\/\/www.nmbiking.de\/oldsite\/miesbach07\/miesbach07_12.jpg\" width=\"170\" \/> <\/a> <a title=\"\" href=\"http:\/\/www.nmbiking.de\/oldsite\/miesbach07\/miesbach07_13b.jpg\" rel=\"Lightbox\"><img decoding=\"async\" class=\"img\" src=\"http:\/\/www.nmbiking.de\/oldsite\/miesbach07\/miesbach07_13.jpg\" width=\"180\" \/><\/a> <a title=\"\" href=\"http:\/\/www.nmbiking.de\/oldsite\/miesbach07\/miesbach07_14b.jpg\" rel=\"Lightbox\"><img decoding=\"async\" class=\"img\" src=\"http:\/\/www.nmbiking.de\/oldsite\/miesbach07\/miesbach07_14.jpg\" width=\"180\" \/><\/a><\/p>\n<p><a title=\"\" href=\"http:\/\/www.nmbiking.de\/oldsite\/miesbach07\/miesbach07_15b.jpg\" rel=\"Lightbox\"><img decoding=\"async\" class=\"img\" src=\"http:\/\/www.nmbiking.de\/oldsite\/miesbach07\/miesbach07_15.jpg\" width=\"170\" \/> <\/a> <a title=\"\" href=\"http:\/\/www.nmbiking.de\/oldsite\/miesbach07\/miesbach07_16b.jpg\" rel=\"Lightbox\"><img decoding=\"async\" class=\"img\" src=\"http:\/\/www.nmbiking.de\/oldsite\/miesbach07\/miesbach07_16.jpg\" width=\"180\" \/><\/a> <a title=\"\" href=\"http:\/\/www.nmbiking.de\/oldsite\/miesbach07\/miesbach07_17b.jpg\" rel=\"Lightbox\"><img decoding=\"async\" class=\"img\" src=\"http:\/\/www.nmbiking.de\/oldsite\/miesbach07\/miesbach07_17.jpg\" width=\"180\" \/><\/a><\/p>\n<p><a title=\"\" href=\"http:\/\/www.nmbiking.de\/oldsite\/miesbach07\/miesbach07_18b.jpg\" rel=\"Lightbox\"><img decoding=\"async\" class=\"img\" src=\"http:\/\/www.nmbiking.de\/oldsite\/miesbach07\/miesbach07_18.jpg\" width=\"170\" \/> <\/a> <a title=\"\" href=\"http:\/\/www.nmbiking.de\/oldsite\/miesbach07\/miesbach07_19b.jpg\" rel=\"Lightbox\"><img decoding=\"async\" class=\"img\" src=\"http:\/\/www.nmbiking.de\/oldsite\/miesbach07\/miesbach07_19.jpg\" width=\"180\" \/><\/a> <a title=\"\" href=\"http:\/\/www.nmbiking.de\/oldsite\/miesbach07\/miesbach07_20b.jpg\" rel=\"Lightbox\"><img decoding=\"async\" class=\"img\" src=\"http:\/\/www.nmbiking.de\/oldsite\/miesbach07\/miesbach07_20.jpg\" width=\"180\" \/><\/a><\/p>\n<p><a title=\"\" href=\"http:\/\/www.nmbiking.de\/oldsite\/miesbach07\/miesbach07_21b.jpg\" rel=\"Lightbox\"><img decoding=\"async\" class=\"img\" src=\"http:\/\/www.nmbiking.de\/oldsite\/miesbach07\/miesbach07_21.jpg\" width=\"170\" \/> <\/a> <a title=\"\" href=\"http:\/\/www.nmbiking.de\/oldsite\/miesbach07\/miesbach07_22b.jpg\" rel=\"Lightbox\"><img decoding=\"async\" class=\"img\" src=\"http:\/\/www.nmbiking.de\/oldsite\/miesbach07\/miesbach07_22.jpg\" width=\"180\" \/><\/a> <a title=\"\" href=\"http:\/\/www.nmbiking.de\/oldsite\/miesbach07\/miesbach07_23b.jpg\" rel=\"Lightbox\"><img decoding=\"async\" class=\"img\" src=\"http:\/\/www.nmbiking.de\/oldsite\/miesbach07\/miesbach07_23.jpg\" width=\"180\" \/><\/a><\/p>\n<p><a title=\"\" href=\"http:\/\/www.nmbiking.de\/oldsite\/miesbach07\/miesbach07_24b.jpg\" rel=\"Lightbox\"><img decoding=\"async\" class=\"img\" src=\"http:\/\/www.nmbiking.de\/oldsite\/miesbach07\/miesbach07_24.jpg\" width=\"170\" \/> <\/a> <a title=\"\" href=\"http:\/\/www.nmbiking.de\/oldsite\/miesbach07\/miesbach07_25b.jpg\" rel=\"Lightbox\"><img decoding=\"async\" class=\"img\" src=\"http:\/\/www.nmbiking.de\/oldsite\/miesbach07\/miesbach07_25.jpg\" width=\"180\" \/><\/a> <a title=\"\" href=\"http:\/\/www.nmbiking.de\/oldsite\/miesbach07\/miesbach07_26b.jpg\" rel=\"Lightbox\"><img decoding=\"async\" class=\"img\" src=\"http:\/\/www.nmbiking.de\/oldsite\/miesbach07\/miesbach07_26.jpg\" width=\"180\" \/><\/a><\/p>\n<p>&nbsp;<\/p>\n<p>&nbsp;<\/p>\n<p><strong>Tag: Sa, 14.04.07 vormittags<\/strong><br \/>\nFahrer\/innen: allein<br \/>\nStrecke: Miesbach, Schliersee<br \/>\nDauer\/L\u00e4nge\/H\u00f6henmeter: 2 Std<\/p>\n<p>&nbsp;<\/p>\n<p><span style=\"color: #003399; font-size: medium;\">Wahnsinnige<\/span><br \/>\nSo gem\u00fctlich wie diese kleine Schlierseeumrundung begann, so ungem\u00fctlich endete sie.<br \/>\nDer Weg zum See: wie inzwischen bekannt \u00fcber Agatharied. Etwas au\u00dferhalb von Miesbach findet sich eine Leckerei f\u00fcr K\u00f6che und -innen: Massen von wild wachsendem B\u00e4rlauch. Der Radweg f\u00fchrt am Friedhof und Bahnhof von Agatharied vorbei und dann etwas oberhalb links \u00fcber die Stra\u00dfe den &#8222;Baumweg&#8220; hinein. Noch k\u00fcrzer: einen Pfad direkt an der Bahnlinie entlang.<br \/>\nMein Weg f\u00fcr die Umrundung f\u00fchrte links um den See herum. Der Ort selbst ist touristisch voll ausgebaut. Wer das mag&#8230;<br \/>\nLinkerhand auf dem sog. Weinberg thront eine kleine Kapelle. Die weckte mein Interesse. Ein interessanter Fu\u00dfweg f\u00fchrt hinauf zur St. Georgs-Kapelle aus dem 14. Jahrhundert. Bemerkenswert ist der barocke Hochaltar von 1624, der Bau jedoch ist gotisch. An der Nordwand finden sich Figuren des hl. Sixtus und der hl. Barbara. Am sch\u00f6nsten ist aber von hier oben die Aussicht auf den Ort, den See und die Berge.<br \/>\nUm nochmal zum See zu gelangen, muss man ein St\u00fcck Hauptstra\u00dfe durch den Ort fahren, dann trifft man wieder auf einen Fu\u00dfweg.<br \/>\nInzwischen ist es Samstagvormittag geworden, die ersten Wochenend-Radler sind unterwegs. Eine halbe Stunde Rast am rechten Seeufer ist der Beobachtung der Enten und Radler gewidmet. Der Radweg, der hier vorbei f\u00fchrt, kommt etwas von oben herunter, in einer leicht steilen Kurve gelangt man zum Seeufer. Immer mehr Biker sind unterwegs, einzeln in Gruppen. Auch viele Mountainbiker. Erschreckend und gef\u00e4hrlich: Die meisten rasen den kurzen Stich mit Vollgas runter &#8211; ohne Helm &#8211; von der anderen Seite kommen Spazierg\u00e4nger und andere Radler. Dass es in der halben Stunde nicht gekracht hat, wundert mich. F\u00fcr uns war es auffallend, wie viele Mountainbiker zwar ihren Helm dabei haben (dekorativ am Lenker, praktisch auf dem Rucksack), ihn aber nicht aufziehen. Bergauf sowieso nicht, auf flachen Strecken kann ja auch nicht viel passieren&#8230;<\/p>\n<p><a title=\"\" href=\"http:\/\/www.nmbiking.de\/oldsite\/miesbach07\/miesbach07_27b.jpg\" rel=\"Lightbox\"><img decoding=\"async\" class=\"img\" src=\"http:\/\/www.nmbiking.de\/oldsite\/miesbach07\/miesbach07_27.jpg\" width=\"170\" \/> <\/a> <a title=\"\" href=\"http:\/\/www.nmbiking.de\/oldsite\/miesbach07\/miesbach07_28b.jpg\" rel=\"Lightbox\"><img decoding=\"async\" class=\"img\" src=\"http:\/\/www.nmbiking.de\/oldsite\/miesbach07\/miesbach07_28.jpg\" width=\"180\" \/><\/a> <a title=\"\" href=\"http:\/\/www.nmbiking.de\/oldsite\/miesbach07\/miesbach07_29b.jpg\" rel=\"Lightbox\"><img decoding=\"async\" class=\"img\" src=\"http:\/\/www.nmbiking.de\/oldsite\/miesbach07\/miesbach07_29.jpg\" width=\"180\" \/><\/a><\/p>\n<p><a title=\"\" href=\"http:\/\/www.nmbiking.de\/oldsite\/miesbach07\/miesbach07_30b.jpg\" rel=\"Lightbox\"><img decoding=\"async\" class=\"img\" src=\"http:\/\/www.nmbiking.de\/oldsite\/miesbach07\/miesbach07_30.jpg\" width=\"170\" \/> <\/a> <a title=\"\" href=\"http:\/\/www.nmbiking.de\/oldsite\/miesbach07\/miesbach07_31b.jpg\" rel=\"Lightbox\"><img decoding=\"async\" class=\"img\" src=\"http:\/\/www.nmbiking.de\/oldsite\/miesbach07\/miesbach07_31.jpg\" width=\"180\" \/><\/a> <a title=\"\" href=\"http:\/\/www.nmbiking.de\/oldsite\/miesbach07\/miesbach07_32b.jpg\" rel=\"Lightbox\"><img decoding=\"async\" class=\"img\" src=\"http:\/\/www.nmbiking.de\/oldsite\/miesbach07\/miesbach07_32.jpg\" width=\"180\" \/><\/a><\/p>\n<p>&nbsp;<\/p>\n<p>&nbsp;<\/p>\n<p><strong>Tag: Sa, 14.04.07 nachmittags<\/strong><br \/>\nFahrer\/innen: mit Elisabeth und Manfred<br \/>\nStrecke: Miesbach, Hausham, Gindelalm (1270m), Neureuther Alm, Gasse, Giglberg<br \/>\nDauer\/L\u00e4nge\/H\u00f6henmeter: 3 Std<\/p>\n<p>&nbsp;<\/p>\n<p><span style=\"color: #003399; font-size: medium;\">H\u00fcttenzauber<\/span><br \/>\nOnkel Manfred ist diesmal der Guide. Er kennt sich hier aus. Als Wahlm\u00fcnchner hat er es ja nicht so weit&#8230;<br \/>\nIn Hausham biegen wir auf ein kleines Teerstr\u00e4\u00dfchen ein, das uns gem\u00fctlich hoch bis zur Gindelalm bringt. Die Aufteilung der H\u00fctten hier oben ist interessant: die erste f\u00fcr die Touris, die zweite bewirtschaftete f\u00fcr die Einheimischen. An diesem Samstagnachmittag tummelen sich nach getaner Waldarbeit, die Traktoren kreuz und quer geparkt, die Waldarbeiter auf der H\u00fctten. Die Sonne scheint wie gewohnt sch\u00f6n und warm. Da haben die strammen Burschen ihre Oberk\u00f6rper frei gelegt und jede Menge Touristinnen angelockt. Das Bier schmeckt ihnen auch gut und so steigt die Stimmung auf der Alm schnell schnell&#8230;<br \/>\nEine halbe Stunde sp\u00e4ter genie\u00dfen wir die n\u00e4chste H\u00fctte: die Neureuther Alm. In einer guten Stunde ist sie vom Tegernsee aus zu Fu\u00df zu erreichen. Entsprechend gut besetzt waren die Tische. Die Aussicht auf den Tegernsee und die dahinter liegenden Berge ist postkatenmotivreif.<br \/>\nWir k\u00f6nnen die Aussicht und den Kaffee anfangs nicht so sehr genie\u00dfen, weil uns gegen\u00fcber zwei bayrische Jungm\u00e4nner sitzen und lautstark ihre Erlebnisse und Ansichten von der Welt zum Besten geben. Sie sind hier zuhause und haben keine Scheu vor Fremden&#8230;<br \/>\n\u00dcber das ruhige, idyllische Miesbacher Hinterland f\u00fchrt uns der R\u00fcckweg. Wieder erfreuen wir uns an dem Gr\u00fcn, den ersten bl\u00fchenden B\u00e4umen, den sch\u00f6nen alten H\u00e4usern, den Kapellen und immer wieder an dem Blick zur\u00fcck auf die Berge.<\/p>\n<p>&nbsp;<\/p>\n<p><a title=\"\" href=\"http:\/\/www.nmbiking.de\/oldsite\/miesbach07\/miesbach07_34b.jpg\" rel=\"Lightbox\"><img decoding=\"async\" class=\"img\" src=\"http:\/\/www.nmbiking.de\/oldsite\/miesbach07\/miesbach07_34.jpg\" width=\"170\" \/> <\/a> <a title=\"\" href=\"http:\/\/www.nmbiking.de\/oldsite\/miesbach07\/miesbach07_35b.jpg\" rel=\"Lightbox\"><img decoding=\"async\" class=\"img\" src=\"http:\/\/www.nmbiking.de\/oldsite\/miesbach07\/miesbach07_35.jpg\" width=\"180\" \/><\/a> <a title=\"\" href=\"http:\/\/www.nmbiking.de\/oldsite\/miesbach07\/miesbach07_36b.jpg\" rel=\"Lightbox\"><img decoding=\"async\" class=\"img\" src=\"http:\/\/www.nmbiking.de\/oldsite\/miesbach07\/miesbach07_36.jpg\" width=\"180\" \/><\/a><\/p>\n<p><a title=\"\" href=\"http:\/\/www.nmbiking.de\/oldsite\/miesbach07\/miesbach07_37b.jpg\" rel=\"Lightbox\"><img decoding=\"async\" class=\"img\" src=\"http:\/\/www.nmbiking.de\/oldsite\/miesbach07\/miesbach07_37.jpg\" width=\"170\" \/> <\/a> <a title=\"\" href=\"http:\/\/www.nmbiking.de\/oldsite\/miesbach07\/miesbach07_38b.jpg\" rel=\"Lightbox\"><img decoding=\"async\" class=\"img\" src=\"http:\/\/www.nmbiking.de\/oldsite\/miesbach07\/miesbach07_38.jpg\" width=\"180\" \/><\/a> <a title=\"\" href=\"http:\/\/www.nmbiking.de\/oldsite\/miesbach07\/miesbach07_39b.jpg\" rel=\"Lightbox\"><img decoding=\"async\" class=\"img\" src=\"http:\/\/www.nmbiking.de\/oldsite\/miesbach07\/miesbach07_39.jpg\" width=\"180\" \/><\/a><\/p>\n","protected":false},"excerpt":{"rendered":"<p>Mountainbiken in Bayerns Oberland &#8211; Miesbach &nbsp; Die Touren 1 Aueralm 2 Rotwandhaus 3 Schliersee-Umrundung 4 Gindelalm und Neureuther Alm &nbsp; &nbsp; Tag: Do, 12.04.07 Fahrer\/innen: mit Elisabeth Strecke: Miesbach, Gmund am Tegernsee, Bad Wiessee, Aueralm (1270m), Neuh\u00fcttenalm, Hirschhornsattel, Lengries, M\u00fchle, Marienstein, Gmund, Miesbach Dauer\/L\u00e4nge\/H\u00f6henmeter: 6.5 Std \/ 78 km \/ 1200 hm (gesch\u00e4tzt) &nbsp; &hellip; <\/p>\n<p class=\"link-more\"><a href=\"https:\/\/nmbiking.de\/wp\/?page_id=2143\" class=\"more-link\"><span class=\"screen-reader-text\">\u201eOberbayern 2007\u201c <\/span>weiterlesen<\/a><\/p>\n","protected":false},"author":65,"featured_media":0,"parent":1448,"menu_order":0,"comment_status":"open","ping_status":"closed","template":"","meta":{"footnotes":""},"class_list":["post-2143","page","type-page","status-publish","hentry"],"_links":{"self":[{"href":"https:\/\/nmbiking.de\/wp\/index.php?rest_route=\/wp\/v2\/pages\/2143","targetHints":{"allow":["GET"]}}],"collection":[{"href":"https:\/\/nmbiking.de\/wp\/index.php?rest_route=\/wp\/v2\/pages"}],"about":[{"href":"https:\/\/nmbiking.de\/wp\/index.php?rest_route=\/wp\/v2\/types\/page"}],"author":[{"embeddable":true,"href":"https:\/\/nmbiking.de\/wp\/index.php?rest_route=\/wp\/v2\/users\/65"}],"replies":[{"embeddable":true,"href":"https:\/\/nmbiking.de\/wp\/index.php?rest_route=%2Fwp%2Fv2%2Fcomments&post=2143"}],"version-history":[{"count":3,"href":"https:\/\/nmbiking.de\/wp\/index.php?rest_route=\/wp\/v2\/pages\/2143\/revisions"}],"predecessor-version":[{"id":67047,"href":"https:\/\/nmbiking.de\/wp\/index.php?rest_route=\/wp\/v2\/pages\/2143\/revisions\/67047"}],"up":[{"embeddable":true,"href":"https:\/\/nmbiking.de\/wp\/index.php?rest_route=\/wp\/v2\/pages\/1448"}],"wp:attachment":[{"href":"https:\/\/nmbiking.de\/wp\/index.php?rest_route=%2Fwp%2Fv2%2Fmedia&parent=2143"}],"curies":[{"name":"wp","href":"https:\/\/api.w.org\/{rel}","templated":true}]}}