{"id":2,"date":"2006-07-30T20:27:17","date_gmt":"2006-07-30T20:27:17","guid":{"rendered":""},"modified":"2017-06-02T14:31:07","modified_gmt":"2017-06-02T13:31:07","slug":"uber","status":"publish","type":"page","link":"https:\/\/nmbiking.de\/wp\/?page_id=2","title":{"rendered":"Mit allen Sinnen"},"content":{"rendered":"<p><strong>Wer Mountainbike f\u00e4hrt, hat  mehr vom Leben<\/strong><br \/>\nSo einfach ist das?! Na ja, es ist eine Erfahrung, die sich \u00fcber die Jahre hinweg entwickelt und immer mehr verst\u00e4rkt hat: Wer (viel) f\u00e4hrt, dem \u00f6ffnen sich auch mehr Herz, Gef\u00fchl, Verstand und alle \u00fcbrigen Sinne.<br \/>\nGemeint ist nat\u00fcrlich nicht: Pack dein Rad aufs Autodach und ab gehts zur Mosel, um dort gem\u00fctlich ein St\u00fcndchen zu radeln. Das \u00fcberlassen wir anderen Leuten. Wir fahren Mountainbike! Was bringts? Die  <strong>Perspektive<\/strong> wird eine andere.<\/p>\n<p>&nbsp;<\/p>\n<p>Wir <strong>sehen<\/strong> viel mehr, weil wir langsamer sind als zum Beispiel mit dem Auto. Wir sehen die Schnecke auf dem Weg, den M\u00fcll hinter der Bank, die ersten zarten gr\u00fcnen Bl\u00e4tter&#8230;<\/p>\n<p>&nbsp;<\/p>\n<p>Wir  <strong>sp\u00fcren<\/strong> viel mehr: den Wind, den Regen, die Unebenheiten, unseren  schmerzenden R\u00fccken, die Steigungen am n\u00e4chsten Berg &#8230;<\/p>\n<p>&nbsp;<\/p>\n<p>Wir <strong>h\u00f6ren<\/strong>  viel mehr: den Verkehrsl\u00e4rm, die V\u00f6gel, das Surren unseres Rades, die  Stille&#8230;<\/p>\n<p>&nbsp;<\/p>\n<p>Wir <strong>schmecken<\/strong> viel mehr: den Schwei\u00df auf unsren Lippen, die  Regentropfen, den M\u00fcsliriegel&#8230;<\/p>\n<p>&nbsp;<\/p>\n<p>Wir <strong>riechen<\/strong> viel mehr: die ekligen  Auspuffgase, den w\u00fcrzigen Waldboden, den Tannenduft, den Vordermann&#8230;<\/p>\n<p>&nbsp;<\/p>\n<p>Wer nur mit beschlagener Brille oder Blick auf den Pulsmesser seine Kilometer runter f\u00e4hrt, sieht sie nat\u00fcrlich nicht: die vielen Spuren, die unsere Vor-Fahren in der Landschaft hinterlassen haben. \u00dcberall waren sie schon, die Kelten, die R\u00f6mer, die Grafen von und zu&#8230; Gerade mit dem Mountainbike kann man die <strong>Kultur<\/strong> seiner Region ideal er-fahren.<\/p>\n<p>&nbsp;<\/p>\n<p>Mit der Zeit werden wir immer  mehr <strong>k\u00f6rperlich fit<\/strong>, weniger anf\u00e4llig f\u00fcr die l\u00e4stigen sog. Erk\u00e4ltungen, die meist nur dann auftreten, wenn unser Immunsystem zu schwach ist. In diesem Zusammenhang ist auch die richtige <a href=\"https:\/\/nmbiking.de\/wp\/veganbiken.htm\"><\/a> <strong>Ern\u00e4hrung <\/strong>wichtig. Wir empfehlen eine vegane, zumindest eine vegetarische, aber in Verbindung mit Vollwertkost. Viele Menschen wollen jedoch die Zusammenh\u00e4nge nicht sehen, scheuen die Verantwortung&#8230;<\/p>\n<p>&nbsp;<\/p>\n<p>Wir  verbuchen Pluspunkte auf unserem <strong>\u00d6kokonto<\/strong>, wenn wir das Rad nicht nur in der Freizeit, sondern auch im Alltag benutzen. Ganz nebenbei und vielleicht (f\u00fcr Pfennigs\/eurofuchser und Benzinpreisfixierte) doch ganz wichtig: Wir sparen einen Haufen <strong>Geld<\/strong>. Und da wir ja keine Wirtschaftssaboteure sind &#8211;  stecken wir es wieder in selbige rein: f\u00fcr neue Teile, ein neues Bike!<\/p>\n<p>&nbsp;<\/p>\n<p><font color=\"#ff9933\" size=\"6\"><\/font><font color=\"#000000\" face=\"verdana\" size=\"2\"><strong>Mountainbiken ist  &#8211; das t\u00e4gliche Abenteuer<\/strong><br \/>\n<\/font><\/p>\n","protected":false},"excerpt":{"rendered":"<p>Wer Mountainbike f\u00e4hrt, hat mehr vom Leben So einfach ist das?! Na ja, es ist eine Erfahrung, die sich \u00fcber die Jahre hinweg entwickelt und immer mehr verst\u00e4rkt hat: Wer (viel) f\u00e4hrt, dem \u00f6ffnen sich auch mehr Herz, Gef\u00fchl, Verstand und alle \u00fcbrigen Sinne. Gemeint ist nat\u00fcrlich nicht: Pack dein Rad aufs Autodach und ab &hellip; <\/p>\n<p class=\"link-more\"><a href=\"https:\/\/nmbiking.de\/wp\/?page_id=2\" class=\"more-link\"><span class=\"screen-reader-text\">\u201eMit allen Sinnen\u201c <\/span>weiterlesen<\/a><\/p>\n","protected":false},"author":65,"featured_media":0,"parent":70,"menu_order":0,"comment_status":"open","ping_status":"closed","template":"","meta":{"footnotes":""},"class_list":["post-2","page","type-page","status-publish","hentry"],"_links":{"self":[{"href":"https:\/\/nmbiking.de\/wp\/index.php?rest_route=\/wp\/v2\/pages\/2","targetHints":{"allow":["GET"]}}],"collection":[{"href":"https:\/\/nmbiking.de\/wp\/index.php?rest_route=\/wp\/v2\/pages"}],"about":[{"href":"https:\/\/nmbiking.de\/wp\/index.php?rest_route=\/wp\/v2\/types\/page"}],"author":[{"embeddable":true,"href":"https:\/\/nmbiking.de\/wp\/index.php?rest_route=\/wp\/v2\/users\/65"}],"replies":[{"embeddable":true,"href":"https:\/\/nmbiking.de\/wp\/index.php?rest_route=%2Fwp%2Fv2%2Fcomments&post=2"}],"version-history":[{"count":1,"href":"https:\/\/nmbiking.de\/wp\/index.php?rest_route=\/wp\/v2\/pages\/2\/revisions"}],"predecessor-version":[{"id":45857,"href":"https:\/\/nmbiking.de\/wp\/index.php?rest_route=\/wp\/v2\/pages\/2\/revisions\/45857"}],"up":[{"embeddable":true,"href":"https:\/\/nmbiking.de\/wp\/index.php?rest_route=\/wp\/v2\/pages\/70"}],"wp:attachment":[{"href":"https:\/\/nmbiking.de\/wp\/index.php?rest_route=%2Fwp%2Fv2%2Fmedia&parent=2"}],"curies":[{"name":"wp","href":"https:\/\/api.w.org\/{rel}","templated":true}]}}