{"id":18219,"date":"2013-05-02T10:39:30","date_gmt":"2013-05-02T09:39:30","guid":{"rendered":"https:\/\/nmbiking.de\/wp\/?page_id=18219"},"modified":"2026-03-07T12:38:41","modified_gmt":"2026-03-07T11:38:41","slug":"fotoalben-neu","status":"publish","type":"page","link":"https:\/\/nmbiking.de\/wp\/?page_id=18219","title":{"rendered":"Fotoalben"},"content":{"rendered":"<p><a href=\"https:\/\/nmbiking.de\/wp\/?page_id=4479\"><strong>\u00a0Startfotos<\/strong><\/a><br \/>\nEs\u00a0 gibt\u00a0 jeden Tag ein\u00a0 Bild, das etwas Typisches dieses Tages, des Vortages\u00a0 oder dieser Jahreszeit zeigen soll.\u00a0 So haben sich sehr viele solcher Bilder angesammelt&#8230;\u00a0 Sie werden monatlich in einer Bildershow\u00a0 &#8222;Das war&#8230;&#8220; zusammengefasst. F\u00fcr den Jahresr\u00fcckblick m\u00fcssen dann einige wenige ausgesucht werden&#8230;<br \/>\nAb 2021 gibt es diese Startfotos: <a href=\"https:\/\/nmbiking.de\/wp\/?page_id=72297\">2021\u00a0<\/a>, <a href=\"https:\/\/nmbiking.de\/wp\/?page_id=87869\">2022<\/a>, <a href=\"https:\/\/nmbiking.de\/wp\/?page_id=87920\">2023<\/a><\/p>\n<hr \/>\n<p><a href=\"https:\/\/nmbiking.de\/wp\/?page_id=23351\"><strong>Winter<\/strong><\/a><br \/>\nEr ist eine f\u00fcr Mountainbiker harte, aber sch\u00f6ne Zeit. Solange das Wetter stimmt. Aber auch bei sogenanntem &#8222;schlechtem&#8220; l\u00e4sst sich vieles erleben<\/p>\n<p><a href=\"https:\/\/nmbiking.de\/wp\/?page_id=23538\"><strong>Berge<\/strong><\/a><br \/>\nDa fahren wir immer noch am liebsten hin. Besonders die Schweiz hat es uns angetan, die wir nun seit 20 Jahren besuchen. Aber auch die anderen Alpenl\u00e4nder eignen sich mehr oder weniger zum Biken. Allein Frankreich hat noch nicht unsere Zuwendung gefunden.<\/p>\n<p><a href=\" https:\/\/nmbiking.de\/wp\/?page_id=23346\"><strong>L\u00fcckner<\/strong><\/a><br \/>\nDer L\u00fcckner ist unser Revier, nicht dass wir hier jagen, h\u00f6chstens nach guten Wegen oder Fotos. Hier kennen wir uns am besten aus. Hier finden wir (fast) alles, was wir zum Biken brauchen: Steigungen, interessante Abfahrten, Wald, Wiese, wenig Wanderer..<\/p>\n<p><a href=\"https:\/\/nmbiking.de\/wp\/?page_id=23721\"><strong>Schwarzwald<\/strong><\/a><br \/>\nImmer noch in einer vern\u00fcnftigen Zeit erreichbar: der Schwarzwald. Eine ganz eigene, sehr gepflegte Landschaft. Die guten Trails muss man kennen oder suchen. Bei gutem Wetter reicht der Blick vom Belchen bis zur Alpenkette&#8230;<\/p>\n<p><a href=\"https:\/\/nmbiking.de\/wp\/?page_id=23402\"><strong>Der Vogel<\/strong><\/a><br \/>\nEines Tages war er da und leistete mir Gesellschaft auf der Bank. Meist nach einer Tour. Bei jedem Wetter&#8230; Ihm konnte ich dann mein Herz aussch\u00fctten. Er wurde ein guter Zuh\u00f6rer..<\/p>\n<p><a href=\"https:\/\/nmbiking.de\/wp\/?page_id=4008\"><strong>Fotomontagen<\/strong><\/a><br \/>\n&#8230;die Lust am Spielen und Ausprobieren mit \u00fcberraschenden Effekten: Biken in Traumgegenden..<\/p>\n<p><a href=\"https:\/\/nmbiking.de\/wp\/?page_id=58011\"><strong>Fotoblog<\/strong><\/a><br \/>\nAlle Fotos, auf denen das Mountainbiken nicht im Vordergrund steht und die um der Motive willen gemacht wurden, sind im Fotoblog versammelt. Ihn gibt es seit 2014&#8230;<\/p>\n<p><a href=\"https:\/\/nmbiking.de\/wp\/?p=59660\"><strong>Schmelzer Motive<\/strong><\/a><br \/>\nDa der Autor nat\u00fcrlich oft in Schmelz und Umgebung unterwegs ist, ergibt es sich, hier Fotomotive zu finden. <\/p>\n<p>Unterwegs geraten einem nat\u00fcrlich auch immer wieder gute Motive vor die Kamera, die mit Mountainbiken direkt nichts zu tun haben, die jedoch auf den Touren zu entdecken sind, also Fotos, auf denen kein Rad zu sehen ist:<\/p>\n<p> <a href=\"https:\/\/nmbiking.de\/wp\/?page_id=58062\"><img decoding=\"async\" src=\"https:\/\/nmbiking.de\/wp\/wp-content\/uploads\/2019\/08\/tiere.jpg\" title=\"Tiere\" width=\"150\"   \/><\/a><a href=\"https:\/\/nmbiking.de\/wp\/?page_id=58485\"><img decoding=\"async\" src=\"https:\/\/nmbiking.de\/wp\/wp-content\/uploads\/2019\/08\/b\u00e4ume.jpg\" title=\"B\u00e4ume\"  width=\"150\" \/><\/a><a href=\"https:\/\/nmbiking.de\/wp\/?page_id=58564\"><img decoding=\"async\" src=\"https:\/\/nmbiking.de\/wp\/wp-content\/uploads\/2019\/08\/pilze.jpg\" title=\"Pilze\" width=\"150\" \/><\/a><br \/>\n<a href=\"https:\/\/nmbiking.de\/wp\/?page_id=58181\"><img decoding=\"async\" src=\"https:\/\/nmbiking.de\/wp\/wp-content\/uploads\/2019\/08\/landschaft.jpg\" title=\"Landschaft\" width=\"150\"\/><\/a> <a href=\"https:\/\/nmbiking.de\/wp\/?page_id=58375\"><img decoding=\"async\" src=\"https:\/\/nmbiking.de\/wp\/wp-content\/uploads\/2019\/08\/burgen-2.jpg\"  title=\"Burgen, Ruinen\" width=\"150\" \/><\/a> <a href=\"https:\/\/nmbiking.de\/wp\/?page_id=58440\"><img decoding=\"async\" src=\"https:\/\/nmbiking.de\/wp\/wp-content\/uploads\/2019\/08\/lostplaces.jpg\" title=\"Lost Places\" width=\"150\" \/><\/a><\/p>\n<p><a href=\"https:\/\/nmbiking.de\/wp\/?page_id=58347\"><img decoding=\"async\" src=\"https:\/\/nmbiking.de\/wp\/wp-content\/uploads\/2019\/08\/leute_klein.jpg\" title=\"Leute\"  width=\"150\"  \/><\/a><a href=\"https:\/\/nmbiking.de\/wp\/?page_id=58514\"><img decoding=\"async\" src=\"https:\/\/nmbiking.de\/wp\/wp-content\/uploads\/2019\/08\/abends-1.jpg\" title=\"Abends\" width=\"150\"\/><\/a><a href=\"https:\/\/nmbiking.de\/wp\/?page_id=58397\"><img decoding=\"async\" src=\"https:\/\/nmbiking.de\/wp\/wp-content\/uploads\/2019\/08\/sammelsurium.jpg\"  title=\"Verschiedenes\" width=\"150\"\/><\/a><\/p>\n","protected":false},"excerpt":{"rendered":"<p>\u00a0Startfotos Es\u00a0 gibt\u00a0 jeden Tag ein\u00a0 Bild, das etwas Typisches dieses Tages, des Vortages\u00a0 oder dieser Jahreszeit zeigen soll.\u00a0 So haben sich sehr viele solcher Bilder angesammelt&#8230;\u00a0 Sie werden monatlich in einer Bildershow\u00a0 &#8222;Das war&#8230;&#8220; zusammengefasst. F\u00fcr den Jahresr\u00fcckblick m\u00fcssen dann einige wenige ausgesucht werden&#8230; Ab 2021 gibt es diese Startfotos: 2021\u00a0, 2022, 2023 Winter &hellip; <\/p>\n<p class=\"link-more\"><a href=\"https:\/\/nmbiking.de\/wp\/?page_id=18219\" class=\"more-link\"><span class=\"screen-reader-text\">\u201eFotoalben\u201c <\/span>weiterlesen<\/a><\/p>\n","protected":false},"author":65,"featured_media":0,"parent":0,"menu_order":0,"comment_status":"open","ping_status":"closed","template":"","meta":{"footnotes":""},"class_list":["post-18219","page","type-page","status-publish","hentry"],"_links":{"self":[{"href":"https:\/\/nmbiking.de\/wp\/index.php?rest_route=\/wp\/v2\/pages\/18219","targetHints":{"allow":["GET"]}}],"collection":[{"href":"https:\/\/nmbiking.de\/wp\/index.php?rest_route=\/wp\/v2\/pages"}],"about":[{"href":"https:\/\/nmbiking.de\/wp\/index.php?rest_route=\/wp\/v2\/types\/page"}],"author":[{"embeddable":true,"href":"https:\/\/nmbiking.de\/wp\/index.php?rest_route=\/wp\/v2\/users\/65"}],"replies":[{"embeddable":true,"href":"https:\/\/nmbiking.de\/wp\/index.php?rest_route=%2Fwp%2Fv2%2Fcomments&post=18219"}],"version-history":[{"count":85,"href":"https:\/\/nmbiking.de\/wp\/index.php?rest_route=\/wp\/v2\/pages\/18219\/revisions"}],"predecessor-version":[{"id":104647,"href":"https:\/\/nmbiking.de\/wp\/index.php?rest_route=\/wp\/v2\/pages\/18219\/revisions\/104647"}],"wp:attachment":[{"href":"https:\/\/nmbiking.de\/wp\/index.php?rest_route=%2Fwp%2Fv2%2Fmedia&parent=18219"}],"curies":[{"name":"wp","href":"https:\/\/api.w.org\/{rel}","templated":true}]}}