{"id":1761,"date":"2008-06-26T13:58:37","date_gmt":"2008-06-26T14:58:37","guid":{"rendered":"https:\/\/nmbiking.de\/wp\/?page_id=1761"},"modified":"2014-02-18T16:37:41","modified_gmt":"2014-02-18T15:37:41","slug":"losheim","status":"publish","type":"page","link":"https:\/\/nmbiking.de\/wp\/?page_id=1761","title":{"rendered":"Losheim"},"content":{"rendered":"<table>\n<tr>\n<td valing=top>\nVariante 1<br \/>\nStart: Schmelz<br \/>\nStrecke: Michelbach, Golfplatz, Nunkirchen, Delborner M&uuml;hle, Stausee<br \/>\nL&auml;nge\/H\u00f6henmeter: 35 km \/ 490 hm<\/p>\n<p><font size=6 color=\"#FF0080\">W<\/font>ir starten in Schmelz. Zuerst m&uuml;ssen wir durch die Ambetstra&szlig;e nach Michelbach. Dort biegen wir am Gasthaus &quot;Zur Linde&quot; in die Stra&szlig;e &quot;<b>Zum L&uuml;ckner<\/b>&quot; ein und folgen ihr an der <b>Grundschule<\/b> vorbei aus dem Dorf hinaus. Auf der H&ouml;he haben wir eine gute Aussicht auf die Oppener Kuppe. An der Grillh\u00fctte halten wir uns rechts und <i>jagen<\/i> mit den Pferden auf der Weide um die Wette bis zur ehemaligen <b>Bauschuttdeponie<\/b> Michelbach. (Zaun)<\/p>\n<p>&nbsp;<\/p>\n<p><font size=6 color=\"#FF0080\">U<\/font>mfahren m\u00fcssen wir sie, bis der Weg rechts abbiegt. Dann geht&#180;s <b>geradeaus am Wald<\/b> vorbei, bis uns die Barriere zur Stra&szlig;e nach Oppen bremst. Vorsicht: Raserstrecke und schlechte Sicht!<br \/>\nWir verlassen uns auf unser Geh&ouml;r! Genau gegen&uuml;ber folgen wir dem <b>pechschwarzen Weg<\/b> und biegen an der n&auml;chsten Barriere rechts ab zum <b>Golfplatz.<\/b> <i>Die Golfer haben ein h&uuml;bsches wei&szlig;es Muster in die gr&uuml;ne Wiese geschlagen. <\/i>Wir brettern an den gepflegten Menschen und Karossen vorbei und biegen an der <b>Golfschule links<\/b> ab.<\/p>\n<p><font size=6 color=\"#FF0080\">A<\/font>uf dem Gel&auml;nde einer gro&szlig;en Nunkircher Baumschule rechts herum und dann wieder links, bis wir zur <b>Weiheranlage<\/b> Nunkirchen kommen. Wir folgen den vorbeifahrenden Tennissportlern links hoch zu den <b>Nunkircher Tennispl&auml;tzen<\/b>. Direkt hinter den Tennispl\u00e4tzen f\u00fchrt ein <b>Pfad am Waldrand<\/b> vorbei. Wir sto\u00dfen auf den breiten Weg, fahren rechts herunter und in der Kurve scharf <b>links<\/b>. Wir kommen zu einem kleinen Wallfahrtsort, dem <b>Rammenfels<\/b>. An der <b>Dellborner M\u00fchle<\/b> biegen wir rechts ein und fahren zur <b>Hauptstra\u00dfe nach Losheim r\u00fcber.<\/b>  Mordsverkehr! Schnell nach links und an der <b>Haltestelle rechts <\/b>rein, den <b>mittleren<\/b> Schotterweg nehmen und sich vielleicht auf ein <i>kleines Wettrennen<\/i> mit einem w&uuml;tenden Hund freuen.<\/p>\n<p><font size=6 color=\"#FF0080\">S<\/font>o gelangen wir recht flott zu den <b>Sandgruben<\/b> und fahren jetzt geradeaus weiter, bis der Weg ansteigt. Wir fahren <b>links am Weiher vorbei<\/b>. An der n\u00e4chsten Abzweigung fahren wir <b>links hoch (Rittscheider H\u00fctte)<\/b>. An der <b>Hauptstra\u00dfe links<\/b> herum und gleich wieder rechts in den <b>Feldweg<\/b> herein bis hoch zur <b>Hauptstra\u00dfe nach Losheim<\/b>.<br \/>\nIhr m\u00fcssen wir in Richtung Losheim (links) bis zum <b>Kreuz<\/b> folgen, dann den Feldweg rechts rein nehmen. Jetzt geht es am <b>Waldrand <\/b> immer geradeaus, bis wir auf einen Teerweg treffen, der uns kurz danach zur Stra\u00dfe nach <b>Waldh\u00f6lzbach<\/b> bringt. Am Wegekreuz fahren wir den Waldweg rein und folgen ihm bis zur gro\u00dfen <b>Kreuzung mit den Hinweisschildern<\/b>. Der Weg hoch nach Scheiden ist unserer. Nach einigen Steigungsmetern kommen wir zum h\u00f6chsten Punkt der Tour und damit auch sch\u00f6nem Aussichtspunkt, dem <b>Paradies<\/b>: fr\u00fcher Ausflugslokal, heute Wohnheim f\u00fcr Behinderte.<\/p>\n<p><font size=6 color=\"#FF0080\">A<\/font>n der Bank rasten wir und genie\u00dfen den Blick ins Land.<br \/>\nWeiter geht es dann bergab: den <b>rechten Weg<\/b>. Ziemlich schnelle Abfahrt! Vorsicht am Ende: nicht zu schnell in dei Kurve! An den Schreberg\u00e4rten rechts herum am Steinbruch vorbei hoch zur <b>Hauptverkehrstra\u00dfe<\/b>. Gegen\u00fcber an der Schranke fahren wir in den breiten Waldweg rein. Jetzt sausen wir in Richtung Stausee. Den n\u00e4chsten breiten Weg k\u00f6nnen wir rechts reinfahren oder laufen lassen. Fahren wir rechts, m\u00fcssen wir sp\u00e4ter am Waldrand links und kommen dann ebenfalls an der <b>Wassertretanlage heraus<\/b>. Wir fahren auf der rechten Seite des Stausees herum. <b>An Wochenenden oder sehr sch\u00f6nen Tagen ist dies wegen der vielen Spazierg\u00e4nger und Jogger mit Vorsicht zu genie\u00dfen.<\/b> (Alternative: An der Wassertretanlage den Weg rechts zur Hauptstra\u00dfe hoch nehmen und dort um den See herum fahren bis zum Parkplatz). Am Infoh\u00e4uschen und Parkplatz k\u00f6nnen wir nochmal einen letzten Blick auf den See werden.<\/p>\n<p><font size=6 color=\"#FF0080\">Z<\/font>eit f\u00fcr den R\u00fcckweg. Gegen\u00fcber dem Infoh\u00e4uschen f\u00fchrt an weiteren Parkpl\u00e4tzen ein Weg herunter zum Wald und <b>Bach<\/b>. Ab &#8222;durch die Bach&#8220; und dann gleich rechts hoch. Oben rechts um den Wald herum, am Waldrand vorbei bis zu den <b>Tennispl\u00e4tzen<\/b>. Oberhalb f\u00fchrt ein breiter Weg vorbei, der am <b>Weiher<\/b> heraus kommt. An der Hauptverkehrstra\u00dfe k\u00f6nnen wir rechts zum <b>Globus Losheim<\/b> fahren oder geradeaus nach Hause. An einer Bauschuttdeponie vorbei nehmen wir dann den n\u00e4chsten <b>Feldweg links <\/b>hoch, der uns wieder in den Wald bringt. Wir fahren geradeaus ganz durch und oben <b>am Waldrand rechts<\/b> herum. Ein St\u00fcck Teerfeldweg mit Blick in den Hochwald &#8211; dorthin, wo wir herkamen. An der n\u00e4chsten Abzweigung den Feldweg links herunter zur Hauptstra\u00dfe. Der m\u00fcssen wir nach rechts folgen, bis die Stra\u00dfe rechts durch eine Unterf\u00fchrung nach Niederlosheim verschwindet. Wir fahren nach links zu den <b>Sandgruben<\/b>. Der weitere Weg ist wie der Hinweg: Dellborner M\u00fchle, Rammenfels (oder an der M\u00fchle den oberen nehmen), Tennispaltz Nunkirchen, Golfplatz, Michelbach, Schmelz. (Stand 1\/2004)<\/p>\n<\/td>\n<td width=200  valign=top>\n<p><a href=\"https:\/\/nmbiking.de\/wp\/wp-content\/uploads\/2008\/06\/juni08_48b.jpg\" rel=\"Lightbox\" title=\"Touri am Stausee\"><img decoding=\"async\" src=\"https:\/\/nmbiking.de\/wp\/wp-content\/uploads\/2008\/06\/juni08_48.jpg\" class=\"img\" width=200 \/><\/a> <a href=\"https:\/\/nmbiking.de\/wp\/wp-content\/uploads\/2008\/06\/juni08_47b.jpg\" rel=\"Lightbox\" title=\"Suchbild\"><img decoding=\"async\" src=\"https:\/\/nmbiking.de\/wp\/wp-content\/uploads\/2008\/06\/juni08_47.jpg\" class=\"img\"  width=200 \/> <\/a> <\/p>\n<p><a href=\"https:\/\/nmbiking.de\/wp\/wp-content\/uploads\/2008\/06\/juni08_44b.jpg\" rel=\"Lightbox\" title=\"Oberhalb vom Stausee\"><img decoding=\"async\" src=\"https:\/\/nmbiking.de\/wp\/wp-content\/uploads\/2008\/06\/juni08_44.jpg\" class=\"img\" width=\"200\" \/><\/a> <a href=\"https:\/\/nmbiking.de\/wp\/wp-content\/uploads\/2008\/06\/juni08_45b.jpg\" rel=\"Lightbox\" title=\"10 Sekunden sp\u00e4ter\"><img decoding=\"async\" src=\"https:\/\/nmbiking.de\/wp\/wp-content\/uploads\/2008\/06\/juni08_45.jpg\" class=\"img\" width=\"200\" \/> <\/a> <\/p>\n<p><a href=\"https:\/\/nmbiking.de\/wp\/wp-content\/uploads\/2008\/03\/maerz08_23b.jpg\" rel=\"Lightbox\" title=\"Hochwald in Sicht\"><img decoding=\"async\" src=\"https:\/\/nmbiking.de\/wp\/wp-content\/uploads\/2008\/03\/maerz08_23.jpg\" class=\"img\" width=200\/><\/a> <a href=\"https:\/\/nmbiking.de\/wp\/wp-content\/uploads\/2008\/03\/maerz08_24b.jpg\" rel=\"Lightbox\" title=\"Am Buchheimer Kapellchen\"><img decoding=\"async\" src=\"https:\/\/nmbiking.de\/wp\/wp-content\/uploads\/2008\/03\/maerz08_24.jpg\" class=\"img\" width=200\/> <\/a><\/p>\n<p><img decoding=\"async\" src=\"http:\/\/www.nmbiking.de\/bjbach.jpg\" width=200 alt=\"Benja&#180;s Bachparade\"\/><\/p>\n<p><img decoding=\"async\" src=\"http:\/\/www.nmbiking.de\/waldhof.jpg\" width=200 alt=\"Blick auf den Waldhof\"\/><\/p>\n<p><img decoding=\"async\" src=\"http:\/\/www.nmbiking.de\/april05\/april05_22.jpg\" width=200 alt=\"Holz im Weg\"\/><br \/>\n<img decoding=\"async\" src=\"http:\/\/www.nmbiking.de\/april06\/april06_74.jpg\" width=200 alt=\"Klettern\"\/><br \/>\n<img decoding=\"async\" src=\"http:\/\/www.nmbiking.de\/dez06\/dez06_51.jpg\" width=200\/><br \/>\n<img decoding=\"async\" src=\"http:\/\/www.nmbiking.de\/dez06\/dez06_52.jpg\" width=200\/><br \/>\n<img decoding=\"async\" src=\"http:\/\/www.nmbiking.de\/dez07\/dez07_56.jpg\" width=200\/><br \/>\n<img decoding=\"async\" src=\"http:\/\/www.nmbiking.de\/juli06\/juli06_44.jpg\" width=200\/><br \/>\n<img decoding=\"async\" src=\"http:\/\/www.nmbiking.de\/juli06\/juli06_51.jpg\" width=200\/>\n<\/td>\n<\/tr>\n<\/table>\n<p><strong>Varainte 2<\/strong><br \/>\nStart: Dellborner M\u00fchle<br \/>\nStrecke: Mitlosheim, Tennisplatz Losheim, Stausee, Ortsrand Losheim, Galgenberg, Niederlosheim, L\u00fcckner<br \/>\nL\u00e4nge\/H\u00f6henmeter: 22,5 km \/ 340 hm<br \/>\nStrecke: fast nur Wald- und Schotterwege <\/p>\n<p><strong>Die Dellborner M\u00fchle <\/strong><br \/>\nist eine alte M\u00fchle aus dem 18. Jahrhundert mit gut b\u00fcrgerlicher K\u00fcche&#8230; Als Start- und Rastpunkt nicht verkehrt &#8211; im Sommer kann man drau\u00dfen sitzen.<br \/>\n\u00dcber die geteerte Zufahrt geht es bis zur Hauptstra\u00dfe. Oft herrscht hier ein uns\u00e4glicher Verkehr, besonders wenn die Massen zum nahen Globus pilgern.<br \/>\nAn der Bushaltestelle geht es rechts rein. Nicht ganz rechts, sondern an der Weide entlang. Rechts steht im Wald ein altes Forsthaus. Vor Jahren haben uns die Hunde auf Grundst\u00fccksl\u00e4nge regelm\u00e4\u00dfig ein lautstarkes Rennen geliefert, sie haben leider schon lange das Zeitliche gesegnet, wir fahren immer noch her.<br \/>\nAuf flacher Strecke rollen wir bis zur n\u00e4chsten Kreuzung. Geradeaus weiter an der Sandgrube vorbei, bis kurz hinterm Haupteingang der Firma links ein Weg abzweigt. Ein Weiher &#8211; und immer steht ein altes Fahrrad am Wegrand, seit Jahren. Der Weg bleibt flach. Links er\u00f6ffnet sich bald ein sumpfiges Gel\u00e4nde in einem jungen Wald. <\/p>\n<p><strong>Die Quelle <\/strong><br \/>\nunterhalb des Weges auf der linken Seite ist nur bei genauem Hinsehen zu entdecken. Ihr Wasser hat uns schon so manches Mal &#8222;das Leben&#8220; gerettet. An der n\u00e4chsten Abzweigung nehmen wir links die Br\u00fccke \u00fcber den Lannenbach, an der Rittscheidh\u00fctte vorbei bis hoch zur Stra\u00dfe. Rechts herum kommen wir nach Mitlosheim. Wir biegen aber links herum ein und wenden uns sofort wieder rechts, fahren in den Feldweg und hoch bis zur n\u00e4chsten Hauptverkehrstra\u00dfe. Die f\u00fchrt ebenfalls zum Globus Losheim (viel Verkehr). Wir reihen uns ein. Kurzer Blick nach rechts: ein st\u00e4hlernes Rennrad, aufgestellt zur Begr\u00fc\u00dfung der Tour de France, die Anno 2003 hier vorbeibrauste. Kurz hinter dem bald folgenden Holzkreuz (kein Tour de France &#8211; Relikt) d\u00fcrfen wir gottseidank in den Feldweg rechts einbiegen.<br \/>\nVorm Wald m\u00fcssen wir links hinunter \u00fcber ein Feld bis zum gegen\u00fcber liegenden Waldrand. Wir fahren links in den Wald hinein und lassen laufen bis zur n\u00e4chsten Kreuzung. Direkt gegen\u00fcber bringt uns ein breiterer Weg runter zur Teerstra\u00dfe nach Waldh\u00f6lzbach. <\/p>\n<p><strong>Das 10-Stunden-Rennen<\/strong><br \/>\nEnde der 90er Jahre kommt einem jetzt in den Sinn (Wer war damals dabei? Auf jeden Fall die L\u00fcckners mit Hans-Gerd) \u00dcber diese &#8222;legend\u00e4re&#8220; Strecke geht es weiter. Links herum um den Weiher. An ihm vorbei und dann den steilen Weg hoch. Rechts herum und wir lassen die Schreberg\u00e4rten der Losheimer links liegen, sausen \u00fcber die n\u00e4chste Kreuzung hinweg, etwas bergan und biegen links zum Waldrand ein. An selbigem vorbei (&#8230; damals ging es in umgekehrter Richtung, was waren wir stolz&#8230;) hoppeln wir bis zur n\u00e4chsten Kreuzung. Links herunter kommen wir zum Losheimer Bach: sommers wie winters ein spritziges Vergn\u00fcgen. Der Feldweg bringt uns hoch zum gro\u00dfen Parkplatz am Stausee. Am Infoh\u00e4uschen fahren wir rechts rein (Wer noch eine Tretbooteinlage braucht oder ein erfrischendes Bad, f\u00e4hrt geradeaus)am Seehotel vorbei und zwei Meter in den Wald hinein. <\/p>\n<p><strong>Am See<\/strong><br \/>\nhei\u00dft es langsam fahren (oder P\u00e4uschen auf einer Bank machen) und genie\u00dfen: die Leute, die Gespr\u00e4che, die &#8222;Urlaubstimmung&#8220; &#8230;<\/p>\n<ol>\nInfo<br \/>\nMit rund einer halben Million Tagesg\u00e4sten ist das Freizeitzentrum Stausee eines der gro\u00dfen Erholungszentren im Saarland. Der Reiz des Sees besteht im Nebeneinander von einerseits Ruhe und Natur und andererseits Action durch Events sowie die Gastronomie und die \u00dcbernachtungsm\u00f6glichkeiten. Mehr als 2.000 Parkpl\u00e4tze lassen keine Sorgen \u00fcber mangelnde Parkm\u00f6glichkeiten entstehen. Die Anfahrt erfolgt \u00fcber die B 268, die am See vorbeif\u00fchrt.<br \/>\nDer erste Spatenstich zum Bau erfolgte am 26.September 1972. Der tats\u00e4chliche Bau begann im Oktober 1972. Am 13.November 1973 wurde dann endlich mit einer Dauer von 3 Monaten der Stausee geflutet. Der erste \u00dcberlauftag war dann der 26.Februar 1973. Mit der Einweihung am 28.April 1974 wurde die Seeanlage dann endlich in Betrieb genommen. Die Baukosten f\u00fcr den Losheimer Stausee betrugen in etwa 9 Mio DM. Der Damm hat folgende Ma\u00dfe: H\u00f6he 17 m, Sohlenbreite 90 m, Kronenbreite 24,5 m. Der See ist 1200 m lang und 400 m breit. Der Wasserinhalt bei Normalstau betr\u00e4gt 1,5 Mio cbm. (www.losheim.de)\n<\/ol>\n<p>Nach Pause und Spa\u00df fahren wir \u00fcber die Holzbr\u00fccke links um den See herum bis zur Unterf\u00fchrung. Wir kommen hoch zur Hauptstra\u00dfe nach Losheim. Direkt auf der anderen Seite verl\u00e4uft ein Feldweg in Richtung Mettlach parallel neben der Autostra\u00dfe. Er f\u00fchrt an einer Bauschuttdeponie vorbei: im Sommer staubig, ansonsten matschig. Links \u00fcber einen Wiesenweg an Pferdekoppeln vorbei gelangen wir zum Ortsrand von Losheim. Wir fahren die Teerstra\u00dfe rechts herum und biegen an der n\u00e4chsten Abzweigung links in Wald ein. N\u00e4chste Abzweigung wieder links, an der halb zerfallenen Schutzh\u00fctte links herum und wir rollen in einigen Kehren durch den Tannenwald hinunter zur Stra\u00dfe.<br \/>\nWir lassen uns nach Losheim reinrollen. Rechts offenes Feld und eine dicke Buche (?). Dort fahren wir \u00fcber den Feldweg und die Bahntrasse hoch zur Hauptstra\u00dfe. Ihr m\u00fcssen wir ein St\u00fcck nach rechts folgen, bis wir die n\u00e4chste Abzweigung nach links sehen. Ein schmiedeeisernes Kreuz weist uns den Weg. <\/p>\n<p><strong>Der Panoramaweg<\/strong><br \/>\nWir fahren am Kreuz vorbei den Weg hoch und nehmen die n\u00e4chste Abzweigung nach rechts.<br \/>\nAuf einem langen flachen St\u00fcck genie\u00dfen wir den Blick auf Losheim und den Hochwald. Sto\u00dfen wir auf die Hauptstra\u00dfe nach Losheim, m\u00fcssen wir sie etwas 200m rechts hoch fahren. Am Galgenbergkreuz biegen wir links von der Stra\u00dfe ab und fahren nun \u00fcber den Galgenberg. Sch\u00f6ner Weitblick ins Land: in den Hochwald oder r\u00fcber zur Wahlener Platte mit den Windr\u00e4dern. Einige Kehren bringen uns runter nach Niederlosheim. Hinter den Obstb\u00e4umen biegen wir rechts in den Ort ab. Achtung, jetzt geht es etwas hin und her! Auf der Hauptstra\u00dfe halten wir uns links (weiter in den Ort rein) und nach wenigen Metern (!) rechts abbiegen in einen ganz kurzen Fu\u00dfg\u00e4ngerweg mit Barriere, der in eine Siedlung f\u00fchrt. Es geht (nur) links herum weiter,die n\u00e4chste dann rechts und wieder rechts &#8211; aus dem Ort heraus. Wir kommen an Pferdekoppeln vorbei in den Wald rein, am Sportplatz von Wahlen aufgepasst: zwischen der Schie\u00dfanlage und einer Pferdeweide f\u00fchrt ein Fu\u00dfweg durch den Wald in Richtung Dellborner M\u00fchle. Der Weg st\u00f6\u00dft bald auf einen breiten Weg, rechts runter und gleich wieder links herum, immer sch\u00f6n im Wald bleiben. An einer Bank mit Blick auf Losheim treffen wir auf den breiten Schotterweg, der uns zur Dellborner M\u00fchle zur\u00fcck bringt. <\/p>\n<p>(Stand 01\/2006)<\/p>\n<p><iframe loading=\"lazy\" src=\"http:\/\/www.gpsies.com\/mapOnly.do?fileId=mzboknmmysfnebaq\" width=\"600\" height=\"400\" frameborder=\"0\" scrolling=\"no\" marginheight=\"0\" marginwidth=\"0\" title=\"GPSies - Losheim 2\"><\/iframe><\/p>\n","protected":false},"excerpt":{"rendered":"<p>Variante 1 Start: Schmelz Strecke: Michelbach, Golfplatz, Nunkirchen, Delborner M&uuml;hle, Stausee L&auml;nge\/H\u00f6henmeter: 35 km \/ 490 hm Wir starten in Schmelz. Zuerst m&uuml;ssen wir durch die Ambetstra&szlig;e nach Michelbach. Dort biegen wir am Gasthaus &quot;Zur Linde&quot; in die Stra&szlig;e &quot;Zum L&uuml;ckner&quot; ein und folgen ihr an der Grundschule vorbei aus dem Dorf hinaus. Auf der &hellip; <\/p>\n<p class=\"link-more\"><a href=\"https:\/\/nmbiking.de\/wp\/?page_id=1761\" class=\"more-link\"><span class=\"screen-reader-text\">\u201eLosheim\u201c <\/span>weiterlesen<\/a><\/p>\n","protected":false},"author":65,"featured_media":0,"parent":1435,"menu_order":0,"comment_status":"open","ping_status":"closed","template":"","meta":{"footnotes":""},"class_list":["post-1761","page","type-page","status-publish","hentry"],"_links":{"self":[{"href":"https:\/\/nmbiking.de\/wp\/index.php?rest_route=\/wp\/v2\/pages\/1761","targetHints":{"allow":["GET"]}}],"collection":[{"href":"https:\/\/nmbiking.de\/wp\/index.php?rest_route=\/wp\/v2\/pages"}],"about":[{"href":"https:\/\/nmbiking.de\/wp\/index.php?rest_route=\/wp\/v2\/types\/page"}],"author":[{"embeddable":true,"href":"https:\/\/nmbiking.de\/wp\/index.php?rest_route=\/wp\/v2\/users\/65"}],"replies":[{"embeddable":true,"href":"https:\/\/nmbiking.de\/wp\/index.php?rest_route=%2Fwp%2Fv2%2Fcomments&post=1761"}],"version-history":[{"count":11,"href":"https:\/\/nmbiking.de\/wp\/index.php?rest_route=\/wp\/v2\/pages\/1761\/revisions"}],"predecessor-version":[{"id":25689,"href":"https:\/\/nmbiking.de\/wp\/index.php?rest_route=\/wp\/v2\/pages\/1761\/revisions\/25689"}],"up":[{"embeddable":true,"href":"https:\/\/nmbiking.de\/wp\/index.php?rest_route=\/wp\/v2\/pages\/1435"}],"wp:attachment":[{"href":"https:\/\/nmbiking.de\/wp\/index.php?rest_route=%2Fwp%2Fv2%2Fmedia&parent=1761"}],"curies":[{"name":"wp","href":"https:\/\/api.w.org\/{rel}","templated":true}]}}