{"id":1759,"date":"2008-06-26T05:28:20","date_gmt":"2008-06-26T06:28:20","guid":{"rendered":"https:\/\/nmbiking.de\/wp\/?page_id=1759"},"modified":"2014-02-20T10:14:18","modified_gmt":"2014-02-20T09:14:18","slug":"donatuskapelle","status":"publish","type":"page","link":"https:\/\/nmbiking.de\/wp\/?page_id=1759","title":{"rendered":"Donatuskapelle"},"content":{"rendered":"<table>\n<tr>\n<td valign=top>\n<p>Start: Michelbach\/Schmelz\/Lebach<br \/>\nStrecke: Dellborner M\u00fchle, Niederlosheim, Donatuskapelle, Waldhof, Rimlingen<br \/>\nL\u00e4nge\/H\u00f6henmeter: 35 km \/ 580 hm (ab Michelbach)<\/p>\n<p><font COLOR=\"#990000\">Von Schmelz aus<\/font> geht es wie bekannt am Steinbruch vorbei nach Michelbach. An der Grundschule vorbei fahren wir auf die H\u00f6he, den Blick geradeaus auf den L\u00fcckner gerichtet.Hinter der <b>Golfschule<\/b> biegen wir diesmal nicht zurBaumschule nach rechts ab, sondern halten <b>geradeaus auf den L\u00fcckner zu<\/b>. An der Golfanlage vorbei geht es hoch in den Wald. Am breiten Weg <b>rechts<\/b> herum und die n\u00e4chste Abzweigung <b>links<\/b> hoch. Wir fahren so weit hoch, an einem Holzkreuz vorbei, bis der Weg wieder flach wird. Unser Atem vielleicht auch. Achtung! Jetzt bringt uns <b>rechts<\/b> herunter ein <b>wurzeliger Weg<\/b> in Downhilllaune. Am Ende des Weges geht es nicht rechts herum auf den breiteren zu, sondern geradeaus, etwas zugewachsen, an einem umgest\u00fcrzten J\u00e4gerstand vorbei, unter quer liegenden Baumst\u00e4mmen durch auf den Hauptweg links hoch zur <b>Dellborner M\u00fchle.<\/b><\/p>\n<p>&nbsp;<\/p>\n<p><font COLOR=\"#990000\">Wir bleiben diesmal im Wald<\/font> und fahren den Waldweg links weiter in Richtung Niederlosheim. Nach einer kleinen Steigung, an der <b>Bank mit dem Blick auf den Hochwald<\/b>, biegen wir links ab. Es geht etwas steil hoch, aber nicht lange. Hinter einem einsam stehenden Haus heraus kommend bleiben wir im Wald, halten uns also <b>rechts und dann gleich links in einen schmalen Weg<\/b> einbiegen! Leicht bergab sausen wir diesen hinunter (Vorsicht Baumst\u00fcmpfe!) bis zum <b>Sportplatz Niederlosheim<\/b>. Rechts herum geht es wieder in den Wald  hinein. Wir kommen hinter Niederlosheim auf einer Pferdeweide heraus und fahren im Ort <b>zweimal links <\/b> herum. \u00dcber ein Wiesenst\u00fcck kommen wir zur Hauptstra\u00dfe. Ihr folgen wir nach links (Richtung Wahlen) bis zur <b>zweiten Stra\u00dfe, die rechts abgeht<\/b>. <\/p>\n<p><font COLOR=\"#990000\">Jetzt k\u00f6nnen wir wieder frei atmen<\/font> und vielleicht etwas keuchen, denn es geht jetzt den Feldweg immer bergauf. Wir sto\u00dfen auf einen geteerten Feldwirtschaftsweg, dem wir weiter bergauf folgen, bis wir den Hochwald vor liegen sehen. Kurz bevor wir auf dei Hauptstra\u00dfe sto\u00dfen f\u00fchrt ein Weg links rein. Ihm folgen wir, bis er auf die Hauptstra\u00dfe st\u00f6\u00dft. Auf der anderen Seite geht es weiter und bald ist unser Ziel in Sicht: die <b>Donatus Kapelle.<\/b><br \/>\nVon hier oben hat man einen sch\u00f6nen Blick auf Losheim und den Hochwald.<\/p>\n<p><font COLOR=\"#990000\">Wir bleiben etwas fromm<\/font>, fahren einige Meter zur\u00fcck und nehmen den <b>Kreuzweg<\/b> (Gel\u00e4nder) nach unten. Rechts herum kommen wir auf der Hauptstra\u00dfe nach Losheim heraus, bleiben auf dieser Seite, lassen rollen und biegen den n\u00e4chsten <b>Feldweg links<\/b> rein. Er bringt uns an G\u00e4rten vorbei wieder aus dem Bereich Losheim heraus. An der n\u00e4chsten Abzweigung m\u00fcssen wir links hoch, an einer Schutzh\u00fctte vorbei auf einen Weg, der um den Talabschluss herum f\u00fchrt. Von hier aus hat man eine besonders sch\u00f6ne Aussicht: nur H\u00fcgel und W\u00e4lder. An vielen alten Obstb\u00e4umen vorbei, die schon bei so manchem Hungerast geholfen haben, sehen wir bald unten im Tal den <b>Waldhof<\/b>. Dort hinunter lassen wir das Bike laufen. An der Kreuzung nehmen wir nicht die Teerstra\u00dfe und auch nicht den Waldweg, sondern fahren <b>am Waldrand entlang<\/b>. Bald m\u00fcssen wir aus dem Wald heraus, \u00fcber einen Bach und an Weiden vorbei <b>nach rechts<\/b>. Der Feldweg steigt bei den Tannen wieder an, es geht geradeaus weiter zur den <b>Resten des Westwalls<\/b>, die hier noch stehen und die sich der Saarwaldverein zu einer Unterkunft umgebaut hat.<\/p>\n<p><font COLOR=\"#990000\">Rimmlingen hei\u00dft uns willkommen.<\/font> Wir fahren bis zur <b>Kirche<\/b> und gegen\u00fcber links rein. An einer Kneipe mit dicker Buche vor der T\u00fcr biegen wir nach hundert Metern in die Stra\u00dfe nach links ein. Sie f\u00fchrt uns an einem Biolandhof vorbei wieder aus dem Ort heraus. Ein paar H\u00f6henmeter fordern ihren Tribut. Oben angekommen geht es rechts herum und den n\u00e4chsten Weg glich wieder links herum. Ein geteerter Feldwirtschaftsweg bringt uns in einigen Kehren dann runter zur Hauptstra\u00dfe. Wir fahren auf ihr ein St\u00fcck <b>links hoch<\/b> bis zur n\u00e4chsten Abzweigung rechts herein. Jetzt sind wir fast auf der H\u00f6he der Oppener Kuppe. Auf sie halten wir jetzt zu. Am <b>Hantenkreuz<\/b> (verdeckt durch B\u00fcsche) geht es rechts herum und sp\u00e4ter, bevor der Weg nach Rissental runter f\u00fchrt, links herum. Rechts sehen wir den Wald des L\u00fcckner und bald auch ein Weg, der rechts direkt hinein f\u00fchrt. Wir sind im Wald, im L\u00fcckner, auf der <b>Oppener Kuppe<\/b> (fast 400m hoch).<br \/>\nAn der gro\u00dfen Kreuzung (mit dem Kreuz) gibt es verschiedene M\u00f6glichkeiten nach Hause zu kommen&#8230;\n<\/td>\n<td width=200 valign=top>\n<p><a href=\"https:\/\/nmbiking.de\/wp\/wp-content\/uploads\/2007\/10\/ok07_108b.jpg\"  rel=\"Lightbox\" title=\"Donatuskapelle am Abend\"> <img decoding=\"async\" src=\"https:\/\/nmbiking.de\/wp\/wp-content\/uploads\/2007\/10\/ok07_108.jpg\" class=\"img\" width=200\/><\/a> <a href=\"https:\/\/nmbiking.de\/wp\/wp-content\/uploads\/2007\/10\/ok07_109b.jpg\" rel=\"Lightbox\" title=\"Auf dem Oppig-Gr\u00e4t-Weg\"><img decoding=\"async\" src=\"https:\/\/nmbiking.de\/wp\/wp-content\/uploads\/2007\/10\/ok07_109.jpg\" class=\"img\" width=200\/> <\/a><\/p>\n<p><a href=\"https:\/\/nmbiking.de\/wp\/wp-content\/uploads\/2008\/04\/april08_100b.jpg\" rel=\"Lightbox\" title=\"Im L\u00fcckner\"><img decoding=\"async\" src=\"https:\/\/nmbiking.de\/wp\/wp-content\/uploads\/2008\/04\/april08_100.jpg\" width=200 class=\"img\" width=\"190\" \/><\/a> <a href=\"https:\/\/nmbiking.de\/wp\/wp-content\/uploads\/2008\/04\/april08_101b.jpg\" rel=\"Lightbox\" title=\"Hoch zur Donatuskapelle\"><img decoding=\"async\" src=\"https:\/\/nmbiking.de\/wp\/wp-content\/uploads\/2008\/04\/april08_101.jpg\" width=200 class=\"img\" width=\"187\" \/> <\/a> <a href=\"https:\/\/nmbiking.de\/wp\/wp-content\/uploads\/2008\/04\/april08_102b.jpg\" rel=\"Lightbox\" title=\"Losheim unter uns\"><img decoding=\"async\" src=\"https:\/\/nmbiking.de\/wp\/wp-content\/uploads\/2008\/04\/april08_102.jpg\" width=200 class=\"img\" width=\"178\" \/> <\/a><\/p>\n<p><a href=\"https:\/\/nmbiking.de\/wp\/wp-content\/uploads\/2007\/10\/ok07_110b.jpg\" rel=\"Lightbox\" title=\"Losheim unter uns\"> <img decoding=\"async\" src=\"https:\/\/nmbiking.de\/wp\/wp-content\/uploads\/2007\/10\/ok07_110.jpg\" width=200 class=\"img\" width=\"178\" \/> <\/p>\n<p><\/a><a href=\"https:\/\/nmbiking.de\/wp\/wp-content\/uploads\/2007\/10\/ok07_113b.jpg\" rel=\"Lightbox\" title=\"Losheim unter uns\"> <img decoding=\"async\" src=\"https:\/\/nmbiking.de\/wp\/wp-content\/uploads\/2007\/10\/ok07_113.jpg\" width=200 class=\"img\" width=\"178\" \/> <\/p>\n<p><\/a><a href=\"https:\/\/nmbiking.de\/wp\/wp-content\/uploads\/2007\/10\/ok07_111b.jpg\" rel=\"Lightbox\" title=\"Losheim unter uns\"> <img decoding=\"async\" src=\"https:\/\/nmbiking.de\/wp\/wp-content\/uploads\/2007\/10\/ok07_111.jpg\" width=200 class=\"img\" width=\"178\" \/> <\/p>\n<p><\/a><a href=\"https:\/\/nmbiking.de\/wp\/wp-content\/uploads\/2007\/10\/ok07_84b.jpg\" rel=\"Lightbox\" title=\"Losheim unter uns\"> <img decoding=\"async\" src=\"https:\/\/nmbiking.de\/wp\/wp-content\/uploads\/2007\/10\/ok07_84.jpg\" width=200 class=\"img\" width=\"178\" \/> <\/p>\n<p><\/a><a href=\"https:\/\/nmbiking.de\/wp\/wp-content\/uploads\/2007\/10\/ok07_76b.jpg\" rel=\"Lightbox\" title=\"Losheim unter uns\"> <img decoding=\"async\" src=\"https:\/\/nmbiking.de\/wp\/wp-content\/uploads\/2007\/10\/ok07_76.jpg\" width=200 class=\"img\" width=\"178\" \/> <\/p>\n<p><\/a><a href=\"https:\/\/nmbiking.de\/wp\/wp-content\/uploads\/2007\/10\/ok07_88b.jpg\" rel=\"Lightbox\" title=\"Losheim unter uns\"> <img decoding=\"async\" src=\"https:\/\/nmbiking.de\/wp\/wp-content\/uploads\/2007\/10\/ok07_88.jpg\" width=200 class=\"img\" width=\"178\" \/> <\/p>\n<p><\/a><a href=\"https:\/\/nmbiking.de\/wp\/wp-content\/uploads\/2007\/11\/nov07_19b.jpg\" rel=\"Lightbox\" title=\"Losheim unter uns\"> <img decoding=\"async\" src=\"https:\/\/nmbiking.de\/wp\/wp-content\/uploads\/2007\/11\/nov07_19.jpg\" width=200 class=\"img\" width=\"178\" \/> <\/p>\n<p><\/a><a href=\"https:\/\/nmbiking.de\/wp\/wp-content\/uploads\/2007\/11\/nov07_20b.jpg\" rel=\"Lightbox\" title=\"Losheim unter uns\"> <img decoding=\"async\" src=\"https:\/\/nmbiking.de\/wp\/wp-content\/uploads\/2007\/11\/nov07_20.jpg\" width=200 class=\"img\" width=\"178\" \/> <\/p>\n<p><\/a><a href=\"https:\/\/nmbiking.de\/wp\/wp-content\/uploads\/2007\/11\/nov07_21b.jpg\" rel=\"Lightbox\" title=\"Losheim unter uns\"> <img decoding=\"async\" src=\"https:\/\/nmbiking.de\/wp\/wp-content\/uploads\/2007\/11\/nov07_21.jpg\" width=200 class=\"img\" width=\"178\" \/> <\/p>\n<p><\/a><\/td>\n<\/tr>\n<\/table>\n","protected":false},"excerpt":{"rendered":"<p>Start: Michelbach\/Schmelz\/Lebach Strecke: Dellborner M\u00fchle, Niederlosheim, Donatuskapelle, Waldhof, Rimlingen L\u00e4nge\/H\u00f6henmeter: 35 km \/ 580 hm (ab Michelbach) Von Schmelz aus geht es wie bekannt am Steinbruch vorbei nach Michelbach. An der Grundschule vorbei fahren wir auf die H\u00f6he, den Blick geradeaus auf den L\u00fcckner gerichtet.Hinter der Golfschule biegen wir diesmal nicht zurBaumschule nach rechts ab, &hellip; <\/p>\n<p class=\"link-more\"><a href=\"https:\/\/nmbiking.de\/wp\/?page_id=1759\" class=\"more-link\"><span class=\"screen-reader-text\">\u201eDonatuskapelle\u201c <\/span>weiterlesen<\/a><\/p>\n","protected":false},"author":65,"featured_media":0,"parent":1435,"menu_order":0,"comment_status":"open","ping_status":"closed","template":"","meta":{"footnotes":""},"class_list":["post-1759","page","type-page","status-publish","hentry"],"_links":{"self":[{"href":"https:\/\/nmbiking.de\/wp\/index.php?rest_route=\/wp\/v2\/pages\/1759","targetHints":{"allow":["GET"]}}],"collection":[{"href":"https:\/\/nmbiking.de\/wp\/index.php?rest_route=\/wp\/v2\/pages"}],"about":[{"href":"https:\/\/nmbiking.de\/wp\/index.php?rest_route=\/wp\/v2\/types\/page"}],"author":[{"embeddable":true,"href":"https:\/\/nmbiking.de\/wp\/index.php?rest_route=\/wp\/v2\/users\/65"}],"replies":[{"embeddable":true,"href":"https:\/\/nmbiking.de\/wp\/index.php?rest_route=%2Fwp%2Fv2%2Fcomments&post=1759"}],"version-history":[{"count":4,"href":"https:\/\/nmbiking.de\/wp\/index.php?rest_route=\/wp\/v2\/pages\/1759\/revisions"}],"predecessor-version":[{"id":25706,"href":"https:\/\/nmbiking.de\/wp\/index.php?rest_route=\/wp\/v2\/pages\/1759\/revisions\/25706"}],"up":[{"embeddable":true,"href":"https:\/\/nmbiking.de\/wp\/index.php?rest_route=\/wp\/v2\/pages\/1435"}],"wp:attachment":[{"href":"https:\/\/nmbiking.de\/wp\/index.php?rest_route=%2Fwp%2Fv2%2Fmedia&parent=1759"}],"curies":[{"name":"wp","href":"https:\/\/api.w.org\/{rel}","templated":true}]}}