{"id":1755,"date":"2008-06-25T10:58:44","date_gmt":"2008-06-25T11:58:44","guid":{"rendered":"https:\/\/nmbiking.de\/wp\/?page_id=1755"},"modified":"2022-02-14T15:41:03","modified_gmt":"2022-02-14T14:41:03","slug":"grimburg","status":"publish","type":"page","link":"https:\/\/nmbiking.de\/wp\/?page_id=1755","title":{"rendered":"Grimburg"},"content":{"rendered":"<table>\n<tbody>\n<tr>\n<td valign=\"top\"><span style=\"font-family: Courier New; font-size: small;\">Start: Schmelz<\/span><br \/>\n<span style=\"font-family: Courier New; font-size: small;\">Strecke: Bardenbach, Dagstuhl, L\u00f6stertal, Sitzerath, Benkelberg, Grimburg, Konfeld<\/span><br \/>\n<span style=\"font-family: Courier New; font-size: small;\">L\u00e4nge: rund 60 km \/ 900 hm<br \/>\n<\/span>Dies ist nur eine Beschreibung markanter und sehenswerter Abschnitte und Punkte, keine Details zum Streckenverlauf. Bitte GPS-Daten benutzen (siehe Ende des Artikels)!<\/p>\n<p>&#8230;durch Nunkirchen durch, vor <strong>\u00dcberlosheim <\/strong>zur Hauptstra\u00dfe und am Weiher vorbei geht es auf bekannten Wegen nach <strong>Badenbach<\/strong>. Die Prims rauscht neben uns, wenn wir am <b>Badenbacher Fels<\/b> vorbeifahren. Der Weg \u00fcber den Fels ist auch nicht zu verachten&#8230; Ein Abstecher zur Burgruine Dagstuhl lohnt sich. Danach nehmen wir vom Schloss Dagstuhl aus den breiten Weg auf der rechten Talseite in Richtung L\u00f6stertal.<\/p>\n<p>Wer gerne eine l\u00e4ngere Variante fahren will, kann das Eulenkreuz noch mitnehmen:<br \/>\nAn der ersten gro\u00dfen Abzweigung fahren wir rechts den Berg hoch. Ziemlich steil. Oben dann links weiter, nur eine leichte Steigung. An der n\u00e4chsten Abzweigung links hoch. Wir kommen an den vielen <b>Bombenkratern<\/b> &#8211; oder was das sonst sein kann &#8211; vorbei und zum <b>Eulenkreuz<\/b>. Es erstrahlt in renoviertem Glanz. Links vorbei den Berg runter, an der Teerstra\u00dfe rechts herum und die n\u00e4chste Abzweigung wieder rechts und gleich links! Der Lohn f\u00fcr den m\u00fchsamen Aufstieg: die schnelle Abfahrt runter ins L\u00f6stertal mit sch\u00f6nem Blick in den Hochwald.<\/p>\n<p>Wer unten bleibt, folgt dem Weg bis zur Hauptstra\u00dfe nach Rathen. Von dort aus nach Oberl\u00f6stern zum Schlittchenwald.<br \/>\nWeiter durchs L\u00f6stertal \u00fcber Waldwege fahren wir bis <b>Sitzerath<\/b> und von dort auf einer Teerstra\u00dfe hoch an einer Kapelle vorbei bis auf den <b>Benkelberg<\/b> mit seinen drei Windr\u00e4dern.<br \/>\nDie l\u00e4ngere und interessantere Variante f\u00fchrt \u00fcber den H\u00f6henr\u00fccken. Also nicht nach Rathen fahren, sondern links abbiegen nach <strong>Niederl\u00f6stern<\/strong>. N\u00e4chste Station ist dann am Ende des Dorfes der Schlittchenwald. Gegen\u00fcber dem Tennisplatz geht es rein zu den Felsen.<\/p>\n<p>Der Wechsel r\u00fcber zur Grimburg und damit ins Nachbarbundesland ist ein Kinderspiel. Die Grimburg ist je nach Jahreszeit mehr oder weniger stark bev\u00f6lkert. Hinter der Burg f\u00fchrt ein sch\u00f6ner Trail ins Tal, N\u00e4he Grimburger Hof.<\/p>\n<p>Eine kleine <b>Br\u00fccke<\/b> bringt uns \u00fcber den Bach. Wir halten uns rechts! Hinterm Grimburger Hof vorbei geht es wieder berghoch, am &#8222;Weinf\u00e4sschen&#8220; tanken wir &#8211; nat\u00fcrlich Wasser.<br \/>\nFr\u00fcher sind wir \u00fcber die <strong>Hochwaldalm <\/strong>zur\u00fcck gefahren, dort kann man immer noch eine Rast machen. Weiter geht es dann die Teerstra\u00dfe hoch bis zur Abzweigung zum <strong>Teufelskopf<\/strong>. Die zweith\u00f6chste Stelle der Tour ist erreicht. Von hier aus geht es &#8222;grunds\u00e4tzlich&#8220; nur bergab. Nach der gro\u00dfen <b>Kreuzung mit dem Felsenbrocken und dem Holzschild<\/b> folgen wir der Autobahn nur kurz: An der <b>Waldmarkierung 304<\/b> geht es rechts runter und dann wieder links herum. Wir sto\u00dfen auf einen breiten, geschotterten Weg, dem wir bis zum <b>Hochstand<\/b> bergauf folgen. Gegen\u00fcber suchen wir den Weg, der uns zum <b>Wahnbach<\/b> bringt. Ein sch\u00f6ner, aber oft feuchter Trail! Anspruchsvoll, man kann ihn aber auch schiebend genie\u00dfen. Bald f\u00fchrt eine kleine Holzbr\u00fccke \u00fcber den Wahnbach und wir folgen einem sch\u00f6nen, wenn auch nicht immer fahrbaren Weg. Wir kommen an der n\u00e4chsten <b>Holzbr\u00fccke<\/b> heraus, \u00fcberqueren sie und machen uns linkerhand auf den Weg nach <strong>Konfeld<\/strong>&#8230;<br \/>\nWer noch Power und Zeit hat, kann auch geradeaus hinter der Br\u00fccke dem Weg den Berg hoch folgen. Ein Trail, der bis WEiskirchen f\u00fchrt. (geschrieben 6\/2008- aktualisiert 5\/2018)<\/p>\n<p>&nbsp;<\/p>\n<p>Die Glanzlichter der Tour:<br \/>\nF\u00fcr historisch und geologisch Interessierte hat die Tour zur Grimburg einiges zu bieten.<br \/>\n1 Der <b>Bardenbacher Fels<\/b>: ein Weg an der rauschenden und sch\u00e4umenden Prims entlang linkerhand der mit Efeu behangene Felsr\u00fccken<br \/>\n2 Die <b>Ruine Dagstuhl<\/b>: frisch restauriert, Blick in den Hochwald, zu ihren F\u00fc\u00dfen das Schl\u00f6sschen Dagstuhl mit Kra\u00fctergarten und kleinem Barockpark<br \/>\n3 Das <b>Schloss Dagstuhl<\/b> : mit barocker Kapelle und Kr\u00e4utergarten<br \/>\n4 Die <strong>Bruder-KLaus-Kapelle<\/strong> mit den Steinmonumenten<br \/>\n5 Die <strong>r\u00f6mischen Monumentalgr\u00e4ber<\/strong> lassen alte Gr\u00f6\u00dfe ahnen<br \/>\n6 Der <b>Schlittchenwald<\/b>: auch eine geologische Besonderheit mit seinen dahin gestreuten Felsbrocken<br \/>\n7 Der <b>Benkelberg<\/b>, auf dem sich die Windr\u00e4der drehen<br \/>\n8 Die <b>Grimburg<\/b>: d\u00fcster und einsam gelegen, mit einem interessanten Weg hinunter zur Wadrill<br \/>\n9 Die <b>Hochwaldalm<\/b>: mit Panoramablick, im Sommer Vieh auf der Weide und einer echten, bewirtschafteten Almh\u00fctte (Und das im Saarland!)<br \/>\n10 Das <b>Wahnbachtal<\/b> mit seinem sch\u00f6nen Bach&#8230;<\/p>\n<p>Auch einige Wegabschnitte, zum Teil Wanderwege, aber kaum begangen, sind tolle Trails:<br \/>\n1 Am <strong>Bardenbacherfels <\/strong>entlang, oder \u00fcber den Bardenbacher Fels<br \/>\n2 Von <strong>Niederl\u00f6stern <\/strong>bis zum Segelflugplatz<br \/>\n3 <strong>Abfahrt von der Burg<\/strong> bis zum Grimburger Hof (Einkehrm\u00f6glichkeit)<br \/>\n4 Das <strong>Lautenbachtal <\/strong>hoch bis zur Hochwaldalm<br \/>\n5 Durch das <strong>Wahnbachtal<\/strong>: technisch sehr anspruchsvoll!<\/td>\n<td valign=\"top\" width=\"200\">&nbsp;<\/p>\n<p><img decoding=\"async\" src=\"http:\/\/www.nmbiking.de\/oldsite\/mai05\/mai05_2.jpg\" width=\"196\/\" \/><br \/>\n<img decoding=\"async\" src=\"http:\/\/www.nmbiking.de\/oldsite\/mai05\/mai05_1.jpg\" width=\"196\" \/><br \/>\n<img decoding=\"async\" src=\"http:\/\/www.nmbiking.de\/moldsite\/ai05\/mai05_3.jpg\" width=\"196\" \/><br \/>\n<img decoding=\"async\" src=\"http:\/\/www.nmbiking.de\/oldsite\/mai05\/mai05_4.jpg\" width=\"196\" \/><br \/>\n<img decoding=\"async\" src=\"http:\/\/www.nmbiking.de\/oldsite\/mai05\/mai05_5.jpg\" width=\"196\" \/><br \/>\n<img decoding=\"async\" src=\"http:\/\/www.nmbiking.de\/oldsite\/grimburg2.jpg\" width=\"196\/\" \/><br \/>\n<img decoding=\"async\" src=\"http:\/\/www.nmbiking.de\/oldsite\/feb06\/feb06_74.jpg\" width=\"196\" \/><br \/>\n<img decoding=\"async\" src=\"http:\/\/www.nmbiking.de\/oldsite\/feb06\/feb06_75.jpg\" width=\"196\" \/><br \/>\n<img decoding=\"async\" src=\"http:\/\/www.nmbiking.de\/oldsite\/feb06\/feb06_76.jpg\" width=\"196\" \/><br \/>\n<img decoding=\"async\" src=\"http:\/\/www.nmbiking.de\/oldsite\/feb06\/feb06_77.jpg\" width=\"196\" \/><\/td>\n<\/tr>\n<\/tbody>\n<\/table>\n<p>GPS-Daten auf <a href=\"https:\/\/www.komoot.de\/tour\/31671537\">Komoot<\/a><br \/>\nStreckenvarianten und Fotos: <a href=\"https:\/\/nmbiking.de\/wp\/?p=45975\">Juni 2017<\/a> &#8211; <a href=\"https:\/\/nmbiking.de\/wp\/?p=34284\">Mai 2015<\/a> &#8211; <a href=\"https:\/\/nmbiking.de\/wp\/?p=27057\">Mai 2014<\/a><\/p>\n","protected":false},"excerpt":{"rendered":"<p>Start: Schmelz Strecke: Bardenbach, Dagstuhl, L\u00f6stertal, Sitzerath, Benkelberg, Grimburg, Konfeld L\u00e4nge: rund 60 km \/ 900 hm Dies ist nur eine Beschreibung markanter und sehenswerter Abschnitte und Punkte, keine Details zum Streckenverlauf. Bitte GPS-Daten benutzen (siehe Ende des Artikels)! &#8230;durch Nunkirchen durch, vor \u00dcberlosheim zur Hauptstra\u00dfe und am Weiher vorbei geht es auf bekannten Wegen &hellip; <\/p>\n<p class=\"link-more\"><a href=\"https:\/\/nmbiking.de\/wp\/?page_id=1755\" class=\"more-link\"><span class=\"screen-reader-text\">\u201eGrimburg\u201c <\/span>weiterlesen<\/a><\/p>\n","protected":false},"author":65,"featured_media":0,"parent":1435,"menu_order":0,"comment_status":"open","ping_status":"closed","template":"","meta":{"footnotes":""},"class_list":["post-1755","page","type-page","status-publish","hentry"],"_links":{"self":[{"href":"https:\/\/nmbiking.de\/wp\/index.php?rest_route=\/wp\/v2\/pages\/1755","targetHints":{"allow":["GET"]}}],"collection":[{"href":"https:\/\/nmbiking.de\/wp\/index.php?rest_route=\/wp\/v2\/pages"}],"about":[{"href":"https:\/\/nmbiking.de\/wp\/index.php?rest_route=\/wp\/v2\/types\/page"}],"author":[{"embeddable":true,"href":"https:\/\/nmbiking.de\/wp\/index.php?rest_route=\/wp\/v2\/users\/65"}],"replies":[{"embeddable":true,"href":"https:\/\/nmbiking.de\/wp\/index.php?rest_route=%2Fwp%2Fv2%2Fcomments&post=1755"}],"version-history":[{"count":23,"href":"https:\/\/nmbiking.de\/wp\/index.php?rest_route=\/wp\/v2\/pages\/1755\/revisions"}],"predecessor-version":[{"id":76210,"href":"https:\/\/nmbiking.de\/wp\/index.php?rest_route=\/wp\/v2\/pages\/1755\/revisions\/76210"}],"up":[{"embeddable":true,"href":"https:\/\/nmbiking.de\/wp\/index.php?rest_route=\/wp\/v2\/pages\/1435"}],"wp:attachment":[{"href":"https:\/\/nmbiking.de\/wp\/index.php?rest_route=%2Fwp%2Fv2%2Fmedia&parent=1755"}],"curies":[{"name":"wp","href":"https:\/\/api.w.org\/{rel}","templated":true}]}}