{"id":1689,"date":"2008-03-24T19:03:22","date_gmt":"2008-03-24T19:03:22","guid":{"rendered":"https:\/\/nmbiking.de\/wp\/?page_id=1689"},"modified":"2020-01-18T12:07:37","modified_gmt":"2020-01-18T11:07:37","slug":"haankapelle","status":"publish","type":"page","link":"https:\/\/nmbiking.de\/wp\/?page_id=1689","title":{"rendered":"Haankapelle"},"content":{"rendered":"<ol>\nStart: Altland oder in Schmelz, Michelbach<br \/>\nStrecke: Altland, Vogelsb\u00fcsch<br \/>\nL\u00e4nge: ca. 15 km<\/ol>\n<p>Die Beschreibung der kleinen Rundtour beginnt in <strong>Altland, Ortsausgang<\/strong>.<br \/>\nDorthin  gelangt man \u00fcber Schmelz, Limbach, Dorf im Bohnental und Lindscheid.<br \/>\nHinter den letzten H\u00e4usern von Altland f\u00fchrt nach einigen hundert Metern ein Weg <strong>links in den Wald<\/strong> hinein. Wir folgen dem breiten Weg in all seinen Windungen durch einen lichten Wald. Wenn wir an H\u00f6he verloren haben, l\u00e4uft der Weg neben dem Bach her. Wir gelangen zum <strong>Hubertuskreuz<\/strong> an einem Waldparkplatz, der von Lockweiler her zu erreichen ist.<br \/>\nHier beginnt ein <strong>Kreuzweg<\/strong>, der zum Ziel unserer To\u00fcr, der Haankapelle, f\u00fchrt. Wir folgen den Stationen bergauf. Es lohnt sich, bei gem\u00e4\u00dfigten Tempo einen Blick auf die sch\u00f6n bunten, ein wenig kitschigen Leidenswegmotive zu werfen. Wenn die Stationen vom Hauptweg abbiegen, folgen wir ihm.<br \/>\nTReppen f\u00fchren zur Kapelle hoch, Mauerreste sind zu sehen. Das war mal die Burg Schwarzenberg.<\/p>\n<p>Rundgang um die Kapelle. Blick ins Land: auf Lockweiler, Dagstuhl, Wadern. Blick in die Kapelle: Grabst\u00e4tte eines Grafen, der einst gegen\u00fcber auf Burg Dagstuhl residiert hat.<\/p>\n<p><em><br \/>\n[Info: Burg Dagstuhl wurde  um 1290 durch Ritter Boemund von Saarbr\u00fccken erbaut, als Vorposten der Herrschaft des Bischofs von Trier, zerst\u00f6rt 1720.<\/em><br \/>\n<font color=\"#996666\"><em>Die Haankapelle wurde 1837 von der Familie Lasalle von Louisenthal auf dem Gel\u00e4nde und aus den \u00dcberresten der erstmals 1192 urkundlich erw\u00e4hnten Burg Schwarzenberg erbaut. Die Burg entstammt aus der Zeit der Zweibr\u00fccker Grafen, wechselte jedoch nach 1260 mehrfach seine Besitzer.]<\/em><\/font><br \/>\n<font color=\"#660066\" size=\"6\">D<\/font>en Kreuzweg k\u00f6nnen wir nun wieder zur\u00fcckbrausen. Oder&#8230;<\/p>\n<p>Beim Aufgang zur Kapelle auf halber H\u00f6he ist ein Weg zu sehen, der nach <strong>rechts<\/strong> bergab f\u00fchrt. Den nehmen wir auf dem R\u00fcckweg.<br \/>\nDas letzte St\u00fcck ist auf jeden Fall ganz gut befahrbar. Der Weg f\u00fchrt zu einem <strong>Weiher<\/strong> vor Lockweiler, dem Haanweiher.<\/p>\n<p>Zum zweiten Teil der Tour m\u00fcssen wir zur Stra\u00dfe, fahren diese ein St\u00fcck <strong>links hoch<\/strong>, biegen dann <strong>rechts ab<\/strong> in einen Waldweg. An der n\u00e4chsten Abzweigung m\u00fcssen <strong>rechts<\/strong> rein, nicht den Berg weiter hoch! An Wiesen und \u00c4ckern, einem Bienenhaus vorbei sto\u00dfen wir auf den <strong>Jugendherbergsweg<\/strong>, der von links oben von Vogelsb\u00fcsch herunterkommt. Wir fahren ihn ein St\u00fcck links hoch, die n\u00e4chste wieder rechts und landen auf einem breiten Waldweg, dem <strong>Buttnicher Rundweg<\/strong>.<br \/>\nIhm k\u00f6nnen wir nun rechts <strong>oder<\/strong> links rum folgen. Auf jeden Fall m\u00fcssen wir an der <strong>Saugrube, Weiher, feuchtes Bachgel\u00e4nde<\/strong>, steil den <strong>Berg hinauf<\/strong> in Richtung Vogelsb\u00fcsch.<\/p>\n<p>Oben folgen wir dem Weg nach <strong>links<\/strong> und gelangen ins absolut ruhige <strong>Vogelsb\u00fcsch<\/strong>, am neuen <strong>D\u00f6sterhof<\/strong> \u00fcber die Hauptstra\u00dfe wieder nach Altland.<br \/>\n(geschr. 10\/2005\/ aktualisiert 5\/2018) &#8211; GPS-Daten auf <a href=\"https:\/\/www.komoot.de\/tour\/32120929\">Komoot<\/a><\/p>\n<p><img decoding=\"async\" src=\"https:\/\/nmbiking.de\/wp\/wp-content\/uploads\/2008\/01\/jan08_71b.jpg\" class=\"img\"  width=\"700\" \/><\/p>\n","protected":false},"excerpt":{"rendered":"<p>Start: Altland oder in Schmelz, Michelbach Strecke: Altland, Vogelsb\u00fcsch L\u00e4nge: ca. 15 km Die Beschreibung der kleinen Rundtour beginnt in Altland, Ortsausgang. Dorthin gelangt man \u00fcber Schmelz, Limbach, Dorf im Bohnental und Lindscheid. Hinter den letzten H\u00e4usern von Altland f\u00fchrt nach einigen hundert Metern ein Weg links in den Wald hinein. Wir folgen dem breiten &hellip; <\/p>\n<p class=\"link-more\"><a href=\"https:\/\/nmbiking.de\/wp\/?page_id=1689\" class=\"more-link\"><span class=\"screen-reader-text\">\u201eHaankapelle\u201c <\/span>weiterlesen<\/a><\/p>\n","protected":false},"author":65,"featured_media":0,"parent":1435,"menu_order":0,"comment_status":"open","ping_status":"closed","template":"","meta":{"footnotes":""},"class_list":["post-1689","page","type-page","status-publish","hentry"],"_links":{"self":[{"href":"https:\/\/nmbiking.de\/wp\/index.php?rest_route=\/wp\/v2\/pages\/1689","targetHints":{"allow":["GET"]}}],"collection":[{"href":"https:\/\/nmbiking.de\/wp\/index.php?rest_route=\/wp\/v2\/pages"}],"about":[{"href":"https:\/\/nmbiking.de\/wp\/index.php?rest_route=\/wp\/v2\/types\/page"}],"author":[{"embeddable":true,"href":"https:\/\/nmbiking.de\/wp\/index.php?rest_route=\/wp\/v2\/users\/65"}],"replies":[{"embeddable":true,"href":"https:\/\/nmbiking.de\/wp\/index.php?rest_route=%2Fwp%2Fv2%2Fcomments&post=1689"}],"version-history":[{"count":22,"href":"https:\/\/nmbiking.de\/wp\/index.php?rest_route=\/wp\/v2\/pages\/1689\/revisions"}],"predecessor-version":[{"id":61550,"href":"https:\/\/nmbiking.de\/wp\/index.php?rest_route=\/wp\/v2\/pages\/1689\/revisions\/61550"}],"up":[{"embeddable":true,"href":"https:\/\/nmbiking.de\/wp\/index.php?rest_route=\/wp\/v2\/pages\/1435"}],"wp:attachment":[{"href":"https:\/\/nmbiking.de\/wp\/index.php?rest_route=%2Fwp%2Fv2%2Fmedia&parent=1689"}],"curies":[{"name":"wp","href":"https:\/\/api.w.org\/{rel}","templated":true}]}}