{"id":1685,"date":"2008-03-22T17:30:44","date_gmt":"2008-03-22T17:30:44","guid":{"rendered":"https:\/\/nmbiking.de\/wp\/?page_id=1685"},"modified":"2009-01-23T08:07:12","modified_gmt":"2009-01-23T09:07:12","slug":"schaumberg-1","status":"publish","type":"page","link":"https:\/\/nmbiking.de\/wp\/?page_id=1685","title":{"rendered":"Schaumberg 1"},"content":{"rendered":"<table width=\"600\">\n<tr>\n<td valign=\"top\"><strong>M\u00f6glichkeit 1<\/strong><br \/>\nStart: Lebach o. Schmelz<br \/>\nStrecke:  Schmelz &#8211; H\u00f6chsten &#8211; Steinbach &#8211; Bergweiler &#8211; Schaumberg &#8211; Blasiusberg &#8211; Lachm\u00fchle &#8211; Leitzweiler &#8211; Dautweiler Wald &#8211; Limbach &#8211; Schmelz<br \/>\nL\u00e4nge: ca. 50 km \/ 1200 hm<strong><\/p>\n<p>&nbsp;<\/p>\n<p>M\u00f6glichkeit 2<\/strong>: anders herum \u00fcber Limbach&#8230;<\/p>\n<p>&nbsp;<\/p>\n<p><font color=\"#0000ff\" size=\"6\">W<\/font><font color=\"black\" size=\"2\">ir starten am <strong>Steinbruch<\/strong> Schattertrisch zwischen Schmelz und Michelbach. Links vom Steinbruch geht es gleich zackig den Berg hoch, oben im Wald nach links abbiegen und wieder mit etwas Gef\u00e4lle und Steigungen bis zur ersten Kreuzung. Wir befinden uns jetzt im Gro\u00dfen Horst, oberhalb von Limbach. Zu dieser Stelle werden wir auf dem R\u00fcckweg wieder kommen. Jetzt geht es rechts weiter der Berg hoch, n\u00e4chste Abzweigung rechts herum bis zum <strong>Hoxfelsen<\/strong>, einem geologisch interessanten Punkt.<br \/>\nNach genossener Aussicht suchen wir den schmalen Pfad, der direkt gegen\u00fcber weiter in den Wald hineinf\u00fchrt. Er st\u00f6\u00dft bald auf einen breiten Weg, der uns aus dem Wald heraus f\u00fchrt &#8211; und wir haben &#8211; je nach WEtter &#8211; eine weite Sicht ins Saarland. Den Feldweg rechts herunter und wieder links bis zum Teerstr\u00e4\u00dfchen. Hinter den <strong>Wochenendh\u00e4usern rechts<\/strong> einbiegen. Nach ca 500m f\u00fchrt ein kurzer, aber steiler Stich zur Hauptverkehrsstra\u00dfe Gresaubach hinunter. <strong>Vorsicht Verkehr! Schlechte Sicht!<\/strong> Gegen\u00fcber bringt uns ein Feldweg in den Wald in Richtung H\u00f6chsten.<\/font><\/p>\n<p>&nbsp;<\/p>\n<p><font color=\"black\" size=\"2\"><\/font><font color=\"#0000ff\" size=\"6\">D<\/font>urch das Waldst\u00fcck geht&#8217;s erst abw\u00e4rts<br \/>\nund dann wieder bergauf, leider oft sehr feuchte Verh\u00e4ltnisse. Wenn es wieder bergauf geht, kann auf der linken, sp\u00e4ter auf der rechten Seite des Hauptweges ein <strong>schmaler Trail<\/strong> genutzt werden!<br \/>\nWir sto\u00dfen nach ein paar Minuten auf einen geteerten Feldwirtschaftsweg, der rechts von Gresaubach herauff\u00fchrt. Wir fahren <strong>links weiter bergauf <\/strong>, nach ein paar Metern wieder <strong>rechts<\/strong> auf H\u00f6chsten.<br \/>\nAuf recht windiger H\u00f6he genie\u00dfen wir den pr\u00e4chtigen Rundumblick. Es folgt der &#8222;Milit\u00e4rische Sicherheitsbereich&#8220;. (<em>Vorsicht Schu\u00dfwaffengebrauch! &#8211; steht auch auf dem Schild, was aber einige Biker nicht abhalten wird, das reizende Gel\u00e4nde f\u00fcr ihre Zwecke zu nutzen!<\/em>) Am <strong>Weiler &#8222;H\u00f6chsten&#8220;<\/strong> vorbei gelangen wir zum Ausflugsort <strong>&#8222;Cafe Waldfriede&#8220;<\/strong>. Wir halten uns nicht auf, denn uns erwartet einige Meter weiter der mit Treppen garnierte Weg zur <strong>Wallfahrtskapelle<\/strong> bis hinunter zur Quelle. Wer m\u00f6chte und kann, biegt vor den Treppenstufen links den Hang runter in eine <strong>Rinne<\/strong> ein. Unten auf dem Betplatz kann gerastet und Wasser nachgef\u00fcllt werden. <em>Besonders lustig ist die kleine Abfahrt, wenn einen hier hundert betende und singende Pilger erwarten!<\/em> Was uns schon passiert ist!<\/p>\n<p>&nbsp;<\/p>\n<p><font color=\"black\" size=\"2\"><\/font><font color=\"#0000ff\" size=\"6\">U<\/font>nsere Tour f\u00fchrt uns hinter dem Betplatz in Richtung Milit\u00e4rgel\u00e4nde weiter (hinter der Barriere). Ein sch\u00f6ner Weg. Werft mal ab und zu einen Blick nach links hoch auf die H\u00f6chstener <strong>Felsenlandschaft<\/strong>! Dann wird die Stra\u00dfe \u00fcberquert, es geht \u00fcber eine Wiese und weiter runter zu einer Teerstra\u00dfe, die fahren wir ein St\u00fcck hoch. Aber nicht bis zur Friedelwiese, einem gro\u00dfen Bauernhof, sondern vorher rechts ab in den Wald. Wir folgen dann einem <strong>Waldlehrpfad<\/strong>. Bevor er den Wald wieder verl\u00e4sst, geht es <strong>vor dem Holzschild<\/strong> &#8222;Waldlehrpfad&#8220;  scharf rechts runter nochmal durch ein St\u00fcck Wald. Vor den H\u00e4usern f\u00fchrt links ein Fu\u00dfweg weiter, wir sto\u00dfen auf einen Feldweg, dann auf die Hauptstra\u00dfe und wir kommen zum <strong>Friedhof von Steinbach<\/strong>. Ein paar Meter weiter dem Dorf zu, biegen wir in den geteerten Feldweg Richtung Schaumberg ein.<br \/>\nDer Weg f\u00fchrt bald aus dem niedrigen Wald heraus: freier Blick auf den schon ganz nahen Schaumberg. Es geht <strong>rechts runter<\/strong> und den <strong>n\u00e4chsten Feldweg <\/strong>links rein. \u00dcber ein Wiesenst\u00fcck, wieder im Wald einen kurzen, aber steilen und wurzeligen Pfad hinunter, rechts durch einen <strong>Tunnel<\/strong> (Autobahn!) und wieder den Berg hoch. Unten im Wald steht eine kleine <strong>Kapelle mit Tankm\u00f6glichkeit<\/strong>: das Heilige H\u00e4uschen. Achtung! Es folgt die Ortsumgehung Bergweiler! F\u00fcr die Eiligen: ganz runter fahren bis zur Hauptstra\u00dfe und auf der anderen Seite steil wieder hoch in die Stra\u00dfe &#8222;Sommerwald&#8220;, aufsteigen bis zum <strong>Friedhof<\/strong>. Interessanter geht es folgenderma\u00dfen: Bevor es nach Bergweiler reingeht, da wo der Schotter- zum Teerweg wird, biegen wir links ab in den Wald. Eine <strong>Bank<\/strong> dient als Orientierung. Wir fahren einen ausgedienten Fitnessparcours entlang, es geht links den Berg hoch bis zu einer roten Schutzh\u00fctte. Links weiter \u00fcber die Teerstra\u00dfe. Nach etwa einem Kilometer biegt ein Schotterweg rechts ab runter zu einem <strong>Tennisplatz<\/strong>. Dort muss die Stra\u00dfe \u00fcberquert werden, ein Waldweg gegen\u00fcber bringt uns weiter. Bevor es aus dem  Wald heraus geht, f\u00fchrt ein Weg rechts wieder den Berg steil runter. Wir landen an der <strong>Lachm\u00fchle<\/strong>. \u00dcber die <strong>wilde Theel<\/strong> f\u00fchrt ein Br\u00fcckchen, wir fahren rechts am Bach entlang weiter bis zur <strong>Feuerwehr Bergweiler<\/strong>. Die Wandermarkierung weist uns den Weg: Neben einem breiten Privatweg f\u00fchrt ein ganz schmaler Pfad (oft zugewachsen) nach oben in den Wald. Wir sto\u00dfen auf die Teerstra\u00dfe, die links von Blasiusberg herunter kommt. Sie bringt uns nach Bergweiler. Am <strong>Friedhof<\/strong> biegen wir links ab in Richtung Schaumberg.<\/p>\n<p>&nbsp;<\/p>\n<p><font color=\"black\" size=\"2\"> <\/font><\/p>\n<p><font color=\"black\" size=\"2\"><\/font><font color=\"#0000ff\" size=\"6\">J<\/font>etzt steht uns bis zum Schaumberg nichts mehr im Wege. Am <strong>Parkplatz<\/strong> beginnt dann der sch\u00f6ne, aber anstrengende Teil der Tour: der Aufstieg zum Turm. Am Ende des Parkplatzes, gekennzeichnet mit dem St. Wendeler MTB-Tourenzeichen, nach einigen Stufen gewinnen wir schnell an H\u00f6he. Nach dem Pfad folgen wir dem breiten Weg nach links. In einer langen Kehre f\u00fchrt er uns fast bis nach oben. Nach einer gro\u00dfen Kreuzung, auf die wir sp\u00e4ter nochmal sto\u00dfen, folgen wir weiter den MTB-Markierungen, bis ein <strong>Fu\u00dfweg links<\/strong> in einem gro\u00dfen St\u00fcck Kahlschlag steil nach oben f\u00fchrt. Leicht au\u00dfer Atem landen wir auf einem breiten Weg, fast schon am Turm. Es fehlen nur noch ein paar Meterchen, aber die haben es in sich! Ein paar Meter nach rechts und links f\u00fchrt ein Pgfad nach oben durch eine Rinne. Steine und Wurzel stellen sich uns in den Weg und bald sogar ein m\u00e4chtiger Felsen, der <strong>Klapperstorchstein<\/strong>. Ein sch\u00f6ner Brocken, der mitten im Weg steht, und der 250 Millionen Jahre alt sein soll (laut Schildchen). Er wird auch Keltenstein genannt: Der 2 m hohe Monolith aus Melaphyr, offensichtlich von Menschenhand bearbeitet, diente n\u00e4mlich als Kultst\u00e4tte. Bis vor nicht allzu langer Zeit, so erz\u00e4hlt man sich, wurden hierhin die Kinder geschickt, die sich ein Geschwisterchen w\u00fcnschten. <em>Da wir keine Kinder dabei haben, die sich ein Geschwisterchen w\u00fcnschen k\u00f6nnten,<\/em> nehmen wir das letzte Steilst\u00fcck in Angriff.<br \/>\nOben am Turm g\u00f6nnen wir uns eine Rast oder steigen auf die Besucherplattform des Turmes hoch und genie\u00dfen einen Rundblick ins Saarland.<\/p>\n<p>&nbsp;<\/p>\n<p><font color=\"black\" size=\"2\"><\/font><font color=\"#0000ff\" size=\"6\">D<\/font>ie MTB-Markierung auf der anderen Seite des Platzes zeigt uns dann den Weg nach unten. Es ist vielleicht <strong>die sch\u00f6nste Abfahrt im Saarland<\/strong> (zumindest, die wir kennen), die jetzt beginnt. Fast zu sch\u00f6n, um sie einfach hinterzubrettern. An der gro\u00dfen Kreuzung, die wir schon kennen, w\u00e4hlen wir den Weg halb rechts. Nach ca einem Kilometer k\u00f6nnen wir wieder auf einen Trail in den Wald einbiegen, der parallel zum Hauptweg verl\u00e4uft.<br \/>\nWir kommen in <strong>Blasiusberg<\/strong> heraus. Wer die Kapelle ansehen will (lohnend) f\u00e4hrt geradeaus, danach halten wir uns rechts. Noch <strong>eine Kehre<\/strong> und dann in einen anfangs breiten, sp\u00e4ter schm\u00e4leren Schotterweg einbiegen, ein steiles Wegst\u00fcck, das runter zur <strong>Lachm\u00fchle<\/strong> f\u00fchrt. \u00dcber die Br\u00fccke durchs S\u00e4gewerk fahren wir hoch zur Hauptstra\u00dfe. Ihr folgen wir ein St\u00fcck nach rechts. An der <strong>Ertzquelle<\/strong> wird kurz getankt, dann geht es nach einigen Metern <strong>links einen schmalen Trail <\/strong>steil den Wald hoch. Bevor er \u00fcber die <strong>Autobahn<\/strong> f\u00fchrt, rechts abbiegen und bald wieder zur Stra\u00dfe runter fahren. (Diesen Teil lassen wir &#8211; zugegeben -oft aus, einfach die Stra\u00dfe bis zur Kreuzung weiterfahren und ihr dort einige Meter nach links folgen!) Auf der anderen Seite l\u00e4uft der <strong>schmale Wanderweg <\/strong>weiter. \u00dcber ein restauriertes Br\u00fcckchen, durch Tannenwald, Steinstufen hoch und wieder runter zum Bach, zur Theel. Der Weg f\u00fchrt jetzt an ihr entlang, hinter <strong>Leitzweiler<\/strong> vorbei.<br \/>\nBevor der Weg ganz aus dem Wald heraus f\u00fchrt, biegen wir scharf rechts ab, runter zu einer <strong>Holzbr\u00fccke, die uns \u00fcber die Theel<\/strong> bringt. Auch eine Bachdurchfahrt ist m\u00f6glich. Wir folgen der Teerstra\u00dfe bis zur <strong>Landstra\u00dfe<\/strong> nach Hasborn-Dautweiler und Theley (blaue Route auf der Karte, die rote ist etwas l\u00e4nger). Auf der anderen Seite geht es weiter, an einem Waldst\u00fcck vorbei, \u00fcber eine <strong>Autobahnbr\u00fccke<\/strong>, durch eine oft feuchte Wiese wieder in den Wald hinein. Ein ger\u00f6llhaltiger, steiler Waldweg bringt uns hoch zu einem breiten Schotterweg.<\/p>\n<p>&nbsp;<\/p>\n<p><font color=\"#0000ff\" size=\"6\">W<\/font>er noch Power und Lust hat, kann jetzt eine sch\u00f6ne Schleife anh\u00e4ngen.<br \/>\nRechts herum dem breiten WEg folgen, bis im Wald <strong>links<\/strong> ein schmaler Pfad abbiegt. Etwas schr\u00e4g und bei Feuchtigkeit schmierig, aber trailig. Bald sto\u00dfen wir auf ein Schild am Baum: &#8222;<strong>Drei-Buchen-Weg<\/strong>&#8222;. Diesem Weg folgen wir nach links. Vorsicht: ger\u00f6llhaltig mit Bachdurchfahrt. Wir sto\u00dfen, leicht angefeuchtet, auf den Schotterweg, der von Primsweiler hoch f\u00fchrt. Wer Wasser braucht oder K\u00fchlung, findet direkt gegen\u00fcber im Tannenwald den <strong>Wilcheborre<\/strong>. Erfrischt folgen wir dem Schotterweg bergauf und sto\u00dfen auf die &#8222;alte&#8220; Route, biegen also ganz oben rechts ab&#8230;<\/p>\n<p>&nbsp;<\/p>\n<p><font color=\"black\" size=\"2\">Wer abk\u00fcrzt:<br \/>\n<\/font><font color=\"#0000ff\" size=\"6\">A<\/font>uf dem breiten Weg halten wir uns jetzt <strong>links<\/strong>. An einer Abzweigung mit Kreuz und Bl\u00fcmchen vorbei und an der n\u00e4chsten <strong>Kreuzung mit Kreuz<\/strong> biegt ein Wanderweg rechts ab in ein kleines W\u00e4ldchen. \u00dcber eine Wiese gleitend treffen wir wieder auf den Schotterweg. Wenn er rechts abbiegt runter nach Primsweiler, fahren wir <strong>geradeaus einen Wiesenweg<\/strong> hoch. Eine Pause zum Anschauen des Panoramas lohnt sich hier! Dann geht es den rechten Pferdetrail weiter. Am Waldrand steht eine Bank mit Kreuz. Entweder durch den Wald hoch, leider oft wegen umgest\u00fcrzter B\u00e4ume kaum befahrbar &#8211; oder rechts an der Wiese hoch zum Hauptweg. Wir folgen jetzt nicht den MTB-Markierungen, sondern halten uns <strong>rechts<\/strong> und biegen den n\u00e4chsten <strong>Weg links<\/strong> ein. Erst breit, nach ca 500m schmalem Weg links folgend, f\u00fchrt dieser sch\u00f6ne Pfad uns \u00fcber den H\u00f6henr\u00fccken bis aus dem Wald heraus auf die Teerstra\u00dfe, den <strong>Onkelsberg<\/strong> oberhalb von Limbach runter.<br \/>\nToller Rundblick! Vom Schaumberg bis zum Teufelskopf! An der Stra\u00dfenkreuzung geradeaus weiter bergab. Kommt die <strong>Schutzh\u00fctte<\/strong> rechts in Sicht, dorthin abbiegen! An der <strong>n\u00e4chsten Kreuzung rechts<\/strong> und in einem kurvenreichen Downhill runterbrettern bis in die feuchten Niederungen. Ein Br\u00fcckchen bringt uns hoch auf einen breiten Schotterweg und wir setzen die flotte Abfahrt fort bis zu den Limbacher <strong>Fischweihern<\/strong>. Am <strong>Kl\u00e4rwerk<\/strong> links die Stra\u00dfe weiter bis zur Kreuzung. <\/p>\n<p>&nbsp;<\/p>\n<p><font color=\"#0000ff\" size=\"6\">J<\/font>e nach Lust und Laune geht es jetzt weiter \u00fcber die Stra\u00dfe zur\u00fcck nach Schmelz oder sch\u00f6ner und anspruchsvoller gegen\u00fcber weiterfahren: den Gro\u00dfen Horst hoch, zur <strong>Birg<\/strong> abbiegen. Eine etwas steile Auffahrt, Schieben erlaubt, und eine kleine Rundtour \u00fcber die uralte keltische Fliehburg, die in ihren Umrissen noch gut erkennbar ist, gibt es als Belohnung. Danach sto\u00dfen wir auf den Weg, den wir von Schmelz hochgekommen sind &#8230; (Stand 8\/2006)<\/p>\n<p>&nbsp;<\/p>\n<p><font color=\"black\" size=\"2\">GPS-Daten auch unter <a href=\"http:\/\/www.gps-tour.info\/tours\/view.php\/action.view\/entity.detail\/key.5029\">www.gps-tour.info<\/a><\/font>\n<\/td>\n<p>&nbsp;<\/p>\n<p><iframe loading=\"lazy\" src=\"http:\/\/www.gpsies.com\/mapOnly.do?fileId=eksqkjpkofvqpzke\" width=\"600\" height=\"400\" frameborder=\"0\" scrolling=\"no\" marginheight=\"0\" marginwidth=\"0\" title=\"GPSies - Schaumberg\"><\/iframe><\/p>\n<td valign=\"top\" width=\"200\"><img decoding=\"async\" src=\"http:\/\/www.nmbiking.de\/aug06\/aug06_16.jpg\" border=\"2\" width=\"196\" \/><img decoding=\"async\" src=\"http:\/\/www.nmbiking.de\/aug06\/aug06_7.jpg\" border=\"2\" width=\"196\" \/><img decoding=\"async\" src=\"http:\/\/www.nmbiking.de\/aug06\/aug06_8.jpg\" border=\"2\" width=\"196\" \/><img decoding=\"async\" src=\"http:\/\/www.nmbiking.de\/schaumberg03_8.jpg\" alt=\"Turm in Sicht\" \/><\/p>\n<p><img decoding=\"async\" src=\"http:\/\/www.nmbiking.de\/hoechsten9.jpg\" alt=\"Kapelle H\u00f6chsten\" width=\"200\" \/><\/p>\n<p><img decoding=\"async\" src=\"http:\/\/www.nmbiking.de\/hoechsten8.jpg\" width=\"200\" \/><\/p>\n<p><img decoding=\"async\" src=\"http:\/\/www.nmbiking.de\/schaumberg03_5.jpg\" width=\"196\" \/><\/p>\n<p><img decoding=\"async\" src=\"http:\/\/www.nmbiking.de\/schaumberg03_7.jpg\" width=\"196\" \/><\/p>\n<p><img decoding=\"async\" src=\"http:\/\/www.nmbiking.de\/schaumberg03_3.jpg\" \/><\/p>\n<p><img decoding=\"async\" src=\"http:\/\/www.nmbiking.de\/windrad.jpg\" alt=\"Wer dreht am Windrad?\" width=\"200\" \/><\/p>\n<p><img decoding=\"async\" src=\"http:\/\/www.nmbiking.de\/schaumberg03_4.jpg\" width=\"196\" \/><\/p>\n<p><img decoding=\"async\" src=\"http:\/\/www.nmbiking.de\/juni03_22.jpg\" width=\"196\" \/><\/p>\n<p><img decoding=\"async\" src=\"http:\/\/www.nmbiking.de\/schaumberg03_10.jpg\" width=\"200\" \/><\/p>\n<p><img decoding=\"async\" src=\"http:\/\/www.nmbiking.de\/aug06\/aug06_9.jpg\" border=\"2\" width=\"196\" \/><\/p>\n<p><img decoding=\"async\" src=\"http:\/\/www.nmbiking.de\/schaumberg03_6.jpg\" \/><\/p>\n<p><img decoding=\"async\" src=\"http:\/\/www.nmbiking.de\/schaumberg03_9.jpg\" \/><\/p>\n<p><a href=\"https:\/\/nmbiking.de\/wp\/wp-content\/uploads\/2008\/08\/aug08_127b.jpg\" rel=\"Lightbox\" title=\"CTF im Gegenverkehr\"><img decoding=\"async\" src=\"https:\/\/nmbiking.de\/wp\/wp-content\/uploads\/2008\/08\/aug08_127.jpg\" class=\"img\" width=\"200\" \/> <\/a> <a href=\"https:\/\/nmbiking.de\/wp\/wp-content\/uploads\/2008\/08\/aug08_128b.jpg\"rel=\"Lightbox\" title=\"Auf dem Schaumberg\"><img decoding=\"async\" src=\"https:\/\/nmbiking.de\/wp\/wp-content\/uploads\/2008\/08\/aug08_128.jpg\"class=\"img\" width=\"196\" \/><\/a> <a href=\"https:\/\/nmbiking.de\/wp\/wp-content\/uploads\/2008\/08\/aug08_129b.jpg\" rel=\"Lightbox\" title=\"Toller Stein!\"><img decoding=\"async\" src=\"https:\/\/nmbiking.de\/wp\/wp-content\/uploads\/2008\/08\/aug08_129.jpg\" class=\"img\" width=\"196\" \/><\/a> <\/p>\n<p><a href=\"https:\/\/nmbiking.de\/wp\/wp-content\/uploads\/2008\/05\/mai08_2b.jpg\" rel=\"Lightbox\" title=\"Die Kolonne setzt sich in Bewegung\"><img decoding=\"async\" src=\"https:\/\/nmbiking.de\/wp\/wp-content\/uploads\/2008\/05\/mai08_2.jpg\" class=\"img\" width=\"196\" \/><\/a> <a href=\"https:\/\/nmbiking.de\/wp\/wp-content\/uploads\/2008\/05\/mai08_3b.jpg\" rel=\"Lightbox\" title=\"Der erste Trail\"><img decoding=\"async\" src=\"https:\/\/nmbiking.de\/wp\/wp-content\/uploads\/2008\/05\/mai08_3.jpg\" class=\"img\" width=\"196\" \/> <\/a><br \/>\n<a href=\"https:\/\/nmbiking.de\/wp\/wp-content\/uploads\/2008\/05\/mai08_5b.jpg\" rel=\"Lightbox\" title=\"Auf H\u00f6chsten\"><img decoding=\"async\" src=\"https:\/\/nmbiking.de\/wp\/wp-content\/uploads\/2008\/05\/mai08_5.jpg\" class=\"img\" width=\"196\" \/><\/a> <a href=\"https:\/\/nmbiking.de\/wp\/wp-content\/uploads\/2008\/05\/mai08_6b.jpg\" rel=\"Lightbox\" title=\"Ein Sch\u00f6nwetterwolkentag\"><img decoding=\"async\" src=\"https:\/\/nmbiking.de\/wp\/wp-content\/uploads\/2008\/05\/mai08_6.jpg\" class=\"img\" width=\"196\" \/> <\/a> <a href=\"https:\/\/nmbiking.de\/wp\/wp-content\/uploads\/2008\/05\/mai08_7b.jpg\" rel=\"Lightbox\" title=\"Die Schlange\"><img decoding=\"async\" src=\"https:\/\/nmbiking.de\/wp\/wp-content\/uploads\/2008\/05\/mai08_7.jpg\" class=\"img\" width=\"196\" \/> <\/a><\/p>\n<p><a href=\"https:\/\/nmbiking.de\/wp\/wp-content\/uploads\/2008\/05\/mai08_8b.jpg\" rel=\"Lightbox\" title=\"Horsch e mol! Das Wasser hier trink ich immer. Das gibt Power!\"><img decoding=\"async\" src=\"https:\/\/nmbiking.de\/wp\/wp-content\/uploads\/2008\/05\/mai08_8.jpg\" class=\"img\" width=\"196\" \/><\/a> <a href=\"https:\/\/nmbiking.de\/wp\/wp-content\/uploads\/2008\/05\/mai08_9b.jpg\" rel=\"Lightbox\" title=\"Schwieriger Trail am Schaumberg\"><img decoding=\"async\" src=\"https:\/\/nmbiking.de\/wp\/wp-content\/uploads\/2008\/05\/mai08_9.jpg\" class=\"img\" width=\"196\" \/> <\/a> <\/p>\n<\/td>\n<\/tr>\n<\/table>\n","protected":false},"excerpt":{"rendered":"<p>M\u00f6glichkeit 1 Start: Lebach o. Schmelz Strecke: Schmelz &#8211; H\u00f6chsten &#8211; Steinbach &#8211; Bergweiler &#8211; Schaumberg &#8211; Blasiusberg &#8211; Lachm\u00fchle &#8211; Leitzweiler &#8211; Dautweiler Wald &#8211; Limbach &#8211; Schmelz L\u00e4nge: ca. 50 km \/ 1200 hm &nbsp; M\u00f6glichkeit 2: anders herum \u00fcber Limbach&#8230; &nbsp; Wir starten am Steinbruch Schattertrisch zwischen Schmelz und Michelbach. Links vom &hellip; <\/p>\n<p class=\"link-more\"><a href=\"https:\/\/nmbiking.de\/wp\/?page_id=1685\" class=\"more-link\"><span class=\"screen-reader-text\">\u201eSchaumberg 1\u201c <\/span>weiterlesen<\/a><\/p>\n","protected":false},"author":65,"featured_media":0,"parent":1435,"menu_order":0,"comment_status":"open","ping_status":"closed","template":"","meta":{"footnotes":""},"class_list":["post-1685","page","type-page","status-publish","hentry"],"_links":{"self":[{"href":"https:\/\/nmbiking.de\/wp\/index.php?rest_route=\/wp\/v2\/pages\/1685","targetHints":{"allow":["GET"]}}],"collection":[{"href":"https:\/\/nmbiking.de\/wp\/index.php?rest_route=\/wp\/v2\/pages"}],"about":[{"href":"https:\/\/nmbiking.de\/wp\/index.php?rest_route=\/wp\/v2\/types\/page"}],"author":[{"embeddable":true,"href":"https:\/\/nmbiking.de\/wp\/index.php?rest_route=\/wp\/v2\/users\/65"}],"replies":[{"embeddable":true,"href":"https:\/\/nmbiking.de\/wp\/index.php?rest_route=%2Fwp%2Fv2%2Fcomments&post=1685"}],"version-history":[{"count":0,"href":"https:\/\/nmbiking.de\/wp\/index.php?rest_route=\/wp\/v2\/pages\/1685\/revisions"}],"up":[{"embeddable":true,"href":"https:\/\/nmbiking.de\/wp\/index.php?rest_route=\/wp\/v2\/pages\/1435"}],"wp:attachment":[{"href":"https:\/\/nmbiking.de\/wp\/index.php?rest_route=%2Fwp%2Fv2%2Fmedia&parent=1685"}],"curies":[{"name":"wp","href":"https:\/\/api.w.org\/{rel}","templated":true}]}}