{"id":1681,"date":"2008-03-21T07:14:13","date_gmt":"2008-03-21T07:14:13","guid":{"rendered":"https:\/\/nmbiking.de\/wp\/?page_id=1681"},"modified":"2010-09-17T14:46:47","modified_gmt":"2010-09-17T13:46:47","slug":"saarwellingen-2","status":"publish","type":"page","link":"https:\/\/nmbiking.de\/wp\/?page_id=1681","title":{"rendered":"Saarwellingen 2"},"content":{"rendered":"<p><font face=\"verdana\" size=\"2\">Start: THW Lebach<\/font><font face=\"verdana\" size=\"2\"><br \/>\nStrecke: Hoxberg, Tiergehege, Saarwellingen, Nalbach, Litermont<\/font><\/p>\n<p><font face=\"verdana\" size=\"2\">L\u00e4nge\/H\u00f6henmeter: ca 50 km<\/font><\/p>\n<p>&nbsp;<\/p>\n<p>&nbsp;<\/p>\n<p><font face=\"verdana\" size=\"2\"><\/font><font color=\"#000080\" size=\"6\">H<\/font>interm Gymnasium f\u00fchrt der Weg in den Wald, vorbei am THW. An der Kreuzung w\u00e4hlen wir den schmaleren <strong>mittleren<\/strong><br \/>\nWeg, der sp\u00e4ter auf einen breiteren st\u00f6\u00dft, rechts herum weiter bergauf, uphill the hox (de Hoxbersch nuff). Paar Schwei\u00dftr\u00f6pfchen m\u00fcssen wir schon opfern, bis der Pfad etwas aus dem Waldherausf\u00fchrt und einen sch\u00f6nen Blick auf Lebach, das Krankenhaus, die Sandgruben erlaubt. Der Weg f\u00e4llt etwas ab und f\u00fchrt wieder in den Walds hinein. Meist haben Forstfahrzeuge den kleinen Pfad breitgewalzt. Er endet auf einem breiten, roten Waldweg, der von Knorscheid herauff\u00fchrt.<\/p>\n<p><font face=\"verdana\" size=\"2\"><br \/>\n<\/font><font color=\"#000080\" size=\"6\">S<\/font>\u00b4geht <strong>links rum<\/strong>, den Weg bergauf. N\u00e4chste Abzweigung nach <strong>rechts<\/strong> nicht verpassen, sonst gelangt man ganz hinauf nach Eidenborn. Der Weg l\u00e4uft nun ziemlich flach um den Berg herum, darum machen wir es uns bei der <strong>weiten Abzweigung<\/strong> nach links etwas schwerer. Jetzt geht es wirklich steil den Hox hoch. Wer im Sattel bleibt, at einen flachen Vorbau montiert, ne gute Klettertechnik oder iel Kondition. Oben geht es dann <strong>rechts<\/strong> weiter, jetzt ieder &#8211; Luft holen &#8211; am Funkturm vorbei den Berg runter. Laufen lassen bis zur <strong>Motocrossbahn<\/strong>. Wer Lust hat und gern im Schlamm steckenbleibt oder gern Staub schluckt, kann hier ein paar Runden drehen.<\/p>\n<p><font face=\"verdana\" size=\"2\"><br \/>\n<\/font><font color=\"#000080\" size=\"6\">W<\/font>ir gelangen zur Teerstra\u00dfe und fahren in den Weg auf der anderen Seite rein. <em>H\u00fcbsches Kopfsteinpflaster. <\/em>An den <strong>Bunkerruinen<\/strong> biegen wir <strong>links<\/strong> ein. So, Vorsichtjetzt geht es hin und her! N\u00e4chsten Weg<strong> rechts<\/strong> nehmen.Dann n\u00e4chsten Weg <strong>links<\/strong> runter. Nicht zuviel Dampfmachen, <u>der Weg ist oft stark ausgewaschen und sehr steinig!!<\/u><br \/>\nEs geht flott runter und h\u00fcbsch wieder hoch. Oben angekommen,biegen wir <strong>rechts<\/strong> ab, links kommt man zur Hauptstra\u00dfe und zum Grubenschacht. Der Weg f\u00fchrt kurz durch den Waldund gibt dann den Blick frei schon in Richtung Litermont. An der n\u00e4chsten Kreuzung halten wir uns <strong>links<\/strong>, auf dem Teerstr\u00e4\u00dfchen <strong>nochmal links<\/strong>, sonst gelangen wir ins Tal nach Bilsdorf&#8230;<\/p>\n<p><font face=\"verdana\" size=\"2\">An der n\u00e4chsten Kreuzung (neue Sitzgruppe) <strong>geradeaus<\/strong>,bis zur folgenden Kreuzung, jetzt nochmal <strong>links<\/strong>. Der Weg f\u00e4llt leicht ab, und die n\u00e4chste Abzweigung nach rechtsbringt uns zum <strong>Tiergehege<\/strong>. Nehmt bitte das Tempo bisschen<br \/>\nraus, die Tiere und Spazierg\u00e4nger werden es euch danken.<\/font><\/p>\n<p><font face=\"verdana\" size=\"2\"><\/font><font color=\"#000080\" size=\"6\">W<\/font>er ein wenig die Tiere in <em>freier<\/em> Wildbahn beobachten will,kann dies tun, interessanter ist es oft, die <em>Menschen in freier<br \/>\n&#8230;bahn<\/em> zu beobachten.Rechts rum f\u00fchrt uns der Weg in Richtung Saarwellingen amWaldrand entlang. An der Barriere biegen wir <strong>rechts<\/strong> rein.Besondere Kennzeichen des folgenden Wegabschnittes: gerade und flach. Wir kommen an der Grundschule in <strong>Saarwellingen<\/strong> heraus und m\u00fcssen nun leider r\u00fcber nach Nalbach. Hauptverkehrsstra\u00dfe. Kein Vergn\u00fcgen.<\/p>\n<p><font face=\"verdana\" size=\"2\"><br \/>\n<\/font><font color=\"#000080\" size=\"6\">I<\/font>n Nalbach fahren wir \u00fcber den Kreisel die Stra\u00dfe den Berg hoch, eigentlich immer geradeaus. Irgendwann wird aus Teer Schotter und dann stehen wir am Fu\u00df des Litermont. Ein breiter Weg f\u00fchrt ringsrum. Nach rechts geht es in Richtung Sodix-H\u00fctte (H\u00fcttersdorf),<br \/>\nlinks rum nach D\u00fcppenweiler. Wir packen\u00b4s und nehmen den Berg frontal in Angriff. Wer oben ankommt, darf Luft holen und sich unterm <strong>Kreuz<\/strong> erholen. Als Abfahrt ist der <strong>Kreuzweg<\/strong> (rechts rum vom Kreuz aus gesehen!) zu empfehlen. Er m\u00fcndet auf dem breiten <strong>Rundweg.<\/strong> Wir folgen demWeg<strong> kurz nach rechts<\/strong>, dann <strong>links<\/strong> (Baum mit eingewachsenem Schild!) abbiegen! Wir landen auf der Verkehrsstra\u00dfe nach D\u00fcppenweiler. Kurzes St\u00fcck der Stra\u00dfe nach <strong>links<\/strong> folgen, dann <strong>rechts <\/strong>in den Waldweg (Barriere) einbiegen. Wir folgen ihm leicht bergauf,bis er eine scharfe Rechtsbiegung macht, dort fahren wir den schmalenWeg <strong>geradeaus auf einen Hochspannungsmast<\/strong> zu. Wir sto\u00dfen kurz drauf auf einen breiteren Weg, dem wir links folgen und nach einem kurzen absch\u00fcssigen St\u00fcck wieder auf der <strong>Teerstra\u00dfe <\/strong>landen. Wir folgen ihr nach <strong>links<\/strong>. Rechts k\u00e4men wir direkt zur <strong>Sodixh\u00fctte<\/strong>. Wir rollen die Stra\u00dfe hoch, Blick nach rechts, bis wir einen Weg mit Barriere sehen. Den fahren wir rein. Wir folgen ihm, bis wir auf einen schmalen Pfad treffen, der links abzweigt &#8211; ein <strong>Wanderweg, blaue Markierung<\/strong>. Inzwischen ist der sch\u00f6ne Trail anfangs durch Waldarbeiten verschandelt!<\/p>\n<p><font face=\"verdana\" size=\"2\"><br \/>\n<\/font><font color=\"#000080\" size=\"6\">J<\/font>etzt beginnt ein sch\u00f6ner Single Trail, der kurz vor einem <strong>Grill- und Spielplatz<\/strong> im Wald m\u00fcndet. Wir nehmen den Weg rechts \u00fcber die <strong>Holzbr\u00fccke<\/strong>. Es geht wieder sch\u00f6n bergauf, oben angekommen, folgen wir  <strong>links<\/strong> dem breiteren Weg. Nach schneller Abfahrt gelangen wir zum<strong> Wasserh\u00e4uschen <\/strong>unterhalb des <strong>Antonius Hofes<\/strong>. Wir k\u00e4mpfen uns zu ihm hoch. H\u00e4ngt der Hund immer noch an der Kette?<br \/>\nRechts rum k\u00f6nnen wir nach Schmelz abrollen lassen und von dort aus ganz nach Geschmack nach Lebach zur\u00fcck. <font size=\"2\">(Stand 7\/2002)<\/font><\/p>\n<p><font face=\"verdana\" size=\"2\"><br \/>\n<\/font><\/p>\n<p><font face=\"verdana\" size=\"2\"><br \/>\n<\/font><\/p>\n","protected":false},"excerpt":{"rendered":"<p>Start: THW Lebach Strecke: Hoxberg, Tiergehege, Saarwellingen, Nalbach, Litermont L\u00e4nge\/H\u00f6henmeter: ca 50 km &nbsp; &nbsp; Hinterm Gymnasium f\u00fchrt der Weg in den Wald, vorbei am THW. An der Kreuzung w\u00e4hlen wir den schmaleren mittleren Weg, der sp\u00e4ter auf einen breiteren st\u00f6\u00dft, rechts herum weiter bergauf, uphill the hox (de Hoxbersch nuff). Paar Schwei\u00dftr\u00f6pfchen m\u00fcssen wir &hellip; <\/p>\n<p class=\"link-more\"><a href=\"https:\/\/nmbiking.de\/wp\/?page_id=1681\" class=\"more-link\"><span class=\"screen-reader-text\">\u201eSaarwellingen 2\u201c <\/span>weiterlesen<\/a><\/p>\n","protected":false},"author":65,"featured_media":0,"parent":1435,"menu_order":0,"comment_status":"open","ping_status":"closed","template":"","meta":{"footnotes":""},"class_list":["post-1681","page","type-page","status-publish","hentry"],"_links":{"self":[{"href":"https:\/\/nmbiking.de\/wp\/index.php?rest_route=\/wp\/v2\/pages\/1681","targetHints":{"allow":["GET"]}}],"collection":[{"href":"https:\/\/nmbiking.de\/wp\/index.php?rest_route=\/wp\/v2\/pages"}],"about":[{"href":"https:\/\/nmbiking.de\/wp\/index.php?rest_route=\/wp\/v2\/types\/page"}],"author":[{"embeddable":true,"href":"https:\/\/nmbiking.de\/wp\/index.php?rest_route=\/wp\/v2\/users\/65"}],"replies":[{"embeddable":true,"href":"https:\/\/nmbiking.de\/wp\/index.php?rest_route=%2Fwp%2Fv2%2Fcomments&post=1681"}],"version-history":[{"count":0,"href":"https:\/\/nmbiking.de\/wp\/index.php?rest_route=\/wp\/v2\/pages\/1681\/revisions"}],"up":[{"embeddable":true,"href":"https:\/\/nmbiking.de\/wp\/index.php?rest_route=\/wp\/v2\/pages\/1435"}],"wp:attachment":[{"href":"https:\/\/nmbiking.de\/wp\/index.php?rest_route=%2Fwp%2Fv2%2Fmedia&parent=1681"}],"curies":[{"name":"wp","href":"https:\/\/api.w.org\/{rel}","templated":true}]}}