{"id":1680,"date":"2008-03-20T18:14:25","date_gmt":"2008-03-20T18:14:25","guid":{"rendered":"https:\/\/nmbiking.de\/wp\/?page_id=1680"},"modified":"2012-09-10T15:47:45","modified_gmt":"2012-09-10T14:47:45","slug":"saarwellingen-1","status":"publish","type":"page","link":"https:\/\/nmbiking.de\/wp\/?page_id=1680","title":{"rendered":"Saarwellingen"},"content":{"rendered":"<table width=\"620\">\n<tr>\n<td top=\"YES\" valign=\"YES\"><font color=\"#8000ff\" face=\"arial\" size=\"5\">Wildpark Wolfsrath <\/font><font face=\"Courier New\" size=\"2\"><\/p>\n<p>&nbsp;<\/p>\n<p>Start: Rathaus Schmelz<br \/>\nStrecke: Lebacher Wald, Knorscheid, Hoxberg, Tiergehege, Saarwellingen, Nalbach, Sodixh\u00fctte<br \/>\nL\u00e4nge\/H\u00f6henmeter: 37 km \/ 680 hm<\/font><font color=\"#000080\" size=\"2\"><\/font><\/p>\n<p>&nbsp;<\/p>\n<p><font color=\"black\"><br \/>\nDie Runde ist von <strong>Lebach<\/strong> aus konzipiert und f\u00fchrt auf dem R\u00fcckweg \u00fcber den <strong>Litermont<\/strong>. Sie ist demzufolge etwa 10 km l\u00e4nger.<\/font><\/p>\n<p>&nbsp;<\/p>\n<p><font color=\"#8000ff\" face=\"arial\" size=\"2\"><\/font><font color=\"black\"><strong><font color=\"#000080\" size=\"6\">V<\/font><\/strong>om Rathaus aus geht es &#8211; wie bekannt &#8211; rechts herum an der Prims entlang oder einfach geradeaus bis in den <strong>Lebacher Wald<\/strong>. An den Bahngeleisen entlang folgen wir dem breiten Weg bis zur <strong>Schranke<\/strong>, an der es rechts runter nach Primsweiler geht. Wir fahren links hoch in den Wald rein. Die <strong>erste rote L\u00e4ufermarkierung<\/strong> an einem Baum weist uns den Weg rechts hoch. Ein wenig steil und ausgewaschen ist der Pfad. Wir sind jetzt &#8211; wie die Karte sagt &#8211; im <strong>B\u00f6schwald<\/strong>. An einem dicken  Ameisenhaufen und einer Schranke vorbei kommen wir oben an den <strong>Sandgruben <\/strong>heraus. Rechts herunter f\u00fchrt ein breiter LKW-Weg zur Hauptstra\u00dfe. Ein kurzes St\u00fcck rechts die Stra\u00dfe entlang in Richtung Primsweiler, dann auf der anderen Seite in einen geteerten Feldwirtschaftsweg einbiegen.<br \/>\n<\/font><\/p>\n<p>&nbsp;<\/p>\n<p><font color=\"#8000ff\" face=\"arial\" size=\"2\"><\/font><font color=\"black\"><br \/>\n<strong><font color=\"#000080\" size=\"6\">A<\/font><\/strong>uf jeden Fall ist jetzt <strong>Vorsicht<\/strong> geboten! Es geht flott den Berg runter und die Kurven sind nicht einzusehen &#8211; und es muss mit Autogegenverkehr gerechnet werden!! \u00dcber die alte Eisenbahnbr\u00fccke geht es rein nach <strong>Knorscheid<\/strong>, Hauptstra\u00dfe \u00fcberqueren und auf der anderen Seite links die geteerte Stra\u00dfe den Hoxberg hoch. In der ersten Rechtskurve fahren wir geradeaus in den Wald rein. In einigen Kehren arbeiten wir uns den Hoxberg hoch. Erst die <strong>dritte Abzweigung nach rechts<\/strong> erl\u00f6st uns. <\/font><\/p>\n<p>&nbsp;<\/p>\n<p><font color=\"#8000ff\" face=\"arial\" size=\"2\"><\/font><font color=\"black\"><\/font><font color=\"#000080\" size=\"3\"><strong>Alternative 1<\/strong><\/font>:<br \/>\nWer noch viel Luft hat und es wissen will, kann nach wenigen Metern die unter Bikern bekannte &#8222;Skischanze&#8220; hochfahren. Der Weg zweigt links ab und wird bald verdammt steil. Oben kommt man an der <strong>Antennenanlage<\/strong> heraus und kann rechts herum zur Motocrossbahn herunterfahren.<br \/>\nDie anderen fahren den breiten Weg auf gleicher H\u00f6he ganz durch bis zur Teerstra\u00dfe. Ein paar Meter die Stra\u00dfe links hoch und wir kommen auf dem Hoxberg\/hinterer Teil an. Rechterhand zum Rasten die <strong>Mariengrotten<\/strong> und linkerhand zum Rasen die <strong>Motocrossbahn<\/strong>. Wer Lust hat, gern im Schlamm steckenbleibt oder gern Staub schluckt, kann hier ein paar Runden drehen.<\/p>\n<p>&nbsp;<\/p>\n<p><font color=\"#8000ff\" face=\"arial\" size=\"2\"><\/font><font color=\"black\"><\/font><font color=\"#000080\" size=\"3\"><strong>Alternative 2 (GPS-Aufzeichung)<\/strong><\/font>:<br \/>\nVon Knorscheid hoch in den Wald und dann den zweiten Weg rechts nehmen. Auf dieser H\u00f6he umrunden wir den Hoxberg, kommen an zwei Bunkeranlagen aus dem Ersten Weltkrieg vorbei und einer Grillh\u00fctte. Wir afahren an der H\u00fctte vorbei aus dem Wald heraus und genau auf der gegen\u00fcberliegenden Seite weiter&#8230;<\/p>\n<p>&nbsp;<\/p>\n<p><font color=\"#8000ff\" face=\"arial\" size=\"2\"><\/font><font color=\"black\"><strong><font color=\"#000080\" size=\"6\">E<\/font><\/strong>in St\u00fcck weiter hinter dem kleinen Wohnhaus unterhalb der Motocrossbahn verlassen wir die Stra\u00dfe und biegen am Schild rechts den Feldweg rein. <em>H\u00fcbsches Kopfsteinpflaster<\/em> sch\u00fcttelt uns durch. An den <strong>Bunkerruinen<\/strong> biegen wir <strong>links<\/strong> ein. So, Obacht,jetzt geht es im Zickzackkurs hin und her! N\u00e4chsten Weg<strong> rechts<\/strong> nehmen.<br \/>\nDann n\u00e4chsten Weg <strong>links<\/strong> runter. Nicht zu viel Dampf machen, <u>der Weg ist oft stark ausgewaschen und sehr steinig!!<\/u> Es geht flott runter und anschlie\u00dfend wieder h\u00fcbsch wieder hoch. Oben angekommen, biegen wir <strong>rechts<\/strong> ab. (Links kommt man zur Hauptstra\u00dfe und zur <strong>Grubenanlage Nordschacht<\/strong>.) Unser Weg f\u00fchrt kurz durch den Wald und gibt dann den Blick frei schon in Richtung Litermont. An der n\u00e4chsten Kreuzung halten wir uns <strong>links<\/strong>, auf dem Teerstr\u00e4\u00dfchen <strong>nochmal links<\/strong>, sonst gelangen wir ins Tal nach Bilsdorf&#8230;<\/font><\/p>\n<p>&nbsp;<\/p>\n<p><font color=\"#8000ff\" face=\"arial\" size=\"2\"><\/font><font color=\"black\">An der n\u00e4chsten Kreuzung (neue Sitzgruppe) <strong>geradeaus<\/strong>, bis zur folgenden Kreuzung, jetzt nochmal <strong>links<\/strong>. Der Weg f\u00e4llt leicht ab, und die n\u00e4chste Abzweigung nach rechts<br \/>\nbringt uns zum <strong>Tiergehege<\/strong>. Nehmt bitte das Tempo ein bisschen raus, die Tiere und Spazierg\u00e4nger werden es euch danken.<\/font><\/p>\n<p>&nbsp;<\/p>\n<p><font color=\"#8000ff\" face=\"arial\" size=\"2\"><\/font><font color=\"black\"><strong><font color=\"#000080\" size=\"6\">W<\/font><\/strong>er ein wenig die Tiere in <em>freier<\/em> Wildbahn beobachten will, kann dies tun, interessanter ist es oft, die <em>Menschen in freier &#8230;bahn<\/em> zu beobachten.<br \/>\nRechts rum f\u00fchrt uns der Weg dann in Richtung Saarwellingen am Waldrand entlang weiter. An der Barriere biegen wir <strong>rechts rein: Schild &#8222;Kleiner Rundweg&#8220;!<\/strong>. Besondere Kennzeichen des folgenden <em>schwierigen<\/em> Wegabschnittes: kerzengerade und ganz flach. Bevor wir in den Ort Saarwellingen kommen, achten wir auf einen Weg, der rechts hoch f\u00fchrt zu einem ehemaligen <strong>Forsthaus<\/strong>. An ihm fahren wir rechts vorbei und eigentlich wieder in Richtung Tiergehege. Die <strong>n\u00e4chste Abzweigung nach links<\/strong> bringt uns wieder auf die H\u00f6he. Oben biegen wir <strong>links<\/strong> ab und kommen bald an einer Mariengrotte vorbei. Mit Schwung geht es runter nach <strong>Bilsdorf<\/strong>.<\/font><\/p>\n<p>&nbsp;<\/p>\n<p><font color=\"#8000ff\" face=\"arial\" size=\"2\"><\/font><font color=\"black\"><br \/>\n<strong><font color=\"#000080\" size=\"6\">J<\/font><\/strong>etzt beginnt der leider weniger attraktive Teil der Tour: Wir m\u00fcssen nach rechts die Hauptra\u00dfe durch den Ort nehmen. Hinter der <strong>Kirche<\/strong> biegen wir links in die Br\u00fcckenstra\u00dfe ein. Wir kommen zum <strong>Wehr<\/strong>, das die Prims staut und uns erlaubt unter lautem Geklapper der Br\u00fccke den <em>rei\u00dfenden Strom<\/em> zu \u00fcberqueren. Unter der Unterf\u00fchrung durch, die Stra\u00dfe \u00fcberqueren, dann fahren wir auf den Wald zu. Hinter den letzten H\u00e4usern beginnt rechterhand ein Waldweg.<\/font><\/p>\n<p>&nbsp;<\/p>\n<p><font color=\"#8000ff\" face=\"arial\" size=\"2\"><\/font><font color=\"black\"><\/font><font color=\"#000080\" size=\"3\"><strong>Alternative<\/strong><\/font>:<br \/>\nSch\u00f6n, aber anstrengend: Gleich rechts, ziemlich versteckt, f\u00fchrt ein Pfad zu einer <strong>Mariengrotte<\/strong>. Dahinter bringt uns ein Singletrail den Berg ein St\u00fcck hoch. Wir sto\u00dfen auf einen breiten Weg, den wir nach links wieder runterfahren und anschlie\u00dfend dem Hauptweg am Bach entlang weiter hoch in Richtung Sodixh\u00fctte.<br \/>\nDer Weg steigt gem\u00e4chlich an, f\u00fchrt an einem einsam liegenden Haus mit viel Wasser und Hund vorbei.<br \/>\nWir sto\u00dfen auf einen geteerten Feldwirtschaftsweg, fahren einfach geradeaus weiter wieder in den Wald hinein. Wir steigen noch ein wenig, dann rollen wir entspannend bis zur <strong>Sodixh\u00fctte<\/strong>. <\/p>\n<p>&nbsp;<\/p>\n<p><font color=\"#8000ff\" face=\"arial\" size=\"2\"><\/font><font color=\"black\"><\/font><font color=\"#000080\" size=\"3\"><strong>Alternative (GPS)<\/strong><\/font>:<br \/>\nWer noch ein paar Kilometer und ein paar Trails mehr machen will, biegt den breiten Weg ca 200m vor der Sodixh\u00fctte ein und f\u00e4hrt den Berg hoch Richtung Litermont. Am Strommast rechts rein, dann links runter zur Stra\u00dfe. Dem Fu\u00dfweg folgen, Stra\u00dfe \u00fcberqueren und dann rechts in den Wald rein. Immer geradeaus. Aus dem breiten WEg wird bald ein feuchter, aber sch\u00f6ner Singletrail. \u00dcber die kleine Holzbr\u00fccke am Bach und wieder hoch. Wir sto\u00dfen auf einen breiten Weg, der uns rechts herum bis zur Sodixh\u00fctte bringt.<\/p>\n<p>&nbsp;<\/p>\n<p><font color=\"#8000ff\" face=\"arial\" size=\"2\"><\/font><font color=\"black\">Zur Belohnung und zum Abschluss der Tour genehmigen wir uns den sch\u00f6nen <strong>Singletrail<\/strong>, der hinter der H\u00fctte parallel zur Stra\u00dfe runter bis nach H\u00fcttersdorf l\u00e4uft. Am &#8222;Sch\u00fctzenhaus&#8220; rechts rein geht es r\u00fcber nach Schmelz. <\/font><font size=\"2\">(Stand 10\/2004)<\/font>\n<\/td>\n<td valign=\"top\"><img decoding=\"async\" src=\"http:\/\/www.nmbiking.de\/nobwald5.jpg\" width=\"200\" \/><br \/>\n<img decoding=\"async\" src=\"http:\/\/www.nmbiking.de\/feb04_6.jpg\" \/><br \/>\n<img decoding=\"async\" src=\"http:\/\/www.nmbiking.de\/feb04_7.jpg\" \/><\/p>\n<p><img decoding=\"async\" src=\"http:\/\/www.nmbiking.de\/feb04_8.jpg\" \/><\/p>\n<p><img decoding=\"async\" src=\"http:\/\/www.nmbiking.de\/ag03_26.jpg\" width=\"200\" \/><\/p>\n<p><img decoding=\"async\" src=\"http:\/\/www.nmbiking.de\/pfuetze2.jpg\" width=\"200\" \/><\/p>\n<p><img decoding=\"async\" src=\"http:\/\/www.nmbiking.de\/muell1.jpg\" width=\"200\" \/><\/p>\n<p><img decoding=\"async\" src=\"http:\/\/www.nmbiking.de\/berglin.jpg\" width=\"200\" \/><\/p>\n<p><img decoding=\"async\" src=\"http:\/\/www.nmbiking.de\/kurare5.jpg\" width=\"200\" \/><\/p>\n<p><img decoding=\"async\" src=\"http:\/\/www.nmbiking.de\/jonas25b.jpg\" width=\"200\" \/><\/p>\n<p><img decoding=\"async\" src=\"http:\/\/www.nmbiking.de\/nebelweg.jpg\" width=\"200\" \/><\/p>\n<p><img decoding=\"async\" src=\"http:\/\/www.nmbiking.de\/juli06\/juli06_100.jpg\" \/><\/p>\n<p><img decoding=\"async\" src=\"http:\/\/www.nmbiking.de\/juli06\/juli06_101.jpg\" \/><\/td>\n<\/tr>\n<\/table>\n<p> zu \u00fcberqueren. Unter der Unterf\u00fchrung durch, die Stra\u00dfe \u00fcberqueren, dann fahren wir auf den Wald zu. Hinter den letzten H\u00e4usern beginnt rechterhand ein Waldweg.<\/p>\n<p>&nbsp;<\/p>\n<p>Noch eine M\u00f6glichkeit: <a href=\"https:\/\/nmbiking.de\/wp\/?page_id=1681\">[Saarwellingen 2]<\/a><\/p>\n","protected":false},"excerpt":{"rendered":"<p>Wildpark Wolfsrath &nbsp; Start: Rathaus Schmelz Strecke: Lebacher Wald, Knorscheid, Hoxberg, Tiergehege, Saarwellingen, Nalbach, Sodixh\u00fctte L\u00e4nge\/H\u00f6henmeter: 37 km \/ 680 hm &nbsp; Die Runde ist von Lebach aus konzipiert und f\u00fchrt auf dem R\u00fcckweg \u00fcber den Litermont. Sie ist demzufolge etwa 10 km l\u00e4nger. &nbsp; Vom Rathaus aus geht es &#8211; wie bekannt &#8211; rechts &hellip; <\/p>\n<p class=\"link-more\"><a href=\"https:\/\/nmbiking.de\/wp\/?page_id=1680\" class=\"more-link\"><span class=\"screen-reader-text\">\u201eSaarwellingen\u201c <\/span>weiterlesen<\/a><\/p>\n","protected":false},"author":65,"featured_media":0,"parent":1435,"menu_order":0,"comment_status":"open","ping_status":"closed","template":"","meta":{"footnotes":""},"class_list":["post-1680","page","type-page","status-publish","hentry"],"_links":{"self":[{"href":"https:\/\/nmbiking.de\/wp\/index.php?rest_route=\/wp\/v2\/pages\/1680","targetHints":{"allow":["GET"]}}],"collection":[{"href":"https:\/\/nmbiking.de\/wp\/index.php?rest_route=\/wp\/v2\/pages"}],"about":[{"href":"https:\/\/nmbiking.de\/wp\/index.php?rest_route=\/wp\/v2\/types\/page"}],"author":[{"embeddable":true,"href":"https:\/\/nmbiking.de\/wp\/index.php?rest_route=\/wp\/v2\/users\/65"}],"replies":[{"embeddable":true,"href":"https:\/\/nmbiking.de\/wp\/index.php?rest_route=%2Fwp%2Fv2%2Fcomments&post=1680"}],"version-history":[{"count":0,"href":"https:\/\/nmbiking.de\/wp\/index.php?rest_route=\/wp\/v2\/pages\/1680\/revisions"}],"up":[{"embeddable":true,"href":"https:\/\/nmbiking.de\/wp\/index.php?rest_route=\/wp\/v2\/pages\/1435"}],"wp:attachment":[{"href":"https:\/\/nmbiking.de\/wp\/index.php?rest_route=%2Fwp%2Fv2%2Fmedia&parent=1680"}],"curies":[{"name":"wp","href":"https:\/\/api.w.org\/{rel}","templated":true}]}}