{"id":1677,"date":"2008-03-20T16:49:40","date_gmt":"2008-03-20T16:49:40","guid":{"rendered":"https:\/\/nmbiking.de\/wp\/?page_id=1677"},"modified":"2009-04-13T16:39:46","modified_gmt":"2009-04-13T15:39:46","slug":"schaumbergtrails","status":"publish","type":"page","link":"https:\/\/nmbiking.de\/wp\/?page_id=1677","title":{"rendered":"Schaumbergtrails"},"content":{"rendered":"<table width=\"600\">\n<tr>\n<td valign=\"top\"><font color=\"#cccc00\" size=\"6\">Das Dschungelbuch<\/font><font face=\"verdana\" size=\"3\"><\/p>\n<p>Autor: Walter Bick-Wagner<br \/>\n<\/font><font face=\"verdana\" size=\"3\">Start: Tholey<br \/>\n<\/font><font face=\"verdana\" size=\"3\">Strecke: Schaumberg, Nahequelle, Hasborn, Blasiusberg<br \/>\n<\/font><font face=\"verdana\" size=\"3\">L\u00e4nge: 42 km<\/font><\/p>\n<p><font face=\"verdana\" size=\"3\"><\/font><font face=\"verdana\" size=\"3\"><\/font><font face=\"verdana\" size=\"3\"><\/font><font face=\"verdana\" size=\"2\"><br \/>\n<strong>km \/ Beschreibung<\/strong><br \/>\n0\tBei <strong>Gasthaus Bourger<\/strong> in die Stra\u00dfe Im Matzenecken<br \/>\n0,1\t Nach rechts in Turmstra\u00dfe<br \/>\n0,23 Nach rechts in Bergstra\u00dfe<br \/>\n0,4\tNach rechts Stra\u00dfe verlassen und schmalen Weg bergw\u00e4rts nehmen. Jetzt wird&#8217;s steil.<br \/>\nBei der ersten Kreuzung weiter geradeaus. Ab hier  unbefestigter gestufter Weg (fight gravity)<br \/>\nWer es bis zur n\u00e4chsten Kreuzung geschafft hat, schiebt nun weiter bergauf oder versucht es einfach mal<br \/>\n0,77\tRechts ab und hoch zum sogenannten <strong>Herzweg<\/strong>, wo sich sonntags die Prozession der Spazierg\u00e4nger ergie\u00dft<br \/>\n0,95\tAuf dem Herzweg links<br \/>\n1,15\tBevor der Herzweg den Wald verl\u00e4sst, links runter in eine Rinne (MTB 3) und gleich wieder steil hoch<br \/>\n1,86\tKurz vor dem Ende der steilen Abfahrt zweigt rechts ein schmaler Pfad ab. Diesem solange folgen, bis man auf einen etwas breiteren Weg st\u00f6\u00dft. Den Weg \u00fcberqueren und dem Pfad rechtshaltend weiter folgen. Der Pfad endet an einem <strong>kleinen Teich<\/strong>. Dort dem breiten Weg rechtshaltend folgen bis man auf einen Querweg st\u00f6\u00dft.<br \/>\n2,9\tLinks runter bis zum geteerten Weg. Diesen \u00fcberqueren und am Weidezaun entlang wieder in den Wald. Dort einem Hohlweg aufw\u00e4rts folgen. Der Weg endet an einem Hochsitz. Nun linkshaltend am Waldrand entlang die Wiese hoch und ohne erkennbaren Weg bis zum n\u00e4chsten Hochsitz.<br \/>\n3,52\tHinter dem Hochsitz links in den <strong>Dschungelpfad<\/strong> einbiegen. Auf diesem undurchdringlichen Wegabschnitt erhielt die Tour ihren Namen<br \/>\n4,0\tAm Ende die zweite Abzweigung rechts nehmen. Ab hier breiter und von Holzarbeiten ausgeschleifter Waldweg<br \/>\n4,84\tAuf L 323 zun\u00e4chst rechts, dann gleich links wieder in Waldweg<br \/>\n5,06\tAuf dem Waldweg nach rechts hoch<br \/>\n5,2\tVerzweigung links weiter aufw\u00e4rts, am Ende wieder eine kurze weglose Passage durch eine Wiese. Dabei links halten und in einem Bogen bis zu dem Hochsitz am Waldrand<br \/>\n5,52\tBei Hochsitz nach links in schmalen Weg<br \/>\n6,05\tNach rechts den Weg hinunter bis zur geteerten Stra\u00dfe<br \/>\n6,3\tRechts halten, aus dem Wald heraus der geteerten Stra\u00dfe bis zum n\u00e4chsten Waldst\u00fcck folgen<br \/>\n7,05\tLinks in den Wald und weiter bis zur L145, dort rechts<br \/>\n7,49\tLinks wieder in den Wald und dem Weg sp\u00e4ter am Waldrand rechtshaltend folgen bis man auf einen Querweg trifft<br \/>\n7,91\tLinks Richtung A1 und \u00fcber <strong>Autobahnbr\u00fccke<\/strong> hoch bis zum Waldrand. Im Wald dem Weg rechtshaltend aufw\u00e4rts folgen<br \/>\n8,96\tRechts ab<br \/>\n9,06\tNach rechts in Wiesenpfad zum Wald hoch<br \/>\n9,4\tRechts und immer abw\u00e4rts dem blauen Punkt folgen (\u00b7)<br \/>\n9,73\t180 Grad rechts und immer weiter abw\u00e4rts Richtung A1. \u00dcber <strong>Autobahnbr\u00fccke <\/strong>immer geradeaus bis zur L147<br \/>\n11,71\tNach links  parallel zur L147 auf dem geteerten Weg bleiben<\/font><\/p>\n<p><font face=\"verdana\" size=\"3\"><\/font><font face=\"verdana\" size=\"3\"><\/font><font face=\"verdana\" size=\"3\"><\/font><font face=\"verdana\" size=\"2\">11,88\tBei Schild Wasserschutzgebiet die L147 queren und gegen\u00fcber direkt in einen schmalen Trail. Diesem immer in nord\u00f6stlicher Richtung bis zum Ende folgen.<br \/>\n12,51\tLinks auf den breiten geschotterten Weg <strong>Richtung Imsbach<\/strong><br \/>\n12,84\tLinks ab und immer auf dem Rundwanderweg St.Wendeler Land Richtung Nahequelle<br \/>\n15,54\tRechts hoch, immer auf Rundwanderweg St.Wendeler Land<br \/>\n16,43\tRechts auf L134<br \/>\n16,55\tIn Kurve gleich links<br \/>\n16,93\tRechts Richtung <strong>Nahequelle<\/strong>, dort sch\u00f6ne Rastm\u00f6glichkeit<br \/>\n18,05\tLinks auf schmalen Pfad (kleine Abk\u00fcrzung vor Querweg)<br \/>\n18,16\tLinks und bergauf bis zu Kreuzung<br \/>\n18,48\tDort geradeaus und abw\u00e4rts Richtung Eiweiler<br \/>\n18,84\tLinks wieder hoch bis zur n\u00e4chsten Kreuzung dort rechts Richtung Kettenbach\/Eulenh\u00fcgel und dann langen Downhill immer linkshaltend bergab<br \/>\n21,07\tBei <strong>Weiheranlage nach Bachdurchfahrt<\/strong> rechts und weiter talw\u00e4rts dem Wasserbach folgen. Nach weiteren Bachdurchfahrten st\u00f6\u00dft man auf die L326<br \/>\n21,65\tLinks unter der Autobahnbr\u00fccke hindurch.<br \/>\n22,47\tLinks auf die L147<br \/>\n22,54\tNach Br\u00fccke rechts zur <strong>Lohm\u00fchle<\/strong><br \/>\n22,71\tGleich wieder rechts den Gemeinderundwanderweg Nonnweiler (N )hinauf Bei der M\u00fchle ist die Abzweigung evtl. durch eine Schnur f\u00fcr Rinder gesperrt<br \/>\n23,36\tIn Primstal links in die Matzenberg-Stra\u00dfe einbiegen und steil bergauf bis zum <strong>Sendeturm<\/strong><br \/>\n24,04\tLinks und dem Weg bis zum Ende des Teerbelages folgen<br \/>\n25,29\tRechts dem Gemeinderundwanderweg Nonnweiler (N) bergauf folgen. Am Waldrand dem Bogen nach rechts folgen<br \/>\n25,63\tLinks bergauf und immer geradeaus bis zur <strong>Erhebung Belzert<\/strong><br \/>\n26,98\tRechts bergab bis zu breitem Querweg<br \/>\n27,49\tLinks dem Weg MTB 4 immer bergauf folgen. Oben angekommen weiter auf diesem bleiben bis zu einem Rechtsknick mit Wegweiser<br \/>\n29,04\tLinks schmalem nicht sehr deutlichen Pfad durch die Wiese folgen. Dieser f\u00fchrt wieder in den Wald. Wo er ihn wieder verl\u00e4sst geradeaus auf breitem Weg immer in \u00f6stlicher Richtung am Waldrand entlang<br \/>\n30,16\tRechts ab (Jugendherbergsweg)<br \/>\n<\/font> <\/td>\n<td align=\"right\" valign=\"top\" width=\"190\"><img decoding=\"async\" src=\"http:\/\/www.nmbiking.de\/db1.jpg\" alt=\"Im Regen zum Schaumberg\" width=\"200\" \/><br \/>\n<img decoding=\"async\" src=\"http:\/\/www.nmbiking.de\/db2.jpg\" alt=\"Aufstieg zum Schaumberg\" width=\"200\" \/><br \/>\n<img decoding=\"async\" src=\"http:\/\/www.nmbiking.de\/db3.jpg\" alt=\"Walter und der Klapperstorchstein\" width=\"200\" \/><br \/>\n<img decoding=\"async\" src=\"http:\/\/www.nmbiking.de\/db4.jpg\" alt=\"Einstieg in den Dschungel\" width=\"200\" \/><br \/>\n<img decoding=\"async\" src=\"http:\/\/www.nmbiking.de\/db5.jpg\" alt=\"Wiesentrail\" width=\"200\" \/><br \/>\n<img decoding=\"async\" src=\"http:\/\/www.nmbiking.de\/db6.jpg\" alt=\"Hofgut Imsbach\" width=\"200\" \/><br \/>\n<img decoding=\"async\" src=\"http:\/\/www.nmbiking.de\/db7.jpg\" alt=\"Durch die Bach\" width=\"200\" \/><br \/>\n<img decoding=\"async\" src=\"http:\/\/www.nmbiking.de\/windrad3.jpg\" alt=\"Wind auf dem Berg?\" width=\"200\" \/><br \/>\n<img decoding=\"async\" src=\"http:\/\/www.nmbiking.de\/db8.jpg\" alt=\"Rast nach den Treppen\" width=\"200\" \/><br \/>\n<img decoding=\"async\" src=\"http:\/\/www.nmbiking.de\/mai1.jpg\" alt=\"Montage\" width=\"200\" \/><br \/>\n<img decoding=\"async\" src=\"http:\/\/www.nmbiking.de\/db9.jpg\" alt=\"Wieder am Schaumberg\" width=\"200\" \/><br \/>\n<img decoding=\"async\" src=\"http:\/\/www.nmbiking.de\/windrad2.jpg\" alt=\"Wahrzeichen?\" width=\"200\" \/><br \/>\n<img decoding=\"async\" src=\"http:\/\/www.nmbiking.de\/nobwald5c.jpg\" width=\"200\" \/><\/td>\n<\/tr>\n<\/table>\n<p>30,62\tKurz vor einem am Waldhang liegenden gewerblichen Geb\u00e4ude links auf schmalen Pfad (Jugendherbergsweg) bergab Richtung <strong>Dautweiler<\/strong><br \/>\n31,1\tBei den ersten H\u00e4usern links in die Josef-Marx-Stra\u00dfe und abw\u00e4rts bis zur L145<br \/>\n31,78\tRechts  auf L145<br \/>\n31,94\tLinks in die Feldstra\u00dfe und immer Richtung A1. Nach der Autobahnbr\u00fccke im Wald zun\u00e4chst auf schmalen Pfad links neben dem breiten Weg. Dann immer geradeaus und abw\u00e4rts Richtung Theel<br \/>\n33,42\tBei Verzweigung rechts und der Theel talw\u00e4rts auf der rechten Seite bis zur L323 folgen<br \/>\n34,01\tDirekt rechts auf einen wundersch\u00f6nen Trail zur <strong>Drehmichelsm\u00fchle<\/strong>. Dieser verl\u00e4uft parallel zur L323 oben auf dem  Hang und bietet nach einer fahrbaren Treppe auch eine sch\u00f6ne Rastm\u00f6glichkeit. Es folgt eine verfallene Holzbr\u00fccke, die wohl nicht mehr lange befahrbar sein wird&#8230;<br \/>\n34,44\tWieder auf der Stra\u00dfe nach rechts und gleich wieder links hangaufw\u00e4rts in den Wald<br \/>\n35,2\tBei Leitplanke abw\u00e4rts Richtung A1<br \/>\n35,29\tVor A1 links abw\u00e4rts bis zur L324<br \/>\n35,53\tRechts talw\u00e4rts bis Bergweiler<br \/>\n35,94\tNach <strong>S\u00e4gem\u00fchle<\/strong> links \u00fcber weitere verfallene Holzbr\u00fccke (? Jugendherbergsweg) und dem steilen Weg hoch Richtung <strong>Blasiusberg<\/strong> folgen (MTB 3)<br \/>\n36,51\tLinks auf der Teerstra\u00dfe bergauf<br \/>\n36,76\tLinks Richtung Schaumberg<br \/>\n37,23\tKurz hinter Wasserversorgungsgeb\u00e4ude rechts auf schmalen Pfad in den Wald<br \/>\n37,48\tWo dieser den Wald verl\u00e4\u00dft auf dem breiteren Weg weiter rechts halten<br \/>\n37,85\tRechts bergab und gleich wieder rechts. Dieser sch\u00f6ne Singletrail ist wegen diverser Wurzeln und anderer Widrigkeiten nur von Zwergen vollst\u00e4ndig befahrbar<br \/>\n38,22\tAm Ende auf breitem Waldweg links und dem Hauptweg bis zum Parkplatz an der B269 folgen<br \/>\n39,28\tDort an kleiner Treppe schmaler Pfad links bergauf<br \/>\n39,52\tAuf breitem Waldweg links.<br \/>\n41,38\tRechts auf den Weg, auf dem wir nach dem Start unserer Tour den Aufstieg auf den Schaumberg begonnen haben. Diesen Aufstieg haben wir doch noch nicht vergessen, oder?<br \/>\n42,06\tZiel erreicht, geschafft!!!<\/p>\n","protected":false},"excerpt":{"rendered":"<p>Das Dschungelbuch Autor: Walter Bick-Wagner Start: Tholey Strecke: Schaumberg, Nahequelle, Hasborn, Blasiusberg L\u00e4nge: 42 km km \/ Beschreibung 0 Bei Gasthaus Bourger in die Stra\u00dfe Im Matzenecken 0,1 Nach rechts in Turmstra\u00dfe 0,23 Nach rechts in Bergstra\u00dfe 0,4 Nach rechts Stra\u00dfe verlassen und schmalen Weg bergw\u00e4rts nehmen. Jetzt wird&#8217;s steil. Bei der ersten Kreuzung weiter &hellip; <\/p>\n<p class=\"link-more\"><a href=\"https:\/\/nmbiking.de\/wp\/?page_id=1677\" class=\"more-link\"><span class=\"screen-reader-text\">\u201eSchaumbergtrails\u201c <\/span>weiterlesen<\/a><\/p>\n","protected":false},"author":65,"featured_media":0,"parent":1502,"menu_order":0,"comment_status":"open","ping_status":"closed","template":"","meta":{"footnotes":""},"class_list":["post-1677","page","type-page","status-publish","hentry"],"_links":{"self":[{"href":"https:\/\/nmbiking.de\/wp\/index.php?rest_route=\/wp\/v2\/pages\/1677","targetHints":{"allow":["GET"]}}],"collection":[{"href":"https:\/\/nmbiking.de\/wp\/index.php?rest_route=\/wp\/v2\/pages"}],"about":[{"href":"https:\/\/nmbiking.de\/wp\/index.php?rest_route=\/wp\/v2\/types\/page"}],"author":[{"embeddable":true,"href":"https:\/\/nmbiking.de\/wp\/index.php?rest_route=\/wp\/v2\/users\/65"}],"replies":[{"embeddable":true,"href":"https:\/\/nmbiking.de\/wp\/index.php?rest_route=%2Fwp%2Fv2%2Fcomments&post=1677"}],"version-history":[{"count":0,"href":"https:\/\/nmbiking.de\/wp\/index.php?rest_route=\/wp\/v2\/pages\/1677\/revisions"}],"up":[{"embeddable":true,"href":"https:\/\/nmbiking.de\/wp\/index.php?rest_route=\/wp\/v2\/pages\/1502"}],"wp:attachment":[{"href":"https:\/\/nmbiking.de\/wp\/index.php?rest_route=%2Fwp%2Fv2%2Fmedia&parent=1677"}],"curies":[{"name":"wp","href":"https:\/\/api.w.org\/{rel}","templated":true}]}}