{"id":1674,"date":"2008-03-20T11:57:31","date_gmt":"2008-03-20T11:57:31","guid":{"rendered":"https:\/\/nmbiking.de\/wp\/?page_id=1674"},"modified":"2013-05-27T17:38:53","modified_gmt":"2013-05-27T16:38:53","slug":"1674-2","status":"publish","type":"page","link":"https:\/\/nmbiking.de\/wp\/?page_id=1674","title":{"rendered":"Lebach"},"content":{"rendered":"<p><strong>Auf den Spuren von L\u00e4ufern und Motocrossern<\/strong><\/p>\n<p>Start: Lauftreff des TV Lebach zwischen Schmelz und Lebach\/ Krankenhaus<\/p>\n<p><strong>M\u00f6glichkeit 1: <\/strong><br \/>\nF\u00fcr Einsteiger nicht schlecht geeignet sind die Rundkurse, welche der TV Lebach f\u00fcr L\u00e4ufer ausgeschildert hat. An der Hinweistafel k\u00f6nnt ihr euch eine Strecke raussuchen: 5, 8, 10, 12 und 15 km.<br \/>\nWir nehmen nat\u00fcrlich R\u00fccksicht auf L\u00e4ufer und Spazierg\u00e4nger!<\/p>\n<p><strong>M\u00f6glichkeit 2: <\/strong><br \/>\nDie Motocrosser und die Reiter haben einige Trails hinterlassen, die wir Mountainbiker uns zunutze machen k\u00f6nnen. Folgende Route ist eher f\u00fcr Einsteiger gedacht:<br \/>\nAn der ersten Kreuzung (kleiner Parkplatz) fahren wir den linken Weg runter.<br \/>\nN\u00e4chste Abzweigung weiter etwas steiler rechts runter Richtung Krankenhaus.<br \/>\nUnten dem Weg nach rechts folgen, nicht bis Krankenhaus fahren<br \/>\nDer st\u00f6\u00dft auf den rotgelben breiten Weg, dem wir links bergab folgen<br \/>\nRechts hoch zur Schutzh\u00fctte, an der Schutzh\u00fctte vorbei den breiten Weg hoch bis zur gro\u00dfen Kreuzung mit der Bank<br \/>\nRechts hoch weiter bis zur n\u00e4chsten Schutzh\u00fctte<br \/>\nUm die H\u00fctte links herum in Richtung Jagdhaus Horrido<br \/>\nAn der Schranke links den schmaleren Weg nehmen.<br \/>\nBevor der wieder auf den breiten von Hoorido kommenden m\u00fcndet, links abbiegen.<br \/>\nWir landen in der Kehre eines breiten Weges, der runter zur Bahnlinie f\u00fchrt.<br \/>\nWir folgen dem Weg bergab, bis zur n\u00e4chsten Abzweigung links.<br \/>\nDiesen Weg hoch bis zur Grundwassermessstelle, dort  links herum und n\u00e4chste rechts.<br \/>\nWir landen wieder auf einem breiten Waldweg, der runter nach Primsweiler f\u00fchrt.<br \/>\nLinks hoch bis zur n\u00e4chsten Abzweigung rechts, hochfahren, an der Sandgrube vorbei bis zur Barriere am Waldrand<br \/>\nim Wald n\u00e4chste Abzweigung links, schmaler Trail, der an einem anderen Teil der Sandgrube vorbeif\u00fchrt<br \/>\nDer Weg m\u00fcndet an der gro\u00dfen Kreuzung mit den B\u00e4nken.<br \/>\nWir fahren geradeaus hoch zur\u00fcck zum Lauftreff. (Stand 5\/2013)<\/p>\n<p><strong>M\u00f6glichkeit 3: <\/strong><br \/>\n<iframe loading=\"lazy\" src=\"http:\/\/www.gpsies.com\/mapOnly.do?fileId=cowgjotnhovagxmh\" width=\"600\" height=\"400\" frameborder=\"0\" scrolling=\"no\" marginheight=\"0\" marginwidth=\"0\"><\/iframe><\/p>\n","protected":false},"excerpt":{"rendered":"<p>Auf den Spuren von L\u00e4ufern und Motocrossern Start: Lauftreff des TV Lebach zwischen Schmelz und Lebach\/ Krankenhaus M\u00f6glichkeit 1: F\u00fcr Einsteiger nicht schlecht geeignet sind die Rundkurse, welche der TV Lebach f\u00fcr L\u00e4ufer ausgeschildert hat. An der Hinweistafel k\u00f6nnt ihr euch eine Strecke raussuchen: 5, 8, 10, 12 und 15 km. Wir nehmen nat\u00fcrlich R\u00fccksicht &hellip; <\/p>\n<p class=\"link-more\"><a href=\"https:\/\/nmbiking.de\/wp\/?page_id=1674\" class=\"more-link\"><span class=\"screen-reader-text\">\u201eLebach\u201c <\/span>weiterlesen<\/a><\/p>\n","protected":false},"author":65,"featured_media":0,"parent":1435,"menu_order":0,"comment_status":"open","ping_status":"closed","template":"","meta":{"footnotes":""},"class_list":["post-1674","page","type-page","status-publish","hentry"],"_links":{"self":[{"href":"https:\/\/nmbiking.de\/wp\/index.php?rest_route=\/wp\/v2\/pages\/1674","targetHints":{"allow":["GET"]}}],"collection":[{"href":"https:\/\/nmbiking.de\/wp\/index.php?rest_route=\/wp\/v2\/pages"}],"about":[{"href":"https:\/\/nmbiking.de\/wp\/index.php?rest_route=\/wp\/v2\/types\/page"}],"author":[{"embeddable":true,"href":"https:\/\/nmbiking.de\/wp\/index.php?rest_route=\/wp\/v2\/users\/65"}],"replies":[{"embeddable":true,"href":"https:\/\/nmbiking.de\/wp\/index.php?rest_route=%2Fwp%2Fv2%2Fcomments&post=1674"}],"version-history":[{"count":0,"href":"https:\/\/nmbiking.de\/wp\/index.php?rest_route=\/wp\/v2\/pages\/1674\/revisions"}],"up":[{"embeddable":true,"href":"https:\/\/nmbiking.de\/wp\/index.php?rest_route=\/wp\/v2\/pages\/1435"}],"wp:attachment":[{"href":"https:\/\/nmbiking.de\/wp\/index.php?rest_route=%2Fwp%2Fv2%2Fmedia&parent=1674"}],"curies":[{"name":"wp","href":"https:\/\/api.w.org\/{rel}","templated":true}]}}