{"id":1673,"date":"2008-03-20T11:49:23","date_gmt":"2008-03-20T11:49:23","guid":{"rendered":"https:\/\/nmbiking.de\/wp\/?page_id=1673"},"modified":"2018-05-02T07:07:07","modified_gmt":"2018-05-02T06:07:07","slug":"litermont-2","status":"publish","type":"page","link":"https:\/\/nmbiking.de\/wp\/?page_id=1673","title":{"rendered":"Litermont 2"},"content":{"rendered":"<p><strong>Die l\u00e4ngere Version<\/strong><br \/>\nStart: Rathaus Schmelz<br \/>\nStrecke: Schmelz, H\u00fcttersdorf, Engelgrund, Sodixh\u00fctte, Litermont, D\u00fcppenweiler, Kansas, H\u00fcttersdorf, Schmelz<br \/>\nL\u00e4nge: 30 km \/430 hm<\/p>\n<p>&nbsp;<\/p>\n<p>Wir starten am Rathaus.  Hinter dem \u00c4rztehaus biegen wir die n\u00e4chste Stra\u00dfe rechts ab (H\u00fcttenstra\u00dfe) und fahren in Richtung Industriegebiet. Hinter dem kleinen Kreisverkehr geht es vor dem gro\u00dfen Kreisverkehr geradeaus in die Wiese, einen Trail an der Prims entlang bis zur Br\u00fccke.<\/p>\n<p>&nbsp;<\/p>\n<p>Von der Br\u00fccke aus zur H\u00fcttersdorfer Hauptverkehrsstra\u00dfe.  An der Apotheke rechts rein und den Berg hoch. Wenn die Stra\u00dfe sich oben teilt, nehmen wir die linke. Die Stra\u00dfe f\u00fchrt bis zum Wald (Pfadfinderhaus). Links rum und wieder rechts rum. Hinter den M\u00fcllcontainern beginnt jetzt das erste Highlight der Tour: ein sch\u00f6ner langer Singletrail. Parallel zur Stra\u00dfe gelangen wir auf ihm zur Sodixh\u00fctte. (Unbedingt diesen Pfad einmal in umgekehrter Richtung fahren!!)<br \/>\nWir \u00fcberqueren die Stra\u00dfe (Vorsicht auch hier manchmal Verkehr mitten im Wald!) und fahren links in den breiten Waldweg rein, der sich nach wenigen Metern teilt.<\/p>\n<p>&nbsp;<\/p>\n<p>&nbsp;<\/p>\n<p>Wir nehmen den linken Weg, noch flach. An der n\u00e4chsten Abzweigung rechts den Wald hianuf fahren. Wir treffen auf einen breiten Weg und biegen rechts ein. Diesem Weg folgen wir. Es folgt eine schnelle, aber erholsame Abfahrt bis zur Teerstra\u00dfe nach D\u00fcppenweiler (rot-wei\u00dfe Barriere). Wer Singeltrails sch\u00e4tzt, kann 50 Meter vorher links einbiegen und folgt dem Pferdeweg bis zur Teerstra\u00dfe. Direkt gegen\u00fcber geht es weiter.<br \/>\nWer Zeit und Lust hat, kann einen Abstecher zum Kupferbergwerk machen (Besichtigung: Sonntagnachmittag oder nach Vereinbarung). Dazu fa\u00e4hrt man rechts bergab in Richtung D\u00fcppenweiler. Nicht zu verfehlen!<br \/>\nWir wenden uns nach links und folgen der Stra\u00dfe ein paar Meter und biegen dann rechts ein (Schranke) in Richtung Litermont. Der breite Weg steigt langsam an. An der n\u00e4chsten Wegkreuzung verschnaufen wir mal &#8211; zur Orientierung. Rechts im Wald sind gr\u00fcn bemooste, richtig nat\u00fcrlich wirkende Bunkerruinen erkennbar und besonders originell: das Schild im Baum. Ein paar Meter weiter oben an derBank fahren wir links den Kreuzweg hinauf.<\/p>\n<p>&nbsp;<\/p>\n<p>&nbsp;<\/p>\n<p><strong>B<\/strong>ald erreichen wir den Gipfel des Litermont mit Aussichtspunkt. Seit 2005 steht hier oben auch ein nachgebauter Signalturm aus der Zeit Napoleons. Das kanzelartige Holzger\u00fcst gegen\u00fcber auf einem der Felsen deutet darauf hin, da\u00df wir einen in der Gegend bekannten Wallfahrtsort erreicht haben. Sicht \u00fcber das Gel\u00e4nder?. Bei Nebel: gar keine. Bei anderem Wetter \u00fcber Nalbach, Saarwellingen, Dillingen mit seiner riesigen, vor sich hin rostenden H\u00fcttenanlage hinweg bis zum dampfenden Kraftwerk Ensdorf. Das gelb-wei\u00df gestrichene Kreuz kann gut als R\u00fcckenlehne benutzt werden: &#8222;Heil im Kreuz&#8220;.<br \/>\nVor den R\u00fcckweg: unbedingt Bremsen-Check. Wohl dem, der Magura f\u00e4hrt. Vom Kreuz aus lassen wir laufen: links herum den breiten Weg hinunter.<br \/>\nAn der ersten Abzweigung biegen wir schon nach rechts ein und rollen bis zum Parkplatz und von dort ist schon der Graue Fels zu sehen. Wir bewundern ihn und fahren dran vorbei auf die Teerstra\u00dfe nach rechts. Gegen\u00fcber dem Felsen liegt Margrets Restaurant, hier kocht und k\u00fcnstlert die EX-Fraau von Oskar Lafontaine&#8230;<br \/>\nWir rollen die Stra\u00dfe ein St\u00fcck runter. Hinter der n\u00e4chsten Felsengruppe biegen wir links in den Wald ein. Downhill bis zur Teerstra\u00dfe. An der Schranke links rein. An der Schutzh\u00fctte rechts herum, n\u00e4chste Krezung geradeaus. Wenn es geklappt hat, landen wir auf der Hauptstra\u00dfe nach D\u00fcppenweiler. Schr\u00e4g gegen\u00fcber (Schild Baumschule Klein) m\u00fcssen wir rein.<\/p>\n<p>&nbsp;<\/p>\n<p>&nbsp;<\/p>\n<p><strong>E<\/strong>in gutes St\u00fcck rollen wir auf Teer bis zum Waldrand bis runter zur Br\u00fccke, die den Lobscheider Bach \u00fcberquert. Wir tun dies auch. An der Kreuzung kurz hinter dem Bach halten wir uns rechts. Links gelangt man runter nach Beckingen. Die n\u00e4chste Kreuzung ist etwas f\u00fcr Wanderer hergerichtet: Bank, Wegweiser aus Holz.<br \/>\nWir machen noch einen kleinen frommen Abstecher und wenden uns nach links zum Bildst\u00f6ckchen (nur 5 Min., dem Schild &#8222;Fischerberghaus&#8220; folgen, Markierung Nr.3)<\/p>\n<p>&nbsp;<\/p>\n<p>&nbsp;<\/p>\n<p><strong>K<\/strong>urz vor der Kapelle m\u00fcssen wir dann den Weg runter bis zur Stra\u00dfe.<br \/>\nGegen\u00fcber f\u00fchrt ein Radweg \u00fcber eine Br\u00fccke. Dahinter biegen wir nach rechts hoch ab und folgen dem WEg bis zum Friedhof von Hausstadt. Wir rollen in den Ort hinunter. Vorsicht, nur kurz. Nach 50 Metern f\u00fchrt ein Weg rechts zwischen den H\u00e4usern durch wieder auf freies Feld. Wir folgen dem Weg bis wir wieder auf eine Teerstra\u00dfe treffen. Rechts abbiegen. An einem schicken Haus vorbei, an einer Reitanlage vorbei fahren wir nach D\u00fcppenweiler hinein. An der Hauptstra\u00dfe geht es scharf links rein durch ein Siedlung. Wir sto\u00dfen dann wieder auf die Hauptstra\u00dfe, gegen\u00fcber geht es weiter in Richtung Willscheider Hof.<br \/>\nWir biegen jedoch zur Wendalinuskapelle in Richtung Schmelz ab. Auf schmaler Teerstra\u00dfe geht es durchs Schmelzer Hinterland mit seinen gro\u00dfen Aussiedlerh\u00f6fen. Wir fahren nicht bis zur Hauptstra\u00dfe, sondern vorher einfach geradeaus weiter in einen Feldwirtschaftsweg hinein. Am Wasserh\u00e4uschen vorbei weiter in Richtung Engelgrund. Auch dort nicht runterfahren (oder sp\u00e4ter wieder hoch), sondern weiter bis zum Ortsanfang H\u00fcttersdorf. Am Birkenhof vorbei und &#8211; Achtung &#8211; vor dem n\u00e4chsten Einfamilienhaus links einbiegen, \u00fcber ein Feld, kleiner Singletrail zum Fischerweiher. Wir fahren dann rechts herum und gleich wieder links hoch, oben wieder rechts und kommen zum Heidebad. Viel Spa\u00df im Schwimmbad&#8230;<br \/>\n(Stand 1\/2006\/ wird zur Zeit aktualisiert im 4\/18)<\/p>\n<p>&nbsp;<\/p>\n<p><iframe loading=\"lazy\" src=\"http:\/\/www.gpsies.com\/mapOnly.do?fileId=cuhimkqswixxqriw\" width=\"600\" height=\"400\" frameborder=\"0\" scrolling=\"no\" marginheight=\"0\" marginwidth=\"0\" title=\"GPSies - Litermont 2\"><\/iframe><\/p>\n","protected":false},"excerpt":{"rendered":"<p>Die l\u00e4ngere Version Start: Rathaus Schmelz Strecke: Schmelz, H\u00fcttersdorf, Engelgrund, Sodixh\u00fctte, Litermont, D\u00fcppenweiler, Kansas, H\u00fcttersdorf, Schmelz L\u00e4nge: 30 km \/430 hm &nbsp; Wir starten am Rathaus. Hinter dem \u00c4rztehaus biegen wir die n\u00e4chste Stra\u00dfe rechts ab (H\u00fcttenstra\u00dfe) und fahren in Richtung Industriegebiet. Hinter dem kleinen Kreisverkehr geht es vor dem gro\u00dfen Kreisverkehr geradeaus in die &hellip; <\/p>\n<p class=\"link-more\"><a href=\"https:\/\/nmbiking.de\/wp\/?page_id=1673\" class=\"more-link\"><span class=\"screen-reader-text\">\u201eLitermont 2\u201c <\/span>weiterlesen<\/a><\/p>\n","protected":false},"author":65,"featured_media":0,"parent":1435,"menu_order":0,"comment_status":"open","ping_status":"closed","template":"","meta":{"footnotes":""},"class_list":["post-1673","page","type-page","status-publish","hentry"],"_links":{"self":[{"href":"https:\/\/nmbiking.de\/wp\/index.php?rest_route=\/wp\/v2\/pages\/1673","targetHints":{"allow":["GET"]}}],"collection":[{"href":"https:\/\/nmbiking.de\/wp\/index.php?rest_route=\/wp\/v2\/pages"}],"about":[{"href":"https:\/\/nmbiking.de\/wp\/index.php?rest_route=\/wp\/v2\/types\/page"}],"author":[{"embeddable":true,"href":"https:\/\/nmbiking.de\/wp\/index.php?rest_route=\/wp\/v2\/users\/65"}],"replies":[{"embeddable":true,"href":"https:\/\/nmbiking.de\/wp\/index.php?rest_route=%2Fwp%2Fv2%2Fcomments&post=1673"}],"version-history":[{"count":3,"href":"https:\/\/nmbiking.de\/wp\/index.php?rest_route=\/wp\/v2\/pages\/1673\/revisions"}],"predecessor-version":[{"id":50877,"href":"https:\/\/nmbiking.de\/wp\/index.php?rest_route=\/wp\/v2\/pages\/1673\/revisions\/50877"}],"up":[{"embeddable":true,"href":"https:\/\/nmbiking.de\/wp\/index.php?rest_route=\/wp\/v2\/pages\/1435"}],"wp:attachment":[{"href":"https:\/\/nmbiking.de\/wp\/index.php?rest_route=%2Fwp%2Fv2%2Fmedia&parent=1673"}],"curies":[{"name":"wp","href":"https:\/\/api.w.org\/{rel}","templated":true}]}}