{"id":1666,"date":"2008-03-19T09:22:34","date_gmt":"2008-03-19T10:22:34","guid":{"rendered":"https:\/\/nmbiking.de\/wp\/?page_id=1666"},"modified":"2021-05-27T06:45:12","modified_gmt":"2021-05-27T05:45:12","slug":"dasselter-stein-2","status":"publish","type":"page","link":"https:\/\/nmbiking.de\/wp\/?page_id=1666","title":{"rendered":"Dasselter Stein"},"content":{"rendered":"<table cellspacing=\"4\">\n<tr>\n<td valign=\"top\">Start: Rathaus Schmelz<br \/>\nStrecke: Schmelz, H\u00fcttersdorf, Sodixh\u00fctte, Litermont, Dasselter Stein,<br \/>\nKondeler Bach-Br\u00fccke, Kapelle &#8222;Bildchen&#8220;, Hausstadter Weiher, L\u00fccknerL\u00e4nge\/H\u00f6henmeter: ca 50 km \/ 800 hm<br \/>\nBis zum Litermont rollen die Bikes fast von allein, Neulinge finden die Beschreibung dorthin unter <font color=\"#ff9900\">Litermont-Tour<\/font><\/p>\n<p>&nbsp;<\/p>\n<p>&nbsp;<\/p>\n<p><font color=\"#7b382d\" size=\"4\">W<\/font><font face=\"verdana\" size=\"2\">ir lassen das Margareten-Kreuz auf dem Litermont stehen, werfen noch einmal einen Blick zum Signalturm (Wann sendet endlich mal jemand eine Nachricht?) und fahren links herunter, aber nur etwa 10 Meter weit. Dann suchen wir rechts den <strong>schmalen Pfad zur namenlosen, aber umso sch\u00f6neren Felsengruppe<\/strong>. Spurenleser finden den Weg durch die gr\u00fcnbemoosten Burschen rechts herunter bis zu einem breiteren Forstweg.<br \/>\nWir folgen ihm links herunter, biegen auf den Hauptweg ein und kommen zum <strong>Parkplatz &#8222;Grauer Stein&#8220;.<\/strong><br \/>\nAm imposanten Gestein vorbei geht es auf die Stra\u00dfe, den Berg hinunter. Linkerhand liegt eine <strong>kleine Felsgruppe<\/strong>. haben wir sie passiert, biegen wir <strong>links in den Wald<\/strong> hinein. Es folgt ein schneller, nicht ganz ungef\u00e4hrlicher Downhill, der wieder auf der Teerstra\u00dfe endet. An der Schranke links in den Schotterweg einbiegen und ein wenig treten und dann laufen lassen bis zur <strong>Hauptverkehrstra\u00dfe nach D\u00fcppenweiler<\/strong>.<br \/>\nEin paar Meter weiter auf der anderen Stra\u00dfenseite verl\u00e4uft ein Teerstr\u00e4\u00dfchen schnurgerade bis hinunter ins Kondelerbachtal. Wir befinden uns auch auf dem &#8222;Litermont-Sagen-Weg&#8220;. Dem folgen wir jetzt. Vorsicht, Tempo drosseln am n\u00e4chsten Schild &#8222;Dasselter Stein&#8220;, rechts in den Wald hinunter abbiegen! Auf dem breiten Weg rechts bleiben und die n\u00e4chste Abzweigung (nochmal ein Schild) <strong>links in den ansteigenden Sandweg<\/strong> einbiegen. <\/font><\/p>\n<p>&nbsp;<\/p>\n<p><font face=\"verdana\" size=\"2\">Tagebuchauszug vom 16.10.05<br \/>\n<\/font><font size=\"2\"><em>Im Tal des Kondeler Bachs beginnt der sandige Teil der Tour. Trockenheit und Pferdehufe sorgen f\u00fcr die angenehme <strong>Strandqualit\u00e4t<\/strong>.<br \/>\nSandiger, weicher Weg hoch zum Dasselter Stein. Sand in der Abfahrtrinne vom Dasselter Stein runter. Ganz weicher Sand (mit Wegrutschgarantie) neben dem Dasselter Stein. Sandiger Weg weg vom Dasselter Stein. Sehr lockerer Sand (und strenger Geruch) auf dem Pferdetrail hinter dem Hausstadter Weiher. T\u00fcckischer Sand und Felsstufen auf dem letzten Teil dieses Wegst\u00fccks. Fast un\u00fcberwindbarer Sand \u00fcber ein Feld hoch in den Wald vor Reimsbach. Sch\u00f6ner weicher Sand, um sich auch mal (freiwillig?) hinzusetzen. Wer hatte nach der Tour keinen Sand in den Schuhen?<\/em><br \/>\nNoch einige Kurven und wir sehen das Schild, das uns zum Ziel f\u00fchrt, der frei gelegten Felsgruppe <strong>Dasselter Stein<\/strong>. Eine geologische Beschreibung: <em>An diesem Platz, eine der wenigen Stellen an denen der Sandstein aufgeschlossen und nicht vom Kies und Lehm der Eiszeit bedeckt ist, tritt der Buntsandstein als Felsformation zutage. Westlich von D\u00fcppenweiler, zwischen der Stra\u00dfe nach Beckingen und dem Weg entlang dem Haustadter Weiher, enth\u00e4lt der Buntsandstein kleine G\u00e4nge von Eisenerz. Das Gel\u00e4nde, in dem im vergangenen Jahrhundert das &#8222;Sanderz&#8220; abgebaut wurde liegt teils auf Haustadter, teils auf D\u00fcppenweiler Bann und hei\u00dft heute noch &#8222;Auf der Erzkaul&#8220;.<\/em><\/font><\/p>\n<p>&nbsp;<\/p>\n<p>&nbsp;<\/p>\n<p><font face=\"verdana\" size=\"2\"><\/font><font size=\"2\"><\/font><font color=\"#7b382d\" size=\"4\">A<\/font><font face=\"verdana\" size=\"2\">uf und um den Felsen herum kann man\/frau seine Lust am technischen Fahren etwas ausprobieren. oder sich einfach unten auf die Bank setzen und den Felsen anschauen. Der Weg f\u00fchrt dann durch das Tal, an einem in den Fels gehauenen, leider sehr kurzen und sehr feuchten Gang vorbei, \u00fcber einige Baumst\u00e4mme hinweg bis zum Hauptweg. Nach rechts weiter sto\u00dfen wir bald auf die <strong>Br\u00fccke \u00fcber den Kondeler Bach<\/strong>. Oben an der Kreuzung mit den vielen Schildern w\u00e4hlen wir den <strong>mittleren Weg<\/strong>. Ein Bilderbuchsingletrail, den auch Wildschweine m\u00f6gen, f\u00fchrt sanft bergan und trifft auf einen weiteren Trail, dem wir rechts herum folgen. <\/font><\/p>\n<p>&nbsp;<\/p>\n<p>&nbsp;<\/p>\n<p><font face=\"verdana\" size=\"2\"><\/font><font face=\"verdana\" size=\"2\"><\/font><font face=\"verdana\" size=\"2\"><\/font><font color=\"#7b382d\" size=\"4\">K<\/font><font face=\"verdana\" size=\"2\">r\u00e4ftig treten: ein buckeliger Anstieg und wir kommen zu einem <strong>Wendehammer<\/strong>. Links am Waldrand entlang f\u00fchrt ein nicht immer gut aufger\u00e4umter Pfad, dem wir trotzdem immer geradeaus, manchmal in kleien B\u00f6gen, folgen bis zu einem breiten Schotterweg. Rechts herum und wir kommen bald zum <strong>Bildchen<\/strong>, einer immer mit Omas und Opas besetzten offenen Kapelle. Nach einer geb\u00fchrenden Ruhe-, Gedenk- oder Betminute geht es weiter in Richtung D\u00fcppenweiler. Gro\u00dfe Kreuzung bevor es aus dem Wald herausgeht, hier biegen wir nach links ab und rollen den Berg runter bis zum <strong>Parkplatz mit H\u00fctte<\/strong>.<br \/>\nAuf der gegen\u00fcber liegenden Stra\u00dfenseite bringt uns ein Schotterweg schnell nach <strong>Hausstadt<\/strong> (Friedhof). Wir rollen die Hauptstra\u00dfe runter. Achtung! In den n\u00e4chsten <strong>Weg rechts<\/strong> zwischen den H\u00e4usern durch einbiegen! Wir kommen bei den Hausstadter Weihern heraus. Rechts und sofort links hoch, am Tennisplatz vorbei zum <strong>Homerich<\/strong>. Keine Bange, wir m\u00fcssen nicht hoch, sondern biegen den n\u00e4chsten Weg rechts ab. Schotterweg, kurzes, steiles St\u00fcck. Und Obacht! Der n\u00e4chste Weg links ab, ein <strong>Pferdetrail<\/strong>, ist unserer. Sandig und stachelig! An der Pferdeweide m\u00fcssen wir links weiter hoch und sto\u00dfen auf den breiten Waldweg. Den nehmen wir nach rechts bis zur <strong>Landstra\u00dfe nach D\u00fcppenweiler<\/strong> mit. <\/font><\/p>\n<p>&nbsp;<\/p>\n<p>&nbsp;<\/p>\n<p><font face=\"verdana\" size=\"2\"><\/font><font face=\"verdana\" size=\"2\"><\/font><font face=\"verdana\" size=\"2\"><\/font><font face=\"verdana\" size=\"2\"><\/font><font color=\"#7b382d\" size=\"4\">D<\/font><font face=\"verdana\" size=\"2\">irekt gegen\u00fcber geht es weiter. \u00dcber Felder. Den n\u00e4chsten Wiesenweg m\u00fcssen wir links runter in die <strong>Dammheck<\/strong>. Im Wald gleich rechts einbiegen und eine nette kleine Runde durch dieses W\u00e4ldchen fahren. Wir kommen auf dem Hauptweg wieder raus und fahren rechts herum in das Weiher- und Ferienh\u00e4uschengebiet ein. Eine <strong>andere, sehr gepflegte Welt<\/strong> tut sich auf. Wir rollen bis zur Hauptstra\u00dfe vor <strong>Honzrath<\/strong> und gegen\u00fcber geht es weiter. Wer will, kann am Weiher entlang fahren (hinter dem Grundst\u00fcck links rein) oder geradeaus bis zum Radweg. Diesen nehmen  wir nicht, als MountainbikerInnen entscheiden wir uns f\u00fcr den <strong>sandigen Pferdetrail<\/strong> etwas oberhalb. Kommen wir aus dem lichten Akazienwald heraus richten wir den Blick auf <strong>Erbringen<\/strong> und das kleine W\u00e4ldchen gegen\u00fcber. Dort wollen wir hinein.<\/font><\/p>\n<p>&nbsp;<\/p>\n<p>&nbsp;<\/p>\n<p><font face=\"verdana\" size=\"2\"><\/font><font face=\"verdana\" size=\"2\"><\/font><font face=\"verdana\" size=\"2\"><\/font><font face=\"verdana\" size=\"2\"><\/font><font face=\"verdana\" size=\"2\"><\/font><font color=\"#7b382d\" size=\"4\">W<\/font><font face=\"verdana\" size=\"2\">ir fahren rechts an den B\u00fcschen vorbei und dann links herunter in den Ort. Auf der Stra\u00dfe rechts hoch, bis wir den Weg sehen, der \u00fcber ein meist <strong>bearbeitetes Feld<\/strong> hoch in den Wald f\u00fchrt. Der Weg ist sandig oft nass und deshalb sehr m\u00fchsam zu fahren. Wer sich den Spa\u00df ersparen will, f\u00e4hrt die Stra\u00dfe weiter hoch, biegt oben links ab und landet in Reimsbach.<br \/>\nWer im W\u00e4ldchen angekommen ist, kann an Kreuzung gegen\u00fcber den Pferdetrail weiterfahren. Wer immer nochnicht genug von den Sandspielen hat, nimmt den Weg links hoch, oben wieder links und in einem Bogen durch den Akazienwald. Auf jeden Fall landen wir auf dem Teerst\u00e4\u00dfchen zwischen Hausstadt und Reimsbach und k\u00f6nnen zielbewusst auf den L\u00fcckner zusteuern&#8230;<\/font><\/p>\n<p>&nbsp;<\/p>\n<p>&nbsp;<\/p>\n<p><font face=\"verdana\" size=\"2\"><\/font><font face=\"verdana\" size=\"2\"><\/font><font face=\"verdana\" size=\"2\"><\/font><font face=\"verdana\" size=\"2\"><\/font><font face=\"verdana\" size=\"2\"><\/font><font face=\"verdana\" size=\"2\">(Stand 10\/2005)<\/font><\/td>\n<td valign=\"top\" width=\"200\"><img decoding=\"async\" src=\"http:\/\/www.nmbiking.de\/startbilder\/startbild475.jpg\" width=\"196\" \/><img decoding=\"async\" src=\"http:\/\/www.nmbiking.de\/oldsite\/jan05\/jan05_30.jpg\" width=\"196\" \/><\/p>\n<p><img decoding=\"async\" src=\"http:\/\/www.nmbiking.de\/oldsite\/sep05\/sep05_20.jpg\" width=\"196\" \/><\/p>\n<p><img decoding=\"async\" src=\"http:\/\/www.nmbiking.de\/an05\/jan05_43.jpg\" width=\"196\" \/><\/p>\n<p><img decoding=\"async\" src=\"http:\/\/www.nmbiking.de\/vatersohn.jpg\" alt=\"Vater und Sohn auf Herbsttour\" width=\"200\" \/><\/p>\n<p><img decoding=\"async\" src=\"http:\/\/www.nmbiking.de\/ok05\/ok05_56.jpg\" width=\"196\" \/><\/p>\n<p><img decoding=\"async\" src=\"http:\/\/www.nmbiking.de\/sep05\/sep05_21.jpg\" width=\"196\" \/><\/p>\n<p><img decoding=\"async\" src=\"http:\/\/www.nmbiking.de\/sep05\/sep05_23.jpg\" width=\"196\" \/><\/p>\n<p><img decoding=\"async\" src=\"http:\/\/www.nmbiking.de\/ok05\/ok05_59.jpg\" width=\"196\" \/><\/p>\n<p><img decoding=\"async\" src=\"http:\/\/www.nmbiking.de\/maerz04_35.jpg\" width=\"196\" \/><\/p>\n<p><img decoding=\"async\" src=\"http:\/\/www.nmbiking.de\/ok05\/ok05_60.jpg\" width=\"196\" \/><\/p>\n<p><img decoding=\"async\" src=\"http:\/\/www.nmbiking.de\/sep05\/sep05_2.jpg\" width=\"196\" \/><\/p>\n<p><img decoding=\"async\" src=\"http:\/\/www.nmbiking.de\/sep05\/sep05_27.jpg\" width=\"196\" \/><\/p>\n<p><img decoding=\"async\" src=\"http:\/\/www.nmbiking.de\/ok05\/ok05_27.jpg\" width=\"196\" \/><\/p>\n<p><img decoding=\"async\" src=\"http:\/\/www.nmbiking.de\/ok06\/ok06_42.jpg\" width=\"196\" \/><\/p>\n<p><img decoding=\"async\" src=\"http:\/\/www.nmbiking.de\/ok06\/ok06_55.jpg\" width=\"196\" \/><\/p>\n<p><img decoding=\"async\" src=\"http:\/\/www.nmbiking.de\/ok06\/ok06_62.jpg\" width=\"196\" \/><\/p>\n<p><img decoding=\"async\" src=\"http:\/\/www.nmbiking.de\/ok07\/ok07_5.jpg\" width=\"196\" \/>\n<\/td>\n<\/tr>\n<\/table>\n","protected":false},"excerpt":{"rendered":"<p>Start: Rathaus Schmelz Strecke: Schmelz, H\u00fcttersdorf, Sodixh\u00fctte, Litermont, Dasselter Stein, Kondeler Bach-Br\u00fccke, Kapelle &#8222;Bildchen&#8220;, Hausstadter Weiher, L\u00fccknerL\u00e4nge\/H\u00f6henmeter: ca 50 km \/ 800 hm Bis zum Litermont rollen die Bikes fast von allein, Neulinge finden die Beschreibung dorthin unter Litermont-Tour &nbsp; &nbsp; Wir lassen das Margareten-Kreuz auf dem Litermont stehen, werfen noch einmal einen Blick zum &hellip; <\/p>\n<p class=\"link-more\"><a href=\"https:\/\/nmbiking.de\/wp\/?page_id=1666\" class=\"more-link\"><span class=\"screen-reader-text\">\u201eDasselter Stein\u201c <\/span>weiterlesen<\/a><\/p>\n","protected":false},"author":65,"featured_media":0,"parent":1435,"menu_order":0,"comment_status":"open","ping_status":"closed","template":"","meta":{"footnotes":""},"class_list":["post-1666","page","type-page","status-publish","hentry"],"_links":{"self":[{"href":"https:\/\/nmbiking.de\/wp\/index.php?rest_route=\/wp\/v2\/pages\/1666","targetHints":{"allow":["GET"]}}],"collection":[{"href":"https:\/\/nmbiking.de\/wp\/index.php?rest_route=\/wp\/v2\/pages"}],"about":[{"href":"https:\/\/nmbiking.de\/wp\/index.php?rest_route=\/wp\/v2\/types\/page"}],"author":[{"embeddable":true,"href":"https:\/\/nmbiking.de\/wp\/index.php?rest_route=\/wp\/v2\/users\/65"}],"replies":[{"embeddable":true,"href":"https:\/\/nmbiking.de\/wp\/index.php?rest_route=%2Fwp%2Fv2%2Fcomments&post=1666"}],"version-history":[{"count":2,"href":"https:\/\/nmbiking.de\/wp\/index.php?rest_route=\/wp\/v2\/pages\/1666\/revisions"}],"predecessor-version":[{"id":71455,"href":"https:\/\/nmbiking.de\/wp\/index.php?rest_route=\/wp\/v2\/pages\/1666\/revisions\/71455"}],"up":[{"embeddable":true,"href":"https:\/\/nmbiking.de\/wp\/index.php?rest_route=\/wp\/v2\/pages\/1435"}],"wp:attachment":[{"href":"https:\/\/nmbiking.de\/wp\/index.php?rest_route=%2Fwp%2Fv2%2Fmedia&parent=1666"}],"curies":[{"name":"wp","href":"https:\/\/api.w.org\/{rel}","templated":true}]}}