{"id":1664,"date":"2008-03-18T14:00:17","date_gmt":"2008-03-18T15:00:17","guid":{"rendered":"https:\/\/nmbiking.de\/wp\/?page_id=1664"},"modified":"2019-12-17T07:52:00","modified_gmt":"2019-12-17T06:52:00","slug":"fischerberghaus","status":"publish","type":"page","link":"https:\/\/nmbiking.de\/wp\/?page_id=1664","title":{"rendered":"Fischerberghaus"},"content":{"rendered":"<p>Start: Rathaus Schmelz<br \/>\nStrecke: L\u00fcckner, Wahlener Platte, Kalkofen Hargarten, Panoramaweg, Wolfertskopf, Fischerberghaus, Saarfels, Saarufer, Beckingen, Kondeler Bach, Dasselter Stein, Litermont, Geisweiler Hof<br \/>\nL\u00e4nge\/H\u00f6henmeter: 46 km \/ 620 hm<\/p>\n<p><strong>Kurzbeschreibung<\/strong>:<\/p>\n<p>Von Sportplatz Michelbach zur Oppener Kuppe, aus dem Wald heraus an den Windr\u00e4dern vorbei in Richtung Hochwald, r\u00fcber bis zur Hauptstra\u00dfe, ein St\u00fcck runter, vor der Kapelle hoch, \u00fcber die H\u00f6he bis zur Hauptstra\u00dfe Brotdorf-Hargarten, links runter zum Kalkofen, rechts hoch zum &#8222;Beckinger-H\u00f6hen-Panoramaweg&#8220;, diesem ausgeschilderten Weg immer folgen bis zum Fischerberghaus.<\/p>\n<p>Teerstra\u00dfe den Berg runter Richtung Saarfels, n\u00e4chster breiter Weg rechts, rollen bis runter nach Saarfels, in Saarfels entweder Hauptstra\u00dfe bis Beckingen oder Radweg an der Saar entlang bis T\u00dcV Beckingen, Kondeler Bach Trail, Auffahrt zum Bildchen, Singletrails bis zum Litermont-Sagen-Weg, diesem folgen am Dasselter Stein vorbei bis vor D\u00fcppenweiler, \u00fcber die Stra\u00dfe den Wanderwegmarkierungen folgen bis zum Litermontkreuz, R\u00fcckweg  (wie hoffentlich bekannt oder nachzulesen unter &#8222;Litermont-Tour&#8220; \u00fcber den Geisweiler Hof&#8230;)<br \/>\n(aktualisiert 4\/18)<br \/>\n<br \/>\nZum Nachfahren gibt es die GPS-Daten auf <a href=\"https:\/\/www.komoot.de\/tour\/30821023\">Komoot<\/a><br \/>\nWeitere Infos, Varianten  und Fotos in den Tagebucheintr\u00e4gen vom <a href=\"https:\/\/nmbiking.de\/wp\/?p=33113\">M\u00e4rz 2015<\/a> und <a href=\"https:\/\/nmbiking.de\/wp\/?p=38097\">Dezember 2015<\/a> und <a href=\"https:\/\/nmbiking.de\/wp\/?p=28071\">Juli 2014<\/a> und <a href=\"https:\/\/nmbiking.de\/wp\/?p=16466\">Januar 2013<\/a><\/p>\n","protected":false},"excerpt":{"rendered":"<p>Start: Rathaus Schmelz Strecke: L\u00fcckner, Wahlener Platte, Kalkofen Hargarten, Panoramaweg, Wolfertskopf, Fischerberghaus, Saarfels, Saarufer, Beckingen, Kondeler Bach, Dasselter Stein, Litermont, Geisweiler Hof L\u00e4nge\/H\u00f6henmeter: 46 km \/ 620 hm Kurzbeschreibung: Von Sportplatz Michelbach zur Oppener Kuppe, aus dem Wald heraus an den Windr\u00e4dern vorbei in Richtung Hochwald, r\u00fcber bis zur Hauptstra\u00dfe, ein St\u00fcck runter, vor der &hellip; <\/p>\n<p class=\"link-more\"><a href=\"https:\/\/nmbiking.de\/wp\/?page_id=1664\" class=\"more-link\"><span class=\"screen-reader-text\">\u201eFischerberghaus\u201c <\/span>weiterlesen<\/a><\/p>\n","protected":false},"author":65,"featured_media":0,"parent":1435,"menu_order":0,"comment_status":"open","ping_status":"closed","template":"","meta":{"footnotes":""},"class_list":["post-1664","page","type-page","status-publish","hentry"],"_links":{"self":[{"href":"https:\/\/nmbiking.de\/wp\/index.php?rest_route=\/wp\/v2\/pages\/1664","targetHints":{"allow":["GET"]}}],"collection":[{"href":"https:\/\/nmbiking.de\/wp\/index.php?rest_route=\/wp\/v2\/pages"}],"about":[{"href":"https:\/\/nmbiking.de\/wp\/index.php?rest_route=\/wp\/v2\/types\/page"}],"author":[{"embeddable":true,"href":"https:\/\/nmbiking.de\/wp\/index.php?rest_route=\/wp\/v2\/users\/65"}],"replies":[{"embeddable":true,"href":"https:\/\/nmbiking.de\/wp\/index.php?rest_route=%2Fwp%2Fv2%2Fcomments&post=1664"}],"version-history":[{"count":11,"href":"https:\/\/nmbiking.de\/wp\/index.php?rest_route=\/wp\/v2\/pages\/1664\/revisions"}],"predecessor-version":[{"id":61103,"href":"https:\/\/nmbiking.de\/wp\/index.php?rest_route=\/wp\/v2\/pages\/1664\/revisions\/61103"}],"up":[{"embeddable":true,"href":"https:\/\/nmbiking.de\/wp\/index.php?rest_route=\/wp\/v2\/pages\/1435"}],"wp:attachment":[{"href":"https:\/\/nmbiking.de\/wp\/index.php?rest_route=%2Fwp%2Fv2%2Fmedia&parent=1664"}],"curies":[{"name":"wp","href":"https:\/\/api.w.org\/{rel}","templated":true}]}}