{"id":1663,"date":"2008-03-18T13:50:11","date_gmt":"2008-03-18T14:50:11","guid":{"rendered":"https:\/\/nmbiking.de\/wp\/?page_id=1663"},"modified":"2020-11-07T09:10:48","modified_gmt":"2020-11-07T08:10:48","slug":"montclair","status":"publish","type":"page","link":"https:\/\/nmbiking.de\/wp\/?page_id=1663","title":{"rendered":"Montclair"},"content":{"rendered":"<p>Strecke: Schmelz, Michelbach, Rimlingen, Bachem, Brotdorf, St. Gangolf, Montclair * Mettlach, Saarh\u00f6lzbach, Vogelfelsen, Hundscheider Weiher, Britten, Losheim<br \/>\nL\u00e4nge: ca. 80 km<\/p>\n<p>&nbsp;<\/p>\n<p>Von Schmelz aus m\u00fcssen wir zuerst zur <strong>Oppener Kuppe<\/strong> rauf. Also wie (so oft schon?) durch die Ambetstra\u00dfe nach <strong>Michelbach<\/strong> rein. Durch den Ort bis zum <strong>Telefonh\u00e4uschen (Dorfbrunnen)<\/strong>, dort links rein (Zum L\u00fcckner) und wieder links die Stra\u00dfe hoch an der <strong>Grundschule<\/strong> vorbei, bis wir aus dem Ort rauskommen. An der neuen <strong>Schutzh\u00fctte<\/strong> geht der Blick r\u00fcber zur Oppener Kuppe. <font face=\"Courier New\" size=\"3\"><\/font><font face=\"verdana\" size=\"2\"> <\/font><br \/>\n<br \/>\nLinks runter gehts zum Geisweiler Hof, wir nehmen den Weg geradeaus, direkt auf die Kuppe zu und <em>jagen<\/em> mit den Pferden auf der Weide um die Wette bis zur ehemaligen <strong>Bauschuttdeponie<\/strong> Michelbach, Bank mit kleinem Baum.<br \/>\nWir umfahren sie, bis der Weg rechts abbiegt. Dann geht\u00b4s geradeaus am Wald vorbei, bis uns die Barriere zur <strong>Stra\u00dfe nach Oppen<\/strong> bremst. <u>Vorsicht: Raserstrecke und schlechte Sicht!<\/u><br \/>\nWir verlassen uns auf unser Geh\u00f6r! Genau gegen\u00fcber folgen wir dem <strong>pechschwarzen Weg<\/strong> und biegen an der n\u00e4chsten Abzweigung \/Barriere am <strong>Golfplatz links<\/strong> ab. Wir folgen diesem Weg ohne abzubiegen bis zur <strong>Hauptstra\u00dfe nach Wahlen<\/strong>. Auf der anderen Seite nehmen wir den rechten breiten Weg, der uns in vielen Kehren, mit guten Ger\u00fcchen und einigen Joggern bis zum <strong>Fu\u00df der Oppener Kuppe<\/strong> bringt. Den ansteigenden Weg in unserer Fahrtrichtung fahren wir rauf, an der n\u00e4chsten Abzweigung weiter rechts hoch, bis wir auf der <strong>gro\u00dfen Krezung<\/strong> landen und dann am Kreuz mit der Bank.<strong><br \/>\n<br \/>\nWir m\u00fcssen dann aus dem Wald heraus &#8211; Blick auf die Windr\u00e4der und den Hochwald. Die Wege sind jetzt geteert. Wir biegen <\/strong><strong>links <\/strong>ab und dann wieder <strong>rechts<\/strong>. Mit etwas rauf und runter geht es \u00fcber die &#8222;<strong>Wahlener Platte<\/strong>&#8222;.  An der n\u00e4chsten Abzweigung (paar Meter rechts im Geb\u00fcsch: das <strong>Hantenkreuz<\/strong>!) biegen wir wieder <strong>links<\/strong> ab in Richtung Rissenthal und folgen dann dem geteerten Feldweg bis zur <strong>Hauptstra\u00dfe<\/strong>. Wir m\u00fcssen <strong>links runter<\/strong> und nach 100 Metern &#8211; wenn wir das Dach des wei\u00dfen Kapellchen unten sehen &#8211; wieder <strong>rechts hoch<\/strong> &#8211; und zwar recht steil.<\/p>\n<p>Der geteerte Weg f\u00fchrt uns wieder auf die H\u00f6he. Wir folgen ihm nach links bis zur n\u00e4chsten <strong>T-Kreuzung<\/strong>, dort <strong>rechts rum und kurz danach wieder links runter<\/strong>. Auf diesem Schlotterweg brettern wir nach <strong>Rimlingen<\/strong> rein.<br \/>\n<br \/>\nIm Ort m\u00fcssen wir zur Hauptstra\u00dfe. Gegen\u00fcber der <strong>Kirche<\/strong> biegen wir <strong>links<\/strong> in selbige ein. Die <strong>n\u00e4chste rechts hoch<\/strong>, hinter den H\u00e4usern her in den Wald. Der sch\u00f6ne Weg wird leider bald breiter und wir lassen laufen bis wir an der <strong>Grundschule in Bachem<\/strong> rauskommen. Auf der Stra\u00dfe nach <strong>links zur Hauptstra\u00dfe<\/strong>. Dort <strong>rechts und die n\u00e4chste an der Kirche links <\/strong>einbiegen &#8211; Richtung <strong>Brotdorf<\/strong>.<br \/>\nAn der Hauptstra\u00dfe geht es links nach Brotdorf. Vor den ersten Brotdorfer H\u00e4usern biegen wir rechts in einen breiten Waldweg ein, wir fahren durchs <strong>Jungenw\u00e4ldchen<\/strong>. Dem breiten Weg folgen. An einer  n\u00e4chsten gro\u00dfen Kreuzung mit <strong>f\u00fcnf Wegabzweigungen<\/strong> m\u00fcssen wir <strong>links runter<\/strong>. Es geht wieder Richtung  Brotdorf, aber kurz vorher biegen wir nach rechts in einen Trail ein, der an G\u00e4rten vorbei   zur Stra\u00dfe f\u00fchrt. Rechts herum aus dem Ort heraus fahren.<br \/>\nBevor wir auf die Hauptstra\u00dfe Losheim &#8211; Mettlach sto\u00dfen, biegen wir <strong>links in einen Waldweg<\/strong> ein. Den n\u00e4chsten Weg nach rechts hoch nehmen wir.  Ihm folgen wir bis zu einem gro\u00dfen Baum, dort biegt ein Trail, meist mit Farn zugewachsen, rechts ein. Nach rechts dem breiten Weg folgen und dann wieder links hoch.<br \/>\n<br \/>\nJetzt Obacht! Wir treffen auf einen <strong>Wegweiser<\/strong><em> mit einem Design speziell f\u00fcrs rustikale Wandererherz<\/em>, eine <strong>rumgedrehte Baumwurzel<\/strong>. Ein paar Meter weiter folgt eine weitere Kreuzung.  Hier nehmen wir den etwas sch\u00e4bigen Weg <strong>halb rechts<\/strong>. Wir sind richtig, wenn wir auf ein <strong>Wasserh\u00e4uschen<\/strong> sto\u00dfen. <strong>Rechts<\/strong> rum auf einen schwarz geschotterten Weg. Nach holpriger Abfahrt <strong>rechts rum und nach einigen Metern dann links<\/strong>.<br \/>\nWir fahren den breiten Weg runter, bis links ein dicker Baum steht, dort biegen wir rechts ein und bald wieder links. Wir kommen bei der SEG-Fabrik raus. Gegen\u00fcber geht es dann nach <strong>St. Gangolf-Montclair<\/strong>.<br \/>\n<br \/>\nJe nach Tages-, Wochen- oder Jahreszeit wandern hier einige Saarl\u00e4nder zur Burg. <em>Schade, dass der doch breite Weg f\u00fcr Autos gesperrt ist. Immerhin bedeutet das eine gute halbe Stunde zu Fu\u00df durch den sch\u00f6nen Wald bis zur Burg &#8211; und zur\u00fcck!<\/em> Also Tempo m\u00e4\u00dfigen und auf den guten Ruf der Mountainbiker achten!<br \/>\nDie Burg selbst kann man besichtigen oder auch nicht. Inzwischen <em>schm\u00fcckt ein futuristischer Anbau aus Glas und Beton die Burg und versorgt die Touristen mit Kulinarischem.<\/em> Was noch aussteht, ist ein Foto mit dem Bike ganz oben auf der Br\u00fccke zwischen den T\u00fcrmen. Ja doch, raufsteigen lohnt sich, wegen der Waldsicht!<\/p>\n<p>&nbsp;<\/p>\n<p>F\u00fcr den R\u00fcckweg geht es zur Saarschleife runter. Links neben dem Burgzugang f\u00fchrt ein steiniger Weg um die Burg herum zur Saar runter. Der ist prima zu fahren.<\/p>\n<p>\nAber jetzt wird\u00b4s richtig gef\u00e4hrlich! Auf diesem sch\u00f6nen breiten ebenen  Weg brettern besonders am Wochenende mit ungeheuren H\u00f6chstgeschwindigkeiten ganze Kolonnen von Radtouristen entlang. Wir wurden schon \u00f6fters zurechtgewiesen, weil wir nicht akkurat auf der rechten Seite gefahren sind! Wir rollen nun mit dem Strom in Richtung <strong>Mettlach<\/strong>.<br \/>\nAn der Staustufe wechseln wir die Saarseite. Hinter der Br\u00fccke f\u00fchrt ein Str\u00e4\u00dfchen am <strong>Park der Bochs<\/strong> vorbei und m\u00fcndet in einen Radweg, der nun an der Saar entlang l\u00e4uft. Wir \u00fcberqueren bald die sch\u00f6ne <strong>Holzbr\u00fccke in Saarh\u00f6lzbach<\/strong>. Ab hier folgen wir den Hinweisschildern zum <strong>Vogelfelsen<\/strong>. Der Weg steigt weiter an, wir folgen dem romnantisch pl\u00e4tschernden Hundscheider Bach, der uns bis zum <strong>Hundscheider Weiher<\/strong> f\u00fchrt. Vorm Weiher biegen wir rechts ein und nach bald an einer <strong>Barriere<\/strong> links hoch. Nun folgen wir dem <strong>breiten Weg nach links<\/strong>. (Nicht geradeaus den Berg runter!) Ihn verlassen wir nicht, bis wir in <strong>Britten<\/strong> heraus kommen.<br \/>\n<br \/>\nVon hier aus k\u00f6nnen wir entweder links zum <strong>Britter Hof<\/strong> hochfahren und r\u00fcber nach <strong>Bergen<\/strong>, von dort zum <strong>Stausee Losheim<\/strong>. Oder durch Britten durch nach <strong>Hausbach<\/strong> runter.  (Stand April 2018)<br \/>\nGPS-Daten unter <a href=\"https:\/\/www.komoot.de\/tour\/30774589\">Komoot<\/a><\/p>\n<p><img decoding=\"async\" src=\"http:\/\/www.nmbiking.de\/oldsite\/saar03_13.jpg\" alt=\"Auffahrt zur Burg\" width=\"190\" \/> <img decoding=\"async\" src=\"http:\/\/www.nmbiking.de\/oldsite\/montclair2.jpg\" alt=\"Br\u00fcckenzoll?\" width=\"190\" \/> <img decoding=\"async\" src=\"http:\/\/www.nmbiking.de\/oldsite\/federgabel.jpg\" alt=\"Schneegabel\" width=\"190\" \/> <img decoding=\"async\" src=\"http:\/\/www.nmbiking.de\/oldsite\/montclair3.jpg\" alt=\"Hoch hinaus\" width=\"190\" \/> <img decoding=\"async\" src=\"http:\/\/www.nmbiking.de\/oldsite\/baumgesicht1a.jpg\" alt=\"Alte Eiche in St. Ganggolf\" width=\"190\" \/> <img decoding=\"async\" src=\"http:\/\/www.nmbiking.de\/oldsite\/bruecke1.jpg\" alt=\"Br\u00fccke bei Konfeld\" width=\"190\" \/><br \/>\n<img decoding=\"async\" src=\"http:\/\/www.nmbiking.de\/oldsite\/kreuz1.jpg\" alt=\"Frommes Bike\" width=\"190\" \/> <img decoding=\"async\" src=\"http:\/\/www.nmbiking.de\/oldsite\/nobwald.jpg\" alt=\"Raus aus dem Wald\" width=\"190\" \/><\/p>\n","protected":false},"excerpt":{"rendered":"<p>Strecke: Schmelz, Michelbach, Rimlingen, Bachem, Brotdorf, St. Gangolf, Montclair * Mettlach, Saarh\u00f6lzbach, Vogelfelsen, Hundscheider Weiher, Britten, Losheim L\u00e4nge: ca. 80 km &nbsp; Von Schmelz aus m\u00fcssen wir zuerst zur Oppener Kuppe rauf. Also wie (so oft schon?) durch die Ambetstra\u00dfe nach Michelbach rein. Durch den Ort bis zum Telefonh\u00e4uschen (Dorfbrunnen), dort links rein (Zum L\u00fcckner) &hellip; <\/p>\n<p class=\"link-more\"><a href=\"https:\/\/nmbiking.de\/wp\/?page_id=1663\" class=\"more-link\"><span class=\"screen-reader-text\">\u201eMontclair\u201c <\/span>weiterlesen<\/a><\/p>\n","protected":false},"author":65,"featured_media":0,"parent":1435,"menu_order":0,"comment_status":"open","ping_status":"closed","template":"","meta":{"footnotes":""},"class_list":["post-1663","page","type-page","status-publish","hentry"],"_links":{"self":[{"href":"https:\/\/nmbiking.de\/wp\/index.php?rest_route=\/wp\/v2\/pages\/1663","targetHints":{"allow":["GET"]}}],"collection":[{"href":"https:\/\/nmbiking.de\/wp\/index.php?rest_route=\/wp\/v2\/pages"}],"about":[{"href":"https:\/\/nmbiking.de\/wp\/index.php?rest_route=\/wp\/v2\/types\/page"}],"author":[{"embeddable":true,"href":"https:\/\/nmbiking.de\/wp\/index.php?rest_route=\/wp\/v2\/users\/65"}],"replies":[{"embeddable":true,"href":"https:\/\/nmbiking.de\/wp\/index.php?rest_route=%2Fwp%2Fv2%2Fcomments&post=1663"}],"version-history":[{"count":14,"href":"https:\/\/nmbiking.de\/wp\/index.php?rest_route=\/wp\/v2\/pages\/1663\/revisions"}],"predecessor-version":[{"id":67111,"href":"https:\/\/nmbiking.de\/wp\/index.php?rest_route=\/wp\/v2\/pages\/1663\/revisions\/67111"}],"up":[{"embeddable":true,"href":"https:\/\/nmbiking.de\/wp\/index.php?rest_route=\/wp\/v2\/pages\/1435"}],"wp:attachment":[{"href":"https:\/\/nmbiking.de\/wp\/index.php?rest_route=%2Fwp%2Fv2%2Fmedia&parent=1663"}],"curies":[{"name":"wp","href":"https:\/\/api.w.org\/{rel}","templated":true}]}}