{"id":14638,"date":"2012-09-10T15:21:20","date_gmt":"2012-09-10T14:21:20","guid":{"rendered":"https:\/\/nmbiking.de\/wp\/?page_id=14638"},"modified":"2012-09-15T07:27:01","modified_gmt":"2012-09-15T06:27:01","slug":"schimmelkopf-2","status":"publish","type":"page","link":"https:\/\/nmbiking.de\/wp\/?page_id=14638","title":{"rendered":"Schimmelkopf"},"content":{"rendered":"<ol>\nStrecke: Nunkirchen, Bardenbach, Noswendel, Konfeld, Steinberg, Schimmelkopf, Weiskirchen, Weierweiler<br \/>\nDauer\/L\u00e4nge\/H\u00f6henmeter: 50 km \/ 900 hm<\/ol>\n<p>Eine abwechslungsreiche und anspruchsvolle Tour durch den Hochwald bis zum Schimmelkopf mit vielen Trails&#8230;<br \/>\nDer Trail zum Stausee Noswendel ist oft stark zugewachsen, Dann f\u00e4hrt man den Teerweg durch den Ort bis zum Festplatz Nunkirchen.<br \/>\nAuf Anfrage gibt es die <font color=red>GPS-Daten<\/font>&#8230;<br \/>\n(Stand: August 2012)<br \/>\nDie wichtigsten Stationen und Trails:<\/p>\n<ol>\nStart: Schmelz oder Michelbach<br \/>\nTrail 1: vom \u00dcberlosheimer Weiher bis Bardenbach<br \/>\nTrail 2: Bardenbacher Fels bis Noswendel (das St\u00fcck vorm Stausee: zugewachsen!)<br \/>\nTrail 3: Stausee Noswendel, NoWa 2 bis Bildchen<br \/>\nTrail 4: Wahnbach bis Friedhof Steinberg<br \/>\nTrail 5: Hunsr\u00fcckh\u00f6hensteig von Steinberg bis Hauptweg zum Mammutbaum<br \/>\n(gps: Aufzeichnung des Hauptweges, Einstieg Steig am Parkplatz links)<br \/>\nTrail 6a: Weiskircher H\u00f6hentour bis Schimmelkopf<br \/>\nTrail 6b: Schimmelkopf bis Iltisfelsen<br \/>\nTrail 7: Zwei-T\u00e4ler-Weg bis Tiergehege Rappweiler<br \/>\nTrail 8: Pferdetrail bis Weiher Molkenborn (schwer zu finden!)<br \/>\nTrail 9: Georgiweg bis Sandgrube Laux<br \/>\nTrail 10: L\u00fccknerweg bis Michelbach\n<\/ol>\n<div id='gallery-1' class='gallery galleryid-14638 gallery-columns-3 gallery-size-thumbnail'><figure class='gallery-item'>\n\t\t\t<div class='gallery-icon landscape'>\n\t\t\t\t<a href='https:\/\/nmbiking.de\/wp\/wp-content\/uploads\/2012\/09\/sep12_321.jpg'><img loading=\"lazy\" decoding=\"async\" width=\"180\" height=\"170\" src=\"https:\/\/nmbiking.de\/wp\/wp-content\/uploads\/2012\/09\/sep12_321-180x170.jpg\" class=\"attachment-thumbnail size-thumbnail\" alt=\"\" srcset=\"https:\/\/nmbiking.de\/wp\/wp-content\/uploads\/2012\/09\/sep12_321-180x170.jpg 180w, https:\/\/nmbiking.de\/wp\/wp-content\/uploads\/2012\/09\/sep12_321-300x284.jpg 300w, https:\/\/nmbiking.de\/wp\/wp-content\/uploads\/2012\/09\/sep12_321.jpg 600w\" sizes=\"auto, 100vw\" \/><\/a>\n\t\t\t<\/div><\/figure><figure class='gallery-item'>\n\t\t\t<div class='gallery-icon landscape'>\n\t\t\t\t<a href='https:\/\/nmbiking.de\/wp\/wp-content\/uploads\/2012\/09\/sep12_331.jpg'><img loading=\"lazy\" decoding=\"async\" width=\"180\" height=\"102\" src=\"https:\/\/nmbiking.de\/wp\/wp-content\/uploads\/2012\/09\/sep12_331-180x102.jpg\" class=\"attachment-thumbnail size-thumbnail\" alt=\"\" srcset=\"https:\/\/nmbiking.de\/wp\/wp-content\/uploads\/2012\/09\/sep12_331-180x102.jpg 180w, https:\/\/nmbiking.de\/wp\/wp-content\/uploads\/2012\/09\/sep12_331-300x171.jpg 300w, https:\/\/nmbiking.de\/wp\/wp-content\/uploads\/2012\/09\/sep12_331.jpg 1000w\" sizes=\"auto, 100vw\" \/><\/a>\n\t\t\t<\/div><\/figure><figure class='gallery-item'>\n\t\t\t<div class='gallery-icon landscape'>\n\t\t\t\t<a href='https:\/\/nmbiking.de\/wp\/wp-content\/uploads\/2012\/09\/sep12_341.jpg'><img loading=\"lazy\" decoding=\"async\" width=\"180\" height=\"97\" src=\"https:\/\/nmbiking.de\/wp\/wp-content\/uploads\/2012\/09\/sep12_341-180x97.jpg\" class=\"attachment-thumbnail size-thumbnail\" alt=\"\" srcset=\"https:\/\/nmbiking.de\/wp\/wp-content\/uploads\/2012\/09\/sep12_341-180x97.jpg 180w, https:\/\/nmbiking.de\/wp\/wp-content\/uploads\/2012\/09\/sep12_341-300x162.jpg 300w, https:\/\/nmbiking.de\/wp\/wp-content\/uploads\/2012\/09\/sep12_341.jpg 1000w\" sizes=\"auto, 100vw\" \/><\/a>\n\t\t\t<\/div><\/figure><figure class='gallery-item'>\n\t\t\t<div class='gallery-icon landscape'>\n\t\t\t\t<a href='https:\/\/nmbiking.de\/wp\/wp-content\/uploads\/2012\/09\/sep12_351.jpg'><img loading=\"lazy\" decoding=\"async\" width=\"180\" height=\"86\" src=\"https:\/\/nmbiking.de\/wp\/wp-content\/uploads\/2012\/09\/sep12_351-180x86.jpg\" class=\"attachment-thumbnail size-thumbnail\" alt=\"\" srcset=\"https:\/\/nmbiking.de\/wp\/wp-content\/uploads\/2012\/09\/sep12_351-180x86.jpg 180w, https:\/\/nmbiking.de\/wp\/wp-content\/uploads\/2012\/09\/sep12_351-300x144.jpg 300w, https:\/\/nmbiking.de\/wp\/wp-content\/uploads\/2012\/09\/sep12_351-1024x493.jpg 1024w, https:\/\/nmbiking.de\/wp\/wp-content\/uploads\/2012\/09\/sep12_351.jpg 1200w\" sizes=\"auto, 100vw\" \/><\/a>\n\t\t\t<\/div><\/figure><figure class='gallery-item'>\n\t\t\t<div class='gallery-icon landscape'>\n\t\t\t\t<a href='https:\/\/nmbiking.de\/wp\/wp-content\/uploads\/2012\/09\/sep12_361.jpg'><img loading=\"lazy\" decoding=\"async\" width=\"180\" height=\"99\" src=\"https:\/\/nmbiking.de\/wp\/wp-content\/uploads\/2012\/09\/sep12_361-180x99.jpg\" class=\"attachment-thumbnail size-thumbnail\" alt=\"\" srcset=\"https:\/\/nmbiking.de\/wp\/wp-content\/uploads\/2012\/09\/sep12_361-180x99.jpg 180w, https:\/\/nmbiking.de\/wp\/wp-content\/uploads\/2012\/09\/sep12_361-300x166.jpg 300w, https:\/\/nmbiking.de\/wp\/wp-content\/uploads\/2012\/09\/sep12_361.jpg 1000w\" sizes=\"auto, 100vw\" \/><\/a>\n\t\t\t<\/div><\/figure>\n\t\t<\/div>\n\n<p>&nbsp;<br \/>\nDie etwas<strong> einfachere Version<\/strong> zum Schimmelkopf (aus 2009)<\/p>\n<p><iframe loading=\"lazy\" src=\"http:\/\/www.gpsies.com\/mapOnly.do?fileId=oudvuwgqltyezadm\" width=\"600\" height=\"400\" frameborder=\"0\" scrolling=\"no\" marginheight=\"0\" marginwidth=\"0\" title=\"GPSies - So 11.01.09\"><\/iframe><\/p>\n<ol>\nStart: Schmelz<br \/>\nStrecke: Michelbach, L\u00fcckner, M\u00fcnchweiler, Nunkirchen, Noswendel, Konfeld, Teufelskopf, Schimmelkopf, Vier Eichen, Weiskirchen, Rappweiler<br \/>\nL\u00e4nge: ca. 50 km \/ 900 hm\n<\/ol>\n<p>Start ist z.B. in Schmelz. Dann m\u00fcssen wir zuerst durch die Ambetstra\u00dfe nach Michelbach. Dort biegen wir am Gasthaus &#8222;Zur Linde&#8220; in die Stra\u00dfe &#8222;Zum L\u00fcckner&#8220; ein und folgen ihr an der alten Grundschule vorbei aus dem Dorf hinaus. Auf der H\u00f6he haben wir eine gute Aussicht auf die Oppener Kuppe. An der Grillh\u00fctte halten wir uns rechts und jagen mit den Pferden auf der Weide um die Wette bis zur ehemaligen Bauschuttdeponie Michelbach (Zaun). Wir umfahren sie, bis der Weg rechts abbiegt. Dann geht\u00b4s geradeaus am Wald vorbei, bis uns die Barriere zur Stra\u00dfe nach Oppen bremst. Vorsicht: Raserstrecke und schlechte Sicht! Wir verlassen uns am besten auf unser Geh\u00f6r! Genau gegen\u00fcber folgen wir dem pechschwarzen Weg und biegen an der n\u00e4chsten Barriere rechts ab zum Golfplatz. Die Golfer haben ein h\u00fcbsches wei\u00dfes Muster in die gr\u00fcne Wiese geschlagen. Wir brettern an den gepflegten Menschen und Karossen vorbei und biegen an der Golfschule links ab. <\/p>\n<p>&nbsp;<\/p>\n<p>Auf dem Gel\u00e4nde einer gro\u00dfen Nunkircher Baumschule rechts herum und dann wieder links, bis wir zur Weiheranlage Nunkirchen kommen. Wir folgen den vorbeifahrenden Tennissportlern links hoch zu den Nunkircher Tennispl\u00e4tzen. Direkt hinter den Tennispl\u00e4tzen f\u00fchrt ein Pferdetrail am Waldrand vorbei. Wir sto\u00dfen auf den breiten Weg, einen Radweg, der gleich links herum zur Dellborner M\u00fchle f\u00fchrt. Wir fahren aber in der spitzen Kurve geradeaus, \u00fcber ein (oft gef\u00e4hrlich glattes!) Br\u00fcckchen bis zur Hauptstra\u00dfe nach Losheim. Rechterhand sehen wir schon das Geh\u00f6ft von M\u00fcnchweiler. Wir biegen dorthin ein, umrunden es und nehmen den Weg, der zwischen Geh\u00f6ft und Wildkammer ins Tal f\u00fchrt. Der Feldweg bringt uns zum Ortsrand von Nunkirchen. Wir \u00fcberqueren die Hauptstra\u00dfe, fahren auf den Wald zu, drum herum und sto\u00dfen auf ein Teerstr\u00e4\u00dfchen, das von Nunukirchen herau f\u00fchrt. Wir folgen ihm nach links weiter hoch. An der n\u00e4chsten Kreuzung (Pflastersteine) links herum! Auf breiten Waldwegen geht es jetzt fast bis nach Noswendel. <\/p>\n<p>&nbsp;<\/p>\n<p>Kommen wir aus dem Wald heraus und sehen unten den Ort, biegen wir gleich links herum wieder in den Wald ein, n\u00e4chste Kreuzung rechts und n\u00e4chste Kreuzung links &#8211; und wir kommen zur Hauptstra\u00dfe nach Wadern. Auf der anderen Seite wartet das angesengte Kapellchen auf uns. Die Teerstra\u00dfe weiter hoch sehen wir bald unser Ziel, den wei\u00df-rot gestreiften Turm auf dem Teufelskopf. An der Bank rechts herum und dann links runter bis nach Konfeld. Es geht nun immer geradeaus am Freidhof vorbei in eine Sackgasse hinein. Am Ende kommen wir \u00fcber ein Wiesenst\u00fcck hinter einer Reihe von G\u00e4rten vorbei (oft mit wie verr\u00fcckt bellenden Hunden) und sto\u00dfen auf die Hauptstra\u00dfe. Auf der anderen Seite w\u00e4hlen wir den mittleren Weg! Nun geht es direkt in den Hochwald hinein. Wenn der breite Weg schmal wird, suchen wir rechterhand die Br\u00fccke \u00fcber den Wahnbach. Rechts am Bach entlang einem wurzeligen und nassen Singletrail folgen, der auf einem breiten Forstweg m\u00fcndet. Ihm folgen wir links den Berg hoch: ein langer, aber gem\u00e4chlicher Anstieg. Oben am Felsen und am Mammutbaum machen wir Rast. <\/p>\n<p>&nbsp;<\/p>\n<p>Schilder weisen uns den Weg hoch zum Teufelskopf (Sendemasten). Hier wird f\u00fcr das ZDF und den S\u00fcdwestfunk ausgestrahlt. Technische Infos unter www.gumo.de<\/p>\n<p>&nbsp;<\/p>\n<p>Der R\u00fcckweg:<br \/>\nOben bei den T\u00fcrmen fahren wir nicht zur\u00fcck, sondern weiter geradeaus wieder in einen dunklen Tannenwald hinein. Der ziemlich feuchte und steinige Weg bringt uns zu einer Kreuzung. Dort finden sich schon einige Hinweisschilder, z.B. zum Schimmelkopf. Also links hoch und im Wald rechts dem Weg folgen. Bald kommen wir zum h\u00f6chst gelegenen Punkt im Saarland, dem Schimmelkopf, 200 m niedriger als der Teufelskopf, also knapp 695 m. Inzwischen ist der &#8222;Gipfel&#8220; zu einem Mountainbikertreff geworden, wie das &#8222;Gipfelbuch&#8220; auf derR\u00fcckseite der Infotafel beweist.<\/p>\n<p>&nbsp;<\/p>\n<p>Auszug Tagebuch vom 24.12.06:<br \/>\nW\u00e4hrend ich die Kamera schussbereit mache, entdeckt Benjamin auf der R\u00fcckseite des Infostandes das h\u00f6chstgelegene Gipfelbuch im Saarland. Fast nur von Mountainbikern genutzt. Die R\u00fcckwand der Tafel ist vollgeschrieben mit Namen und Daten. Geschrieben wurde mit einem Eding. Ob die den immer mit hier hoch schleppen? Dann lesen wir den Eintrag: Endlich Eding gefunden! Wir machen uns auf die Suche. Zwei Minuten brauchen wir. Es wird nicht verraten, wo er versteckt ist!! Nur einen neuen m\u00fcsste man mal mitnehmen. Jetzt k\u00f6nnen wir uns auch eintragen.<\/p>\n<p>&nbsp;<\/p>\n<p>Wenige Meter weiter links weist uns ein Schild den Weg hinunter zu den Vier Eichen. Von hier aus folgen wir dem breiten Weg nach rechts in Richtung Kurklinik Weiskirchen. An einer kleinen H\u00fctte biegen wir rechts ab und gelangen wieder auf einen breiten Weg, der direkt zur Kurklinik f\u00fchrt. Vorher biegen wir rechts ab, kommen \u00fcber eine Br\u00fccke und wenden uns nach rechts. Vor der n\u00e4chsten Br\u00fccke, an den Hinweisschildern geht es nun steil links hoch. Ein sch\u00f6ner Pfad, sp\u00e4ter ein breiter Weg bringt uns hoch zum Parkplatz des Tiergeheges Rappweiler.<\/p>\n<p>&nbsp;<\/p>\n<p>Wir wenden uns in Richtung Weiskirchen. Hinter der Barriere geht es rechts einen oft ausgewaschenen Weg hinunter, der auf einem der breiten Forstwege m\u00fcndet. Diesem Weg folgen wir etwa 300 m und achten auf das kleine Schild &#8222;Zwei-T\u00e4ler-Weg&#8220;, das uns einen sch\u00f6nen Wanderweg weist, der rechts vom Hauptweg hinunter nach Zwalbach f\u00fchrt. Im Winter ist er wegen des Laubs kaum zu erkennen. Der Pfad m\u00fcndet auf einen breiteren hinter den G\u00e4rten von Zwalbach und der bringt uns wieder auf den Hauptweg zur\u00fcck. An der Kreuzung rechts runter kommen wir zum Buchheimer Kapellchen.<br \/>\nVon hier aus machen wir uns \u00fcber Weierweiler auf den R\u00fcckweg&#8230; (12\/2006) <\/p>\n<p>&nbsp;<\/p>\n<p>Andere Wege f\u00fchren auch zum Teufels- und Schimmelkopf:<br \/>\nAlternative 1 \u00fcber Scheiden, zur\u00fcck durchs Wahnbachtal<br \/>\nAlternative 2 \u00fcber Dagstuhl, Wedern, Reidelbach &#8211; Schimmelkopf <\/p>\n<p>&nbsp;<\/p>\n<p>Die Fotos und Stand: 11.1.09<br \/>\n<a href=\"https:\/\/nmbiking.de\/wp\/wp-content\/uploads\/2009\/01\/jan09_35b.jpg\" rel=\"Lightbox\" title=\"Stop am Buchheimer Kapellchen\"><img decoding=\"async\" src=\"https:\/\/nmbiking.de\/wp\/wp-content\/uploads\/2009\/01\/jan09_35.jpg\" class=\"img\" width=\"180\" \/> <\/a> <a href=\"https:\/\/nmbiking.de\/wp\/wp-content\/uploads\/2009\/01\/jan09_36b.jpg\" rel=\"Lightbox\" title=\"Auf dem Schimmelkopf\"><img decoding=\"async\" src=\"https:\/\/nmbiking.de\/wp\/wp-content\/uploads\/2009\/01\/jan09_36.jpg\" class=\"img\" width=\"180\" \/> <\/a> <a href=\"https:\/\/nmbiking.de\/wp\/wp-content\/uploads\/2009\/01\/jan09_37b.jpg\" rel=\"Lightbox\" title=\"Uwes H\u00e4ndchen trocknen\"><img decoding=\"async\" src=\"https:\/\/nmbiking.de\/wp\/wp-content\/uploads\/2009\/01\/jan09_37.jpg\" class=\"img\" width=\"180\" \/> <\/a><\/p>\n<p><a href=\"https:\/\/nmbiking.de\/wp\/wp-content\/uploads\/2009\/01\/jan09_38b.jpg\" rel=\"Lightbox\" title=\"Eintrag ins Gipfelbuch\"><img decoding=\"async\" src=\"https:\/\/nmbiking.de\/wp\/wp-content\/uploads\/2009\/01\/jan09_38.jpg\" class=\"img\" width=\"180\" \/> <\/a> <a href=\"https:\/\/nmbiking.de\/wp\/wp-content\/uploads\/2009\/01\/jan09_39b.jpg\" rel=\"Lightbox\" title=\"Kapellchen am Teufelskopf\"><img decoding=\"async\" src=\"https:\/\/nmbiking.de\/wp\/wp-content\/uploads\/2009\/01\/jan09_39.jpg\" class=\"img\" width=\"180\" \/> <\/a> <a href=\"https:\/\/nmbiking.de\/wp\/wp-content\/uploads\/2009\/01\/jan09_40b.jpg\" rel=\"Lightbox\" title=\"Kapellchen mit Kreuz und Mast\"><img decoding=\"async\" src=\"https:\/\/nmbiking.de\/wp\/wp-content\/uploads\/2009\/01\/jan09_40.jpg\" class=\"img\" width=\"180\" \/> <\/a><\/p>\n<p><a href=\"https:\/\/nmbiking.de\/wp\/wp-content\/uploads\/2009\/01\/jan09_41b.jpg\" rel=\"Lightbox\" title=\"\u00dcberlebenstraining\"><img decoding=\"async\" src=\"https:\/\/nmbiking.de\/wp\/wp-content\/uploads\/2009\/01\/jan09_41.jpg\" class=\"img\" width=\"180\" \/> <\/a> <a href=\"https:\/\/nmbiking.de\/wp\/wp-content\/uploads\/2009\/01\/jan09_42b.jpg\" rel=\"Lightbox\" title=\"Was ist mit dem Wasser?\"><img decoding=\"async\" src=\"https:\/\/nmbiking.de\/wp\/wp-content\/uploads\/2009\/01\/jan09_42.jpg\" class=\"img\" width=\"180\" \/> <\/a> <a href=\"https:\/\/nmbiking.de\/wp\/wp-content\/uploads\/2009\/01\/jan09_43b.jpg\" rel=\"Lightbox\" title=\"Also Wasser lecken\"><img decoding=\"async\" src=\"https:\/\/nmbiking.de\/wp\/wp-content\/uploads\/2009\/01\/jan09_43.jpg\" class=\"img\" width=\"180\" \/> <\/a><\/p>\n<p><a href=\"https:\/\/nmbiking.de\/wp\/wp-content\/uploads\/2009\/01\/jan09_44b.jpg\" rel=\"Lightbox\" title=\"Probier mal meins!\"><img decoding=\"async\" src=\"https:\/\/nmbiking.de\/wp\/wp-content\/uploads\/2009\/01\/jan09_44.jpg\" class=\"img\" width=\"180\" \/> <\/a> <a href=\"https:\/\/nmbiking.de\/wp\/wp-content\/uploads\/2009\/01\/jan09_45b.jpg\" rel=\"Lightbox\" title=\"Sonnenbaden\"><img decoding=\"async\" src=\"https:\/\/nmbiking.de\/wp\/wp-content\/uploads\/2009\/01\/jan09_45.jpg\" class=\"img\" width=\"180\" \/> <\/a> <a href=\"https:\/\/nmbiking.de\/wp\/wp-content\/uploads\/2009\/01\/jan09_46b.jpg\" rel=\"Lightbox\" title=\"Ruine Dagstuhl\"><img decoding=\"async\" src=\"https:\/\/nmbiking.de\/wp\/wp-content\/uploads\/2009\/01\/jan09_46.jpg\" class=\"img\" width=\"180\" \/> <\/a><\/p>\n<p><a href=\"https:\/\/nmbiking.de\/wp\/wp-content\/uploads\/2009\/01\/jan09_47b.jpg\" rel=\"Lightbox\" title=\"Ruine Dagstuhl\"><img decoding=\"async\" src=\"https:\/\/nmbiking.de\/wp\/wp-content\/uploads\/2009\/01\/jan09_47.jpg\" class=\"img\" width=\"180\" \/> <\/a> <a href=\"https:\/\/nmbiking.de\/wp\/wp-content\/uploads\/2009\/01\/jan09_48b.jpg\" rel=\"Lightbox\" title=\"Baumvater und Sohn\"><img decoding=\"async\" src=\"https:\/\/nmbiking.de\/wp\/wp-content\/uploads\/2009\/01\/jan09_48.jpg\" class=\"img\" width=\"180\" \/> <\/a> <a href=\"https:\/\/nmbiking.de\/wp\/wp-content\/uploads\/2009\/01\/jan09_50b.jpg\" rel=\"Lightbox\" title=\"Fast zuhause\"><img decoding=\"async\" src=\"https:\/\/nmbiking.de\/wp\/wp-content\/uploads\/2009\/01\/jan09_50.jpg\" class=\"img\" width=\"180\" \/> <\/a><\/p>\n","protected":false},"excerpt":{"rendered":"<p>Strecke: Nunkirchen, Bardenbach, Noswendel, Konfeld, Steinberg, Schimmelkopf, Weiskirchen, Weierweiler Dauer\/L\u00e4nge\/H\u00f6henmeter: 50 km \/ 900 hm Eine abwechslungsreiche und anspruchsvolle Tour durch den Hochwald bis zum Schimmelkopf mit vielen Trails&#8230; Der Trail zum Stausee Noswendel ist oft stark zugewachsen, Dann f\u00e4hrt man den Teerweg durch den Ort bis zum Festplatz Nunkirchen. Auf Anfrage gibt es die &hellip; <\/p>\n<p class=\"link-more\"><a href=\"https:\/\/nmbiking.de\/wp\/?page_id=14638\" class=\"more-link\"><span class=\"screen-reader-text\">\u201eSchimmelkopf\u201c <\/span>weiterlesen<\/a><\/p>\n","protected":false},"author":65,"featured_media":0,"parent":1435,"menu_order":0,"comment_status":"open","ping_status":"closed","template":"","meta":{"footnotes":""},"class_list":["post-14638","page","type-page","status-publish","hentry"],"_links":{"self":[{"href":"https:\/\/nmbiking.de\/wp\/index.php?rest_route=\/wp\/v2\/pages\/14638","targetHints":{"allow":["GET"]}}],"collection":[{"href":"https:\/\/nmbiking.de\/wp\/index.php?rest_route=\/wp\/v2\/pages"}],"about":[{"href":"https:\/\/nmbiking.de\/wp\/index.php?rest_route=\/wp\/v2\/types\/page"}],"author":[{"embeddable":true,"href":"https:\/\/nmbiking.de\/wp\/index.php?rest_route=\/wp\/v2\/users\/65"}],"replies":[{"embeddable":true,"href":"https:\/\/nmbiking.de\/wp\/index.php?rest_route=%2Fwp%2Fv2%2Fcomments&post=14638"}],"version-history":[{"count":0,"href":"https:\/\/nmbiking.de\/wp\/index.php?rest_route=\/wp\/v2\/pages\/14638\/revisions"}],"up":[{"embeddable":true,"href":"https:\/\/nmbiking.de\/wp\/index.php?rest_route=\/wp\/v2\/pages\/1435"}],"wp:attachment":[{"href":"https:\/\/nmbiking.de\/wp\/index.php?rest_route=%2Fwp%2Fv2%2Fmedia&parent=14638"}],"curies":[{"name":"wp","href":"https:\/\/api.w.org\/{rel}","templated":true}]}}