{"id":1460,"date":"2007-10-17T19:31:14","date_gmt":"2007-10-17T20:31:14","guid":{"rendered":"https:\/\/nmbiking.de\/wp\/?page_id=1460"},"modified":"2008-09-03T13:30:52","modified_gmt":"2008-09-03T14:30:52","slug":"karwendel-20074","status":"publish","type":"page","link":"https:\/\/nmbiking.de\/wp\/?page_id=1460","title":{"rendered":"Karwendel 2007\/4"},"content":{"rendered":"<p>3. Tag: Von der Gernalm nach Mittenwald<\/p>\n<p>&nbsp;<\/p>\n<p><font face=\"verdana\" size=\"2\"><strong>Mit vollem Bauch<\/strong><\/font><\/p>\n<p>&nbsp;<\/p>\n<p>Blick aus dem Fenster: Reif auf der Wiese, die  Bergspitzen sind schon rot von der Sonne gef\u00e4rbt&#8230; Das opulente Fr\u00fchst\u00fcck war &#8211;  zumindest bei mir &#8211; ein Fehler. (Ein Fr\u00fchst\u00fccksbuffet ist auch eine zu gro\u00dfe  Verlockung) Direkt hinter der Gernalm geht es sehr steil hoch, freundlich heller  Schotter. Bald wird er verflucht. Der Magen ist noch am Verdauen, nichts geht  mehr so fr\u00fch.<br \/>\nWir passieren einen Wanderopa, der an der Gernalm vorbei  marschierte, als wir gerade aufstanden. Jetzt haben wir ihn nach einer halben Stunde Fahrzeit eingeholt. Ja, ja, die Radler&#8230; Das Plumsjoch entsch\u00e4digt f\u00fcr die morgendliche M\u00fche: Panorama 360 Grad. Unter uns liegt wie ein Puppenh\u00e4uschen  die privat bewirtschaftete Plumsjochh\u00fctte. 20 Schlafpl\u00e4tze, 1 Plumsklo. (Leider  kein Foto gemacht, Akkus leer) Der H\u00fcttenkater ist zum Spielen aufgelegt und  wartet wohl auf die ersten Kunden. Wir sind keine, sondern haben es etwas eilig und lassen es den  Berg runter laufen, an Menschen, Hunden, Mountainbikern und Radlern vorbei. Auf  der Mautstra\u00dfe zur Engalm: ein Auto am anderen. Es ist Sonntagmorgen, sch\u00f6nes  Wetter&#8230; <\/p>\n<p>&nbsp;<\/p>\n<p>Wir haben noch sechs Stunden R\u00fcckfahrt vor uns und brettern flott \u00fcber Hinterriss, Vorderriss, Wallgau und Kr\u00fcn zur\u00fcck nach Mittenwald.<\/font><\/p>\n<p><a href=\"https:\/\/nmbiking.de\/wp\/wp-content\/uploads\/2007\/10\/ok07_69b.jpg\" rel=\"Lightbox\" title=\"Aufbruch bei Fr\u00fchreif\"> <img decoding=\"async\" src=\"https:\/\/nmbiking.de\/wp\/wp-content\/uploads\/2007\/10\/ok07_69.jpg\" class=\"img\" \/><\/a> <a href=\"https:\/\/nmbiking.de\/wp\/wp-content\/uploads\/2007\/10\/ok07_70b.jpg\" rel=\"Lightbox\" title=\"Am Plumsjoch\"><img decoding=\"async\" src=\"https:\/\/nmbiking.de\/wp\/wp-content\/uploads\/2007\/10\/ok07_70.jpg\" class=\"img\" \/> <\/a><\/font><\/font><\/font><\/font><\/font><\/font><\/p>\n<p><a href=\"https:\/\/nmbiking.de\/wp\/wp-content\/uploads\/2007\/10\/ok07_72b.jpg\" rel=\"Lightbox\" title=\"Plumsjochh\u00fctte\"> <img decoding=\"async\" src=\"https:\/\/nmbiking.de\/wp\/wp-content\/uploads\/2007\/10\/ok07_72.jpg\" class=\"img\" \/><\/a> <a href=\"https:\/\/nmbiking.de\/wp\/wp-content\/uploads\/2007\/10\/ok07_73b.jpg\" rel=\"Lightbox\" title=\"Zur\u00fcck in Mittenwald\"><img decoding=\"async\" src=\"https:\/\/nmbiking.de\/wp\/wp-content\/uploads\/2007\/10\/ok07_73.jpg\" class=\"img\" \/> <\/a><\/p>\n","protected":false},"excerpt":{"rendered":"<p>3. Tag: Von der Gernalm nach Mittenwald &nbsp; Mit vollem Bauch &nbsp; Blick aus dem Fenster: Reif auf der Wiese, die Bergspitzen sind schon rot von der Sonne gef\u00e4rbt&#8230; Das opulente Fr\u00fchst\u00fcck war &#8211; zumindest bei mir &#8211; ein Fehler. (Ein Fr\u00fchst\u00fccksbuffet ist auch eine zu gro\u00dfe Verlockung) Direkt hinter der Gernalm geht es sehr &hellip; <\/p>\n<p class=\"link-more\"><a href=\"https:\/\/nmbiking.de\/wp\/?page_id=1460\" class=\"more-link\"><span class=\"screen-reader-text\">\u201eKarwendel 2007\/4\u201c <\/span>weiterlesen<\/a><\/p>\n","protected":false},"author":65,"featured_media":0,"parent":1448,"menu_order":0,"comment_status":"open","ping_status":"closed","template":"","meta":{"footnotes":""},"class_list":["post-1460","page","type-page","status-publish","hentry"],"_links":{"self":[{"href":"https:\/\/nmbiking.de\/wp\/index.php?rest_route=\/wp\/v2\/pages\/1460","targetHints":{"allow":["GET"]}}],"collection":[{"href":"https:\/\/nmbiking.de\/wp\/index.php?rest_route=\/wp\/v2\/pages"}],"about":[{"href":"https:\/\/nmbiking.de\/wp\/index.php?rest_route=\/wp\/v2\/types\/page"}],"author":[{"embeddable":true,"href":"https:\/\/nmbiking.de\/wp\/index.php?rest_route=\/wp\/v2\/users\/65"}],"replies":[{"embeddable":true,"href":"https:\/\/nmbiking.de\/wp\/index.php?rest_route=%2Fwp%2Fv2%2Fcomments&post=1460"}],"version-history":[{"count":0,"href":"https:\/\/nmbiking.de\/wp\/index.php?rest_route=\/wp\/v2\/pages\/1460\/revisions"}],"up":[{"embeddable":true,"href":"https:\/\/nmbiking.de\/wp\/index.php?rest_route=\/wp\/v2\/pages\/1448"}],"wp:attachment":[{"href":"https:\/\/nmbiking.de\/wp\/index.php?rest_route=%2Fwp%2Fv2%2Fmedia&parent=1460"}],"curies":[{"name":"wp","href":"https:\/\/api.w.org\/{rel}","templated":true}]}}