{"id":1459,"date":"2007-10-17T12:28:47","date_gmt":"2007-10-17T13:28:47","guid":{"rendered":"https:\/\/nmbiking.de\/wp\/?page_id=1459"},"modified":"2008-09-03T13:27:46","modified_gmt":"2008-09-03T14:27:46","slug":"karwendel-20073","status":"publish","type":"page","link":"https:\/\/nmbiking.de\/wp\/?page_id=1459","title":{"rendered":"Karwendel 2007\/3"},"content":{"rendered":"<p>2. Tag: Von der Falkenh\u00fctte bis zur Gernalm<\/p>\n<p>&nbsp;<\/p>\n<p><font face=\"verdana\" size=\"2\"><strong>Verkaufsgespr\u00e4ch am Abgrund<\/strong><\/font><br \/>\nEinmal Kaffeefr\u00fchst\u00fcck mit Margarine und zweimal Teefr\u00fchst\u00fcck mit Margarine bitte! Kaum bestellt, schon auf dem Tisch. So gest\u00e4rkt st\u00fcrzen wir uns in die Wolken. Wir versuchen zuerst \u00fcber einen Wanderweg direkt  von der H\u00fctte aus ins Laliderertal zu kommen, brechen aber wegen des schlechten  Weges ab und fahren auf der anderen Seite \u00fcbers Spielissjoch runter ins Tal.  Sch\u00f6ner verblockter Pfad! Wer Zeit und Lust hat, kann ganz rauf bis zum Hohljoch  fahren und dann links runter ins Tal. Die Abfahrt direkt zur Engalm soll nicht  empfehlenswert sein. Kurze Schiebepassage, dann sausen lassen bis zur Fahrstra\u00dfe  nach Eng. Der Weg ist breit und ziemlich ger\u00f6llfrei, also laufen lassen und die  Sicht genie\u00dfen: Nebel wallen noch \u00fcber die Wiesen, kahle Ahornb\u00e4ume strecken  ihre Arme in die H\u00f6he, Felsw\u00e4nde stehen \u00fcberm\u00e4chtig rechts und links des  Tales&#8230;<\/p>\n<p>&nbsp;<\/p>\n<p><a href=\"https:\/\/nmbiking.de\/wp\/wp-content\/uploads\/2007\/10\/ok07_50b.jpg\" rel=\"Lightbox\" title=\"Aufbruch von der Falkenh\u00fctte\"> <img decoding=\"async\" src=\"https:\/\/nmbiking.de\/wp\/wp-content\/uploads\/2007\/10\/ok07_50.jpg\" class=\"img\" \/><\/a> <a href=\"https:\/\/nmbiking.de\/wp\/wp-content\/uploads\/2007\/10\/ok07_51b.jpg\" rel=\"Lightbox\" title=\"Abfahrt ins Laliderertal\"><img decoding=\"async\" src=\"https:\/\/nmbiking.de\/wp\/wp-content\/uploads\/2007\/10\/ok07_51.jpg\" class=\"img\" \/> <\/a><\/p>\n<p><a href=\"https:\/\/nmbiking.de\/wp\/wp-content\/uploads\/2007\/10\/ok07_52b.jpg\" rel=\"Lightbox\" title=\"Fast wie in den Dolomiten\"> <img decoding=\"async\" src=\"https:\/\/nmbiking.de\/wp\/wp-content\/uploads\/2007\/10\/ok07_52.jpg\" class=\"img\" \/><\/a> <a href=\"https:\/\/nmbiking.de\/wp\/wp-content\/uploads\/2007\/10\/ok07_53b.jpg\" rel=\"Lightbox\" title=\"Im Laliderertal\"><img decoding=\"async\" src=\"https:\/\/nmbiking.de\/wp\/wp-content\/uploads\/2007\/10\/ok07_53.jpg\" class=\"img\" \/> <\/a><\/p>\n<p>&nbsp;<\/p>\n<p>\u00dcber die Teerstra\u00dfe geht es z\u00fcgig  hoch zu den Engalmen. Jonas verschafft uns dort durch einen Plattfu\u00df eine Umzieh- und  Telefonierpause. Viele Wanderer sind schon unterwegs, es ist Samstagvormittag,  bis Eng kommt man bequem mit dem Auto. Wir fahren rauf zur Lamsenjochh\u00fctte &#8211;  eine ausgeschilderte MTB-Strecke (Bike Trail Tirol). Nichtsdestotrotz meckert  eine \u00e4ltere Dame mit uns: Der Weg sei nicht f\u00fcr Radfahrer zugelassen. Sie ist  aber die einzige Person, die in den drei Tagen negativ auf uns reagiert hat.  Ansonsten: viele Gespr\u00e4che, Anerkennung. Auf der sehr steilen Auffahrt (fast 30  Prozent!) klatscht uns eine Wandergruppe sogar laut Beifall. Wir strengen uns ja  auch sehr an (siehe Fotos!). Die Beschilderung der Strecke hoch zum Lamsenjoch  ist nicht immer ganz eindeutig. Fahr- und Wanderweg kreuzen sich \u00f6fter. Wer  fahren und nicht schieben will folgt dem leider sehr schottrigen Karrenweg. Auch  nach der Binsalm, auch wenn kein Schild nach oben weist. \u00dcber ein gro\u00dfes  Schotterfeld st\u00f6\u00dft man wieder auf den Fahrweg. Ab und zu sollte man sich eine  Pause g\u00f6nnen, nicht erst am Joch, und zur\u00fcck sehen&#8230;<\/p>\n<p>&nbsp;<\/p>\n<p><a href=\"https:\/\/nmbiking.de\/wp\/wp-content\/uploads\/2007\/10\/ok07_54b.jpg\" rel=\"Lightbox\" title=\"Noch sind wir allein unterwegs\"> <img decoding=\"async\" src=\"https:\/\/nmbiking.de\/wp\/wp-content\/uploads\/2007\/10\/ok07_54.jpg\" class=\"img\" \/><\/a> <a href=\"https:\/\/nmbiking.de\/wp\/wp-content\/uploads\/2007\/10\/ok07_55b.jpg\" rel=\"Lightbox\" title=\"Die Engalm\"><img decoding=\"async\" src=\"https:\/\/nmbiking.de\/wp\/wp-content\/uploads\/2007\/10\/ok07_55.jpg\" class=\"img\" \/> <\/a><\/p>\n<p>&nbsp;<\/p>\n<p>Spektakul\u00e4r,  gut f\u00fcr eine G\u00e4nsehaut: der Trail zwischen Lamsenjoch und Lamsenjochh\u00fctte. Schmal, aber  fahrbar, wenn nicht zu viele Wanderer herlaufen. Mitten auf diesem St\u00fcck, werden  wir von einem Kufsteiner angesprochen, der sich sehr f\u00fcr Jonas\u00b4 Bike  interessiert: ausf\u00fchrliches Verkaufsgespr\u00e4ch am Abgrund. Jonas hinterl\u00e4sst die  Visitenkarte f\u00fcr seinen Onlineshop und der nette Typ gibt uns noch den Tipp,  nicht ins Inntal abzufahren, sondern ins Falzthurntal. Das hatten wir auch schon  \u00fcberlegt, aber wegen der Steilheit der Strecke eine andere geplant. Hochbetrieb  an der Lamsenjochh\u00fctte, viele Mountainbiker, die von Stans aus gut hochkommen  k\u00f6nnen, und viele Wanderer. Hoch t\u00fcrmen sich die Felsw\u00e4nder ringsherum und in  der Gaststube herrscht Hektik. Wir lassen uns den Tee drau\u00dfen servieren, auch  wenn es sehr kalt ist. Sollen wir die Sojaw\u00fcrstchen, die wir dabei haben, im  hei\u00dfen Tee aufw\u00e4rmen?<br \/>\nZwanzig Minuten Tragen ins Falzthurntal hinunter. Dann  folgt ein toller langer Singeltrail, erst sehr steilkurvig, sp\u00e4ter sch\u00f6n  fahrbar. Vor der Gramaialm stoppen wir ab, um uns noch etwas vor einem alten  Ahornbaum in die Sonne zu legen. Die Alm ist mit dem Auto erreichbar, so dass viele Touris nach uns sehen. Einer ist ganz dreist: &#8222;Hab ihr den Opa da  kaputt gemacht?!, fragt er die Jungs. Da fahre ich doch wie von einer Ameise  gebissen hoch&#8230; Sp\u00e4ter kommt noch unser Kufsteiner Guide herunter gewandert und schaut nach, ob wir den von ihm vorgeschlagenen Trail auch gut geschafft haben. Na ja, einmal bin ich im losen Schotter a bisserl gesurft&#8230;<\/p>\n<p>&nbsp;<\/p>\n<p><a href=\"https:\/\/nmbiking.de\/wp\/wp-content\/uploads\/2007\/10\/ok07_57b.jpg\" rel=\"Lightbox\" title=\"Aufsteig zum Lamsenjoch\"><img decoding=\"async\" src=\"https:\/\/nmbiking.de\/wp\/wp-content\/uploads\/2007\/10\/ok07_57.jpg\" class=\"img\" \/><\/a> <a href=\"https:\/\/nmbiking.de\/wp\/wp-content\/uploads\/2007\/10\/ok07_58b.jpg\" rel=\"Lightbox\" title=\"Jonas bei\u00dft sich hoch\"><img decoding=\"async\" src=\"https:\/\/nmbiking.de\/wp\/wp-content\/uploads\/2007\/10\/ok07_58.jpg\" class=\"img\" \/> <\/a><\/p>\n<p><a href=\"https:\/\/nmbiking.de\/wp\/wp-content\/uploads\/2007\/10\/ok07_59b.jpg\" rel=\"Lightbox\" title=\"Am Lamsenjoch\"> <img decoding=\"async\" src=\"https:\/\/nmbiking.de\/wp\/wp-content\/uploads\/2007\/10\/ok07_59.jpg\" class=\"img\" \/><\/a> <a href=\"https:\/\/nmbiking.de\/wp\/wp-content\/uploads\/2007\/10\/ok07_60b.jpg\" rel=\"Lightbox\" title=\"Am Lamsenjoch\"><img decoding=\"async\" src=\"https:\/\/nmbiking.de\/wp\/wp-content\/uploads\/2007\/10\/ok07_60.jpg\" class=\"img\" \/> <\/a><\/p>\n<p><a href=\"https:\/\/nmbiking.de\/wp\/wp-content\/uploads\/2007\/10\/ok07_61b.jpg\" rel=\"Lightbox\" title=\"Das Verkaufsgespr\u00e4ch\"> <img decoding=\"async\" src=\"https:\/\/nmbiking.de\/wp\/wp-content\/uploads\/2007\/10\/ok07_61.jpg\" class=\"img\" \/><\/a> <a href=\"https:\/\/nmbiking.de\/wp\/wp-content\/uploads\/2007\/10\/ok07_62b.jpg\" rel=\"Lightbox\" title=\"Auf der Lamsenjochh\u00fctte\"><img decoding=\"async\" src=\"https:\/\/nmbiking.de\/wp\/wp-content\/uploads\/2007\/10\/ok07_62.jpg\" class=\"img\" \/> <\/a><\/p>\n<p><a href=\"https:\/\/nmbiking.de\/wp\/wp-content\/uploads\/2007\/10\/ok07_65b.jpg\" rel=\"Lightbox\" title=\"Abstieg ins Falzthurntal\"> <img decoding=\"async\" src=\"https:\/\/nmbiking.de\/wp\/wp-content\/uploads\/2007\/10\/ok07_65.jpg\" class=\"img\" \/><\/a> <a href=\"https:\/\/nmbiking.de\/wp\/wp-content\/uploads\/2007\/10\/ok07_66b.jpg\" rel=\"Lightbox\" title=\"Rast an der Gramaialm\"><img decoding=\"async\" src=\"https:\/\/nmbiking.de\/wp\/wp-content\/uploads\/2007\/10\/ok07_66.jpg\" class=\"img\" \/> <\/a><\/p>\n<p>&nbsp;<\/p>\n<p><\/font><\/p>\n<p>\u00dcber einen sch\u00f6nen, kaum benutzten Wanderweg  sausen wir bis Pertisau am Achensee hinunter. Aber oh Schreck: ein  mond\u00e4nes, auf Erlebnisurlaub in herrlicher Berglandschaft getrimmtes \u00d6rtchen.  Touristendampfer an See, Touristenmassen ebenfalls. Am\u00fcsiert schauen wir uns das  Treiben an. \u00dcberall fotografierende Japaner oder Taiwanesen. Einem gebe ich ein  Zeichen, uns drei Biker vor der Seekulisse zu fotografieren. Was passiert? Er  stellt sich zu uns in die Reihe und einige andere fotografieren die extravagante  Mischung. Und ein zweiter kommt angerannt und stellt sich ebenfalls dazu. Sp\u00e4ter  halten sie noch einen alten Pertisauer Ureinwohner an und lichten ihn ab, der  Mann h\u00e4lt still und trabt dann kopfsch\u00fcttelnd weiter&#8230;<\/p>\n<p>&nbsp;<\/p>\n<p><a href=\"https:\/\/nmbiking.de\/wp\/wp-content\/uploads\/2007\/10\/ok07_67b.jpg\" rel=\"Lightbox\" title=\"Gruppenfoto mit Fans\"> <img decoding=\"async\" src=\"https:\/\/nmbiking.de\/wp\/wp-content\/uploads\/2007\/10\/ok07_67.jpg\" class=\"img\" \/><\/a> <a href=\"https:\/\/nmbiking.de\/wp\/wp-content\/uploads\/2007\/10\/ok07_68b.jpg\" rel=\"Lightbox\" title=\"Bikecheck auf der Gernalm\"><img decoding=\"async\" src=\"https:\/\/nmbiking.de\/wp\/wp-content\/uploads\/2007\/10\/ok07_68.jpg\" class=\"img\" \/> <\/a><\/p>\n<p>&nbsp;<\/p>\n<p>Das Nachtlager  schlagen wir auf der Gernalm auf (1196m). Bergsteigerschlafpl\u00e4tze gibt es keine  mehr, so g\u00f6nnen wir uns eine feudale 3-Betten-Suite mit Blick auf die Berge.  Abends gibts a la carte: Grillw\u00fcrstchen, Pommes und Salat. Das Ganze bitte drei Mal ohne  die W\u00fcrstchen! Das dunkle Weizenbier vom Fass ist zu empfehlen&#8230;<\/p>\n<p>&nbsp;<\/p>\n<p><font face=\"verdana\" size=\"2\"><a href=\"http:\/\/www.tirol.gv.at\/themen\/sport\/radfahren\/mountainbike\">Biken in  Tirol: Karten, Strecken, Tipps&#8230;<\/a><\/font><\/p>\n","protected":false},"excerpt":{"rendered":"<p>2. Tag: Von der Falkenh\u00fctte bis zur Gernalm &nbsp; Verkaufsgespr\u00e4ch am Abgrund Einmal Kaffeefr\u00fchst\u00fcck mit Margarine und zweimal Teefr\u00fchst\u00fcck mit Margarine bitte! Kaum bestellt, schon auf dem Tisch. So gest\u00e4rkt st\u00fcrzen wir uns in die Wolken. Wir versuchen zuerst \u00fcber einen Wanderweg direkt von der H\u00fctte aus ins Laliderertal zu kommen, brechen aber wegen des &hellip; <\/p>\n<p class=\"link-more\"><a href=\"https:\/\/nmbiking.de\/wp\/?page_id=1459\" class=\"more-link\"><span class=\"screen-reader-text\">\u201eKarwendel 2007\/3\u201c <\/span>weiterlesen<\/a><\/p>\n","protected":false},"author":65,"featured_media":0,"parent":1448,"menu_order":0,"comment_status":"open","ping_status":"closed","template":"","meta":{"footnotes":""},"class_list":["post-1459","page","type-page","status-publish","hentry"],"_links":{"self":[{"href":"https:\/\/nmbiking.de\/wp\/index.php?rest_route=\/wp\/v2\/pages\/1459","targetHints":{"allow":["GET"]}}],"collection":[{"href":"https:\/\/nmbiking.de\/wp\/index.php?rest_route=\/wp\/v2\/pages"}],"about":[{"href":"https:\/\/nmbiking.de\/wp\/index.php?rest_route=\/wp\/v2\/types\/page"}],"author":[{"embeddable":true,"href":"https:\/\/nmbiking.de\/wp\/index.php?rest_route=\/wp\/v2\/users\/65"}],"replies":[{"embeddable":true,"href":"https:\/\/nmbiking.de\/wp\/index.php?rest_route=%2Fwp%2Fv2%2Fcomments&post=1459"}],"version-history":[{"count":0,"href":"https:\/\/nmbiking.de\/wp\/index.php?rest_route=\/wp\/v2\/pages\/1459\/revisions"}],"up":[{"embeddable":true,"href":"https:\/\/nmbiking.de\/wp\/index.php?rest_route=\/wp\/v2\/pages\/1448"}],"wp:attachment":[{"href":"https:\/\/nmbiking.de\/wp\/index.php?rest_route=%2Fwp%2Fv2%2Fmedia&parent=1459"}],"curies":[{"name":"wp","href":"https:\/\/api.w.org\/{rel}","templated":true}]}}