{"id":1454,"date":"2007-10-16T09:42:40","date_gmt":"2007-10-16T10:42:40","guid":{"rendered":"https:\/\/nmbiking.de\/wp\/?page_id=1454"},"modified":"2008-09-03T13:14:28","modified_gmt":"2008-09-03T14:14:28","slug":"karwendel-20072","status":"publish","type":"page","link":"https:\/\/nmbiking.de\/wp\/?page_id=1454","title":{"rendered":"Karwendel 2007\/2"},"content":{"rendered":"<p><font face=\"verdana\" size=\"2\"><strong>Auf da H\u00fcttn<\/strong><\/font><\/p>\n<p>&nbsp;<\/p>\n<p><img decoding=\"async\" src=\"https:\/\/nmbiking.de\/wp\/wp-content\/uploads\/2007\/10\/ok07_63.jpg\" alt=\"ok07_63.jpg\" align=\"right\" \/><font face=\"verdana\" size=\"2\"><font size=\"4\">D<\/font>er erste Blick an der Falkenh\u00fctte f\u00e4llt auf das Mountainbike, das hoch \u00fcber unseren K\u00f6pfen schwebt. Es h\u00e4ngt an einem<\/font><font face=\"verdana\" size=\"2\"> Drahtseil und es sieht aus, als k\u00f6nnte man vom Tal aus damit hier hoch gondeln.  Nichts da, Mountainbiker m\u00fcssen schon selber hochkommen. Am Bike h\u00e4ngt ein Schild, das Ersatzteile und Reparaturen anbietet: Willkommen im Mountainbikeparadies Falkenh\u00fctte.<\/font><\/p>\n<p>&nbsp;<\/p>\n<p><font face=\"verdana\" size=\"2\"><font face=\"verdana\" size=\"2\"><font size=\"4\">S<\/font>ch\u00f6n warme, nach Holz duftende Luft empf\u00e4ngt uns. In der  H\u00fctte ist noch nicht viel los. Ein paar Leute laufen auf Str\u00fcmpfen durch die  Flure, den Waschbeutel sch\u00fcchtern in der Hand haltend, die Hosentr\u00e4ger herunter  h\u00e4ngend. Wir melden uns an und richten die mitgebrachten Gr\u00fc\u00dfe aus.  Alpenvereinsmitglied? Nein. Das m\u00fcsste man sich \u00fcberlegen. 18 Euro pro Nase f\u00fcr  einmal H\u00fcttenzauber. Wir bekommen unsere Kojen zugeteilt und d\u00fcrfen die Bikes in  den Keller stellen, in die Bikewerkstatt des Herbergsvaters, direkt neben die  Dosenvorr\u00e4te f\u00fcr die restlichen H\u00fcttentage.<\/font><\/font><\/p>\n<p>&nbsp;<\/p>\n<p><font face=\"verdana\" size=\"2\"><font face=\"verdana\" size=\"2\"> <font size=\"4\">D<\/font>ie nassen Klamotten sind schnell ausgezogen, das eiskalte Wasser pl\u00e4tschert eiskalt und munter in die Blechwanne.  Vor dem Spiegel liegt eine vergessene Tube Zahnpasta. Mit viel k\u00fcnstlichem  Gejammer und Gest\u00f6hne schrubben wir uns sauber und klettern in die trockenen  Klamotten. Schlafplatz herrichten, Rucksack aus- und umpacken, Decken  auseinander falten, Matratzen testen&#8230;<\/font><\/font><\/p>\n<p>&nbsp;<\/p>\n<p><font face=\"verdana\" size=\"2\"><font face=\"verdana\" size=\"2\"><font size=\"4\">B<\/font>ei einem kleinen Rundgang ums Haus  treffen wir wieder auf den H\u00fcttenwirt: Gespr\u00e4ch \u00fcber sein altes Gel\u00e4ndefahrzeug  (18 Jahre ohne Probleme!) und Bikereparaturen&#8230; Die Familie Kostenzer bewirtet  schon \u00fcber 60 Jahre in der dritten Generation die H\u00fctte (erbaut 1922). Sohn  Peter (Kennzeichen Baseballkappe, Struwwelhaare) bedient, sorgt f\u00fcr  Telefonverbindungen und vieles mehr. Das Essen abends ist prima: gro\u00dfe Portion  Nudeln mit Salat. So\u00dfe bekommen wir auf Wunsch ohne Fleisch. Vegan wird hier  oben noch mit vegetarisch gleich gesetzt: Den Berg Nudeln kr\u00f6nt noch ein L\u00f6ffel  K\u00e4se&#8230; wir werden gut satt. Das Bier hilft beim Sattwerden und Runtersp\u00fclen &#8211;  und es schmiert die verr\u00fcckten Gespr\u00e4che, die dann am Tisch mit den  Umhersitzenden gef\u00fchrt werden. Wir sind bis gegen 20 Uhr die einzigen Biker hier  oben &#8211; Stoff und Anlass f\u00fcr die Wanderer (2 Hesse, 1 M\u00fcnchener) rechts und links  von uns, \u00fcber das Thema &#8222;Radeln in den Bergen&#8220; zu philosophieren. Sp\u00e4ter setzt  sich der urige und engagierte H\u00fcttenwirt noch zu uns und erz\u00e4hlt ein paar Bikegeschichten  (Klosezwillinge kommen bis hier hoch zum Trainieren). Einen Zwilling sehen wir am  Sonntag dann auch im Engtal &#8211; ohne Helm mit schickem Stirnband&#8230;<\/font><\/font><\/p>\n<p>&nbsp;<\/p>\n<p><font face=\"verdana\" size=\"2\"><font face=\"verdana\" size=\"2\"> <font size=\"4\">G<\/font>egen 20  Uhr sehen wir durchs Fenster drau\u00dfen Lampenlicht durch die Berge zucken, kurz  darauf stolpern zwei Biker in die Stube: kurze Hosen an (brrr), einer verletzt  im Gesicht und am Knie. Sie sind nachmittags ebenfalls in Mittenwald  aufgebrochen und in die Dunkelheit der Berge geraten. Sie wollen eine  \u00e4hnlich Tour wie wir fahren.<br \/>\nWenig Schlaf am Vortag, die H\u00f6henmeter in den  Beinen, das Bier im Blut &#8211; werden wir bald m\u00fcde und verziehen uns ins  Matratzenlager. Dort wird schon geschnarcht, die Kojen knarzen gewaltig und drei Pl\u00e4tze weiter kruschelt jemand stundenlang in einer Nylont\u00fcte herum&#8230;<\/font><\/font><\/p>\n<p>&nbsp;<\/p>\n<p><img decoding=\"async\" src=\"https:\/\/nmbiking.de\/wp\/wp-content\/uploads\/2007\/10\/ok07_562.jpg\" width=600 \/><\/font><br \/>\nFalkenh\u00fctte\/ Karwendel <\/p>\n","protected":false},"excerpt":{"rendered":"<p>Auf da H\u00fcttn &nbsp; Der erste Blick an der Falkenh\u00fctte f\u00e4llt auf das Mountainbike, das hoch \u00fcber unseren K\u00f6pfen schwebt. Es h\u00e4ngt an einem Drahtseil und es sieht aus, als k\u00f6nnte man vom Tal aus damit hier hoch gondeln. Nichts da, Mountainbiker m\u00fcssen schon selber hochkommen. Am Bike h\u00e4ngt ein Schild, das Ersatzteile und Reparaturen &hellip; <\/p>\n<p class=\"link-more\"><a href=\"https:\/\/nmbiking.de\/wp\/?page_id=1454\" class=\"more-link\"><span class=\"screen-reader-text\">\u201eKarwendel 2007\/2\u201c <\/span>weiterlesen<\/a><\/p>\n","protected":false},"author":65,"featured_media":0,"parent":1448,"menu_order":0,"comment_status":"open","ping_status":"closed","template":"","meta":{"footnotes":""},"class_list":["post-1454","page","type-page","status-publish","hentry"],"_links":{"self":[{"href":"https:\/\/nmbiking.de\/wp\/index.php?rest_route=\/wp\/v2\/pages\/1454","targetHints":{"allow":["GET"]}}],"collection":[{"href":"https:\/\/nmbiking.de\/wp\/index.php?rest_route=\/wp\/v2\/pages"}],"about":[{"href":"https:\/\/nmbiking.de\/wp\/index.php?rest_route=\/wp\/v2\/types\/page"}],"author":[{"embeddable":true,"href":"https:\/\/nmbiking.de\/wp\/index.php?rest_route=\/wp\/v2\/users\/65"}],"replies":[{"embeddable":true,"href":"https:\/\/nmbiking.de\/wp\/index.php?rest_route=%2Fwp%2Fv2%2Fcomments&post=1454"}],"version-history":[{"count":0,"href":"https:\/\/nmbiking.de\/wp\/index.php?rest_route=\/wp\/v2\/pages\/1454\/revisions"}],"up":[{"embeddable":true,"href":"https:\/\/nmbiking.de\/wp\/index.php?rest_route=\/wp\/v2\/pages\/1448"}],"wp:attachment":[{"href":"https:\/\/nmbiking.de\/wp\/index.php?rest_route=%2Fwp%2Fv2%2Fmedia&parent=1454"}],"curies":[{"name":"wp","href":"https:\/\/api.w.org\/{rel}","templated":true}]}}