{"id":1448,"date":"2007-10-15T09:30:37","date_gmt":"2007-10-15T10:30:37","guid":{"rendered":"https:\/\/nmbiking.de\/wp\/?page_id=1448"},"modified":"2024-11-02T12:36:33","modified_gmt":"2024-11-02T11:36:33","slug":"alpen","status":"publish","type":"page","link":"https:\/\/nmbiking.de\/wp\/?page_id=1448","title":{"rendered":"Alpentouren"},"content":{"rendered":"<p>Unser Saarland ist uns lieb und teuer. Wer  dort mit dem Bike unterwegs ist, wird so nach und nach die sch\u00f6nsten Ecken  kennenlernen. Im Saarland spulen wir die meisten Kilometer ab &#8211; und das immer  wieder mit Freude und Genuss. Aber <strong>die Alpen sind einfach das  Gr\u00f6\u00dfte<\/strong>&#8230; Na ja, inzwischen waren auch im Himalaya&#8230;<\/p>\n<p>Seit vielen Jahren fahren wir im Urlaub gern in die Alpen, zum  Wandern, Klettern und Mountainbiken. Jahrelang (aus verschiedenen Gr\u00fcnden) in  die <strong>Schweiz<\/strong>. Aber auch \u00d6sterreich und die deutschen Alpen haben wir schon  unter die Stollen genommen. Wir suchen uns jedes Jahr ein neues Revier aus und  grasen es dann gr\u00fcndlich ab.<\/p>\n<p>In den <strong>Mountainbiketageb\u00fcchern<\/strong> findet  man die \u00fcblichen Tagebuchschreibereien, aber vielleicht auch den ein oder  anderen brauchbaren Tipp f\u00fcr eigene Touren in den Alpen.<br \/>\nMeist fahren wir  zuerst die &#8222;signalisierten&#8220; Touren des \u00f6rtlichen Fremdenverkehrsvereins ab. Gleich am  ersten Tag wird nach einer Karte gefragt! Oft gibt es eine gratis im  Fremdenverkehrsb\u00fcro. Dann basteln wir unsere eigenen Touren mit Hilfe von Karten  und Tipps von Einheimischen zusammen&#8230; Nicht immer funktioniert das bestens,  Sackgassen, Privatstra\u00dfen und Schiebepassagen geh\u00f6ren f\u00fcr uns einfach dazu &#8211; das  kleine Abenteuer im Urlaub.<\/p>\n<p>Inzwischen gibt es f\u00fcr die Alpen massenweise  <strong>GPS-Tracks<\/strong>. Man gew\u00f6hnt sich sehr schnell an diese bequeme Art des Reisens&#8230;<br \/>\n<strong>Aktualisierung (2024):<\/strong><br \/>\nInzwischen l\u00e4uft bei uns alles \u00fcber und mit Komoot: die Vorbereitung, das Navigieren vor Ort&#8230;<\/p>\n<p>Vor allem die <strong>Fotos<\/strong> sollen einen Eindruck von  der jeweiligen Region vermitteln. Die Beschreibungen sind als <strong>Tagebuch <\/strong>gestaltet.<\/p>\n<hr \/>\n<p><a href=\"https:\/\/nmbiking.de\/wp\/?page_id=79890\"><img decoding=\"async\" src=\"https:\/\/nmbiking.de\/wp\/wp-content\/uploads\/2022\/10\/ok22_4.jpg\"  \/><\/a><\/p>\n<p><a href=\"https:\/\/nmbiking.de\/wp\/?page_id=73713\"><img decoding=\"async\" src=\"https:\/\/nmbiking.de\/wp\/wp-content\/uploads\/2021\/10\/mtbl21_180.jpg\"  \/><\/a><\/p>\n<p><a href=\"https:\/\/nmbiking.de\/wp\/?page_id=71873\"><img decoding=\"async\" src=\"https:\/\/nmbiking.de\/wp\/wp-content\/uploads\/2021\/06\/allgaeu21_startbild9.jpg\"  \/><\/a><\/p>\n<p><a href=\"https:\/\/nmbiking.de\/wp\/?page_id=66137\"><img decoding=\"async\" src=\"https:\/\/nmbiking.de\/wp\/wp-content\/uploads\/2020\/09\/sep20_112.jpg\"\/><\/a><\/p>\n<p><a href=\"https:\/\/nmbiking.de\/wp\/?page_id=57566\"><img decoding=\"async\" src=\"https:\/\/nmbiking.de\/wp\/wp-content\/uploads\/2019\/07\/allg\u00e4u19.jpg\"\/><\/p>\n<p><\/a><a href=\"https:\/\/nmbiking.de\/wp\/?p=52577\"><img decoding=\"async\" src=\"https:\/\/nmbiking.de\/wp\/wp-content\/uploads\/2018\/09\/ac18_336.jpg\"\/><\/a><\/p>\n<p><a href=\"https:\/\/nmbiking.de\/wp\/?page_id=53560\"><img decoding=\"async\" src=\"https:\/\/nmbiking.de\/wp\/wp-content\/uploads\/2018\/10\/ok18_68.jpg\"\/><\/a><\/p>\n<p><a href=\"https:\/\/nmbiking.de\/wp\/?page_id=47502\"><img decoding=\"async\" src=\"https:\/\/nmbiking.de\/wp\/wp-content\/uploads\/2017\/09\/sep17_32.jpg\"<\/a\/><\/p>\n<p><\/a><a href=\"https:\/\/nmbiking.de\/wp\/?page_id=47137\"><img decoding=\"async\" src=\"https:\/\/nmbiking.de\/wp\/wp-content\/uploads\/2017\/08\/aug17_69.jpg\"\/><\/a><\/p>\n<p><a href=\"https:\/\/nmbiking.de\/wp\/?page_id=41425\"><img decoding=\"async\" src=\"https:\/\/nmbiking.de\/wp\/wp-content\/uploads\/2016\/09\/montafon.jpg\"\/><\/a><\/p>\n<p><a href=\"https:\/\/nmbiking.de\/wp\/?p=39322\"><img decoding=\"async\" src=\"https:\/\/nmbiking.de\/wp\/wp-content\/uploads\/2007\/10\/apil16_144.jpg\"\/><\/a><\/p>\n<p> <a href=\"https:\/\/nmbiking.de\/wp\/?page_id=35914\"><img decoding=\"async\" src=\"https:\/\/nmbiking.de\/wp\/wp-content\/uploads\/2015\/09\/sep15_19.jpg\"\/><\/p>\n<p><\/a><a href=\"https:\/\/nmbiking.de\/wp\/?page_id=35040\"><img decoding=\"async\" src=\"https:\/\/nmbiking.de\/wp\/wp-content\/uploads\/2015\/07\/juli15_189.jpg\"\/><\/a><\/p>\n<p><a href=\"https:\/\/nmbiking.de\/wp\/?page_id=27970\"><img decoding=\"async\" src=\"https:\/\/nmbiking.de\/wp\/wp-content\/uploads\/2014\/07\/juli14_144.jpg\"\/><\/a><\/p>\n<p><a href=\"https:\/\/nmbiking.de\/wp\/?page_id=26889\"><img decoding=\"async\" src=\"https:\/\/nmbiking.de\/wp\/wp-content\/uploads\/2014\/05\/april14_203.jpg\"\/><\/a><\/p>\n<p><a href=\"https:\/\/nmbiking.de\/wp\/?p=21063\"><img decoding=\"async\" src=\"https:\/\/nmbiking.de\/wp\/wp-content\/uploads\/2013\/10\/maira13_201.jpg\" width=\"650\"\/><\/a><\/p>\n<p><a href=\"https:\/\/nmbiking.de\/wp\/?p=19807\"><img decoding=\"async\" src=\"https:\/\/nmbiking.de\/wp\/wp-content\/uploads\/2013\/09\/chinzig2013_152.jpg\" width=\"650\"\/><\/a><\/p>\n<p><a href=\"https:\/\/nmbiking.de\/wp\/?p=15030\"><img decoding=\"async\" src=\"https:\/\/nmbiking.de\/wp\/wp-content\/uploads\/2012\/09\/sep12_224.jpg\" width=\"650\" \/><\/a><\/p>\n<p><a href=\"https:\/\/nmbiking.de\/wp\/?p=14206\"><img decoding=\"async\" src=\"https:\/\/nmbiking.de\/wp\/wp-content\/uploads\/2012\/07\/juli12_58.jpg\" width=\"650\" \/><\/a><\/p>\n<p><a href=\"https:\/\/nmbiking.de\/wp\/?p=13928\"><img decoding=\"async\" src=\"https:\/\/nmbiking.de\/wp\/wp-content\/uploads\/2012\/07\/juli12_48.jpg\" width=\"650\" \/><\/a><\/p>\n<p><a href=\"https:\/\/nmbiking.de\/wp\/?p=9696\"><img decoding=\"async\" src=\"https:\/\/nmbiking.de\/wp\/wp-content\/uploads\/2011\/4\/oberbayern_kopf11.jpg\" width=\"650\" \/><\/a><\/p>\n<p><a href=\"https:\/\/nmbiking.de\/wp\/?p=7527\"><img decoding=\"async\" src=\"https:\/\/nmbiking.de\/wp\/wp-content\/uploads\/2010\/10\/suedtirol2010_kopf.jpg\" width=\"650\" \/><\/a><\/p>\n<p><a href=\"https:\/\/nmbiking.de\/wp\/?p=7072\"><img decoding=\"async\" src=\"https:\/\/nmbiking.de\/wp\/wp-content\/uploads\/2011\/2\/oberbayern_logo10.jpg\" width=\"650\" \/><\/a><\/p>\n<p><a href=\"https:\/\/nmbiking.de\/wp\/?p=4712\"><img decoding=\"async\" src=\"https:\/\/nmbiking.de\/wp\/wp-content\/uploads\/2010\/10\/wallis2009_kopf.jpg\" width=\"650\" \/><\/a><\/p>\n<p><a href=\"https:\/\/nmbiking.de\/wp\/?p=1766\"><img decoding=\"async\" src=\"https:\/\/nmbiking.de\/wp\/wp-content\/uploads\/2008\/07\/lauenen_logo.jpg\" width=\"650\" \/><\/a><\/p>\n<p><a href=\"https:\/\/nmbiking.de\/wp\/?p=1440\">Karwendel 2007<\/a><\/p>\n<p><a href=\"https:\/\/nmbiking.de\/wp\/?page_id=1461\">Hasliberg 2007<\/a><\/p>\n<p><a href=\"https:\/\/nmbiking.de\/wp\/?page_id=2143\">Miesbach 2007<\/a><\/p>\n<p><a href=\"https:\/\/nmbiking.de\/wp\/?page_id=2182\">Tannheimer Tal 2006<\/a><\/p>\n<p><a href=\"https:\/\/nmbiking.de\/wp\/?page_id=2202\">Gstaad 2006<\/a><\/p>\n<p><a href=\"https:\/\/nmbiking.de\/wp\/?page_id=2226\">Reutte 2005<\/a><\/p>\n<p><a href=\"https:\/\/nmbiking.de\/wp\/?page_id=3511\">Adelboden 2005<\/a><\/p>\n<p><a href=\"https:\/\/nmbiking.de\/wp\/?page_id=3332\">Elm 2004<\/a><\/p>\n<p><a href=\"..\/oldsite\/garmischtouren.htm\">Garmisch 2004<\/a><\/p>\n<p><a href=\"https:\/\/nmbiking.de\/wp\/?page_id=3394\">Lenk 2003<\/a><\/p>\n<p><a href=\"https:\/\/nmbiking.de\/wp\/?page_id=3465\">Montafon 2002<\/a><\/p>\n<p><a href=\"https:\/\/nmbiking.de\/wp\/?page_id=2253\">Lenzerheide 2001<\/a><\/p>\n<p><a href=\"https:\/\/nmbiking.de\/wp\/?page_id=6555\">Alpenoldies<\/a><\/p>\n","protected":false},"excerpt":{"rendered":"<p>Unser Saarland ist uns lieb und teuer. Wer dort mit dem Bike unterwegs ist, wird so nach und nach die sch\u00f6nsten Ecken kennenlernen. Im Saarland spulen wir die meisten Kilometer ab &#8211; und das immer wieder mit Freude und Genuss. Aber die Alpen sind einfach das Gr\u00f6\u00dfte&#8230; Na ja, inzwischen waren auch im Himalaya&#8230; Seit &hellip; <\/p>\n<p class=\"link-more\"><a href=\"https:\/\/nmbiking.de\/wp\/?page_id=1448\" class=\"more-link\"><span class=\"screen-reader-text\">\u201eAlpentouren\u201c <\/span>weiterlesen<\/a><\/p>\n","protected":false},"author":65,"featured_media":0,"parent":0,"menu_order":0,"comment_status":"open","ping_status":"closed","template":"","meta":{"footnotes":""},"class_list":["post-1448","page","type-page","status-publish","hentry"],"_links":{"self":[{"href":"https:\/\/nmbiking.de\/wp\/index.php?rest_route=\/wp\/v2\/pages\/1448","targetHints":{"allow":["GET"]}}],"collection":[{"href":"https:\/\/nmbiking.de\/wp\/index.php?rest_route=\/wp\/v2\/pages"}],"about":[{"href":"https:\/\/nmbiking.de\/wp\/index.php?rest_route=\/wp\/v2\/types\/page"}],"author":[{"embeddable":true,"href":"https:\/\/nmbiking.de\/wp\/index.php?rest_route=\/wp\/v2\/users\/65"}],"replies":[{"embeddable":true,"href":"https:\/\/nmbiking.de\/wp\/index.php?rest_route=%2Fwp%2Fv2%2Fcomments&post=1448"}],"version-history":[{"count":62,"href":"https:\/\/nmbiking.de\/wp\/index.php?rest_route=\/wp\/v2\/pages\/1448\/revisions"}],"predecessor-version":[{"id":95016,"href":"https:\/\/nmbiking.de\/wp\/index.php?rest_route=\/wp\/v2\/pages\/1448\/revisions\/95016"}],"wp:attachment":[{"href":"https:\/\/nmbiking.de\/wp\/index.php?rest_route=%2Fwp%2Fv2%2Fmedia&parent=1448"}],"curies":[{"name":"wp","href":"https:\/\/api.w.org\/{rel}","templated":true}]}}