{"id":1447,"date":"2007-10-15T19:54:26","date_gmt":"2007-10-15T20:54:26","guid":{"rendered":"https:\/\/nmbiking.de\/wp\/?page_id=1447"},"modified":"2020-11-08T08:21:18","modified_gmt":"2020-11-08T07:21:18","slug":"karwendel-20071","status":"publish","type":"page","link":"https:\/\/nmbiking.de\/wp\/?page_id=1447","title":{"rendered":"Karwendel 2007\/1"},"content":{"rendered":"<p><img decoding=\"async\" src=\"https:\/\/nmbiking.de\/wp\/wp-content\/uploads\/2007\/10\/ok07_71b.jpg\" class=\"img\" width=600\/><br \/>\n<font color=\"black\" face=\"verdana\" size=\"3\">Dreit\u00e4gige H\u00fcttentour durchs Karwendel<\/font><\/p>\n<p>&nbsp;<\/p>\n<p>1. Tag: Von Mittenwald zur Falkenh\u00fctte<br \/>\n<strong>Filterkaffee<\/strong><br \/>\nLockeres Einrollen durchs Karwendeltal. Bis zur  Lachetalm packen wir es, da \u00fcberf\u00e4llt einen von uns der <em>Kaffeedurscht<\/em>. Das  Kaffeebrauen l\u00e4uft ab wie zu Omas Zeiten: Tasse suchen, neben den Herd stellen,  Keramikfilter drauf setzen, Filtert\u00fcte rein, Kaffepulver rein und hei\u00dfes Wasser  dr\u00fcber gie\u00dfen. Derweil genie\u00dfe ich die W\u00e4rme des kleinen Vorraumes, wo noch auf  einem alten K\u00fcchenofen gekocht wird. Kr\u00fcmel werden vom Tischtuch gesch\u00fcttelt, ich  helfe es gerade ziehen. Kommen schon viele Wandersleut? Der Gesch\u00e4ftssinn der  Wirtin ist nicht zu \u00fcberh\u00f6ren. Der Kaffee schmeckt prima, wir sitzen drau\u00dfen vor  der H\u00fctte, noch ist es k\u00fchl und keine Sonne nirgendwo zu sehen. Und endlich kommt der erste  Biker den Weg hoch. Schon etwas \u00e4lter, der Gute, hat aber ein flottes Tempo drauf.  Seine knallgelbe Sicherheitsweste steht offen und flattert, sein Rad gibt seltsame  Laute von sich. Bald haben wir ihn eingeholt und er freut sich richtig: <em>Hoabs mi jetzat?<\/em><\/p>\n<p>&nbsp;<\/p>\n<p><a href=\"https:\/\/nmbiking.de\/wp\/wp-content\/uploads\/2007\/10\/ok07_34b.jpg\" rel=\"Lightbox\" title=\"Durchs Karwendeltal\"><img decoding=\"async\" src=\"https:\/\/nmbiking.de\/wp\/wp-content\/uploads\/2007\/10\/ok07_34.jpg\" rel=\"Lightbox\" title=\"Durchs Karwendeltal\"\/> <\/a> <a href=\"https:\/\/nmbiking.de\/wp\/wp-content\/uploads\/2007\/10\/ok07_35b.jpg\" rel=\"Lightbox\" title=\"Durchs Karwendeltal\"><img decoding=\"async\" src=\"https:\/\/nmbiking.de\/wp\/wp-content\/uploads\/2007\/10\/ok07_35.jpg\" class=\"img\" \/> <\/a><\/p>\n<p>&nbsp;<\/p>\n<p>Nicht lange und wir sto\u00dfen auf die n\u00e4chste Gruppe: zwei \u00e4ltere  Herren mit wei\u00dfem Bart. Kurzes Palaver \u00fcbers Woher und Wohin. Nach einer halben  Stunde &#8211; wir sind schon fast am Karwendelhaus &#8211; kommt einer der beiden uns ganz  au\u00dfer Puste nachgefahren: Ob wir dem Wirt der Falkenh\u00fctte Gr\u00fc\u00dfe von den &#8230;  ausrichten k\u00f6nnten. <em>Jo mei, dann machts guat!<\/em><br \/>\nKarwendelhaus, um die Mittagszeit. Langsam  kommt die Sonne durch, immer noch kalt. Wir bleiben drau\u00dfen sitzen. Drinnen ist  es uns zu laut. Noch drau\u00dfen h\u00f6rt man die zechende Gesellschaft lachen und  gr\u00f6hlen. Zwei Gro\u00dfraumtaxis stehen vor der T\u00fcr&#8230; Wir vergn\u00fcgen uns derweil  mit unserer Brotzeit und lassen eine der allgegenw\u00e4rtigen Bergdohlen daran  teilnehmen. Nach ein paar Minuten Hin und Her pickt sie die Kr\u00fcmel vom Sattel  eines unserer Bikes&#8230;<\/p>\n<p>&nbsp;<\/p>\n<p><a href=\"https:\/\/nmbiking.de\/wp\/wp-content\/uploads\/2007\/10\/ok07_36b.jpg\" rel=\"Lightbox\" title=\"Karwendleh\u00fctte in Sicht, Jonas!\"> <img decoding=\"async\" src=\"https:\/\/nmbiking.de\/wp\/wp-content\/uploads\/2007\/10\/ok07_36.jpg\" class=\"img\" \/><\/a> <a href=\"https:\/\/nmbiking.de\/wp\/wp-content\/uploads\/2007\/10\/ok07_37b.jpg\" rel=\"Lightbox\" title=\"Karwendelh\u00fctte Oktober 2007\"><img decoding=\"async\" src=\"https:\/\/nmbiking.de\/wp\/wp-content\/uploads\/2007\/10\/ok07_37.jpg\" class=\"img\" \/> <\/a><\/p>\n<p><a href=\"https:\/\/nmbiking.de\/wp\/wp-content\/uploads\/2007\/10\/ok07_38b.jpg\" rel=\"Lightbox\" title=\"Karbonsatteltest by Bergdohle\"> <img decoding=\"async\" src=\"https:\/\/nmbiking.de\/wp\/wp-content\/uploads\/2007\/10\/ok07_38.jpg\" class=\"img\" \/><\/a> <a href=\"https:\/\/nmbiking.de\/wp\/wp-content\/uploads\/2007\/10\/ok07_40b.jpg\" rel=\"Lightbox\" title=\"Auf dem Hochalmsattel\"><img decoding=\"async\" src=\"https:\/\/nmbiking.de\/wp\/wp-content\/uploads\/2007\/10\/ok07_40.jpg\" class=\"img\" \/> <\/a><\/p>\n<p>&nbsp;<\/p>\n<p>Einfach gro\u00dfartig: die Kulisse der Felsw\u00e4nde bei  der Abfahrt zum Kleinen Ahornboden. Allzu oft darf man den Blick jedoch beim  Fahren nicht dort verweilen lassen, denn der Weg ist zwar ausreichend breit,  aber kurvig und stark ger\u00f6llhaltig. \u00dcbrigens die einzige Kritik, die der Wirt  auf der Falkenh\u00fctte zu h\u00f6ren bekommt: Wege besser kehren! Ob er es verstanden  hat? Auf dem Ahornboden scheint die Sonne. Wir w\u00e4rmen uns auf, f\u00fcllen die  Flaschen nach. Leider sind die meisten Bl\u00e4tter der alten B\u00e4ume schon  gefallen&#8230;<\/p>\n<p>&nbsp;<\/p>\n<p><a href=\"https:\/\/nmbiking.de\/wp\/wp-content\/uploads\/2007\/10\/ok07_41b.jpg\" rel=\"Lightbox\" title=\"Bikeverkehr im Karwendel\"> <img decoding=\"async\" src=\"https:\/\/nmbiking.de\/wp\/wp-content\/uploads\/2007\/10\/ok07_41.jpg\" class=\"img\" \/><\/a> <a href=\"https:\/\/nmbiking.de\/wp\/wp-content\/uploads\/2007\/10\/ok07_42b.jpg\" rel=\"Lightbox\" title=\"Bilderbuchabfahrt zum Kleinen Ahornboden\"><img decoding=\"async\" src=\"https:\/\/nmbiking.de\/wp\/wp-content\/uploads\/2007\/10\/ok07_42.jpg\" class=\"img\" \/><\/a><\/p>\n<p><a href=\"https:\/\/nmbiking.de\/wp\/wp-content\/uploads\/2007\/10\/ok07_43b.jpg\" rel=\"Lightbox\" title=\"Alt und Jung\"> <img decoding=\"async\" src=\"https:\/\/nmbiking.de\/wp\/wp-content\/uploads\/2007\/10\/ok07_43.jpg\" class=\"img\" \/><\/a> <a href=\"https:\/\/nmbiking.de\/wp\/wp-content\/uploads\/2007\/10\/ok07_44b.jpg\" rel=\"Lightbox\" title=\"Wegweiser zur Falkenh\u00fctte\"><img decoding=\"async\" src=\"https:\/\/nmbiking.de\/wp\/wp-content\/uploads\/2007\/10\/ok07_44.jpg\" class=\"img\" \/> <\/a><\/p>\n<p>&nbsp;<\/p>\n<p>Sehr anstrengend ist dann die Auffahrt zur Falkenh\u00fcttte. Wenn das  Panorama nicht w\u00e4re&#8230; <\/p>\n<p>&nbsp;<\/p>\n<p><a href=\"https:\/\/nmbiking.de\/wp\/wp-content\/uploads\/2007\/10\/ok07_45b.jpg\" rel=\"Lightbox\" title=\"Magische Felsw\u00e4nde\"> <img decoding=\"async\" src=\"https:\/\/nmbiking.de\/wp\/wp-content\/uploads\/2007\/10\/ok07_45.jpg\" class=\"img\" \/><\/a> <a href=\"https:\/\/nmbiking.de\/wp\/wp-content\/uploads\/2007\/10\/ok07_46b.jpg\" rel=\"Lightbox\" title=\"Noch eine Kurve...\"><img decoding=\"async\" src=\"https:\/\/nmbiking.de\/wp\/wp-content\/uploads\/2007\/10\/ok07_46.jpg\" class=\"img\" \/> <\/a><\/p>\n<p><a href=\"https:\/\/nmbiking.de\/wp\/wp-content\/uploads\/2007\/10\/ok07_47b.jpg\" rel=\"Lightbox\" title=\"Bikerparadies Falkenh\u00fctte\"> <img decoding=\"async\" src=\"https:\/\/nmbiking.de\/wp\/wp-content\/uploads\/2007\/10\/ok07_47.jpg\" class=\"img\" \/><\/a> <a href=\"https:\/\/nmbiking.de\/wp\/wp-content\/uploads\/2007\/10\/ok07_48b.jpg\" rel=\"Lightbox\" title=\"Falkenh\u00fctte am 12.10.07 um 16.30 Uhr \"><img decoding=\"async\" src=\"https:\/\/nmbiking.de\/wp\/wp-content\/uploads\/2007\/10\/ok07_48.jpg\" class=\"img\" \/> <\/a><\/p>\n","protected":false},"excerpt":{"rendered":"<p>Dreit\u00e4gige H\u00fcttentour durchs Karwendel &nbsp; 1. Tag: Von Mittenwald zur Falkenh\u00fctte Filterkaffee Lockeres Einrollen durchs Karwendeltal. Bis zur Lachetalm packen wir es, da \u00fcberf\u00e4llt einen von uns der Kaffeedurscht. Das Kaffeebrauen l\u00e4uft ab wie zu Omas Zeiten: Tasse suchen, neben den Herd stellen, Keramikfilter drauf setzen, Filtert\u00fcte rein, Kaffepulver rein und hei\u00dfes Wasser dr\u00fcber gie\u00dfen. &hellip; <\/p>\n<p class=\"link-more\"><a href=\"https:\/\/nmbiking.de\/wp\/?page_id=1447\" class=\"more-link\"><span class=\"screen-reader-text\">\u201eKarwendel 2007\/1\u201c <\/span>weiterlesen<\/a><\/p>\n","protected":false},"author":65,"featured_media":0,"parent":1448,"menu_order":0,"comment_status":"open","ping_status":"closed","template":"","meta":{"footnotes":""},"class_list":["post-1447","page","type-page","status-publish","hentry"],"_links":{"self":[{"href":"https:\/\/nmbiking.de\/wp\/index.php?rest_route=\/wp\/v2\/pages\/1447","targetHints":{"allow":["GET"]}}],"collection":[{"href":"https:\/\/nmbiking.de\/wp\/index.php?rest_route=\/wp\/v2\/pages"}],"about":[{"href":"https:\/\/nmbiking.de\/wp\/index.php?rest_route=\/wp\/v2\/types\/page"}],"author":[{"embeddable":true,"href":"https:\/\/nmbiking.de\/wp\/index.php?rest_route=\/wp\/v2\/users\/65"}],"replies":[{"embeddable":true,"href":"https:\/\/nmbiking.de\/wp\/index.php?rest_route=%2Fwp%2Fv2%2Fcomments&post=1447"}],"version-history":[{"count":2,"href":"https:\/\/nmbiking.de\/wp\/index.php?rest_route=\/wp\/v2\/pages\/1447\/revisions"}],"predecessor-version":[{"id":67145,"href":"https:\/\/nmbiking.de\/wp\/index.php?rest_route=\/wp\/v2\/pages\/1447\/revisions\/67145"}],"up":[{"embeddable":true,"href":"https:\/\/nmbiking.de\/wp\/index.php?rest_route=\/wp\/v2\/pages\/1448"}],"wp:attachment":[{"href":"https:\/\/nmbiking.de\/wp\/index.php?rest_route=%2Fwp%2Fv2%2Fmedia&parent=1447"}],"curies":[{"name":"wp","href":"https:\/\/api.w.org\/{rel}","templated":true}]}}