{"id":1439,"date":"2007-10-11T16:19:04","date_gmt":"2007-10-11T17:19:04","guid":{"rendered":"https:\/\/nmbiking.de\/wp\/?page_id=1439"},"modified":"2011-09-11T12:38:32","modified_gmt":"2011-09-11T11:38:32","slug":"reimsbach-runde","status":"publish","type":"page","link":"https:\/\/nmbiking.de\/wp\/?page_id=1439","title":{"rendered":"Reimsbach Runde"},"content":{"rendered":"<p><font size=\"3\">L\u00fcckner  und Hausstadter Tal<\/font><br \/>\n<font face=\"Courier New\" size=\"2\">Start: Michelbach oder Hargarten<br \/>\nStrecke:  L\u00fcckner, Oppener Kuppe, Rissenthal, Hargarten, Erbringen, Reimsbach, Kansas,  L\u00fcckner<br \/>\nL\u00e4nge\/H\u00f6henmeter: 56 km \/ 900 hm<br \/>\n<\/font><\/p>\n<p>&nbsp;<\/p>\n<p>&nbsp;<\/p>\n<p>Die Wege dieser Tour sind nicht unbedingt neu,  aber einmalig in dieser Kombination.<br \/>\nDer gr\u00f6\u00dfte Teil der Runde entspricht  dem <strong>CTF der Radsportfreunde Hausstadter Tal<\/strong> aus dem Jahr 2007. Wir waren  begeistert, als wir sie gefahren sind. Viele unserer Lieblingstrails sind mit  drin. Wir haben sie an einigen Stellen ge\u00e4ndert, verbessert?<br \/>\nEs erwartet  euch eine abwechslungsreiche Tour, die nicht zu anstrengend ist, aber auch nicht  ganz ohne. Kurze Streckenbeschreibung:<\/p>\n<p>Start in <strong>Hargarten<\/strong>. Hinter  der Kreuzung vor Hargarten geht es rechts in den Wald,<br \/>\nden Radweg in Richtung  Erbringen.<br \/>\nHoch ins Erbringer W\u00e4ldche, das sich \u201cDompen\u201d nennt. Sandboden,  Pferdetrails.<br \/>\nUm das W\u00e4ldchen herum und runter bis vor Honzrath.<br \/>\nHoch in  den Wald, wunderbarer Trail runter zum Honzrather Weiher.<br \/>\nAn den  Hellwies-Weihern vorbei.<br \/>\n\u00dcbers flache Land mit Blick auf den L\u00fcckner bis kurz  vor Reimsbach.<br \/>\nDurch die sandigen Felder.<br \/>\nSchl\u00e4ngeltrail durch ein  Akazienw\u00e4ldchen.<br \/>\nSt. Wendelinuskapelle.<br \/>\nRechts runter in den Ort und in  den Wald.<br \/>\nHoch zur Reitanlage des Kansaser Hofes.<br \/>\nWeiter in Richtung  Oppen, sch\u00f6ne Sicht auf den Goesberger und Konnegen Hof (Legebatterien)<br \/>\nVor  Oppen geht es kurz in den L\u00fcckner.<br \/>\n\u00dcber den d\u00fcnnen Reimsbach (?).<br \/>\nAuf die  H\u00f6he beim Konnegen Hof &#8211; Sicht in den Hochwald.<br \/>\nEs folgen viele sch\u00f6ne Trails  im L\u00fcckner.<br \/>\nGeisweiler Hof.<br \/>\nOberhalb von <strong>Michelbach<\/strong> vorbei.  (Startm\u00f6glichkeit)<br \/>\nWieder in den L\u00fcckner zum Golfplatz  Nunkirchen.<br \/>\nDellborner M\u00fchle (Verpflegung und Kontrolle).<br \/>\nLanger  schwieriger Anstieg \u00fcber den Eisenberg.<br \/>\nBlick auf die Wahlener Platte mit  den Windr\u00e4dern.<br \/>\nDownhill bis zum Golfplatz, gute Trails.<br \/>\nAuf Singletrails  bis zur Odilenkapelle.<br \/>\nAufstieg zur Oppener Kuppe.<br \/>\nZum Wei\u00dfen  Kreuz.<br \/>\nOberhalb von Rissenthal vorbei.<br \/>\nSuper Trails bis  Hargarten\u2026<\/p>\n<p>&nbsp;<\/p>\n<p>&nbsp;<\/p>\n<p><font color=\"black\" face=\"verdana\" size=\"2\">Also: eine absolut empfehlenswerte Tour. Wer den L\u00fcckner mit  seinen Trails und die abwechslungsreiche Umgebung kennen lernen will, bereit ist  sich ein wenig anzustrengen, der ist mit dieser Rundes bestens  bedient.<\/font>(Stand: Sep 07)<\/p>\n<p>&nbsp;<\/p>\n<p>&nbsp;<\/p>\n<p>Es empfiehlt sich, die Tour auf Magic Maps anzusehen und  auszudrucken. Oder die Runde per GPS zu fahren&#8230; Download: bitte anmailen!<\/p>\n","protected":false},"excerpt":{"rendered":"<p>L\u00fcckner und Hausstadter Tal Start: Michelbach oder Hargarten Strecke: L\u00fcckner, Oppener Kuppe, Rissenthal, Hargarten, Erbringen, Reimsbach, Kansas, L\u00fcckner L\u00e4nge\/H\u00f6henmeter: 56 km \/ 900 hm &nbsp; &nbsp; Die Wege dieser Tour sind nicht unbedingt neu, aber einmalig in dieser Kombination. Der gr\u00f6\u00dfte Teil der Runde entspricht dem CTF der Radsportfreunde Hausstadter Tal aus dem Jahr 2007. &hellip; <\/p>\n<p class=\"link-more\"><a href=\"https:\/\/nmbiking.de\/wp\/?page_id=1439\" class=\"more-link\"><span class=\"screen-reader-text\">\u201eReimsbach Runde\u201c <\/span>weiterlesen<\/a><\/p>\n","protected":false},"author":65,"featured_media":0,"parent":1435,"menu_order":0,"comment_status":"open","ping_status":"closed","template":"","meta":{"footnotes":""},"class_list":["post-1439","page","type-page","status-publish","hentry"],"_links":{"self":[{"href":"https:\/\/nmbiking.de\/wp\/index.php?rest_route=\/wp\/v2\/pages\/1439","targetHints":{"allow":["GET"]}}],"collection":[{"href":"https:\/\/nmbiking.de\/wp\/index.php?rest_route=\/wp\/v2\/pages"}],"about":[{"href":"https:\/\/nmbiking.de\/wp\/index.php?rest_route=\/wp\/v2\/types\/page"}],"author":[{"embeddable":true,"href":"https:\/\/nmbiking.de\/wp\/index.php?rest_route=\/wp\/v2\/users\/65"}],"replies":[{"embeddable":true,"href":"https:\/\/nmbiking.de\/wp\/index.php?rest_route=%2Fwp%2Fv2%2Fcomments&post=1439"}],"version-history":[{"count":0,"href":"https:\/\/nmbiking.de\/wp\/index.php?rest_route=\/wp\/v2\/pages\/1439\/revisions"}],"up":[{"embeddable":true,"href":"https:\/\/nmbiking.de\/wp\/index.php?rest_route=\/wp\/v2\/pages\/1435"}],"wp:attachment":[{"href":"https:\/\/nmbiking.de\/wp\/index.php?rest_route=%2Fwp%2Fv2%2Fmedia&parent=1439"}],"curies":[{"name":"wp","href":"https:\/\/api.w.org\/{rel}","templated":true}]}}