{"id":1435,"date":"2007-10-11T08:32:28","date_gmt":"2007-10-11T09:32:28","guid":{"rendered":"https:\/\/nmbiking.de\/wp\/?page_id=1435"},"modified":"2022-10-05T12:27:40","modified_gmt":"2022-10-05T11:27:40","slug":"standardtouren","status":"publish","type":"page","link":"https:\/\/nmbiking.de\/wp\/?page_id=1435","title":{"rendered":"Standardtouren"},"content":{"rendered":"<p><font face=\"verdana\" size=\"4\">Sch\u00f6ne Wege durchs Saarland<\/font><\/p>\n<p>Die vorliegenden  <strong>Tourenbeschreibungen <\/strong>erheben keinen Anspruch auf absolute Richtigkeit! Sie  sollen vielmehr eine <strong>Hilfe<\/strong> sein, etwas Eigenes zu entwickeln, sich auf  den Weg zu machen. Sie k\u00f6nnen auch dabei helfen, den ein oder anderen  versteckten Weg zu finden. Die Beschreibungen sollen zeigen, dass  Mountainbikefahren <strong>mehr<\/strong> ist &#8230; n\u00e4mlich <font color=\"#996666\"><strong>Erkunden,  Entdecken, Schauen, Kontakt suchen, ein Bewusstsein f\u00fcr unsere Umwelt und Natur  entwickeln<\/strong> &#8230;<\/font><\/p>\n<hr \/>\n<p>Wir bitten dringend darum, die Regeln, welche die Deutsche Initiative Mountainbike (DIMB) aufgestellt hat, zu beachten:<\/p>\n<ol>\n<strong>1. Fahre nur auf Wegen!<\/strong><br \/>\nFahre nie querfeldein, du sch\u00e4digst sonst die Natur! Respektiere lokale Wegesperrungen! Forstwirtschaft, Viehtrieb und Belange des Naturschutzes rechtfertigen dies. Auch in Naherholungsgebieten k\u00f6nnen lokale Sperrungen berechtigt sein. Die Art und Weise in der du f\u00e4hrst bestimmt das Handeln der Beh\u00f6rden und Verwaltungen. Auf Privatgrund bist du oft nur geduldet!<br \/>\n<strong>2. Hinterlasse keine Spuren!<\/strong><br \/>\nBremse nicht mit blockierenden R\u00e4dern! (Ausnahme in Notsituationen) Blockierbremsungen beg\u00fcnstigen die Bodenerosion und verursachen Wegesch\u00e4den. Stelle deine Fahrweise auf den Untergrund und die Wegebeschaffenheit ein. Nicht jeder Weg vertr\u00e4gt jedes Bremsman\u00f6ver und jede Fahrweise.<br \/>\n<strong>3. Halte dein Mountainbike unter Kontrolle!<\/strong><br \/>\nUnachtsamkeit, auch nur f\u00fcr wenige Sekunden, kann einen Unfall verursachen. Passe deine Geschwindigkeit der jeweiligen Situation an. In nicht einsehbaren Passagen k\u00f6nnen jederzeit Fu\u00dfg\u00e4nger, Hindernisse oder anderer Biker auftauchen. Du musst in Sichtweite anhalten k\u00f6nnen! Zu deiner eigenen Sicherheit und derer anderer Menschen.<br \/>\n<strong>4. Respektiere andere Naturnutzer!<\/strong><br \/>\nK\u00fcndige deine Vorbeifahrt fr\u00fchzeitig an. Erschrecke keine anderen Wegenutzer! Vermindere deine Geschwindigkeit beim Passieren auf Schrittgeschwindigkeit oder halte an. Bedenke, dass andere Wegenutzer dich zu sp\u00e4t wahrnehmen k\u00f6nnen. Fahre, wenn m\u00f6glich, nur in kleinen Gruppen!<br \/>\n<strong>5. Nimm R\u00fccksicht auf Tiere!<\/strong><br \/>\nWeidetiere und alle anderen Tiere in Wald und Flur bed\u00fcrfen besonderer R\u00fccksichtnahme! Schlie\u00dfe Weidez\u00e4une, nachdem du sie passiert hast. Verlasse rechtzeitig zur D\u00e4mmerung den Wald, um die Tiere bei ihrer Nahrungsaufnahme nicht zu st\u00f6ren.<br \/>\n<strong>6. Plane im Voraus!<\/strong><br \/>\nBeginne deine Tour m\u00f6glichst direkt vor deiner Haust\u00fcre. Pr\u00fcfe deine Ausr\u00fcstung, sch\u00e4tze deine F\u00e4higkeiten richtig ein und w\u00e4hle die Gegend, in der du fahren willst, entsprechend aus. Schlechtes Wetter oder eine Panne kann deine Tour deutlich verl\u00e4ngern. Sei auch f\u00fcr unvorhersehbare Situationen ger\u00fcstet: Denke an Werkzeug, Proviant und Erste-Hilfe-Set. Trage eine Sicherheitsausr\u00fcstung! Ein Helm kann sch\u00fctzen, ist aber keine Lebensversicherung.<\/ol>\n<hr \/>\n<p><strong>R\u00fcckmeldungen<\/strong>, positiver oder kritischer Art,  <strong>sind willkommen<\/strong>. Vielleicht gibt es tats\u00e4chliche Fehler in den Beschreibungen (z.B. rechts statt links) oder \u00c4nderungsvorschl\u00e4ge&#8230; Genaue Details oder &#8211; falls vorhanden &#8211; GPX-Datei kann auf Nachfrage zugeschickt werden&#8230;<\/p>\n<p>&nbsp;<\/p>\n<p><strong>\u00dcbersicht Tourenziele nach Kategorien<\/strong> gibt es <a href=\"https:\/\/nmbiking.de\/wp\/?page_id=77408\">hier<\/a><\/p>\n<p><strong>Die Touren<\/strong><\/p>\n<p>01 <a href=\"https:\/\/nmbiking.de\/wp\/?page_id=1671\">[Schmelz] <\/a> Kleine Runden um den Ort<\/p>\n<p>02 <a href=\"https:\/\/nmbiking.de\/wp\/?page_id=1663\">[Burg Montclair] <\/a> und Saarschleife<\/p>\n<p>03 [Sch\u00f6nertskopf]   auf Anfrage<\/p>\n<p>04 [Reimsbacher Runde]  &#8211; auf Anfrage<\/p>\n<p>05 [Dasselter Stein] und Litermont &#8211; auf Anfrage<\/p>\n<p>06 <a href=\"https:\/\/nmbiking.de\/wp\/?page_id=1682\">[H\u00f6chsten] <\/a> ein Wallfahrsort<\/p>\n<p>07 <a href=\"https:\/\/nmbiking.de\/wp\/?page_id=1664\">[Fischerberghaus] <\/a> und zur Saar<\/p>\n<p>08 <a href=\"https:\/\/nmbiking.de\/wp\/?page_id=1672\">[Litermont 1]<\/a> die erste Tourenbeschreibung<\/p>\n<p>09 [Litermont 2] etwas anders &#8211; auf Anfrage<\/p>\n<p>10 [Lebach]  Im Moritzwald &#8211; auf Anfrage<\/p>\n<p>11 [Saarwellingen] \u00fcber Hoxberg &#8211; auf Anfrage<\/p>\n<p>12 [Schaumberg] mit sch\u00f6nem Rundblick &#8211; auf Anfrage<\/p>\n<p>13 <a href=\"https:\/\/nmbiking.de\/wp\/?page_id=1755\">[Grimburg]<\/a> im Nachbarland<\/p>\n<p>14 [Ritzelberg] und Krummer Stein &#8211; auf Anfrage<\/p>\n<p>15 <a href=\"https:\/\/nmbiking.de\/wp\/?page_id=88\">[Bostalsee]<\/a> &#8211; kleine Saarlandrundfahrt<\/p>\n<p>16 <a href=\"https:\/\/nmbiking.de\/wp\/?page_id=1689\">[Haankapelle]<\/a> Geschichtsunterricht<\/p>\n<p>17 <a href=\"https:\/\/nmbiking.de\/wp\/?page_id=1688\">[Dagstuhl]<\/a> Informatik und Ruinen<\/p>\n<p>18 <a href=\"https:\/\/nmbiking.de\/wp\/?page_id=1761\">[Losheim]<\/a> am Stausee<\/p>\n<p>19 <a href=\"https:\/\/nmbiking.de\/wp\/?p=43979\">[Oppigbach<\/a>] mit Wasserfall<\/p>\n<p>20 [Teufelsburg] jenseits der Saar &#8211; auf Anfrage<\/p>\n<p>211 [Bietzer Berg] und alte Grenzsteine &#8211; auf Anfrage<\/p>\n<p>22 [Bohnental] im Herzen des Saarlandes &#8211; auf Anfrage<\/p>\n<p>23 [Erbeskopf] Monstertour &#8211; auf Anfrage<\/p>\n<p>24 [Rappweiler] zwischen L\u00fcckner und Hochwald &#8211; auf Anfrage<\/p>\n<p>25 [H\u00fcgeltour] eine Trainingsstrecke &#8211; auf Anfrage<\/p>\n<p>26 [Kreuzbergkapelle] und Wolfsgehege Merzig &#8211; auf Anfrage<\/p>\n<p>27 <a href=\"https:\/\/nmbiking.de\/wp\/?page_id=1759\">[Donatuskapelle]<\/a> \u00fcber Losheim<\/p>\n<p>28 <a href=\"https:\/\/nmbiking.de\/wp\/?page_id=2521\">[Siersburg]<\/a> auf der anderen Seite<\/p>\n<p>29 [Greimerath] und Judenkopf &#8211; auf Anfrage<\/p>\n<p>30 <a href=\"https:\/\/nmbiking.de\/wp\/?page_id=10277\">[Saarburg]<\/a> durchs Leukbachtal<\/p>\n<p>31 [Schimmelkopf] die Hochwaldrunde &#8211; auf Anfrage<\/p>\n<p>32 <a href=\"https:\/\/nmbiking.de\/wp\/?page_id=50467\">[Noswendler Bruch]<\/a> abwechslungsreiche Tour<\/p>\n<p>&#8230; und <a href=\"https:\/\/nmbiking.de\/wp\/?page_id=78685\">Meine Lieblingstouren<\/a><\/p>\n","protected":false},"excerpt":{"rendered":"<p>Sch\u00f6ne Wege durchs Saarland Die vorliegenden Tourenbeschreibungen erheben keinen Anspruch auf absolute Richtigkeit! Sie sollen vielmehr eine Hilfe sein, etwas Eigenes zu entwickeln, sich auf den Weg zu machen. Sie k\u00f6nnen auch dabei helfen, den ein oder anderen versteckten Weg zu finden. Die Beschreibungen sollen zeigen, dass Mountainbikefahren mehr ist &#8230; n\u00e4mlich Erkunden, Entdecken, Schauen, &hellip; <\/p>\n<p class=\"link-more\"><a href=\"https:\/\/nmbiking.de\/wp\/?page_id=1435\" class=\"more-link\"><span class=\"screen-reader-text\">\u201eStandardtouren\u201c <\/span>weiterlesen<\/a><\/p>\n","protected":false},"author":65,"featured_media":0,"parent":0,"menu_order":0,"comment_status":"open","ping_status":"closed","template":"","meta":{"footnotes":""},"class_list":["post-1435","page","type-page","status-publish","hentry"],"_links":{"self":[{"href":"https:\/\/nmbiking.de\/wp\/index.php?rest_route=\/wp\/v2\/pages\/1435","targetHints":{"allow":["GET"]}}],"collection":[{"href":"https:\/\/nmbiking.de\/wp\/index.php?rest_route=\/wp\/v2\/pages"}],"about":[{"href":"https:\/\/nmbiking.de\/wp\/index.php?rest_route=\/wp\/v2\/types\/page"}],"author":[{"embeddable":true,"href":"https:\/\/nmbiking.de\/wp\/index.php?rest_route=\/wp\/v2\/users\/65"}],"replies":[{"embeddable":true,"href":"https:\/\/nmbiking.de\/wp\/index.php?rest_route=%2Fwp%2Fv2%2Fcomments&post=1435"}],"version-history":[{"count":21,"href":"https:\/\/nmbiking.de\/wp\/index.php?rest_route=\/wp\/v2\/pages\/1435\/revisions"}],"predecessor-version":[{"id":79989,"href":"https:\/\/nmbiking.de\/wp\/index.php?rest_route=\/wp\/v2\/pages\/1435\/revisions\/79989"}],"wp:attachment":[{"href":"https:\/\/nmbiking.de\/wp\/index.php?rest_route=%2Fwp%2Fv2%2Fmedia&parent=1435"}],"curies":[{"name":"wp","href":"https:\/\/api.w.org\/{rel}","templated":true}]}}