{"id":1334,"date":"2007-07-24T10:26:50","date_gmt":"2007-07-24T11:26:50","guid":{"rendered":"https:\/\/nmbiking.de\/wp\/?page_id=1334"},"modified":"2019-04-14T08:56:37","modified_gmt":"2019-04-14T07:56:37","slug":"mysterytouren","status":"publish","type":"page","link":"https:\/\/nmbiking.de\/wp\/?page_id=1334","title":{"rendered":"Birg"},"content":{"rendered":"<p><strong>Mysterytour Zehn<\/strong><\/p>\n<p>Start: Michelbach, Kirche<br \/>\nL\u00e4nge\/H\u00f6henmeter: 18 km \/ 340 hm<\/p>\n<p>Dies ist eine kleine Rundtour von Schmelz aus, die auch gut in der anderen Richtung gefahren und\/oder in eine l\u00e4ngere eingebaut werden kann. Die wichtigsten Stationen:<\/p>\n<p><strong>Die Birg<\/strong><br \/>\nMan  erkennt gut die zweitausend Jahre alte Ringwallanlage, eine Fliehburg, die vor kriegerischen Horden sch\u00fctzen sollte. Unten an der Prims liegen die \u201cKesslerschen L\u00f6cher\u201d, es sind alte Kupferbergwerksstollen. Nach einer Sage soll es von dort aus eine Verbindung zur Birg gegeben haben, der als Fluchtweg genutzt wurde. <\/p>\n<ol>\nInfo:<br \/>\n<em>Seit langer Zeit erz\u00e4hlt man sich im Schmelzer Ortsteil Limbach die Geschichten vom \u201eBirgPeter\u201c, einem Raubritter, der von seiner Burg aus (\u201eBirg\u201c, s\u00fcdlich der Primsschleife bei Limbach gelegen) sein Unwesen trieb. Tats\u00e4chlich kann man heute noch den Ausgang seines in der Sage beschriebenen Fluchttunnels, die so genannten \u201eKesslers L\u00f6cher\u201c am Fu\u00dfe des gro\u00dfen Horstes, in der Primsaue gegen\u00fcber der Schatterm\u00fchle sehen.<\/em><\/ol>\n<p>Weiterf\u00fchrende, genaue Infos gibt es <a href=\"https:\/\/www.schmelz.de\/fileadmin\/Paulus\/Birg.pdf\">hier<\/a><\/p>\n<p> <strong>Der Hoxfelsen<br \/>\nVon der Birg aus fahren wir weiter hoch zum Hoxfelsen, einer geologischen Besonderheit: uraltes Melaphyrgestein. Vom Felsen aus haben wir einen sch\u00f6nen Blick hin\u00fcber nach Auschet. <\/p>\n<p><\/strong><strong>Alter Bahnhof Limbach<\/strong><br \/>\nEr ist fast nicht mehr als Bahnhof zu erkennen, weil es inzwischen ein privates Wohnhaus geworden ist. Noch vorhanden: die Backsteinstruktur und die Gleise hinterm Haus&#8230;<\/p>\n<p><strong>Primstrail<\/strong><br \/>\nEin sehr sch\u00f6ner, nah am Wasser entlang laufender Weg f\u00fchrt uns dann bis kurz vor \u00dcberlosheim. Bevor es in den Ort geht, biegt man rechts ab, den Berg hoch in den Wald hinein. Dem Hauptweg folgt man, Blick nach links zu den aus dem Berg herausschauenden Felsen, bis es \u00fcber ein Brett nach links steil hoch geht Richtung Waldrand. Das war mal ein guter Wanderweg, der ziemlich zugeworfen und verwahrlost ist. Am besten f\u00e4hrt man so bald wie m\u00f6glich hinaus auf die Wiese und orientiert sich per Blick. Eigentlich geht es immer geradeaus bis zum Teerstr\u00e4\u00dfchen, das von Nunkirchen herauf f\u00fchrt. Im folgen wir nach links bis zur Bundesstra\u00dfe, \u00fcberqueren diese und fahren an der Gerichtslinde (hinterm Parkplatz) nach Michelbach ab&#8230;<\/p>\n<div id='gallery-1' class='gallery galleryid-1334 gallery-columns-3 gallery-size-thumbnail'><figure class='gallery-item'>\n\t\t\t<div class='gallery-icon landscape'>\n\t\t\t\t<a href='https:\/\/nmbiking.de\/wp\/wp-content\/uploads\/2017\/08\/aug17_7.jpg'><img loading=\"lazy\" decoding=\"async\" width=\"200\" height=\"94\" src=\"https:\/\/nmbiking.de\/wp\/wp-content\/uploads\/2017\/08\/aug17_7-200x94.jpg\" class=\"attachment-thumbnail size-thumbnail\" alt=\"\" srcset=\"https:\/\/nmbiking.de\/wp\/wp-content\/uploads\/2017\/08\/aug17_7-200x94.jpg 200w, https:\/\/nmbiking.de\/wp\/wp-content\/uploads\/2017\/08\/aug17_7-300x142.jpg 300w, https:\/\/nmbiking.de\/wp\/wp-content\/uploads\/2017\/08\/aug17_7-768x363.jpg 768w, https:\/\/nmbiking.de\/wp\/wp-content\/uploads\/2017\/08\/aug17_7.jpg 1700w\" sizes=\"auto, 100vw\" \/><\/a>\n\t\t\t<\/div><\/figure><figure class='gallery-item'>\n\t\t\t<div class='gallery-icon landscape'>\n\t\t\t\t<a href='https:\/\/nmbiking.de\/wp\/wp-content\/uploads\/2017\/08\/aug17_8.jpg'><img loading=\"lazy\" decoding=\"async\" width=\"200\" height=\"78\" src=\"https:\/\/nmbiking.de\/wp\/wp-content\/uploads\/2017\/08\/aug17_8-200x78.jpg\" class=\"attachment-thumbnail size-thumbnail\" alt=\"\" srcset=\"https:\/\/nmbiking.de\/wp\/wp-content\/uploads\/2017\/08\/aug17_8-200x78.jpg 200w, https:\/\/nmbiking.de\/wp\/wp-content\/uploads\/2017\/08\/aug17_8-300x117.jpg 300w, https:\/\/nmbiking.de\/wp\/wp-content\/uploads\/2017\/08\/aug17_8-768x300.jpg 768w, https:\/\/nmbiking.de\/wp\/wp-content\/uploads\/2017\/08\/aug17_8.jpg 1700w\" sizes=\"auto, 100vw\" \/><\/a>\n\t\t\t<\/div><\/figure><figure class='gallery-item'>\n\t\t\t<div class='gallery-icon landscape'>\n\t\t\t\t<a href='https:\/\/nmbiking.de\/wp\/wp-content\/uploads\/2017\/08\/startbild_2642_klein.jpg'><img loading=\"lazy\" decoding=\"async\" width=\"200\" height=\"87\" src=\"https:\/\/nmbiking.de\/wp\/wp-content\/uploads\/2017\/08\/startbild_2642_klein-200x87.jpg\" class=\"attachment-thumbnail size-thumbnail\" alt=\"\" srcset=\"https:\/\/nmbiking.de\/wp\/wp-content\/uploads\/2017\/08\/startbild_2642_klein-200x87.jpg 200w, https:\/\/nmbiking.de\/wp\/wp-content\/uploads\/2017\/08\/startbild_2642_klein.jpg 240w\" sizes=\"auto, 100vw\" \/><\/a>\n\t\t\t<\/div><\/figure>\n\t\t<\/div>\n\n<p><iframe loading=\"lazy\" src=\"https:\/\/www.komoot.de\/tour\/54666447\/embed?profile=1\" width=\"700\" height=\"580\" frameborder=\"0\" scrolling=\"no\"><\/iframe><\/p>\n<p>&nbsp;<\/p>\n<p>Eine l\u00e4ngere Tour mit mehr &#8222;mystischen&#8220; Stationen gibt es auch:<br \/>\n<iframe loading=\"lazy\" src=\"https:\/\/www.komoot.de\/tour\/54560564\/embed?profile=1\" width=\"700\" height=\"580\" frameborder=\"0\" scrolling=\"no\"><\/iframe><\/p>\n","protected":false},"excerpt":{"rendered":"<p>Mysterytour Zehn Start: Michelbach, Kirche L\u00e4nge\/H\u00f6henmeter: 18 km \/ 340 hm Dies ist eine kleine Rundtour von Schmelz aus, die auch gut in der anderen Richtung gefahren und\/oder in eine l\u00e4ngere eingebaut werden kann. Die wichtigsten Stationen: Die Birg Man erkennt gut die zweitausend Jahre alte Ringwallanlage, eine Fliehburg, die vor kriegerischen Horden sch\u00fctzen sollte. &hellip; <\/p>\n<p class=\"link-more\"><a href=\"https:\/\/nmbiking.de\/wp\/?page_id=1334\" class=\"more-link\"><span class=\"screen-reader-text\">\u201eBirg\u201c <\/span>weiterlesen<\/a><\/p>\n","protected":false},"author":65,"featured_media":0,"parent":1432,"menu_order":0,"comment_status":"open","ping_status":"closed","template":"","meta":{"footnotes":""},"class_list":["post-1334","page","type-page","status-publish","hentry"],"_links":{"self":[{"href":"https:\/\/nmbiking.de\/wp\/index.php?rest_route=\/wp\/v2\/pages\/1334","targetHints":{"allow":["GET"]}}],"collection":[{"href":"https:\/\/nmbiking.de\/wp\/index.php?rest_route=\/wp\/v2\/pages"}],"about":[{"href":"https:\/\/nmbiking.de\/wp\/index.php?rest_route=\/wp\/v2\/types\/page"}],"author":[{"embeddable":true,"href":"https:\/\/nmbiking.de\/wp\/index.php?rest_route=\/wp\/v2\/users\/65"}],"replies":[{"embeddable":true,"href":"https:\/\/nmbiking.de\/wp\/index.php?rest_route=%2Fwp%2Fv2%2Fcomments&post=1334"}],"version-history":[{"count":13,"href":"https:\/\/nmbiking.de\/wp\/index.php?rest_route=\/wp\/v2\/pages\/1334\/revisions"}],"predecessor-version":[{"id":56367,"href":"https:\/\/nmbiking.de\/wp\/index.php?rest_route=\/wp\/v2\/pages\/1334\/revisions\/56367"}],"up":[{"embeddable":true,"href":"https:\/\/nmbiking.de\/wp\/index.php?rest_route=\/wp\/v2\/pages\/1432"}],"wp:attachment":[{"href":"https:\/\/nmbiking.de\/wp\/index.php?rest_route=%2Fwp%2Fv2%2Fmedia&parent=1334"}],"curies":[{"name":"wp","href":"https:\/\/api.w.org\/{rel}","templated":true}]}}