{"id":1331,"date":"2007-07-24T09:58:49","date_gmt":"2007-07-24T10:58:49","guid":{"rendered":"https:\/\/nmbiking.de\/wp\/?page_id=1331"},"modified":"2019-05-09T16:41:45","modified_gmt":"2019-05-09T15:41:45","slug":"das-steinerne-kreuz","status":"publish","type":"page","link":"https:\/\/nmbiking.de\/wp\/?page_id=1331","title":{"rendered":"Das gr\u00fcne Kreuz"},"content":{"rendered":"<p><font size=\"-0\"><strong>Mysterytour Sieben<\/strong><\/font><br \/>\n<font color=\"#999900\" size=\"6\"><br \/>\n<\/font><font face=\"verdana\" size=\"2\"><strong>Start<\/strong>:  Schmelz<br \/>\n<strong>L\u00e4nge<\/strong>: 43 km<br \/>\n<\/font><\/p>\n<p>&nbsp;<\/p>\n<p><strong>Kurzbeschreibung<\/strong>  der Strecke:<br \/>\nSchmelz &#8211; Tanneck &#8211; R\u00fcmmelbach &#8211; Homesm\u00fchle  &#8211; Thalexweiler &#8211; Schellenbach &#8211; links an der Autobahn vorbei &#8211; am Kreuz am  Waldrand in den Wald &#8211; Steinernes Kreuz &#8211; an der Autobahnmeisterei den Feldweg  hoch &#8211; links nach Steinbach &#8211; H\u00f6chsten &#8211; Kapelle &#8211; Mariengrotte Gresaubach &#8211;  Gro\u00dfer Horst &#8211; Schmelz <\/p>\n<p>&nbsp;<\/p>\n<p>&nbsp;<\/p>\n<p>Von Schmelz aus fahren wir entweder durch den  Lebacher Wald bis <strong>Tanneck<\/strong> oder durch das Solbachtal und dann \u00fcber die  Hauptstra\u00dfe oberhalb von Gresaubach r\u00fcber nach Tanneck.  Dort biegen wir ab und sausen runter nach  <strong>R\u00fcmmelbach<\/strong>. Wir halten uns rechts und folgen der Stra\u00dfe den Berg hoch aus  dem Ort heraus. Im Wald sto\u00dfen wir bald auf einen weiteren breiten Weg. Ihm  folgen wir nach rechts runter bis zur n\u00e4chsten Wegabzweigung nach links. Durch  den <strong>Homeswald<\/strong> kommen wir bis zur <strong>Homesm\u00fchle<\/strong>. Wir schnaufen den  steilen Berg hoch und lassen dann laufen bis nach <strong>Thalexweiler<\/strong>.<\/p>\n<p>Direkt in die gegen\u00fcberliegende Stra\u00dfe reinfahren, in den  Ortsteil <strong>Schellenbach<\/strong>, \u00fcber die <strong>Theelbr\u00fccke<\/strong>, links halten und dann  rechts der Stra\u00dfe den Berg rauf folgen. Wir fahren jetzt nicht ganz hoch bis zur  Autobahnbr\u00fccke, sondern vorher den geteerten <strong>Feldweg<\/strong> links rein. Mit  sch\u00f6nem Blick auf die D\u00f6rfchen Steinbach und D\u00f6rsdorf, die auf der  gegen\u00fcberliegenden Seite des Tales zu sehen sind, folgen wir dem Teerweg, der  bald in einen Feldweg \u00fcbergeht und uns in den Wald des <strong>Heinzenberges<\/strong> f\u00fchrt. Am Kreuz  fahren wir in den Wald hinein und folgen dem schmaler werden Weg, der den Berg  runter f\u00fchrt. In einigen Kehren f\u00fchrt der Pfad ins Tal runter. Obacht! Bevor wir  ganz unten ankommen, achten wir auf eine kleine Abzweigung nach links! Und  Obacht! \u00dcber einen schmalen Steg ( sehr schmal!) kommen wir nach links fahrend  vor einer Autobahnunterf\u00fchrung heraus. Nach ein paar Metern folgt eine  <strong>Holzbr\u00fccke \u00fcber die Theel<\/strong> und wir sehen schon die<strong> alte Eiche<\/strong>. Und  darunter <strong>das steinerne Kreuz.<\/strong><\/p>\n<p>&nbsp;<\/p>\n<p>Nat\u00fcrlich hat das Kreuz eine Geschichte: Napoleons Armee  ist auf dem R\u00fcckzug. Verb\u00e4nde des russischen Zaren verfolgen sie &#8211; bis hierher  ins Saarland. Ein kleiner franz\u00f6sischer Trupp stellt sich in der N\u00e4he der Eiche  den zahlenm\u00e4\u00dfig \u00fcberlegenen russischen Soldaten. Ihr Anf\u00fchrer, ein junger  Leutnant, wird t\u00f6dlich verletzt, die anderen ergreifen die Flucht. Wenige Tage  sp\u00e4ter finden Leute aus dem Dorf den Toten und sein ebenfalls totes Pferd und  begraben beide unter der dicken Eiche. Und seitdem steht der Franzose jede Nacht  auf und setzt sich unter die Eiche&#8230; 1814 soll das Kreuz errichtet worden sein,  1936 wurde es wegen des Baus der Stra\u00dfe zum Baum hin verlegt. (Quelle: Mystery,  Bonjour Saarland Edition)<\/p>\n<p>&nbsp;<\/p>\n<p>Auch wir  machen uns auf den R\u00fcckzug. \u00dcber die Br\u00fccke geht es an der Autobahnmeisterei  den Berg hoch. Bald haben wir freien Blick auf den Schaumberg, vor uns liegt  <strong>Steinbach<\/strong>. Wir nehmen die zweite Abzweigung ( zweite Teerstra\u00dfe) in den  Ort hinein, links die Hauptstra\u00dfe in den Ort runter und dann rechts ab in  Richtung Gresaubach. Dann geht es die <strong>H\u00f6chstener Stra\u00dfe<\/strong> hoch und wir  folgen dem Schild zum <strong>Bundeswehrgel\u00e4nde<\/strong>. Wenn von rechts ein Weg \u00fcber die  Wiese aus dem Wald herauff\u00fchrt, biegen wir links gegen\u00fcber in einen ansteigenden  Weg ein. Bald wird er flach. Rechts im Wald liegen Felsbrocken verstreut, die  vom H\u00f6chsten heruntergepurzelt sind. Wir kommen am Pilgerplatz der <strong>H\u00f6chstener  Kapelle<\/strong> heraus &#8211; und spendieren eine Kerze&#8230;<\/p>\n<p>Es folgt eine h\u00fcbsch stufige Auffahrt bis zur Kapelle. Das  Cafe Waldfriede lassen wir links liegen und sausen die Stra\u00dfe entlang in  Richtung Schmelz \u00fcber die H\u00f6he mit Weitsicht. Wir halten uns dann links Richtung  Gresaubach und biegen rechts in den immer feuchten Wald ein. Bald verl\u00e4uft neben  dem breiten Weg ein schmaler Fu\u00dfpfad, der uns sehr genehm ist. Kleiner Anstieg  bis zur Hauptstra\u00dfe hoch. Auf der gegen\u00fcberliegenden Seite  qu\u00e4len wir uns den schmalen Stich hoch (Vorsicht! Oft heftiger Autoverkehr!)  Jetzt folgen wir dem Trail im Wald nach links, biegen aber nach wenigen  Metern in einen <strong>schmalen Pfad <\/strong>(rote Markierung auf den B\u00e4umen) rechts  ein, der uns in sch\u00f6nen Schlenkern bis zum Weiher bringt. Wir haben verschiedene  M\u00f6glichkeiten nach Schmelz zur\u00fcck zu kommen.<\/p>\n<p>&nbsp;<\/p>\n<p><strong>R\u00fcckweg<\/strong>: \u00dcber den Horst ins  <strong>Solbacht\u00e4lchen<\/strong> runter. Oder durch den Horst bis zur Kapelle Renges. Oder  am einfachsten: den linken Weg nehmen an der Asphaltanlage Dittgen vorbei.  (Stand M\u00e4rz 2019)<\/p>\n<p><iframe loading=\"lazy\" src=\"https:\/\/www.komoot.de\/tour\/66185845\/embed?profile=1\" width=\"700\" height=\"580\" frameborder=\"0\" scrolling=\"no\"><\/iframe><\/p>\n","protected":false},"excerpt":{"rendered":"<p>Mysterytour Sieben Start: Schmelz L\u00e4nge: 43 km &nbsp; Kurzbeschreibung der Strecke: Schmelz &#8211; Tanneck &#8211; R\u00fcmmelbach &#8211; Homesm\u00fchle &#8211; Thalexweiler &#8211; Schellenbach &#8211; links an der Autobahn vorbei &#8211; am Kreuz am Waldrand in den Wald &#8211; Steinernes Kreuz &#8211; an der Autobahnmeisterei den Feldweg hoch &#8211; links nach Steinbach &#8211; H\u00f6chsten &#8211; Kapelle &#8211; &hellip; <\/p>\n<p class=\"link-more\"><a href=\"https:\/\/nmbiking.de\/wp\/?page_id=1331\" class=\"more-link\"><span class=\"screen-reader-text\">\u201eDas gr\u00fcne Kreuz\u201c <\/span>weiterlesen<\/a><\/p>\n","protected":false},"author":65,"featured_media":0,"parent":1432,"menu_order":0,"comment_status":"open","ping_status":"closed","template":"","meta":{"footnotes":""},"class_list":["post-1331","page","type-page","status-publish","hentry"],"_links":{"self":[{"href":"https:\/\/nmbiking.de\/wp\/index.php?rest_route=\/wp\/v2\/pages\/1331","targetHints":{"allow":["GET"]}}],"collection":[{"href":"https:\/\/nmbiking.de\/wp\/index.php?rest_route=\/wp\/v2\/pages"}],"about":[{"href":"https:\/\/nmbiking.de\/wp\/index.php?rest_route=\/wp\/v2\/types\/page"}],"author":[{"embeddable":true,"href":"https:\/\/nmbiking.de\/wp\/index.php?rest_route=\/wp\/v2\/users\/65"}],"replies":[{"embeddable":true,"href":"https:\/\/nmbiking.de\/wp\/index.php?rest_route=%2Fwp%2Fv2%2Fcomments&post=1331"}],"version-history":[{"count":7,"href":"https:\/\/nmbiking.de\/wp\/index.php?rest_route=\/wp\/v2\/pages\/1331\/revisions"}],"predecessor-version":[{"id":56671,"href":"https:\/\/nmbiking.de\/wp\/index.php?rest_route=\/wp\/v2\/pages\/1331\/revisions\/56671"}],"up":[{"embeddable":true,"href":"https:\/\/nmbiking.de\/wp\/index.php?rest_route=\/wp\/v2\/pages\/1432"}],"wp:attachment":[{"href":"https:\/\/nmbiking.de\/wp\/index.php?rest_route=%2Fwp%2Fv2%2Fmedia&parent=1331"}],"curies":[{"name":"wp","href":"https:\/\/api.w.org\/{rel}","templated":true}]}}