{"id":1330,"date":"2007-07-24T09:48:17","date_gmt":"2007-07-24T10:48:17","guid":{"rendered":"https:\/\/nmbiking.de\/wp\/?page_id=1330"},"modified":"2019-01-08T11:02:52","modified_gmt":"2019-01-08T10:02:52","slug":"kelten-im-hochwald","status":"publish","type":"page","link":"https:\/\/nmbiking.de\/wp\/?page_id=1330","title":{"rendered":"Kelten im Hochwald"},"content":{"rendered":"<p><strong>Mysterytour Sechs<\/strong><br \/>\nStart: Parkplatz Friedhof Scheiden<br \/>\n&nbsp;&nbsp;<\/p>\n<p>Wir starten am Waldparkplatz (Friedhof, Jagdhaus Leineweber). Bis hier hoch braucht man von Schmelz aus mit dem Rad eine gute Stunde, je nach Strecke. Hinterm Jagdhaus f\u00fchrt die lange 12 km-Runde hoch in Richtung <strong>Ferdinandshaus<\/strong>. Eine kleine Runde von 4 km folgt dem breiten Weg hinterm Friedhof nach rechts. Eine gro\u00dfe, leider etwas ungenaue Karte soll den Wanderer leiten. Ausgeschildert als &#8222;Felsenweg&#8220; ist die Runde trotzdem gut zu finden! <\/p>\n<p>Es geht also <strong>hinterm Friedhof rechts herum<\/strong> dem breiten Weg nach. An der n\u00e4chsten gro\u00dfen Kreuzung nehmen wir den <strong>oberen Weg nach rechts<\/strong>, umfahren den <strong>B\u00e4renfelsen<\/strong> und n\u00e4hern uns ihm von unten. An diesen Felsen sind wir viele Jahre vorbeigefahren, weil sie vom Weg aus nicht gut zu sehen sind. Dank der Initiative der des Tourismusb\u00fcros Losheim kommen wir in den Genuss der f\u00fcr saarl\u00e4ndische Verh\u00e4ltnisse h\u00fcbschen Brocken. Die Informationen \u00fcber den B\u00e4renfelsen sind auf einer aufklappbaren Holztafel leider sehr schlecht zu lesen. Die glatten W\u00e4nde des Felsens wirken wie in die Landschaft hingestellt.<br \/>\n&nbsp;<br \/>\nWir fahren ganz runter zum Hauptweg und dann links herum in Richtung Stra\u00dfe. Am Weiher mit Kneipanlage vorbei <strong>\u00fcber die Hauptstra\u00dfe<\/strong> brausen wir ins sch\u00f6ne <strong>Lannenbachtal<\/strong>.  Im Wald geht es bald links einen felsigen Pfad hoch zur n\u00e4chsten Felsgruppe, dem <strong>Adelsfelsen<\/strong>. Auf die Markierung achten, sonst saust man vorbei. Kurze, aber sehr schwierige Abfahrt zum Fu\u00df des Felsens.<br \/>\n&nbsp;<\/p>\n<ol>\nOriginalton Infotafel: <em>Im Hochwaldvorland \u00fcberlagert der schwer verwitterbare Taunusquarzit die geringm\u00e4chtigen Hermeskeiler Schichten. Sie bilden das R\u00fcckgrat des Hunsr\u00fccks. Der Taunusquarzit wurde urspr\u00fcnglich in einem Flachmeer mit starkem Wellengang abgelagert. Als sehr sauberer Sand mit einem Quarzgehalt von 90-95% muss er einen nahezu idealen devonischen Badestand (vor ca. 380 Mio. Jahren) gebildet haben&#8230;<\/em><\/ol>\n<p>&nbsp;<\/p>\n<p>Es geht weiter rechts runter ins Tal. Am rauschenden <strong>Lannenbach<\/strong> lohnt sich eine Pause immer. Links vom Bach ragt die Felsgruppe auf, auf der einst ein Schloss und eine keltische Fliehburg gestanden haben sollen. Wir folgen den roten Schildern hinauf auf den \u00fcberraschend gro\u00dfen Platz, der Geschichte gemacht hat:<br \/>\n&nbsp;<\/p>\n<ol>\n<em>Das <strong>alte Schloss<\/strong> lag auf dem Adelsk\u00f6pfchen, einem flachen von Osten heranziehenden H\u00f6henzug, der zum Lannenbach im Westen abf\u00e4llt. Hier liegen noch heute die <strong>Reste einer Burg<\/strong>, die Oberburg, auf dem h\u00f6heren Hang, die Unterburg auf dem stufenf\u00f6rmigen Absatz. Die Gr\u00fcndungsphase ist ins 12. oder 13. Jahrhundert zu datieren. Angeblich soll der Burgherr nur dem j\u00fcngeren Adel angeh\u00f6rt haben, obwohl die Burg sehr stattlich gewesen sein soll. Die Unterburg nahm die gesamte Gel\u00e4ndestufe ein. An den R\u00e4ndern des Gel\u00e4ndes sieht man heute noch wenige Mauerreste der Burg. Das Tor befand sich im Osten. heute noch f\u00fchrt der Weg ins Lannenbachtal hinab. Im Westen, der Toranlage gegen\u00fcber, befindet sich ein zwei Meter hoher H\u00fcgel, der zum Teil gewachsen und zum Teil aufgesch\u00fcttet worden ist. Die \u00c4hnlichkeit mit einer Turmh\u00fcgelburg liegt nahe. Am vermuteten Turm f\u00fchrte eine Seitenpforte hinunter zum Bach. Ein zwei Meter breiter Weg f\u00fchrt hinauf zur nord\u00f6stlich gelegenen Oberburg. Heute erhebt sie sich als Tr\u00fcmmergrundst\u00fcck etwa zehn Meter \u00fcber dem Niveau der Vorburg. Das Mauerwerk ist bis zu 1,40m stark und besteht aus unbehauenen Bruchsteinen&#8230; Bauern werden sie sicherlich zur Wiederverwertung abgetragen haben. <\/em><\/ol>\n<p>&nbsp;<\/p>\n<p>Der Felsenwanderweg f\u00fchrt nun vom Burgplateau runter, an einer weiteren kleinen Felsgruppe vorbei und bringt uns auf einem Singletrail durch einen kleinen Wald zur n\u00e4chsten Attraktion, einer <strong>keltischen Kultst\u00e4tte<\/strong>. Funde hat man hier leider keine gemacht, aber wer den gro\u00dfen menhirartigen Stein sieht, glaubt gerne, dass dies ein besonderer Platz f\u00fcr die Menschen damals war. Angeblich soll es ein <strong>Opferstein<\/strong> sein, zwischen dem aufragenden Block und dem flachen verl\u00e4uft n\u00e4mlich eine sog. Blutrinne.<\/p>\n<p>Wir rollen zum Hauptweg runter. Wir fahren nach links weiter an im Wald gelegenen Weihern vorbei, die vom Lannenbach gespeist werden.<br \/>\nWir fahren aus dem Wald heraus, die geteerte Stra\u00dfe hoch und kommen nach wenigen Minuten am <strong>Friedhof von Waldh\u00f6lzbach<\/strong> heraus.<br \/>\nJetzt m\u00fcssen wir die Hauptstra\u00dfe weiter hoch bis zum ersten Waldweg, der rechts abgeht &#8211; ausgeschildert: &#8222;Zum Backhaus&#8220;. Nach wenigen Metern kommt rechts ein <strong>Pfad<\/strong>,  ein sch\u00f6ner kleiner Wanderpfad. Es geht weiter bis zu einem breiten Weg, ein paar Meter nach rechts zu einem kurzen Trail. Wir kommen zum <strong>Teufelsfelsen<\/strong>. Dort kann man sch\u00f6ne Fotos machen und &#8211; wie die Eisenringe auf der Spitze zeigen &#8211; auch klettern. In engen Kehren f\u00fchrt der Pfad entweder rechts oder auch links runter zum H\u00f6lzbach.<\/p>\n<p>&nbsp;<\/p>\n<p>R\u00fcckweg: Wir folgen dem H\u00f6lzbach berghoch bis zur Abzweigung zum Hunsr\u00fcckh\u00f6hensteig. Er bringt uns wieder zum B\u00e4renfelsen und damit nach Scheiden zur\u00fcck.<\/p>\n<div id='gallery-1' class='gallery galleryid-1330 gallery-columns-3 gallery-size-thumbnail'><figure class='gallery-item'>\n\t\t\t<div class='gallery-icon landscape'>\n\t\t\t\t<a href='https:\/\/nmbiking.de\/wp\/wp-content\/uploads\/2017\/07\/juli17_13.jpg'><img loading=\"lazy\" decoding=\"async\" width=\"200\" height=\"93\" src=\"https:\/\/nmbiking.de\/wp\/wp-content\/uploads\/2017\/07\/juli17_13-200x93.jpg\" class=\"attachment-thumbnail size-thumbnail\" alt=\"\" srcset=\"https:\/\/nmbiking.de\/wp\/wp-content\/uploads\/2017\/07\/juli17_13-200x93.jpg 200w, https:\/\/nmbiking.de\/wp\/wp-content\/uploads\/2017\/07\/juli17_13-300x139.jpg 300w, https:\/\/nmbiking.de\/wp\/wp-content\/uploads\/2017\/07\/juli17_13-768x356.jpg 768w, https:\/\/nmbiking.de\/wp\/wp-content\/uploads\/2017\/07\/juli17_13.jpg 1700w\" sizes=\"auto, 100vw\" \/><\/a>\n\t\t\t<\/div><\/figure><figure class='gallery-item'>\n\t\t\t<div class='gallery-icon landscape'>\n\t\t\t\t<a href='https:\/\/nmbiking.de\/wp\/wp-content\/uploads\/2017\/07\/juli17_14.jpg'><img loading=\"lazy\" decoding=\"async\" width=\"200\" height=\"102\" src=\"https:\/\/nmbiking.de\/wp\/wp-content\/uploads\/2017\/07\/juli17_14-200x102.jpg\" class=\"attachment-thumbnail size-thumbnail\" alt=\"\" srcset=\"https:\/\/nmbiking.de\/wp\/wp-content\/uploads\/2017\/07\/juli17_14-200x102.jpg 200w, https:\/\/nmbiking.de\/wp\/wp-content\/uploads\/2017\/07\/juli17_14-300x153.jpg 300w, https:\/\/nmbiking.de\/wp\/wp-content\/uploads\/2017\/07\/juli17_14-768x393.jpg 768w, https:\/\/nmbiking.de\/wp\/wp-content\/uploads\/2017\/07\/juli17_14.jpg 1600w\" sizes=\"auto, 100vw\" \/><\/a>\n\t\t\t<\/div><\/figure><figure class='gallery-item'>\n\t\t\t<div class='gallery-icon landscape'>\n\t\t\t\t<a href='https:\/\/nmbiking.de\/wp\/wp-content\/uploads\/2017\/07\/juli17_15.jpg'><img loading=\"lazy\" decoding=\"async\" width=\"200\" height=\"100\" src=\"https:\/\/nmbiking.de\/wp\/wp-content\/uploads\/2017\/07\/juli17_15-200x100.jpg\" class=\"attachment-thumbnail size-thumbnail\" alt=\"\" srcset=\"https:\/\/nmbiking.de\/wp\/wp-content\/uploads\/2017\/07\/juli17_15-200x100.jpg 200w, https:\/\/nmbiking.de\/wp\/wp-content\/uploads\/2017\/07\/juli17_15-300x150.jpg 300w, https:\/\/nmbiking.de\/wp\/wp-content\/uploads\/2017\/07\/juli17_15-768x384.jpg 768w, https:\/\/nmbiking.de\/wp\/wp-content\/uploads\/2017\/07\/juli17_15.jpg 1700w\" sizes=\"auto, 100vw\" \/><\/a>\n\t\t\t<\/div><\/figure><figure class='gallery-item'>\n\t\t\t<div class='gallery-icon landscape'>\n\t\t\t\t<a href='https:\/\/nmbiking.de\/wp\/wp-content\/uploads\/2017\/07\/juli17_16.jpg'><img loading=\"lazy\" decoding=\"async\" width=\"200\" height=\"87\" src=\"https:\/\/nmbiking.de\/wp\/wp-content\/uploads\/2017\/07\/juli17_16-200x87.jpg\" class=\"attachment-thumbnail size-thumbnail\" alt=\"\" srcset=\"https:\/\/nmbiking.de\/wp\/wp-content\/uploads\/2017\/07\/juli17_16-200x87.jpg 200w, https:\/\/nmbiking.de\/wp\/wp-content\/uploads\/2017\/07\/juli17_16-300x130.jpg 300w, https:\/\/nmbiking.de\/wp\/wp-content\/uploads\/2017\/07\/juli17_16-768x333.jpg 768w, https:\/\/nmbiking.de\/wp\/wp-content\/uploads\/2017\/07\/juli17_16.jpg 1700w\" sizes=\"auto, 100vw\" \/><\/a>\n\t\t\t<\/div><\/figure><figure class='gallery-item'>\n\t\t\t<div class='gallery-icon landscape'>\n\t\t\t\t<a href='https:\/\/nmbiking.de\/wp\/wp-content\/uploads\/2017\/07\/juli17_17.jpg'><img loading=\"lazy\" decoding=\"async\" width=\"200\" height=\"98\" src=\"https:\/\/nmbiking.de\/wp\/wp-content\/uploads\/2017\/07\/juli17_17-200x98.jpg\" class=\"attachment-thumbnail size-thumbnail\" alt=\"\" srcset=\"https:\/\/nmbiking.de\/wp\/wp-content\/uploads\/2017\/07\/juli17_17-200x98.jpg 200w, https:\/\/nmbiking.de\/wp\/wp-content\/uploads\/2017\/07\/juli17_17-300x147.jpg 300w, https:\/\/nmbiking.de\/wp\/wp-content\/uploads\/2017\/07\/juli17_17-768x376.jpg 768w, https:\/\/nmbiking.de\/wp\/wp-content\/uploads\/2017\/07\/juli17_17.jpg 1700w\" sizes=\"auto, 100vw\" \/><\/a>\n\t\t\t<\/div><\/figure><figure class='gallery-item'>\n\t\t\t<div class='gallery-icon landscape'>\n\t\t\t\t<a href='https:\/\/nmbiking.de\/wp\/wp-content\/uploads\/2017\/07\/juli17_18.jpg'><img loading=\"lazy\" decoding=\"async\" width=\"200\" height=\"115\" src=\"https:\/\/nmbiking.de\/wp\/wp-content\/uploads\/2017\/07\/juli17_18-200x115.jpg\" class=\"attachment-thumbnail size-thumbnail\" alt=\"\" srcset=\"https:\/\/nmbiking.de\/wp\/wp-content\/uploads\/2017\/07\/juli17_18-200x115.jpg 200w, https:\/\/nmbiking.de\/wp\/wp-content\/uploads\/2017\/07\/juli17_18-300x173.jpg 300w, https:\/\/nmbiking.de\/wp\/wp-content\/uploads\/2017\/07\/juli17_18-768x442.jpg 768w, https:\/\/nmbiking.de\/wp\/wp-content\/uploads\/2017\/07\/juli17_18.jpg 1400w\" sizes=\"auto, 100vw\" \/><\/a>\n\t\t\t<\/div><\/figure><figure class='gallery-item'>\n\t\t\t<div class='gallery-icon landscape'>\n\t\t\t\t<a href='https:\/\/nmbiking.de\/wp\/wp-content\/uploads\/2017\/07\/juli17_19.jpg'><img loading=\"lazy\" decoding=\"async\" width=\"200\" height=\"92\" src=\"https:\/\/nmbiking.de\/wp\/wp-content\/uploads\/2017\/07\/juli17_19-200x92.jpg\" class=\"attachment-thumbnail size-thumbnail\" alt=\"\" srcset=\"https:\/\/nmbiking.de\/wp\/wp-content\/uploads\/2017\/07\/juli17_19-200x92.jpg 200w, https:\/\/nmbiking.de\/wp\/wp-content\/uploads\/2017\/07\/juli17_19-300x137.jpg 300w, https:\/\/nmbiking.de\/wp\/wp-content\/uploads\/2017\/07\/juli17_19-768x351.jpg 768w, https:\/\/nmbiking.de\/wp\/wp-content\/uploads\/2017\/07\/juli17_19.jpg 1700w\" sizes=\"auto, 100vw\" \/><\/a>\n\t\t\t<\/div><\/figure>\n\t\t<\/div>\n\n<p>&nbsp;<\/p>\n<p><iframe loading=\"lazy\" src=\"https:\/\/www.komoot.de\/tour\/54398750\/embed?profile=1\" width=\"700\" height=\"580\" frameborder=\"0\" scrolling=\"no\"><\/iframe><\/p>\n","protected":false},"excerpt":{"rendered":"<p>Mysterytour Sechs Start: Parkplatz Friedhof Scheiden &nbsp;&nbsp; Wir starten am Waldparkplatz (Friedhof, Jagdhaus Leineweber). Bis hier hoch braucht man von Schmelz aus mit dem Rad eine gute Stunde, je nach Strecke. Hinterm Jagdhaus f\u00fchrt die lange 12 km-Runde hoch in Richtung Ferdinandshaus. Eine kleine Runde von 4 km folgt dem breiten Weg hinterm Friedhof nach &hellip; <\/p>\n<p class=\"link-more\"><a href=\"https:\/\/nmbiking.de\/wp\/?page_id=1330\" class=\"more-link\"><span class=\"screen-reader-text\">\u201eKelten im Hochwald\u201c <\/span>weiterlesen<\/a><\/p>\n","protected":false},"author":65,"featured_media":0,"parent":1432,"menu_order":0,"comment_status":"open","ping_status":"closed","template":"","meta":{"footnotes":""},"class_list":["post-1330","page","type-page","status-publish","hentry"],"_links":{"self":[{"href":"https:\/\/nmbiking.de\/wp\/index.php?rest_route=\/wp\/v2\/pages\/1330","targetHints":{"allow":["GET"]}}],"collection":[{"href":"https:\/\/nmbiking.de\/wp\/index.php?rest_route=\/wp\/v2\/pages"}],"about":[{"href":"https:\/\/nmbiking.de\/wp\/index.php?rest_route=\/wp\/v2\/types\/page"}],"author":[{"embeddable":true,"href":"https:\/\/nmbiking.de\/wp\/index.php?rest_route=\/wp\/v2\/users\/65"}],"replies":[{"embeddable":true,"href":"https:\/\/nmbiking.de\/wp\/index.php?rest_route=%2Fwp%2Fv2%2Fcomments&post=1330"}],"version-history":[{"count":9,"href":"https:\/\/nmbiking.de\/wp\/index.php?rest_route=\/wp\/v2\/pages\/1330\/revisions"}],"predecessor-version":[{"id":55031,"href":"https:\/\/nmbiking.de\/wp\/index.php?rest_route=\/wp\/v2\/pages\/1330\/revisions\/55031"}],"up":[{"embeddable":true,"href":"https:\/\/nmbiking.de\/wp\/index.php?rest_route=\/wp\/v2\/pages\/1432"}],"wp:attachment":[{"href":"https:\/\/nmbiking.de\/wp\/index.php?rest_route=%2Fwp%2Fv2%2Fmedia&parent=1330"}],"curies":[{"name":"wp","href":"https:\/\/api.w.org\/{rel}","templated":true}]}}