{"id":1325,"date":"2007-07-23T16:28:41","date_gmt":"2007-07-23T17:28:41","guid":{"rendered":"https:\/\/nmbiking.de\/wp\/?page_id=1325"},"modified":"2020-02-13T10:39:56","modified_gmt":"2020-02-13T09:39:56","slug":"eulenkreuz-und-schlittchenwald","status":"publish","type":"page","link":"https:\/\/nmbiking.de\/wp\/?page_id=1325","title":{"rendered":"Eulenkreuz und Schlittchenwald"},"content":{"rendered":"<p><font size=\"-0\"><strong>Mysterytour Zwei<\/strong><\/font><\/p>\n<p>Start: Schloss Dagstuhl<br \/>\n<strong>Kurzbeschreibung<\/strong> der  Strecke:<br \/>\nunterhalb von Schloss Dagstuhl den  Feldwirtschaftsweg am Kreuz links &#8211; im Tal entlang bis zur ersten Abzweigung  rechts hoch, dann links in den Wald,  nochmal links, feuchter Waldweg &#8211; auf der H\u00f6he: das Eulenkreuz &#8211; bei nassem Wetter: R\u00fcckweg in  den Ort zur\u00fcck &#8211; bei trockenem Wetter: den Weg auf der H\u00f6he nach links bis zur  n\u00e4chsten Abzweigung nach links &#8211; runter in den Ort fahren &#8211; zur Hauptstra\u00dfe  Richtung Wadern &#8211; n\u00e4chste Teerstra\u00dfe rechts (Schild &#8222;R\u00f6mische Gragh\u00fcgel&#8220;) &#8211;  Oberl\u00f6stern &#8211; im Ort links den Kreuzweg hoch &#8211; weiter in Richtung Tennnisplatz &#8211;  im Wald rechts halten &#8211; Schlittchenwald<br \/>\nweiter bis nach Sitzerath &#8211; von dort zur Bruder Klaus Kapelle, weiter unten sieht man die H\u00fcgelgr\u00e4ber, die man besichtigen kann, von der Kapelle weiter \u00fcber den H\u00f6henr\u00fccken mit Aussicht in die T\u00e4ler rechts und links bis zum  Modellflugplatz &#8211; durch den Fahrwald zur\u00fcck anch Wadern und Dagstuhl  >> siehe auch Karte Komoot unten!<br \/>\n<!--more--><\/p>\n<p><a href=\"https:\/\/nmbiking.de\/wp\/wp-content\/uploads\/2015\/01\/jan15_80.jpg\"><img decoding=\"async\" src=\"https:\/\/nmbiking.de\/wp\/wp-content\/uploads\/2015\/01\/jan15_80.jpg\" alt=\"\" width=\"700\"  \/><\/a><\/p>\n<p>&nbsp;<\/p>\n<p>Wir fahren von Dagstuhl nach Rathen. Erste  Mystery-Station ist das <strong>Eulenkreuz<\/strong>. Um diesen verwunschenen Platz zu finden, geht es vor Rathen  nur  bergauf. Aber wir werden all der M\u00fchen reichlich belohnt: Am Eulenkreuz, hoch  und verwittert, steht eine Gestalt mit einem wei\u00dfen Einkaufkorb und fragt nach  dem Weg zum Globus&#8230;Voller Schrecken st\u00fcrzen wir uns den Berg hinunter. So  \u00e4hnlich wird es wohl auch den Leuten ergangen sein, die vor vielen, vielen  Jahren hier oben im Winter einen Bauern tot aufgefunden hatten. Er war vor  M\u00fcdigkeit eingeschlafen und j\u00e4mmerlich erfroren. Schon tagelang waren Eulen \u00fcber  dem Berg zu sehen gewesen und das hat die Neugierigen hier hoch gelockt. Der  Mann war zu Eis erstarrt und mit Schnee bedeckt. So die Sage \u00fcbers  Eulenkreuz.<\/p>\n<p>&nbsp;<\/p>\n<p>Im Wald hinter Oberl\u00f6stern  mit dem unpassend-witzigen Namen &#8222;Schlittchen&#8220; packt uns ein zweites Mal Frust und Magie. Die h\u00e4ssliche Kehrseite unserer &#8222;zivilisierten&#8220; Welt lassen wir  schnell hinter uns, als wir im Wald auf die ersten <strong>Felsgruppen<\/strong> und eine  Feuerstelle mit zur\u00fcck gelassenem M\u00fcll sto\u00dfen. Scheinbar hat den <strong>Dam\u00f6nen und  Hexen<\/strong>, die hier noch zugange sein sollen, Cola und Myxery genau imponiert und geschmeckt wie den jungen Leuten, die hier Party gemacht haben. Sonst h\u00e4tten sie &#8222;so eine&#8220; Orgie wohl nicht  zugelassen!<br \/>\nDann ergeben wir uns dem Zauber dieses uralten Platzes: mit Moos  \u00fcberzogene Felsbrocken, knorrige alte alte B\u00e4ume mit Flechtenb\u00e4rten, Efeu,  Blaubeerb\u00fcsche und buntes Laub \u00fcberall. Kein d\u00fcsterer Ort, eher freundlich, auf  jeden Fall ein besonderer. Wie die Felsen wohl hierher gekommen sein m\u00f6gen, wer  sie sch\u00f6n glatt behauen hat, m\u00f6gen sich schon Generationen von Oberl\u00f6sterern  gefragt haben. Als Erkl\u00e4rung hilft wiedermal eine Sage: Der liebe Gott  hatte bei der Erschaffung der Welt das L\u00f6stertal besonders sch\u00f6n gemacht, der  Teufel mochte dies nicht leiden und er wollte seinem Widersacher eins  auswischen. Also flog er mit einem Sack Felsen \u00fcber das Tal und lehrte den Sack  einfach im Fluge aus. Hm, jetzt ist es hier oben noch sch\u00f6ner! <\/p>\n<p>&nbsp;<\/p>\n<p>Man kann jetzt direkt zu den r\u00f6mischen H\u00fcgelgr\u00e4bern fahren und dann weiter hoch zur Bruder Klaus Kapelle (zur\u00fcck durch den Ort, ausgeschildert) oder weiter durch das L\u00f6stertal bis nach Sitzerath und von dort aus \u00fcber Wanderwege bis zur Bruder Klaus Kapelle&#8230;<\/p>\n<div id='gallery-1' class='gallery galleryid-1325 gallery-columns-3 gallery-size-thumbnail'><figure class='gallery-item'>\n\t\t\t<div class='gallery-icon landscape'>\n\t\t\t\t<a href='https:\/\/nmbiking.de\/wp\/wp-content\/uploads\/2018\/11\/nov18_158.jpg'><img loading=\"lazy\" decoding=\"async\" width=\"200\" height=\"87\" src=\"https:\/\/nmbiking.de\/wp\/wp-content\/uploads\/2018\/11\/nov18_158-200x87.jpg\" class=\"attachment-thumbnail size-thumbnail\" alt=\"\" srcset=\"https:\/\/nmbiking.de\/wp\/wp-content\/uploads\/2018\/11\/nov18_158-200x87.jpg 200w, https:\/\/nmbiking.de\/wp\/wp-content\/uploads\/2018\/11\/nov18_158-300x131.jpg 300w, https:\/\/nmbiking.de\/wp\/wp-content\/uploads\/2018\/11\/nov18_158-768x334.jpg 768w, https:\/\/nmbiking.de\/wp\/wp-content\/uploads\/2018\/11\/nov18_158.jpg 1700w\" sizes=\"auto, 100vw\" \/><\/a>\n\t\t\t<\/div><\/figure><figure class='gallery-item'>\n\t\t\t<div class='gallery-icon landscape'>\n\t\t\t\t<a href='https:\/\/nmbiking.de\/wp\/wp-content\/uploads\/2018\/11\/nov18_161.jpg'><img loading=\"lazy\" decoding=\"async\" width=\"200\" height=\"124\" src=\"https:\/\/nmbiking.de\/wp\/wp-content\/uploads\/2018\/11\/nov18_161-200x124.jpg\" class=\"attachment-thumbnail size-thumbnail\" alt=\"\" srcset=\"https:\/\/nmbiking.de\/wp\/wp-content\/uploads\/2018\/11\/nov18_161-200x124.jpg 200w, https:\/\/nmbiking.de\/wp\/wp-content\/uploads\/2018\/11\/nov18_161-300x186.jpg 300w, https:\/\/nmbiking.de\/wp\/wp-content\/uploads\/2018\/11\/nov18_161-768x477.jpg 768w, https:\/\/nmbiking.de\/wp\/wp-content\/uploads\/2018\/11\/nov18_161.jpg 1400w\" sizes=\"auto, 100vw\" \/><\/a>\n\t\t\t<\/div><\/figure><figure class='gallery-item'>\n\t\t\t<div class='gallery-icon landscape'>\n\t\t\t\t<a href='https:\/\/nmbiking.de\/wp\/wp-content\/uploads\/2018\/11\/nov18_160.jpg'><img loading=\"lazy\" decoding=\"async\" width=\"200\" height=\"99\" src=\"https:\/\/nmbiking.de\/wp\/wp-content\/uploads\/2018\/11\/nov18_160-200x99.jpg\" class=\"attachment-thumbnail size-thumbnail\" alt=\"\" srcset=\"https:\/\/nmbiking.de\/wp\/wp-content\/uploads\/2018\/11\/nov18_160-200x99.jpg 200w, https:\/\/nmbiking.de\/wp\/wp-content\/uploads\/2018\/11\/nov18_160-300x148.jpg 300w, https:\/\/nmbiking.de\/wp\/wp-content\/uploads\/2018\/11\/nov18_160-768x380.jpg 768w, https:\/\/nmbiking.de\/wp\/wp-content\/uploads\/2018\/11\/nov18_160.jpg 1700w\" sizes=\"auto, 100vw\" \/><\/a>\n\t\t\t<\/div><\/figure>\n\t\t<\/div>\n\n<p>Mehr Infos und Fotos zum Schlittchenwald gibt es <a href=\"https:\/\/nmbiking.de\/wp\/?p=53950\">hier<\/a><\/p>\n<p>Die zwei <strong>r\u00f6mischen Grabh\u00fcgel<\/strong>: Die soll man sich  nat\u00fcrlich  nicht entgehen lassen. Ganz so alt wie die Felsen im Schlittchen sind sie dann  nicht, die Gr\u00e4ber. Aber immerhin nachweislich von den R\u00f6mern errichtet. So um 200  n.Chr. Erst vor zehn Jahren hat ein Bauer die \u00dcberreste entdeckt, wohl als sein  Pflug an einem besonders gro\u00dfen Stein h\u00e4ngenblieb. Leider sieht alles so sauber  hergerichtet aus, gar nicht alt und r\u00f6misch, es ist nur ein Nachbau. Ein paar  echte Steine liegen aber auch noch herum und die Lage hier oben ist sowieso sch\u00f6n.<\/p>\n<p>Zur\u00fcck an der  <strong>Bruder Klaus  Kapelle<\/strong>. gibt es eine doppelte Portion Aussicht: Panorama in den  Hochwald und auf der anderen Seite in Richtung Hermeskeil. \u00dcber den H\u00f6henr\u00fccken fahren wir bis zum kleinen Modellflugpl\u00e4tzchen. Von dort aus geht es in den Fahrwald und zur\u00fcck nach Wadern&#8230;<\/p>\n<p>&nbsp;<\/p>\n<p><iframe loading=\"lazy\" src=\"https:\/\/www.komoot.de\/tour\/54522909\/embed?profile=1\" width=\"700\" height=\"580\" frameborder=\"0\" scrolling=\"no\"><\/iframe><\/p>\n","protected":false},"excerpt":{"rendered":"<p>Mysterytour Zwei Start: Schloss Dagstuhl Kurzbeschreibung der Strecke: unterhalb von Schloss Dagstuhl den Feldwirtschaftsweg am Kreuz links &#8211; im Tal entlang bis zur ersten Abzweigung rechts hoch, dann links in den Wald, nochmal links, feuchter Waldweg &#8211; auf der H\u00f6he: das Eulenkreuz &#8211; bei nassem Wetter: R\u00fcckweg in den Ort zur\u00fcck &#8211; bei trockenem Wetter: &hellip; <\/p>\n<p class=\"link-more\"><a href=\"https:\/\/nmbiking.de\/wp\/?page_id=1325\" class=\"more-link\"><span class=\"screen-reader-text\">\u201eEulenkreuz und Schlittchenwald\u201c <\/span>weiterlesen<\/a><\/p>\n","protected":false},"author":65,"featured_media":0,"parent":1432,"menu_order":0,"comment_status":"open","ping_status":"closed","template":"","meta":{"footnotes":""},"class_list":["post-1325","page","type-page","status-publish","hentry"],"_links":{"self":[{"href":"https:\/\/nmbiking.de\/wp\/index.php?rest_route=\/wp\/v2\/pages\/1325","targetHints":{"allow":["GET"]}}],"collection":[{"href":"https:\/\/nmbiking.de\/wp\/index.php?rest_route=\/wp\/v2\/pages"}],"about":[{"href":"https:\/\/nmbiking.de\/wp\/index.php?rest_route=\/wp\/v2\/types\/page"}],"author":[{"embeddable":true,"href":"https:\/\/nmbiking.de\/wp\/index.php?rest_route=\/wp\/v2\/users\/65"}],"replies":[{"embeddable":true,"href":"https:\/\/nmbiking.de\/wp\/index.php?rest_route=%2Fwp%2Fv2%2Fcomments&post=1325"}],"version-history":[{"count":9,"href":"https:\/\/nmbiking.de\/wp\/index.php?rest_route=\/wp\/v2\/pages\/1325\/revisions"}],"predecessor-version":[{"id":62096,"href":"https:\/\/nmbiking.de\/wp\/index.php?rest_route=\/wp\/v2\/pages\/1325\/revisions\/62096"}],"up":[{"embeddable":true,"href":"https:\/\/nmbiking.de\/wp\/index.php?rest_route=\/wp\/v2\/pages\/1432"}],"wp:attachment":[{"href":"https:\/\/nmbiking.de\/wp\/index.php?rest_route=%2Fwp%2Fv2%2Fmedia&parent=1325"}],"curies":[{"name":"wp","href":"https:\/\/api.w.org\/{rel}","templated":true}]}}