{"id":11810,"date":"2011-12-09T13:00:10","date_gmt":"2011-12-09T12:00:10","guid":{"rendered":"https:\/\/nmbiking.de\/wp\/?page_id=11810"},"modified":"2015-04-21T09:45:42","modified_gmt":"2015-04-21T08:45:42","slug":"gefuhrte-hochwaldtouren","status":"publish","type":"page","link":"https:\/\/nmbiking.de\/wp\/?page_id=11810","title":{"rendered":"Gef\u00fchrte Hochwaldtouren"},"content":{"rendered":"<p><strong>Termine 2015<\/strong><br \/>\nMountainbiken im Hochwald mit atracktive: gef\u00fchrte Touren und Techniktraining<br \/>\nGuides: Axel Molinero (atracktive) und Norbert Martini (nmbiking)<br \/>\nPreise, Anmeldung, Einzelheiten auf <a href=\" http:\/\/atracktive.com\">atracktive<\/a><\/p>\n<p><strong>\u2663 Drei-L\u00e4nder-Cross 2.5.2015<\/strong> Eine gef\u00fchrte &#8222;Kul-Tour&#8220; durch drei L\u00e4nder<\/p>\n[tabs]\n[tab title=&#8220;1. Tag&#8220;]\nStart: Weiskirchen<br \/>\nMittagspause: Saarburg<br \/>\nKaffeepause: Orscholz, Bistro Mirabelle im Cloef-Atrium<br \/>\n\u00dcbernachtung: noch offen<br \/>\nGesamt Etappe 1: 68,8 km und 1.346 HM<br \/>\n[\/tab]\n[tab title=&#8220;2. Tag&#8220;]\nStart: Schengen<br \/>\nMittagspause: Dreisbach, F\u00e4hrhaus Saarschleife<br \/>\nKaffeepause: Zum Jugenwald, Britten<br \/>\nAnkunft: Weiskirchen<br \/>\nGesamt Etappe 2: 67,3 km und 1.400 HM<br \/>\nGesamt Tour: 136 km und 2.793 HM<br \/>\nPreis: auf Anfrage<br \/>\n[\/tab]\n[tab title=&#8220;Leistungen&#8220;]\ngef\u00fchrte Tour mit zwei Guides, \u00dcbernachtung\/Halbpension, 4-Bett-Zimmer, Gep\u00e4cktransport<br \/>\n[\/tab]\n[tab title=&#8220;Guides&#8220;]\nAxel Molinero (atracktive) und Norbert Martini (nmbiking)<br \/>\n[\/tab]\n[tab title=&#8220;Preis&#8220;]\nJubil\u00e4umspreis, auf Anfrage<br \/>\nAnmelden \u00fcber: http:\/\/www.atracktive.com\/buchung\/<br \/>\n[\/tab]\n[tab title=&#8220;Beschreibung&#8220;]\nDiese Zweitagestour startet in Weiskirchen. Das erste St\u00fcck f\u00fchrt uns durch den felsigen Hochwald. Ziemlich am h\u00f6chsten Punkt begegnen dort oben einem St\u00fcck deutscher Geschichte. Oberhalb von Scheiden liegt ein ehemaliges Lager des Reichsarbeitsdienstes aus der NS-Zeit. Die Grundmauern stehen noch. Wir wechseln bald das Bundesland und durchfahren Greimerath. Wieder geht es durch ein sch\u00f6nes St\u00fcck Hochwald, bis wir dann hoch \u00fcber der Saar stehen. Dieser Platz hei\u00dft zu Recht: &#8222;Sch\u00f6ne Aussicht&#8220;. Mit etwas Gl\u00fcck k\u00f6nnen wir Paragleiter und Drachenflieger hier starten sehen. Wir fahren dann weiter durch die ersten Weinberge hinab nach Serrig und nach Saarburg. Zeit f\u00fcr die Mittagspause und ein wenig Sightseeing in dieser kleinen, urigen Stadt.<\/p>\n<p>Gut gest\u00e4rkt arbeiten wir uns das sch\u00f6ne, stille Leukbachtal mit seinen imposanten Sandsteinfelsen hoch. Rechts rauscht der wilde Leukbach, links recken sich die Felsformationen empor. Das n\u00e4chste Highlight ist die ber\u00fchmte Aussicht von der Cloef auf die Saarschleife, ein Postkartenmotiv. Im Cloef Atrium gibt es die Gelegenheit f\u00fcr eine Kaffeepause.<br \/>\nNun biken wir \u00fcber einen breiten H\u00f6henr\u00fccken mit viel Fernsicht. Bei ausreichender Zeit k\u00f6nnen wir noch die r\u00f6mische Villa Borg besuchen. Dann verlassen wir deutschen Boden und fahren \u00fcber franz\u00f6sische Stra\u00dfen und durch urige D\u00f6rfer hinunter zur Mosel. Tolle Aussichten und eine anspruchsvolle Abfahrt sind garantiert. Wir wechseln auf die andere Flussseite und \u00fcbernachten in einem &#8222;Bett &#038; Bike\u201c-Hotel in Nennig.<br \/>\nAn diesem Tag haben wir dann ca 70 km und 1300 hm zur\u00fcckgelegt.<\/p>\n<p>Am zweiten Tag hin\u00fcber nach Luxemburg und wir biken oberhalb der Mosel entlang und wechseln dann \u00fcber den Fluss &#8211; wieder auf die franz\u00f6sische Seite. Wir durchfahren das urige St\u00e4dtchen Sierck-les-Bains und arbeiten uns dann wieder durch kleine D\u00f6rfchen hoch bis zur deutschen Grenze. Wir werfen einen kurzen Blick auf die monumentalen &#8222;Steine an der Grenze&#8220; und fahren dann \u00fcber sch\u00f6ne Wege zur Saar ab. An diesem Tag erleben wir die Saarschleife aus einer anderen Perspektive. Am Fu\u00dfe der Cloef an der Saar machen wir Mittagspause und fahren dann an der Saar entlang bis nach Mettlach, dem Sitz von Villeroy und Boch. In Saarh\u00f6lzbach wechseln wir wieder die Seite und fahren am bekannten Vogelfelsen mit sch\u00f6nem Blick auf die Saar hoch bis zum Hundscheider Weiher.<br \/>\nAn Britten und Bergen vorbei geht es zum h\u00f6chst gelegenen Dorf des Saarlandes, Scheiden. Im Lannenbachtal sto\u00dfen wir auf die Spuren von Kelten und R\u00f6mern. Gem\u00fctlich geht es dann nach Weiskirchen zur\u00fcck.<br \/>\nAn diesem zweiten Tag haben wir dann 67 km und 1400 hm zur\u00fcckgelegt.<\/p>\n[\/tab]\n[\/tabs]\n<p>&nbsp;<\/p>\n<p><strong>\u2660 Grenzg\u00e4nger-Cross 27.6.2015<\/strong><br \/>\nEine gef\u00fchrte Zweitagestour<\/p>\n[tabs]\n[tab title=&#8220;1. Tag&#8220;]\nStart: Weiskirchen<br \/>\nSamstag: 67 km \/ 1600 hm<br \/>\nhoher Anteil an schmalen Wegen<br \/>\n\u00dcbernachtung: Ferienpark Himmelberg \/ Thalfang<br \/>\n[\/tab]\n[tab title=&#8220;2. Tag&#8220;]\nStart: Thalfang<br \/>\nSonntag: 50 km \/ 1100 hm<br \/>\nhoher Singletrailanteil<br \/>\n[\/tab]\n[tab title=&#8220;Leistungen&#8220;]\ngef\u00fchrte Tour mit zwei Guides, \u00dcbernachtung\/Halbpension im Ferienpark, 4-Bett-Zimmer, Gep\u00e4cktransport<br \/>\n[\/tab]\n[tab title=&#8220;Guides&#8220;]\nAxel Molinero (atracktive) und Norbert Martini (nmbiking)<br \/>\n[\/tab]\n[tab title=&#8220;Preis&#8220;]\n199 \u20ac<br \/>\nAnmelden \u00fcber: http:\/\/www.atracktive.com\/buchung\/<br \/>\n[\/tab]\n[tab title=&#8220;Beschreibung&#8220;]\nAn zwei Tagen geht es \u00fcber die H\u00f6hen und durch die T\u00e4ler des saarl\u00e4ndischen Hochwaldes und des benachbarten Hunsr\u00fccks. Die Tour hat technisch, kulturell und landschaftlich viel zu bieten. Ein Stausee und zwei Burgen liegen auf dem Weg.<br \/>\nVon Weiskirchen aus f\u00fchrt uns die Tour am ersten Tag \u00fcber zum Teil fahrtechnisch anspruchsvolle Wege zu den ersten kulturell interessanten St\u00e4tten, den r\u00f6mischen Monumentalgr\u00e4bern und dem sagenumwobenen Schlittchenwald, wo der Teufel f\u00fcr geologische R\u00e4tsel gesorgt hat. Bald gelangen wir zum ersten See, den Nonnweiler Stausee. Oberhalb des Sees treffen wir auf weitere m\u00e4chtige Spuren aus vergangenen Zeiten. Wir steigen \u00fcber den sog. \u201eHunnenring\u201c, eine keltische Ringwallanlage, und folgen von dort wieder dem Weg zum Dollberg, der offiziellen h\u00f6chsten Erhebung des Saarlandes.<!--more--><br \/>\nBald wechseln wir unauff\u00e4llig ins Nachbarbundesland Rheinland-Pfalz und erklimmen durch ein endlos erscheinendes Waldgebiet den Erbeskopf (816 m). Belohnt werden wir mit einem fantastischen Fernblick. Die folgende rasante Abfahrt, streckenweise \u00fcber eine Skipiste, ist Teil des beliebten Erbeskopfmarathons. \u00dcber fast alpenm\u00e4\u00dfige Wege,T\u00e4ler und Trails gelangen wir nach Thalfang, wo wir im Ferienpark Himmelberg \u00fcbernachten.<br \/>\nAm zweiten Tag genie\u00dfen wir die T\u00e4ler und H\u00f6hen des Hunsr\u00fccks. Schon bald treffen wir auf die Burg Dhronecken und gelangen \u00fcber sch\u00f6ne schmale Wege und durch das wilde Tal der noch jungen Wadrill bis zur n\u00e4chsten Burg, der Grimburg. Ein sch\u00f6ner Weg f\u00fchrt uns wieder hinunter zur Wadrill und zum einladenden Grimburger Hof.<br \/>\nVon dort aus beginnt ein langer, aber kurzweiliger Anstieg an einem rauschenden Bach vorbei bis zur Hochwaldalm, der einzigen bewirtschafteten Alm im Saarland. Wir folgen weiterhin der zum Teil anspruchsvollen Route bis zum Schimmelkopf, einer weiteren &#8222;h\u00f6chsten Erhebung des Saarlandes&#8220;.<br \/>\n\u00dcber einen langen, sehr anspruchsvollen, aber auch sehr flowigen, oft mit Felsen gespickten Weg geht es dann hinunter ins H\u00f6lzbachtal und zur\u00fcck nach Weiskirchen.<\/p>\n[\/tab]\n[\/tabs]\n<p>Weitere Infos:<br \/>\nUnkostenbeitrag ist bei der Anmeldung zu \u00fcberweisen!<br \/>\nAnmeldeschluss: eine Woche vorher<br \/>\nMindestteilnehmerzahl: 6<br \/>\nTreffpunkt Cross: Parkhotel Weiskirchen &#8211; 8.30 Uhr<br \/>\nTreffpunkt Fahrtechnikkurse: Parkplatz Wildgehege Weiskirchen\/Rappweiler &#8211; 10 Uhr<\/p>\n<p>&nbsp;<br \/>\nGef\u00fchrte Zweitagestour zum Erbeskopf 2014 (<a href=\"https:\/\/nmbiking.de\/wp\/?p=27713\">Bericht<\/a>)<br \/>\n<div id='gallery-1' class='gallery galleryid-11810 gallery-columns-3 gallery-size-thumbnail'><figure class='gallery-item'>\n\t\t\t<div class='gallery-icon landscape'>\n\t\t\t\t<a href='https:\/\/nmbiking.de\/wp\/wp-content\/uploads\/2014\/06\/juni14_161.jpg'><img loading=\"lazy\" decoding=\"async\" width=\"200\" height=\"86\" src=\"https:\/\/nmbiking.de\/wp\/wp-content\/uploads\/2014\/06\/juni14_161-200x86.jpg\" class=\"attachment-thumbnail size-thumbnail\" alt=\"\" srcset=\"https:\/\/nmbiking.de\/wp\/wp-content\/uploads\/2014\/06\/juni14_161-200x86.jpg 200w, https:\/\/nmbiking.de\/wp\/wp-content\/uploads\/2014\/06\/juni14_161-300x130.jpg 300w, https:\/\/nmbiking.de\/wp\/wp-content\/uploads\/2014\/06\/juni14_161.jpg 1400w\" sizes=\"auto, 100vw\" \/><\/a>\n\t\t\t<\/div><\/figure><figure class='gallery-item'>\n\t\t\t<div class='gallery-icon landscape'>\n\t\t\t\t<a href='https:\/\/nmbiking.de\/wp\/wp-content\/uploads\/2014\/06\/juni14_162.jpg'><img loading=\"lazy\" decoding=\"async\" width=\"200\" height=\"78\" src=\"https:\/\/nmbiking.de\/wp\/wp-content\/uploads\/2014\/06\/juni14_162-200x78.jpg\" class=\"attachment-thumbnail size-thumbnail\" alt=\"\" srcset=\"https:\/\/nmbiking.de\/wp\/wp-content\/uploads\/2014\/06\/juni14_162-200x78.jpg 200w, https:\/\/nmbiking.de\/wp\/wp-content\/uploads\/2014\/06\/juni14_162-300x117.jpg 300w, https:\/\/nmbiking.de\/wp\/wp-content\/uploads\/2014\/06\/juni14_162.jpg 1600w\" sizes=\"auto, 100vw\" \/><\/a>\n\t\t\t<\/div><\/figure><figure class='gallery-item'>\n\t\t\t<div class='gallery-icon landscape'>\n\t\t\t\t<a href='https:\/\/nmbiking.de\/wp\/wp-content\/uploads\/2014\/06\/juni14_149.jpg'><img loading=\"lazy\" decoding=\"async\" width=\"200\" height=\"83\" src=\"https:\/\/nmbiking.de\/wp\/wp-content\/uploads\/2014\/06\/juni14_149-200x83.jpg\" class=\"attachment-thumbnail size-thumbnail\" alt=\"\" srcset=\"https:\/\/nmbiking.de\/wp\/wp-content\/uploads\/2014\/06\/juni14_149-200x83.jpg 200w, https:\/\/nmbiking.de\/wp\/wp-content\/uploads\/2014\/06\/juni14_149-300x125.jpg 300w, https:\/\/nmbiking.de\/wp\/wp-content\/uploads\/2014\/06\/juni14_149.jpg 1600w\" sizes=\"auto, 100vw\" \/><\/a>\n\t\t\t<\/div><\/figure><figure class='gallery-item'>\n\t\t\t<div class='gallery-icon landscape'>\n\t\t\t\t<a href='https:\/\/nmbiking.de\/wp\/wp-content\/uploads\/2014\/06\/juni14_163.jpg'><img loading=\"lazy\" decoding=\"async\" width=\"200\" height=\"80\" src=\"https:\/\/nmbiking.de\/wp\/wp-content\/uploads\/2014\/06\/juni14_163-200x80.jpg\" class=\"attachment-thumbnail size-thumbnail\" alt=\"\" srcset=\"https:\/\/nmbiking.de\/wp\/wp-content\/uploads\/2014\/06\/juni14_163-200x80.jpg 200w, https:\/\/nmbiking.de\/wp\/wp-content\/uploads\/2014\/06\/juni14_163-300x121.jpg 300w, https:\/\/nmbiking.de\/wp\/wp-content\/uploads\/2014\/06\/juni14_163.jpg 1600w\" sizes=\"auto, 100vw\" \/><\/a>\n\t\t\t<\/div><\/figure><figure class='gallery-item'>\n\t\t\t<div class='gallery-icon landscape'>\n\t\t\t\t<a href='https:\/\/nmbiking.de\/wp\/wp-content\/uploads\/2014\/06\/juni14_164.jpg'><img loading=\"lazy\" decoding=\"async\" width=\"200\" height=\"72\" src=\"https:\/\/nmbiking.de\/wp\/wp-content\/uploads\/2014\/06\/juni14_164-200x72.jpg\" class=\"attachment-thumbnail size-thumbnail\" alt=\"\" srcset=\"https:\/\/nmbiking.de\/wp\/wp-content\/uploads\/2014\/06\/juni14_164-200x72.jpg 200w, https:\/\/nmbiking.de\/wp\/wp-content\/uploads\/2014\/06\/juni14_164-300x108.jpg 300w, https:\/\/nmbiking.de\/wp\/wp-content\/uploads\/2014\/06\/juni14_164.jpg 1600w\" sizes=\"auto, 100vw\" \/><\/a>\n\t\t\t<\/div><\/figure><figure class='gallery-item'>\n\t\t\t<div class='gallery-icon landscape'>\n\t\t\t\t<a href='https:\/\/nmbiking.de\/wp\/wp-content\/uploads\/2014\/06\/juni14_165.jpg'><img loading=\"lazy\" decoding=\"async\" width=\"200\" height=\"116\" src=\"https:\/\/nmbiking.de\/wp\/wp-content\/uploads\/2014\/06\/juni14_165-200x116.jpg\" class=\"attachment-thumbnail size-thumbnail\" alt=\"\" srcset=\"https:\/\/nmbiking.de\/wp\/wp-content\/uploads\/2014\/06\/juni14_165-200x116.jpg 200w, https:\/\/nmbiking.de\/wp\/wp-content\/uploads\/2014\/06\/juni14_165-300x175.jpg 300w, https:\/\/nmbiking.de\/wp\/wp-content\/uploads\/2014\/06\/juni14_165.jpg 1200w\" sizes=\"auto, 100vw\" \/><\/a>\n\t\t\t<\/div><\/figure>\n\t\t<\/div>\n\n<p><a href=\"http:\/\/www.wochenspiegelonline.de\/content\/nachrichten\/gemeindencat\/article\/per-bike-den-hochwald-erleben\/\">Bericht im Wochenspiegel<\/a><br \/>\n<a href=\"https:\/\/nmbiking.de\/wp\/?p=27713\">Bericht auf NMbiking<\/a><\/p>\n<p>Gef\u00fchrte Tour 2011 zum Schimmelkopf:<br \/>\n<a href=\"https:\/\/nmbiking.de\/wp\/wp-content\/uploads\/2011\/10\/ok11_78.jpg\"><img decoding=\"async\" title=\"Viele Bikes auf dem Schimmelkopf\" alt=\"\" src=\"https:\/\/nmbiking.de\/wp\/wp-content\/uploads\/2011\/10\/ok11_78-180x98.jpg\" width=\"200\" \/><\/a> <a href=\"https:\/\/nmbiking.de\/wp\/wp-content\/uploads\/2011\/10\/ok11_81.jpg\"><img decoding=\"async\" title=\"GrenzfahrerInnen auf dem Schimmelkopf\" alt=\"\" src=\"https:\/\/nmbiking.de\/wp\/wp-content\/uploads\/2011\/10\/ok11_81-180x80.jpg\" width=\"200\" \/><\/a> <a href=\"https:\/\/nmbiking.de\/wp\/wp-content\/uploads\/2011\/10\/ok11_79.jpg\"><img decoding=\"async\" title=\"Die knifflige Abfahrt\" alt=\"\" src=\"https:\/\/nmbiking.de\/wp\/wp-content\/uploads\/2011\/10\/ok11_79-180x98.jpg\" width=\"200\" \/><\/a><\/p>\n<p>&nbsp;<\/p>\n<p>Techniktraining Level 1 und 2:<br \/>\n<div id='gallery-2' class='gallery galleryid-11810 gallery-columns-3 gallery-size-thumbnail'><figure class='gallery-item'>\n\t\t\t<div class='gallery-icon landscape'>\n\t\t\t\t<a href='https:\/\/nmbiking.de\/wp\/wp-content\/uploads\/2011\/12\/maerz12_38.jpg'><img loading=\"lazy\" decoding=\"async\" width=\"180\" height=\"147\" src=\"https:\/\/nmbiking.de\/wp\/wp-content\/uploads\/2011\/12\/maerz12_38-180x147.jpg\" class=\"attachment-thumbnail size-thumbnail\" alt=\"\" srcset=\"https:\/\/nmbiking.de\/wp\/wp-content\/uploads\/2011\/12\/maerz12_38-180x147.jpg 180w, https:\/\/nmbiking.de\/wp\/wp-content\/uploads\/2011\/12\/maerz12_38-300x246.jpg 300w, https:\/\/nmbiking.de\/wp\/wp-content\/uploads\/2011\/12\/maerz12_38.jpg 800w\" sizes=\"auto, 100vw\" \/><\/a>\n\t\t\t<\/div><\/figure><figure class='gallery-item'>\n\t\t\t<div class='gallery-icon landscape'>\n\t\t\t\t<a href='https:\/\/nmbiking.de\/wp\/wp-content\/uploads\/2011\/12\/maerz12_40.jpg'><img loading=\"lazy\" decoding=\"async\" width=\"180\" height=\"117\" src=\"https:\/\/nmbiking.de\/wp\/wp-content\/uploads\/2011\/12\/maerz12_40-180x117.jpg\" class=\"attachment-thumbnail size-thumbnail\" alt=\"\" srcset=\"https:\/\/nmbiking.de\/wp\/wp-content\/uploads\/2011\/12\/maerz12_40-180x117.jpg 180w, https:\/\/nmbiking.de\/wp\/wp-content\/uploads\/2011\/12\/maerz12_40-300x195.jpg 300w, https:\/\/nmbiking.de\/wp\/wp-content\/uploads\/2011\/12\/maerz12_40.jpg 1000w\" sizes=\"auto, 100vw\" \/><\/a>\n\t\t\t<\/div><\/figure><figure class='gallery-item'>\n\t\t\t<div class='gallery-icon landscape'>\n\t\t\t\t<a href='https:\/\/nmbiking.de\/wp\/wp-content\/uploads\/2011\/12\/maerz12_48.jpg'><img loading=\"lazy\" decoding=\"async\" width=\"180\" height=\"132\" src=\"https:\/\/nmbiking.de\/wp\/wp-content\/uploads\/2011\/12\/maerz12_48-180x132.jpg\" class=\"attachment-thumbnail size-thumbnail\" alt=\"\" srcset=\"https:\/\/nmbiking.de\/wp\/wp-content\/uploads\/2011\/12\/maerz12_48-180x132.jpg 180w, https:\/\/nmbiking.de\/wp\/wp-content\/uploads\/2011\/12\/maerz12_48-300x220.jpg 300w, https:\/\/nmbiking.de\/wp\/wp-content\/uploads\/2011\/12\/maerz12_48.jpg 800w\" sizes=\"auto, 100vw\" \/><\/a>\n\t\t\t<\/div><\/figure>\n\t\t<\/div>\n\n<p><strong>Weitere besondere Angebote:<\/strong><br \/>\n* eine 60 km lange Tour \u00fcber anspruchsvolle  Wege (als Ganztagstour)<br \/>\n* eine 5-Tagestour durch das Saarland<br \/>\n* Es k\u00f6nnen auch ganz individuell zugeschnittene Touren gebucht werden<br \/>\nN\u00e4heres auf Anfrage&#8230;<\/p>\n","protected":false},"excerpt":{"rendered":"<p>Termine 2015 Mountainbiken im Hochwald mit atracktive: gef\u00fchrte Touren und Techniktraining Guides: Axel Molinero (atracktive) und Norbert Martini (nmbiking) Preise, Anmeldung, Einzelheiten auf atracktive \u2663 Drei-L\u00e4nder-Cross 2.5.2015 Eine gef\u00fchrte &#8222;Kul-Tour&#8220; durch drei L\u00e4nder [tabs] [tab title=&#8220;1. Tag&#8220;] Start: Weiskirchen Mittagspause: Saarburg Kaffeepause: Orscholz, Bistro Mirabelle im Cloef-Atrium \u00dcbernachtung: noch offen Gesamt Etappe 1: 68,8 km &hellip; <\/p>\n<p class=\"link-more\"><a href=\"https:\/\/nmbiking.de\/wp\/?page_id=11810\" class=\"more-link\"><span class=\"screen-reader-text\">\u201eGef\u00fchrte Hochwaldtouren\u201c <\/span>weiterlesen<\/a><\/p>\n","protected":false},"author":65,"featured_media":0,"parent":0,"menu_order":0,"comment_status":"closed","ping_status":"closed","template":"","meta":{"footnotes":""},"class_list":["post-11810","page","type-page","status-publish","hentry"],"_links":{"self":[{"href":"https:\/\/nmbiking.de\/wp\/index.php?rest_route=\/wp\/v2\/pages\/11810","targetHints":{"allow":["GET"]}}],"collection":[{"href":"https:\/\/nmbiking.de\/wp\/index.php?rest_route=\/wp\/v2\/pages"}],"about":[{"href":"https:\/\/nmbiking.de\/wp\/index.php?rest_route=\/wp\/v2\/types\/page"}],"author":[{"embeddable":true,"href":"https:\/\/nmbiking.de\/wp\/index.php?rest_route=\/wp\/v2\/users\/65"}],"replies":[{"embeddable":true,"href":"https:\/\/nmbiking.de\/wp\/index.php?rest_route=%2Fwp%2Fv2%2Fcomments&post=11810"}],"version-history":[{"count":15,"href":"https:\/\/nmbiking.de\/wp\/index.php?rest_route=\/wp\/v2\/pages\/11810\/revisions"}],"predecessor-version":[{"id":33763,"href":"https:\/\/nmbiking.de\/wp\/index.php?rest_route=\/wp\/v2\/pages\/11810\/revisions\/33763"}],"wp:attachment":[{"href":"https:\/\/nmbiking.de\/wp\/index.php?rest_route=%2Fwp%2Fv2%2Fmedia&parent=11810"}],"curies":[{"name":"wp","href":"https:\/\/api.w.org\/{rel}","templated":true}]}}