{"id":10800,"date":"2011-08-14T07:06:00","date_gmt":"2011-08-14T06:06:00","guid":{"rendered":"https:\/\/nmbiking.de\/wp\/?page_id=10800"},"modified":"2020-06-30T15:02:57","modified_gmt":"2020-06-30T14:02:57","slug":"alltagsbiken","status":"publish","type":"page","link":"https:\/\/nmbiking.de\/wp\/?page_id=10800","title":{"rendered":"Alltagsbiken"},"content":{"rendered":"<p>F\u00fcr viele Leute ist das Mountainbike ein Sportger\u00e4t, das man benutzt, um sich an der frischen Luft zu bewegen, um fit und gesund zu bleiben, vielleicht auch um Leistungssport zu betreiben&#8230;<!--more--><\/p>\n<p>F\u00fcr uns ist das Mountainbike eigentlich MEHR &#8211; so auch unser Motto &#8222;Mountainbiken ist mehr&#8220;. Wir nutzen das Ger\u00e4t nat\u00fcrlich auch, um Sport zu machen oder einfach drau\u00dfen zu sein, aber  es kommt auch bei vielen Wegen und Erledigungen im Alltag zum Einsatz. Immer mehr. Vieles, was \u00fcblicherweise mit dem Auto erledigt wird, versuchen wir mit dem Rad zu bewerkstelligen: Und das kann alles M\u00f6gliche sein: Besuche machen, kleine Erledigungen, das Einkaufen&#8230;<br \/>\nInzwischen sind wir deshalb viel mit unserem alten Anh\u00e4nger unterwegs, in dem man einiges unterbringen kann. Und in Verbindung mit einem Ebike ist das eine wunderbare Sache&#8230;<\/p>\n<p>Seit Corona hat das Fahrrad an gesellschaftlicher und wirtschaftlicher Bedeutung gewonnen. Aus verschiedenen Gr\u00fcnden wird es seither mehr genutzt. Wollen wir hoffen, dass dies so bleibt und viele nicht wieder in ihre alten Bequemlichkeitsmuster zur\u00fcck fallen&#8230; (Juni 2020)<\/p>\n<hr \/>\n<p>&nbsp;<br \/>\n[table id=1 \/]\n","protected":false},"excerpt":{"rendered":"<p>F\u00fcr viele Leute ist das Mountainbike ein Sportger\u00e4t, das man benutzt, um sich an der frischen Luft zu bewegen, um fit und gesund zu bleiben, vielleicht auch um Leistungssport zu betreiben&#8230;<\/p>\n","protected":false},"author":65,"featured_media":0,"parent":1667,"menu_order":0,"comment_status":"open","ping_status":"closed","template":"","meta":{"footnotes":""},"class_list":["post-10800","page","type-page","status-publish","hentry"],"_links":{"self":[{"href":"https:\/\/nmbiking.de\/wp\/index.php?rest_route=\/wp\/v2\/pages\/10800","targetHints":{"allow":["GET"]}}],"collection":[{"href":"https:\/\/nmbiking.de\/wp\/index.php?rest_route=\/wp\/v2\/pages"}],"about":[{"href":"https:\/\/nmbiking.de\/wp\/index.php?rest_route=\/wp\/v2\/types\/page"}],"author":[{"embeddable":true,"href":"https:\/\/nmbiking.de\/wp\/index.php?rest_route=\/wp\/v2\/users\/65"}],"replies":[{"embeddable":true,"href":"https:\/\/nmbiking.de\/wp\/index.php?rest_route=%2Fwp%2Fv2%2Fcomments&post=10800"}],"version-history":[{"count":2,"href":"https:\/\/nmbiking.de\/wp\/index.php?rest_route=\/wp\/v2\/pages\/10800\/revisions"}],"predecessor-version":[{"id":64724,"href":"https:\/\/nmbiking.de\/wp\/index.php?rest_route=\/wp\/v2\/pages\/10800\/revisions\/64724"}],"up":[{"embeddable":true,"href":"https:\/\/nmbiking.de\/wp\/index.php?rest_route=\/wp\/v2\/pages\/1667"}],"wp:attachment":[{"href":"https:\/\/nmbiking.de\/wp\/index.php?rest_route=%2Fwp%2Fv2%2Fmedia&parent=10800"}],"curies":[{"name":"wp","href":"https:\/\/api.w.org\/{rel}","templated":true}]}}