{"id":10277,"date":"2011-07-08T12:48:14","date_gmt":"2011-07-08T11:48:14","guid":{"rendered":"https:\/\/nmbiking.de\/wp\/?page_id=10277"},"modified":"2014-02-20T10:17:54","modified_gmt":"2014-02-20T09:17:54","slug":"saarburg-2","status":"publish","type":"page","link":"https:\/\/nmbiking.de\/wp\/?page_id=10277","title":{"rendered":"Saarburg"},"content":{"rendered":"<ol>\nStrecke: L\u00fcckner, Rimlingen, Brotdorf, Burg Montclair, Mettlach, Orscholz, Leukbachtal, Trassem, Saarburg, Taben-Rodt, Saarh\u00f6lzbach, Vogelfelsen, Hundscheider Weiher, Britten, Bergen, Losheim<br \/>\nDauer\/L\u00e4nge\/H\u00f6henmeter: 105 km \/ 2200 hm <\/p>\n<\/ol>\n<p>Um nach Saarburg zu kommen gibt es nat\u00fcrlich viele M\u00f6glichkeiten. Die durch das Leukbachtal erscheint uns als die sch\u00f6nste. Achtung: Dies ist keine Tour mit vielen Singletrails, hier gibt es viel Landschaft, viele Kilo- und H\u00f6henmeter&#8230;<!--more--><\/p>\n<p>Bis zur Burg Montclair fahren wir die bekannte Route an Brotdorf vorbei. Ist die Burg ge\u00f6ffnet, empfiehlt sich eine Pause, eine kleine Besichtigung, die Besteigung des Turms&#8230;<br \/>\nEin Sch\u00f6ner Trail f\u00fchrt von der Burg hinunter zur Saar. \u00dcber die Staustufe kommen wir nach Mettlach. Wir fahren dort links herum, nicht in den Ort. Wer sich den ansehen will, kann das nat\u00fcrlich tun.<br \/>\nEs geht ein St\u00fcck an der Saar entlang und an der Bank einen Weg steil rechts hoch. Wir befinden uns \u00fcbrigens auf der Strecke des Saarschleifen-Marathons. Ein kurzes Tragest\u00fcck folgt, dann wird es steil bis zum Hauptweg. Dem folgen wir nach links. Wir halten uns auf diesem Weg. Details siehe Karte&#8230;<br \/>\nPause an der Cloef und am Cloef Atrium geh\u00f6ren zu den Pflichtpausen&#8230;<\/p>\n<p>Am zweiten Kreisel in Orscholz fahren wir \u00fcber die Stra\u00dfe in Richtung Freudenburg\/Nennig. Am Ortsausgang, hinter dem Sportplatz biegen wir in den Wald ein und folgen dem <strong>Maria Croon Weg<\/strong>. Er f\u00fchrt uns durchs Leukbachtal an den dicken Sandsteinfelsen vorbei nach Saarbrurg&#8230;<br \/>\nGPX-Datei auf Anfrage&#8230;<\/p>\n<div id='gallery-1' class='gallery galleryid-10248 gallery-columns-3 gallery-size-thumbnail'><figure class='gallery-item'>\n\t\t\t<div class='gallery-icon landscape'>\n\t\t\t\t<a href='https:\/\/nmbiking.de\/wp\/wp-content\/uploads\/2011\/07\/juli11_22.jpg'><img loading=\"lazy\" decoding=\"async\" width=\"180\" height=\"77\" src=\"https:\/\/nmbiking.de\/wp\/wp-content\/uploads\/2011\/07\/juli11_22-180x77.jpg\" class=\"attachment-thumbnail size-thumbnail\" alt=\"\" srcset=\"https:\/\/nmbiking.de\/wp\/wp-content\/uploads\/2011\/07\/juli11_22-180x77.jpg 180w, https:\/\/nmbiking.de\/wp\/wp-content\/uploads\/2011\/07\/juli11_22-300x129.jpg 300w, https:\/\/nmbiking.de\/wp\/wp-content\/uploads\/2011\/07\/juli11_22.jpg 1000w\" sizes=\"auto, 100vw\" \/><\/a>\n\t\t\t<\/div><\/figure><figure class='gallery-item'>\n\t\t\t<div class='gallery-icon portrait'>\n\t\t\t\t<a href='https:\/\/nmbiking.de\/wp\/wp-content\/uploads\/2011\/07\/juli11_23.jpg'><img loading=\"lazy\" decoding=\"async\" width=\"180\" height=\"215\" src=\"https:\/\/nmbiking.de\/wp\/wp-content\/uploads\/2011\/07\/juli11_23-180x215.jpg\" class=\"attachment-thumbnail size-thumbnail\" alt=\"\" srcset=\"https:\/\/nmbiking.de\/wp\/wp-content\/uploads\/2011\/07\/juli11_23-180x215.jpg 180w, https:\/\/nmbiking.de\/wp\/wp-content\/uploads\/2011\/07\/juli11_23-250x300.jpg 250w, https:\/\/nmbiking.de\/wp\/wp-content\/uploads\/2011\/07\/juli11_23.jpg 500w\" sizes=\"auto, 100vw\" \/><\/a>\n\t\t\t<\/div><\/figure><figure class='gallery-item'>\n\t\t\t<div class='gallery-icon landscape'>\n\t\t\t\t<a href='https:\/\/nmbiking.de\/wp\/wp-content\/uploads\/2011\/07\/juli11_24.jpg'><img loading=\"lazy\" decoding=\"async\" width=\"180\" height=\"167\" src=\"https:\/\/nmbiking.de\/wp\/wp-content\/uploads\/2011\/07\/juli11_24-180x167.jpg\" class=\"attachment-thumbnail size-thumbnail\" alt=\"\" srcset=\"https:\/\/nmbiking.de\/wp\/wp-content\/uploads\/2011\/07\/juli11_24-180x167.jpg 180w, https:\/\/nmbiking.de\/wp\/wp-content\/uploads\/2011\/07\/juli11_24-300x279.jpg 300w, https:\/\/nmbiking.de\/wp\/wp-content\/uploads\/2011\/07\/juli11_24.jpg 700w\" sizes=\"auto, 100vw\" \/><\/a>\n\t\t\t<\/div><\/figure><figure class='gallery-item'>\n\t\t\t<div class='gallery-icon landscape'>\n\t\t\t\t<a href='https:\/\/nmbiking.de\/wp\/wp-content\/uploads\/2011\/07\/juli11_25.jpg'><img loading=\"lazy\" decoding=\"async\" width=\"180\" height=\"100\" src=\"https:\/\/nmbiking.de\/wp\/wp-content\/uploads\/2011\/07\/juli11_25-180x100.jpg\" class=\"attachment-thumbnail size-thumbnail\" alt=\"\" srcset=\"https:\/\/nmbiking.de\/wp\/wp-content\/uploads\/2011\/07\/juli11_25-180x100.jpg 180w, https:\/\/nmbiking.de\/wp\/wp-content\/uploads\/2011\/07\/juli11_25-300x168.jpg 300w, https:\/\/nmbiking.de\/wp\/wp-content\/uploads\/2011\/07\/juli11_25.jpg 1000w\" sizes=\"auto, 100vw\" \/><\/a>\n\t\t\t<\/div><\/figure><figure class='gallery-item'>\n\t\t\t<div class='gallery-icon landscape'>\n\t\t\t\t<a href='https:\/\/nmbiking.de\/wp\/wp-content\/uploads\/2011\/07\/juli11_26.jpg'><img loading=\"lazy\" decoding=\"async\" width=\"180\" height=\"122\" src=\"https:\/\/nmbiking.de\/wp\/wp-content\/uploads\/2011\/07\/juli11_26-180x122.jpg\" class=\"attachment-thumbnail size-thumbnail\" alt=\"\" srcset=\"https:\/\/nmbiking.de\/wp\/wp-content\/uploads\/2011\/07\/juli11_26-180x122.jpg 180w, https:\/\/nmbiking.de\/wp\/wp-content\/uploads\/2011\/07\/juli11_26-300x203.jpg 300w, https:\/\/nmbiking.de\/wp\/wp-content\/uploads\/2011\/07\/juli11_26.jpg 900w\" sizes=\"auto, 100vw\" \/><\/a>\n\t\t\t<\/div><\/figure><figure class='gallery-item'>\n\t\t\t<div class='gallery-icon landscape'>\n\t\t\t\t<a href='https:\/\/nmbiking.de\/wp\/wp-content\/uploads\/2011\/07\/juli11_27.jpg'><img loading=\"lazy\" decoding=\"async\" width=\"180\" height=\"159\" src=\"https:\/\/nmbiking.de\/wp\/wp-content\/uploads\/2011\/07\/juli11_27-180x159.jpg\" class=\"attachment-thumbnail size-thumbnail\" alt=\"\" srcset=\"https:\/\/nmbiking.de\/wp\/wp-content\/uploads\/2011\/07\/juli11_27-180x159.jpg 180w, https:\/\/nmbiking.de\/wp\/wp-content\/uploads\/2011\/07\/juli11_27-300x266.jpg 300w, https:\/\/nmbiking.de\/wp\/wp-content\/uploads\/2011\/07\/juli11_27.jpg 600w\" sizes=\"auto, 100vw\" \/><\/a>\n\t\t\t<\/div><\/figure><figure class='gallery-item'>\n\t\t\t<div class='gallery-icon landscape'>\n\t\t\t\t<a href='https:\/\/nmbiking.de\/wp\/wp-content\/uploads\/2011\/07\/juli11_28.jpg'><img loading=\"lazy\" decoding=\"async\" width=\"180\" height=\"115\" src=\"https:\/\/nmbiking.de\/wp\/wp-content\/uploads\/2011\/07\/juli11_28-180x115.jpg\" class=\"attachment-thumbnail size-thumbnail\" alt=\"\" srcset=\"https:\/\/nmbiking.de\/wp\/wp-content\/uploads\/2011\/07\/juli11_28-180x115.jpg 180w, https:\/\/nmbiking.de\/wp\/wp-content\/uploads\/2011\/07\/juli11_28-300x192.jpg 300w, https:\/\/nmbiking.de\/wp\/wp-content\/uploads\/2011\/07\/juli11_28.jpg 800w\" sizes=\"auto, 100vw\" \/><\/a>\n\t\t\t<\/div><\/figure><figure class='gallery-item'>\n\t\t\t<div class='gallery-icon landscape'>\n\t\t\t\t<a href='https:\/\/nmbiking.de\/wp\/wp-content\/uploads\/2011\/07\/juli11_29.jpg'><img loading=\"lazy\" decoding=\"async\" width=\"180\" height=\"91\" src=\"https:\/\/nmbiking.de\/wp\/wp-content\/uploads\/2011\/07\/juli11_29-180x91.jpg\" class=\"attachment-thumbnail size-thumbnail\" alt=\"\" srcset=\"https:\/\/nmbiking.de\/wp\/wp-content\/uploads\/2011\/07\/juli11_29-180x91.jpg 180w, https:\/\/nmbiking.de\/wp\/wp-content\/uploads\/2011\/07\/juli11_29-300x152.jpg 300w, https:\/\/nmbiking.de\/wp\/wp-content\/uploads\/2011\/07\/juli11_29.jpg 1000w\" sizes=\"auto, 100vw\" \/><\/a>\n\t\t\t<\/div><\/figure><figure class='gallery-item'>\n\t\t\t<div class='gallery-icon landscape'>\n\t\t\t\t<a href='https:\/\/nmbiking.de\/wp\/wp-content\/uploads\/2011\/07\/juli11_30.jpg'><img loading=\"lazy\" decoding=\"async\" width=\"180\" height=\"114\" src=\"https:\/\/nmbiking.de\/wp\/wp-content\/uploads\/2011\/07\/juli11_30-180x114.jpg\" class=\"attachment-thumbnail size-thumbnail\" alt=\"\" srcset=\"https:\/\/nmbiking.de\/wp\/wp-content\/uploads\/2011\/07\/juli11_30-180x114.jpg 180w, https:\/\/nmbiking.de\/wp\/wp-content\/uploads\/2011\/07\/juli11_30-300x190.jpg 300w, https:\/\/nmbiking.de\/wp\/wp-content\/uploads\/2011\/07\/juli11_30.jpg 900w\" sizes=\"auto, 100vw\" \/><\/a>\n\t\t\t<\/div><\/figure><figure class='gallery-item'>\n\t\t\t<div class='gallery-icon landscape'>\n\t\t\t\t<a href='https:\/\/nmbiking.de\/wp\/wp-content\/uploads\/2011\/07\/juli11_31.jpg'><img loading=\"lazy\" decoding=\"async\" width=\"180\" height=\"99\" src=\"https:\/\/nmbiking.de\/wp\/wp-content\/uploads\/2011\/07\/juli11_31-180x99.jpg\" class=\"attachment-thumbnail size-thumbnail\" alt=\"\" srcset=\"https:\/\/nmbiking.de\/wp\/wp-content\/uploads\/2011\/07\/juli11_31-180x99.jpg 180w, https:\/\/nmbiking.de\/wp\/wp-content\/uploads\/2011\/07\/juli11_31-300x166.jpg 300w, https:\/\/nmbiking.de\/wp\/wp-content\/uploads\/2011\/07\/juli11_31.jpg 900w\" sizes=\"auto, 100vw\" \/><\/a>\n\t\t\t<\/div><\/figure><figure class='gallery-item'>\n\t\t\t<div class='gallery-icon portrait'>\n\t\t\t\t<a href='https:\/\/nmbiking.de\/wp\/wp-content\/uploads\/2011\/07\/juli11_32.jpg'><img loading=\"lazy\" decoding=\"async\" width=\"180\" height=\"212\" src=\"https:\/\/nmbiking.de\/wp\/wp-content\/uploads\/2011\/07\/juli11_32-180x212.jpg\" class=\"attachment-thumbnail size-thumbnail\" alt=\"\" srcset=\"https:\/\/nmbiking.de\/wp\/wp-content\/uploads\/2011\/07\/juli11_32-180x212.jpg 180w, https:\/\/nmbiking.de\/wp\/wp-content\/uploads\/2011\/07\/juli11_32-253x300.jpg 253w, https:\/\/nmbiking.de\/wp\/wp-content\/uploads\/2011\/07\/juli11_32.jpg 600w\" sizes=\"auto, 100vw\" \/><\/a>\n\t\t\t<\/div><\/figure><figure class='gallery-item'>\n\t\t\t<div class='gallery-icon landscape'>\n\t\t\t\t<a href='https:\/\/nmbiking.de\/wp\/wp-content\/uploads\/2011\/07\/juli11_33.jpg'><img loading=\"lazy\" decoding=\"async\" width=\"180\" height=\"98\" src=\"https:\/\/nmbiking.de\/wp\/wp-content\/uploads\/2011\/07\/juli11_33-180x98.jpg\" class=\"attachment-thumbnail size-thumbnail\" alt=\"\" srcset=\"https:\/\/nmbiking.de\/wp\/wp-content\/uploads\/2011\/07\/juli11_33-180x98.jpg 180w, https:\/\/nmbiking.de\/wp\/wp-content\/uploads\/2011\/07\/juli11_33-300x164.jpg 300w, https:\/\/nmbiking.de\/wp\/wp-content\/uploads\/2011\/07\/juli11_33.jpg 900w\" sizes=\"auto, 100vw\" \/><\/a>\n\t\t\t<\/div><\/figure><figure class='gallery-item'>\n\t\t\t<div class='gallery-icon landscape'>\n\t\t\t\t<a href='https:\/\/nmbiking.de\/wp\/wp-content\/uploads\/2011\/07\/juli11_34.jpg'><img loading=\"lazy\" decoding=\"async\" width=\"180\" height=\"83\" src=\"https:\/\/nmbiking.de\/wp\/wp-content\/uploads\/2011\/07\/juli11_34-180x83.jpg\" class=\"attachment-thumbnail size-thumbnail\" alt=\"\" srcset=\"https:\/\/nmbiking.de\/wp\/wp-content\/uploads\/2011\/07\/juli11_34-180x83.jpg 180w, https:\/\/nmbiking.de\/wp\/wp-content\/uploads\/2011\/07\/juli11_34-300x139.jpg 300w, https:\/\/nmbiking.de\/wp\/wp-content\/uploads\/2011\/07\/juli11_34.jpg 900w\" sizes=\"auto, 100vw\" \/><\/a>\n\t\t\t<\/div><\/figure><figure class='gallery-item'>\n\t\t\t<div class='gallery-icon landscape'>\n\t\t\t\t<a href='https:\/\/nmbiking.de\/wp\/wp-content\/uploads\/2011\/07\/juli11_35.jpg'><img loading=\"lazy\" decoding=\"async\" width=\"180\" height=\"80\" src=\"https:\/\/nmbiking.de\/wp\/wp-content\/uploads\/2011\/07\/juli11_35-180x80.jpg\" class=\"attachment-thumbnail size-thumbnail\" alt=\"\" srcset=\"https:\/\/nmbiking.de\/wp\/wp-content\/uploads\/2011\/07\/juli11_35-180x80.jpg 180w, https:\/\/nmbiking.de\/wp\/wp-content\/uploads\/2011\/07\/juli11_35-300x134.jpg 300w, https:\/\/nmbiking.de\/wp\/wp-content\/uploads\/2011\/07\/juli11_35.jpg 1000w\" sizes=\"auto, 100vw\" \/><\/a>\n\t\t\t<\/div><\/figure><figure class='gallery-item'>\n\t\t\t<div class='gallery-icon landscape'>\n\t\t\t\t<a href='https:\/\/nmbiking.de\/wp\/wp-content\/uploads\/2011\/07\/juli11_36.jpg'><img loading=\"lazy\" decoding=\"async\" width=\"180\" height=\"123\" src=\"https:\/\/nmbiking.de\/wp\/wp-content\/uploads\/2011\/07\/juli11_36-180x123.jpg\" class=\"attachment-thumbnail size-thumbnail\" alt=\"\" srcset=\"https:\/\/nmbiking.de\/wp\/wp-content\/uploads\/2011\/07\/juli11_36-180x123.jpg 180w, https:\/\/nmbiking.de\/wp\/wp-content\/uploads\/2011\/07\/juli11_36-300x205.jpg 300w, https:\/\/nmbiking.de\/wp\/wp-content\/uploads\/2011\/07\/juli11_36.jpg 1000w\" sizes=\"auto, 100vw\" \/><\/a>\n\t\t\t<\/div><\/figure>\n\t\t<\/div>\n\n<p>&nbsp;<\/p>\n<p><a title=\"Burg Montclair\" rel=\"Lightbox\" href=\"https:\/\/nmbiking.de\/wp\/wp-content\/uploads\/2010\/04\/april10_27.jpg \"><img decoding=\"async\" class=\"img\" src=\"https:\/\/nmbiking.de\/wp\/wp-content\/uploads\/2010\/04\/april10_27.jpg\" alt=\"\" width=160 \/><\/a> <a title=\"Saar unten, Burg oben\" rel=\"Lightbox\" href=\"https:\/\/nmbiking.de\/wp\/wp-content\/uploads\/2010\/04\/april10_28.jpg\"><img decoding=\"async\" class=\"img\" src=\"https:\/\/nmbiking.de\/wp\/wp-content\/uploads\/2010\/04\/april10_28.jpg\" alt=\"\"width=200\/><\/a> <a title=\"Marathonstrecke\" rel=\"Lightbox\" href=\"https:\/\/nmbiking.de\/wp\/wp-content\/uploads\/2010\/04\/april10_29.jpg\"><img decoding=\"async\" class=\"img\" src=\"https:\/\/nmbiking.de\/wp\/wp-content\/uploads\/2010\/04\/april10_29.jpg\" alt=\"\"width=190\/><\/a><\/p>\n<p><a title=\"Leukbachtal\" rel=\"Lightbox\" href=\"https:\/\/nmbiking.de\/wp\/wp-content\/uploads\/2010\/04\/april10_33.jpg \"><img decoding=\"async\" class=\"img\" src=\"https:\/\/nmbiking.de\/wp\/wp-content\/uploads\/2010\/04\/april10_33.jpg\" alt=\"\" width=160 \/><\/a> <a title=\"Felsiger Maria-Croon-Weg\" rel=\"Lightbox\" href=\"https:\/\/nmbiking.de\/wp\/wp-content\/uploads\/2010\/04\/april10_34.jpg\"><img decoding=\"async\" class=\"img\" src=\"https:\/\/nmbiking.de\/wp\/wp-content\/uploads\/2010\/04\/april10_34.jpg\" alt=\"\"width=200\/><\/a> <a title=\"Saarburg\" rel=\"Lightbox\" href=\"https:\/\/nmbiking.de\/wp\/wp-content\/uploads\/2010\/04\/april10_35.jpg\"><img decoding=\"async\" class=\"img\" src=\"https:\/\/nmbiking.de\/wp\/wp-content\/uploads\/2010\/04\/april10_35.jpg\" alt=\"\"width=190\/><\/a><\/p>\n","protected":false},"excerpt":{"rendered":"<p>Strecke: L\u00fcckner, Rimlingen, Brotdorf, Burg Montclair, Mettlach, Orscholz, Leukbachtal, Trassem, Saarburg, Taben-Rodt, Saarh\u00f6lzbach, Vogelfelsen, Hundscheider Weiher, Britten, Bergen, Losheim Dauer\/L\u00e4nge\/H\u00f6henmeter: 105 km \/ 2200 hm Um nach Saarburg zu kommen gibt es nat\u00fcrlich viele M\u00f6glichkeiten. Die durch das Leukbachtal erscheint uns als die sch\u00f6nste. Achtung: Dies ist keine Tour mit vielen Singletrails, hier gibt es &hellip; <\/p>\n<p class=\"link-more\"><a href=\"https:\/\/nmbiking.de\/wp\/?page_id=10277\" class=\"more-link\"><span class=\"screen-reader-text\">\u201eSaarburg\u201c <\/span>weiterlesen<\/a><\/p>\n","protected":false},"author":65,"featured_media":0,"parent":1435,"menu_order":0,"comment_status":"open","ping_status":"closed","template":"","meta":{"footnotes":""},"class_list":["post-10277","page","type-page","status-publish","hentry"],"_links":{"self":[{"href":"https:\/\/nmbiking.de\/wp\/index.php?rest_route=\/wp\/v2\/pages\/10277","targetHints":{"allow":["GET"]}}],"collection":[{"href":"https:\/\/nmbiking.de\/wp\/index.php?rest_route=\/wp\/v2\/pages"}],"about":[{"href":"https:\/\/nmbiking.de\/wp\/index.php?rest_route=\/wp\/v2\/types\/page"}],"author":[{"embeddable":true,"href":"https:\/\/nmbiking.de\/wp\/index.php?rest_route=\/wp\/v2\/users\/65"}],"replies":[{"embeddable":true,"href":"https:\/\/nmbiking.de\/wp\/index.php?rest_route=%2Fwp%2Fv2%2Fcomments&post=10277"}],"version-history":[{"count":2,"href":"https:\/\/nmbiking.de\/wp\/index.php?rest_route=\/wp\/v2\/pages\/10277\/revisions"}],"predecessor-version":[{"id":25711,"href":"https:\/\/nmbiking.de\/wp\/index.php?rest_route=\/wp\/v2\/pages\/10277\/revisions\/25711"}],"up":[{"embeddable":true,"href":"https:\/\/nmbiking.de\/wp\/index.php?rest_route=\/wp\/v2\/pages\/1435"}],"wp:attachment":[{"href":"https:\/\/nmbiking.de\/wp\/index.php?rest_route=%2Fwp%2Fv2%2Fmedia&parent=10277"}],"curies":[{"name":"wp","href":"https:\/\/api.w.org\/{rel}","templated":true}]}}